{"id":869,"date":"2016-08-30T11:04:53","date_gmt":"2016-08-30T09:04:53","guid":{"rendered":"https:\/\/www.syc-cylinders.eu\/?post_type=product&#038;p=869"},"modified":"2025-02-19T10:46:01","modified_gmt":"2025-02-19T09:46:01","slug":"cilindro-50-l-230-o2-oxigenio-medicinal-vpr-concavo-vazio","status":"publish","type":"product","link":"https:\/\/www.syc-cylinders.eu\/pt\/loja\/cilindro-50-l-230-o2-oxigenio-medicinal-vpr-concavo-vazio\/","title":{"rendered":"Cilindro 50 L 230 O2 Oxig\u00eanio Medicinal VPR c\u00f4ncavo vazio","raw":"Cilindro 50 L 230 O2 Oxig\u00eanio Medicinal VPR c\u00f4ncavo vazio"},"content":{"rendered":"","protected":false,"raw":""},"excerpt":{"rendered":"<hr \/>\n<p>Cilindro vazio de 50L para g\u00e1s oxig\u00eanio medicinal c\u00f4ncavo.<\/p>\n<ul>\n<li>Capacidade volum\u00e9trica: 50 litros (10.000 l de g\u00e1s).<\/li>\n<li>Di\u00e2metro: 230 mm.<\/li>\n<li>Press\u00e3o de trabalho: 200 bars.<\/li>\n<li>Com v\u00e1lvula de press\u00e3o residual para o mercado espanhol.<\/li>\n<li>Rosca 22,91 mm x 1\/14&#8243; Direitas.<\/li>\n<li>Fundo c\u00f4ncavo.<\/li>\n<li>Inclui tampa de prote\u00e7\u00e3o.<\/li>\n<li>Pintado de acordo com o Regulamento UNE-EN 1089.<\/li>\n<li>N\u00c3O INCLUI carga de g\u00e1s.<\/li>\n<\/ul>\n<hr \/>\n","protected":false,"raw":"<hr \/>\r\n\r\nCilindro vazio de 50L para g\u00e1s oxig\u00eanio medicinal c\u00f4ncavo.\r\n\r\n<ul>\r\n<li>Capacidade volum\u00e9trica: 50 litros (10.000 l de g\u00e1s).<\/li>\r\n<li>Di\u00e2metro: 230 mm.<\/li>\r\n<li>Press\u00e3o de trabalho: 200 bars.<\/li>\r\n<li>Com v\u00e1lvula de press\u00e3o residual para o mercado espanhol.<\/li>\r\n<li>Rosca 22,91 mm x 1\/14\" Direitas.<\/li>\r\n<li>Fundo c\u00f4ncavo.<\/li>\r\n<li>Inclui tampa de prote\u00e7\u00e3o.<\/li>\r\n<li>Pintado de acordo com o Regulamento UNE-EN 1089.<\/li>\r\n<li>N\u00c3O INCLUI carga de g\u00e1s.<\/li>\r\n<\/ul>\r\n\r\n<hr \/>"},"featured_media":870,"template":"","meta":{"inline_featured_image":false,"_es_post_content":"","_es_post_name":"botella-vacia-50-l-230-o2-oxigeno-medicinal-concava","_es_post_excerpt":"<hr \/>\r\n\r\nBotella vac\u00eda de 50L para gas ox\u00edgeno medicinal.\r\n\r\n<ul>\r\n<li>Capacidad volum\u00e9trica: 50 litros (10.000 l de gas).<\/li>\r\n<li>Di\u00e1metro: 230 mm.<\/li>\r\n<li>Presi\u00f3n de trabajo: 200 bars.<\/li>\r\n<li>Con v\u00e1lvula de presi\u00f3n residual para mercado espa\u00f1ol.<\/li>\r\n<li>Rosca 22,91 mm x 1\/14\" Derechas.<\/li>\r\n<li>Fondo c\u00f3ncavo.<\/li>\r\n<li>Incluye tulipa de protecci\u00f3n.<\/li>\r\n<li>Pintada seg\u00fan normativa UNE-EN 1089.<\/li>\r\n<li>NO INCLUYE carga de gas.<\/li>\r\n<\/ul>\r\n\r\n<hr \/>","_es_post_title":"Botella 50 L 230 O2 Ox\u00edgeno Medicinal VPR c\u00f3ncava vac\u00eda","_en_post_content":"","_en_post_name":"50-l-cylinder-230-o2-rpv-concave-for-medical-oxygen-empty","_en_post_excerpt":"<hr \/>\r\n\r\n50L Cylinder for Medical Oxygen.\r\n\r\n<ul>\r\n<li>Water Capacity: 50 liters (10.000 l gas).<\/li>\r\n<li>Diameter: 230 mm.<\/li>\r\n<li>Working Pressure : 200 bars.<\/li>\r\n<li>With RPV valve.<\/li>\r\n<li>Valve Thread 22,91 mm x 1\/14\" Right-handed.<\/li>\r\n<li>Concave base shape.<\/li>\r\n<li>Protection guard included.<\/li>\r\n<li>Painted in accordance with standards UNE-EN 1089.<\/li>\r\n<li>Gas NOT INCLUDED.<\/li>\r\n<\/ul>\r\n\r\n<hr \/>","_en_post_title":"50 L Cylinder 230 O2 RPV concave for Medical Oxygen (empty)","_fr_post_content":"","_fr_post_name":"bouteille-50-l-230-o2-oxygene-medicinale-vpr-concave-vide","_fr_post_excerpt":"<hr \/>\r\n\r\nBouteille vide de 50L pour gaz oxyg\u00e8ne m\u00e9dicinale. \r\n\r\n<ul>\r\n<li>Capacit\u00e9 volum\u00e9trique: 50 litres (10.000 l de gaz).<\/li>\r\n<li>Diam\u00e8tre: 230 mm.<\/li>\r\n<li>Pression de service: 200 bars.<\/li>\r\n<li>Avec robinet de pression r\u00e9siduelle pour march\u00e9 fran\u00e7ais.<\/li>\r\n<li>Vis 22,91 mm x 1\/14\u2033 Droites.<\/li>\r\n<li>Fond concave.<\/li>\r\n<li>Tulipe de protection inclus.<\/li>\r\n<li>Peinte selon la norme UNE-EN 1089.<\/li>\r\n<li>Chargement de gaz NON INCLUS.<\/li>\r\n<\/ul>\r\n\r\n<hr \/>","_fr_post_title":"Bouteille 50 L 230 O2 Oxyg\u00e8ne M\u00e9dicinale VPR concave vide","_pt_post_content":"","_pt_post_name":"cilindro-50-l-230-o2-oxigenio-medicinal-vpr-concavo-vazio","_pt_post_excerpt":"<hr \/>\r\n\r\nCilindro vazio de 50L para g\u00e1s oxig\u00eanio medicinal c\u00f4ncavo.\r\n\r\n<ul>\r\n<li>Capacidade volum\u00e9trica: 50 litros (10.000 l de g\u00e1s).<\/li>\r\n<li>Di\u00e2metro: 230 mm.<\/li>\r\n<li>Press\u00e3o de trabalho: 200 bars.<\/li>\r\n<li>Com v\u00e1lvula de press\u00e3o residual para o mercado espanhol.<\/li>\r\n<li>Rosca 22,91 mm x 1\/14\" Direitas.<\/li>\r\n<li>Fundo c\u00f4ncavo.<\/li>\r\n<li>Inclui tampa de prote\u00e7\u00e3o.<\/li>\r\n<li>Pintado de acordo com o Regulamento UNE-EN 1089.<\/li>\r\n<li>N\u00c3O INCLUI carga de g\u00e1s.<\/li>\r\n<\/ul>\r\n\r\n<hr \/>","_pt_post_title":"Cilindro 50 L 230 O2 Oxig\u00eanio Medicinal VPR c\u00f4ncavo vazio","edit_language":"pt"},"product_brand":[],"product_cat":[17,27],"product_tag":[],"class_list":{"0":"post-869","1":"product","2":"type-product","3":"status-publish","4":"has-post-thumbnail","6":"product_cat-vacias","7":"product_cat-botellas-medicinales","8":"product_shipping_class-no-adr-producto","10":"first","11":"outofstock","12":"taxable","13":"shipping-taxable","14":"purchasable","15":"product-type-simple","16":"czr-hentry"},"yoast_head":"<!-- This site is optimized with the Yoast SEO plugin v27.1.1 - https:\/\/yoast.com\/product\/yoast-seo-wordpress\/ -->\n<title>Botella 50 L vac\u00eda 230 Ox\u00edgeno Medicinal - SYC Cylinders<\/title>\n<meta name=\"description\" content=\"Botella 50 L vac\u00eda 230 Ox\u00edgeno Medicinal. Capacidad volum\u00e9trica: 50 litros (10.000 l de gas). Di\u00e1metro: 230 mm. NO INCLUYE carga de gas. M\u00e1s...\" \/>\n<meta name=\"robots\" content=\"index, follow, max-snippet:-1, max-image-preview:large, max-video-preview:-1\" \/>\n<link rel=\"canonical\" href=\"https:\/\/www.syc-cylinders.eu\/tienda\/botella-vacia-50-l-230-o2-oxigeno-medicinal-concava\/\" \/>\n<meta property=\"og:locale\" content=\"pt_PT\" \/>\n<meta property=\"og:type\" content=\"article\" \/>\n<meta property=\"og:title\" content=\"Botella 50 L vac\u00eda 230 Ox\u00edgeno Medicinal - SYC Cylinders\" \/>\n<meta property=\"og:description\" content=\"Botella 50 L vac\u00eda 230 Ox\u00edgeno Medicinal. Capacidad volum\u00e9trica: 50 litros (10.000 l de gas). Di\u00e1metro: 230 mm. NO INCLUYE carga de gas. M\u00e1s...\" \/>\n<meta property=\"og:url\" content=\"https:\/\/www.syc-cylinders.eu\/tienda\/botella-vacia-50-l-230-o2-oxigeno-medicinal-concava\/\" \/>\n<meta property=\"og:site_name\" content=\"SYC Cylinders\" \/>\n<meta property=\"article:publisher\" content=\"https:\/\/es-es.facebook.com\/Syc-Cylinders-Europe-1387368244908487\/\" \/>\n<meta property=\"article:modified_time\" content=\"2025-02-19T09:46:01+00:00\" \/>\n<meta property=\"og:image\" content=\"https:\/\/www.syc-cylinders.eu\/wp-content\/uploads\/2016\/08\/50L-230-sin-without-gas-valve-medical-white-VPR.webp\" \/>\n\t<meta property=\"og:image:width\" content=\"1152\" \/>\n\t<meta property=\"og:image:height\" content=\"1152\" \/>\n\t<meta property=\"og:image:type\" content=\"image\/webp\" \/>\n<meta name=\"twitter:card\" content=\"summary_large_image\" \/>\n<meta name=\"twitter:site\" content=\"@Syc_Cylinders\" \/>\n<script type=\"application\/ld+json\" class=\"yoast-schema-graph\">{\"@context\":\"https:\/\/schema.org\",\"@graph\":[{\"@type\":\"WebPage\",\"@id\":\"https:\/\/www.syc-cylinders.eu\/tienda\/botella-vacia-50-l-230-o2-oxigeno-medicinal-concava\/\",\"url\":\"https:\/\/www.syc-cylinders.eu\/tienda\/botella-vacia-50-l-230-o2-oxigeno-medicinal-concava\/\",\"name\":\"Botella 50 L vac\u00eda 230 Ox\u00edgeno Medicinal - SYC Cylinders\",\"isPartOf\":{\"@id\":\"https:\/\/www.syc-cylinders.eu\/#website\"},\"primaryImageOfPage\":{\"@id\":\"https:\/\/www.syc-cylinders.eu\/tienda\/botella-vacia-50-l-230-o2-oxigeno-medicinal-concava\/#primaryimage\"},\"image\":{\"@id\":\"https:\/\/www.syc-cylinders.eu\/tienda\/botella-vacia-50-l-230-o2-oxigeno-medicinal-concava\/#primaryimage\"},\"thumbnailUrl\":\"https:\/\/www.syc-cylinders.eu\/wp-content\/uploads\/2016\/08\/50L-230-sin-without-gas-valve-medical-white-VPR.webp\",\"datePublished\":\"2016-08-30T09:04:53+00:00\",\"dateModified\":\"2025-02-19T09:46:01+00:00\",\"description\":\"Botella 50 L vac\u00eda 230 Ox\u00edgeno Medicinal. Capacidad volum\u00e9trica: 50 litros (10.000 l de gas). Di\u00e1metro: 230 mm. NO INCLUYE carga de gas. M\u00e1s...\",\"breadcrumb\":{\"@id\":\"https:\/\/www.syc-cylinders.eu\/tienda\/botella-vacia-50-l-230-o2-oxigeno-medicinal-concava\/#breadcrumb\"},\"inLanguage\":\"pt-PT\",\"potentialAction\":[{\"@type\":\"ReadAction\",\"target\":[\"https:\/\/www.syc-cylinders.eu\/tienda\/botella-vacia-50-l-230-o2-oxigeno-medicinal-concava\/\"]}]},{\"@type\":\"ImageObject\",\"inLanguage\":\"pt-PT\",\"@id\":\"https:\/\/www.syc-cylinders.eu\/tienda\/botella-vacia-50-l-230-o2-oxigeno-medicinal-concava\/#primaryimage\",\"url\":\"https:\/\/www.syc-cylinders.eu\/wp-content\/uploads\/2016\/08\/50L-230-sin-without-gas-valve-medical-white-VPR.webp\",\"contentUrl\":\"https:\/\/www.syc-cylinders.eu\/wp-content\/uploads\/2016\/08\/50L-230-sin-without-gas-valve-medical-white-VPR.webp\",\"width\":1152,\"height\":1152},{\"@type\":\"BreadcrumbList\",\"@id\":\"https:\/\/www.syc-cylinders.eu\/tienda\/botella-vacia-50-l-230-o2-oxigeno-medicinal-concava\/#breadcrumb\",\"itemListElement\":[{\"@type\":\"ListItem\",\"position\":1,\"name\":\"Home\",\"item\":\"https:\/\/www.syc-cylinders.eu\/en\/\"},{\"@type\":\"ListItem\",\"position\":2,\"name\":\"Tienda\",\"item\":\"https:\/\/www.syc-cylinders.eu\/tienda\/\"},{\"@type\":\"ListItem\",\"position\":3,\"name\":\"Botella 50 L 230 O2 Ox\u00edgeno Medicinal VPR c\u00f3ncava vac\u00eda\"}]},{\"@type\":\"WebSite\",\"@id\":\"https:\/\/www.syc-cylinders.eu\/#website\",\"url\":\"https:\/\/www.syc-cylinders.eu\/\",\"name\":\"SYC Cylinders\",\"description\":\"SYC Cylinders fabricante de botellas gas a presi\u00f3n y venta de accesorios de soldadura\",\"publisher\":{\"@id\":\"https:\/\/www.syc-cylinders.eu\/#organization\"},\"potentialAction\":[{\"@type\":\"SearchAction\",\"target\":{\"@type\":\"EntryPoint\",\"urlTemplate\":\"https:\/\/www.syc-cylinders.eu\/?s={search_term_string}\"},\"query-input\":{\"@type\":\"PropertyValueSpecification\",\"valueRequired\":true,\"valueName\":\"search_term_string\"}}],\"inLanguage\":\"pt-PT\"},{\"@type\":\"Organization\",\"@id\":\"https:\/\/www.syc-cylinders.eu\/#organization\",\"name\":\"SYC Cylinders\",\"url\":\"https:\/\/www.syc-cylinders.eu\/\",\"logo\":{\"@type\":\"ImageObject\",\"inLanguage\":\"pt-PT\",\"@id\":\"https:\/\/www.syc-cylinders.eu\/#\/schema\/logo\/image\/\",\"url\":\"https:\/\/www.syc-cylinders.eu\/wp-content\/uploads\/2016\/07\/logo-syc.jpg\",\"contentUrl\":\"https:\/\/www.syc-cylinders.eu\/wp-content\/uploads\/2016\/07\/logo-syc.jpg\",\"width\":182,\"height\":45,\"caption\":\"SYC Cylinders\"},\"image\":{\"@id\":\"https:\/\/www.syc-cylinders.eu\/#\/schema\/logo\/image\/\"},\"sameAs\":[\"https:\/\/es-es.facebook.com\/Syc-Cylinders-Europe-1387368244908487\/\",\"https:\/\/x.com\/Syc_Cylinders\",\"https:\/\/www.linkedin.com\/company\/syc-cylinders\",\"https:\/\/www.youtube.com\/channel\/UCVmZ-OD_WC6Q9durvs11IrA\"]}]}<\/script>\n<!-- \/ Yoast SEO plugin. -->","yoast_head_json":{"title":"Botella 50 L vac\u00eda 230 Ox\u00edgeno Medicinal - SYC Cylinders","description":"Botella 50 L vac\u00eda 230 Ox\u00edgeno Medicinal. Capacidad volum\u00e9trica: 50 litros (10.000 l de gas). Di\u00e1metro: 230 mm. NO INCLUYE carga de gas. M\u00e1s...","robots":{"index":"index","follow":"follow","max-snippet":"max-snippet:-1","max-image-preview":"max-image-preview:large","max-video-preview":"max-video-preview:-1"},"canonical":"https:\/\/www.syc-cylinders.eu\/tienda\/botella-vacia-50-l-230-o2-oxigeno-medicinal-concava\/","og_locale":"pt_PT","og_type":"article","og_title":"Botella 50 L vac\u00eda 230 Ox\u00edgeno Medicinal - SYC Cylinders","og_description":"Botella 50 L vac\u00eda 230 Ox\u00edgeno Medicinal. Capacidad volum\u00e9trica: 50 litros (10.000 l de gas). Di\u00e1metro: 230 mm. NO INCLUYE carga de gas. M\u00e1s...","og_url":"https:\/\/www.syc-cylinders.eu\/tienda\/botella-vacia-50-l-230-o2-oxigeno-medicinal-concava\/","og_site_name":"SYC Cylinders","article_publisher":"https:\/\/es-es.facebook.com\/Syc-Cylinders-Europe-1387368244908487\/","article_modified_time":"2025-02-19T09:46:01+00:00","og_image":[{"width":1152,"height":1152,"url":"https:\/\/www.syc-cylinders.eu\/wp-content\/uploads\/2016\/08\/50L-230-sin-without-gas-valve-medical-white-VPR.webp","type":"image\/webp"}],"twitter_card":"summary_large_image","twitter_site":"@Syc_Cylinders","schema":{"@context":"https:\/\/schema.org","@graph":[{"@type":"WebPage","@id":"https:\/\/www.syc-cylinders.eu\/tienda\/botella-vacia-50-l-230-o2-oxigeno-medicinal-concava\/","url":"https:\/\/www.syc-cylinders.eu\/tienda\/botella-vacia-50-l-230-o2-oxigeno-medicinal-concava\/","name":"Botella 50 L vac\u00eda 230 Ox\u00edgeno Medicinal - SYC Cylinders","isPartOf":{"@id":"https:\/\/www.syc-cylinders.eu\/#website"},"primaryImageOfPage":{"@id":"https:\/\/www.syc-cylinders.eu\/tienda\/botella-vacia-50-l-230-o2-oxigeno-medicinal-concava\/#primaryimage"},"image":{"@id":"https:\/\/www.syc-cylinders.eu\/tienda\/botella-vacia-50-l-230-o2-oxigeno-medicinal-concava\/#primaryimage"},"thumbnailUrl":"https:\/\/www.syc-cylinders.eu\/wp-content\/uploads\/2016\/08\/50L-230-sin-without-gas-valve-medical-white-VPR.webp","datePublished":"2016-08-30T09:04:53+00:00","dateModified":"2025-02-19T09:46:01+00:00","description":"Botella 50 L vac\u00eda 230 Ox\u00edgeno Medicinal. Capacidad volum\u00e9trica: 50 litros (10.000 l de gas). Di\u00e1metro: 230 mm. NO INCLUYE carga de gas. M\u00e1s...","breadcrumb":{"@id":"https:\/\/www.syc-cylinders.eu\/tienda\/botella-vacia-50-l-230-o2-oxigeno-medicinal-concava\/#breadcrumb"},"inLanguage":"pt-PT","potentialAction":[{"@type":"ReadAction","target":["https:\/\/www.syc-cylinders.eu\/tienda\/botella-vacia-50-l-230-o2-oxigeno-medicinal-concava\/"]}]},{"@type":"ImageObject","inLanguage":"pt-PT","@id":"https:\/\/www.syc-cylinders.eu\/tienda\/botella-vacia-50-l-230-o2-oxigeno-medicinal-concava\/#primaryimage","url":"https:\/\/www.syc-cylinders.eu\/wp-content\/uploads\/2016\/08\/50L-230-sin-without-gas-valve-medical-white-VPR.webp","contentUrl":"https:\/\/www.syc-cylinders.eu\/wp-content\/uploads\/2016\/08\/50L-230-sin-without-gas-valve-medical-white-VPR.webp","width":1152,"height":1152},{"@type":"BreadcrumbList","@id":"https:\/\/www.syc-cylinders.eu\/tienda\/botella-vacia-50-l-230-o2-oxigeno-medicinal-concava\/#breadcrumb","itemListElement":[{"@type":"ListItem","position":1,"name":"Home","item":"https:\/\/www.syc-cylinders.eu\/en\/"},{"@type":"ListItem","position":2,"name":"Tienda","item":"https:\/\/www.syc-cylinders.eu\/tienda\/"},{"@type":"ListItem","position":3,"name":"Botella 50 L 230 O2 Ox\u00edgeno Medicinal VPR c\u00f3ncava vac\u00eda"}]},{"@type":"WebSite","@id":"https:\/\/www.syc-cylinders.eu\/#website","url":"https:\/\/www.syc-cylinders.eu\/","name":"SYC Cylinders","description":"SYC Cylinders fabricante de botellas gas a presi\u00f3n y venta de accesorios de soldadura","publisher":{"@id":"https:\/\/www.syc-cylinders.eu\/#organization"},"potentialAction":[{"@type":"SearchAction","target":{"@type":"EntryPoint","urlTemplate":"https:\/\/www.syc-cylinders.eu\/?s={search_term_string}"},"query-input":{"@type":"PropertyValueSpecification","valueRequired":true,"valueName":"search_term_string"}}],"inLanguage":"pt-PT"},{"@type":"Organization","@id":"https:\/\/www.syc-cylinders.eu\/#organization","name":"SYC Cylinders","url":"https:\/\/www.syc-cylinders.eu\/","logo":{"@type":"ImageObject","inLanguage":"pt-PT","@id":"https:\/\/www.syc-cylinders.eu\/#\/schema\/logo\/image\/","url":"https:\/\/www.syc-cylinders.eu\/wp-content\/uploads\/2016\/07\/logo-syc.jpg","contentUrl":"https:\/\/www.syc-cylinders.eu\/wp-content\/uploads\/2016\/07\/logo-syc.jpg","width":182,"height":45,"caption":"SYC Cylinders"},"image":{"@id":"https:\/\/www.syc-cylinders.eu\/#\/schema\/logo\/image\/"},"sameAs":["https:\/\/es-es.facebook.com\/Syc-Cylinders-Europe-1387368244908487\/","https:\/\/x.com\/Syc_Cylinders","https:\/\/www.linkedin.com\/company\/syc-cylinders","https:\/\/www.youtube.com\/channel\/UCVmZ-OD_WC6Q9durvs11IrA"]}]}},"_links":{"self":[{"href":"https:\/\/www.syc-cylinders.eu\/pt\/wp-json\/wp\/v2\/product\/869","targetHints":{"allow":["GET"]}}],"collection":[{"href":"https:\/\/www.syc-cylinders.eu\/pt\/wp-json\/wp\/v2\/product"}],"about":[{"href":"https:\/\/www.syc-cylinders.eu\/pt\/wp-json\/wp\/v2\/types\/product"}],"wp:featuredmedia":[{"embeddable":true,"href":"https:\/\/www.syc-cylinders.eu\/pt\/wp-json\/wp\/v2\/media\/870"}],"wp:attachment":[{"href":"https:\/\/www.syc-cylinders.eu\/pt\/wp-json\/wp\/v2\/media?parent=869"}],"wp:term":[{"taxonomy":"product_brand","embeddable":true,"href":"https:\/\/www.syc-cylinders.eu\/pt\/wp-json\/wp\/v2\/product_brand?post=869"},{"taxonomy":"product_cat","embeddable":true,"href":"https:\/\/www.syc-cylinders.eu\/pt\/wp-json\/wp\/v2\/product_cat?post=869"},{"taxonomy":"product_tag","embeddable":true,"href":"https:\/\/www.syc-cylinders.eu\/pt\/wp-json\/wp\/v2\/product_tag?post=869"}],"curies":[{"name":"wp","href":"https:\/\/api.w.org\/{rel}","templated":true}]}}