{"id":5,"date":"2016-07-05T06:09:15","date_gmt":"2016-07-05T06:09:15","guid":{"rendered":"https:\/\/www.syc-cylinders.eu\/carro\/"},"modified":"2024-04-10T11:50:06","modified_gmt":"2024-04-10T09:50:06","slug":"carrinho","status":"publish","type":"page","link":"https:\/\/www.syc-cylinders.eu\/pt\/carrinho\/","title":{"rendered":"Carrinho","raw":"Carrinho"},"content":{"rendered":"\n<p>Pode ler as <a href=\"\/pt\/faqs\/\" rel=\"noopener\" target=\"_blank\">perguntas mais frequentes<\/a> se tiver d\u00favidas ou consultar o <a href=\"\/pt\/guia-de-pagamento\/\" rel=\"noopener\" target=\"_blank\">guia de pagamento<\/a> se tiver algum problema. <\/br><\/br><\/p>\n<p>* Por favor, note que o limite do carrinho de compras \u00e9 de no m\u00e1ximo 300 kg. Elimine produtos ou <a href=\"\/pt\/contato\/\"> entre em contacto conosco<\/a>.<\/p>\n<p>Transporte gratuito utilizando o seu pr\u00f3prio transporte ou recolha na loja (n\u00e3o encomendar atrav\u00e9s da loja online), passe pela loja <a href=\"https:\/\/g.page\/Syc-Cylinders?share\" rel=\"noopener\" target=\"_blank\">em Cornell\u00e0 de Llobregat<\/a>, fa\u00e7a a encomenda e leve a garrafa\/acess\u00f3rios\/equipamento com o seu pr\u00f3prio transporte. Pode enviar-nos <a href=\"\/pt\/contato\/\" rel=\"noopener\" target=\"_blank\">um e-mail<\/a> para nos consultar sobre stock. <\/p>\n","protected":false,"raw":"[woocommerce_cart]\r\n\r\nPode ler as <a href=\"\/pt\/faqs\/\" rel=\"noopener\" target=\"_blank\">perguntas mais frequentes<\/a> se tiver d\u00favidas ou consultar o <a href=\"\/pt\/guia-de-pagamento\/\" rel=\"noopener\" target=\"_blank\">guia de pagamento<\/a> se tiver algum problema. <\/br><\/br>\r\n\r\n* Por favor, note que o limite do carrinho de compras \u00e9 de no m\u00e1ximo 300 kg. Elimine produtos ou <a href=\"\/pt\/contato\/\"> entre em contacto conosco<\/a>.\r\n\r\nTransporte gratuito utilizando o seu pr\u00f3prio transporte ou recolha na loja (n\u00e3o encomendar atrav\u00e9s da loja online), passe pela loja <a href=\"https:\/\/g.page\/Syc-Cylinders?share\" rel=\"noopener\" target=\"_blank\">em Cornell\u00e0 de Llobregat<\/a>, fa\u00e7a a encomenda e leve a garrafa\/acess\u00f3rios\/equipamento com o seu pr\u00f3prio transporte. Pode enviar-nos <a href=\"\/pt\/contato\/\" rel=\"noopener\" target=\"_blank\">um e-mail<\/a> para nos consultar sobre stock. \r\n\r\n"},"excerpt":{"rendered":"","protected":false,"raw":""},"author":1,"featured_media":0,"parent":0,"menu_order":0,"comment_status":"closed","ping_status":"closed","template":"","meta":{"inline_featured_image":false,"_es_post_content":"[woocommerce_cart]\r\n\r\nLea las <a href=\"\/preguntas-frecuentes\/\" rel=\"noopener\" target=\"_blank\">preguntas frecuentes<\/a> si tiene alguna duda o consultar <a href=\"\/guia-de-pagos\/\" rel=\"noopener\" target=\"_blank\">la gu\u00eda de pagos<\/a> si tiene problemas. <\/br><\/br>\r\n\r\n* Ten en cuenta que el l\u00edmite del carrito es de m\u00e1ximo 300kg. Elimina productos o <a href=\"\/contacto\/\" rel=\"noopener\" target=\"_blank\">contacte con nosotros<\/a>.\r\n<\/br><\/br>\r\n<b>Env\u00edo gratis<\/b> utilizando su propio transporte o recogida en tienda (no haga el pedido por la tienda Online), pase por la <a href=\"https:\/\/g.page\/Syc-Cylinders?share\" rel=\"noopener\" target=\"_blank\">tienda de Cornell\u00e0 de Llobregat<\/a>, haga el pedido y llevese la botella\/accesorio\/equipo con su propio transporte. Puede enviarnos un <a href=\"\/contacto\/\" rel=\"noopener\" target=\"_blank\">email<\/a> para preguntar por el stock. \r\n","_es_post_name":"carrito","_es_post_excerpt":"","_es_post_title":"Carrito","_en_post_content":"[woocommerce_cart]\r\n\r\nRead <a href=\"\/en\/faqs\/\" rel=\"noopener\" target=\"_blank\">the FAQ<\/a> if you have any questions or consult <a href=\"\/en\/payment-shopping-guide\/\" rel=\"noopener\" target=\"_blank\">the payment guide<\/a> if you have any problems. <\/br>\r\n* Please note that the cart limit is 300kg maximum. Remove products or <a href=\"\/en\/contact\/\" rel=\"noopener\" target=\"_blank\">contact us.<\/a><\/br><\/br>\r\n<b>Free shipping<\/b> using your own transport or pick up in shop (do not order through the online shop), stop by the shop in <a href=\"https:\/\/g.page\/Syc-Cylinders?share\" rel=\"noopener\" target=\"_blank\">Cornell\u00e0 de Llobregat<\/a>, place your order and take the bottle\/accessory\/equipment with your own transport. You can send us an <a href=\"\/contacto\/\" rel=\"noopener\" target=\"_blank\">email<\/a> to enquire about stock. ","_en_post_name":"cart","_en_post_excerpt":"","_en_post_title":"Cart","_fr_post_content":"[woocommerce_cart]\r\n\r\n\r\nVous pouvez lire la <a href=\"\/fr\/faqs\/\" rel=\"noopener\" target=\"_blank\">FAQ<\/a> si vous avez des questions ou consulter <a href=\"\/fr\/paiement-guide-de-shopping\/\" rel=\"noopener\" target=\"_blank\">le guide de paiement<\/a> si vous avez des probl\u00e8mes.<\/br>\r\n* Notez que le panier maximum est 300kg. \u00c9liminez des produits ou <a href=\"\/fr\/contact\/\">contactez-nous<\/a>.","_fr_post_name":"panier","_fr_post_excerpt":"","_fr_post_title":"Panier","_pt_post_content":"[woocommerce_cart]\r\n\r\nPode ler as <a href=\"\/pt\/faqs\/\" rel=\"noopener\" target=\"_blank\">perguntas mais frequentes<\/a> se tiver d\u00favidas ou consultar o <a href=\"\/pt\/guia-de-pagamento\/\" rel=\"noopener\" target=\"_blank\">guia de pagamento<\/a> se tiver algum problema. <\/br><\/br>\r\n\r\n* Por favor, note que o limite do carrinho de compras \u00e9 de no m\u00e1ximo 300 kg. Elimine produtos ou <a href=\"\/pt\/contato\/\"> entre em contacto conosco<\/a>.\r\n\r\nTransporte gratuito utilizando o seu pr\u00f3prio transporte ou recolha na loja (n\u00e3o encomendar atrav\u00e9s da loja online), passe pela loja <a href=\"https:\/\/g.page\/Syc-Cylinders?share\" rel=\"noopener\" target=\"_blank\">em Cornell\u00e0 de Llobregat<\/a>, fa\u00e7a a encomenda e leve a garrafa\/acess\u00f3rios\/equipamento com o seu pr\u00f3prio transporte. Pode enviar-nos <a href=\"\/pt\/contato\/\" rel=\"noopener\" target=\"_blank\">um e-mail<\/a> para nos consultar sobre stock. \r\n\r\n","_pt_post_name":"carrinho","_pt_post_excerpt":"","_pt_post_title":"Carrinho","edit_language":"pt","footnotes":""},"class_list":["post-5","page","type-page","status-publish","czr-hentry"],"yoast_head":"<!-- This site is optimized with the Yoast SEO plugin v27.1.1 - https:\/\/yoast.com\/product\/yoast-seo-wordpress\/ -->\n<title>Carrito - SYC Cylinders<\/title>\n<meta name=\"robots\" content=\"index, follow, max-snippet:-1, max-image-preview:large, max-video-preview:-1\" \/>\n<link rel=\"canonical\" href=\"https:\/\/www.syc-cylinders.eu\/fr\/panier\/\" \/>\n<meta property=\"og:locale\" content=\"pt_PT\" \/>\n<meta property=\"og:type\" content=\"article\" \/>\n<meta property=\"og:title\" content=\"Carrito - SYC Cylinders\" \/>\n<meta property=\"og:description\" content=\"Lea las preguntas frecuentes si tiene alguna duda o consultar la gu\u00eda de pagos si tiene problemas. * Ten en cuenta que el l\u00edmite del carrito es de m\u00e1ximo 300kg. Elimina productos o contacte con nosotros. Env\u00edo gratis utilizando su propio transporte o recogida en tienda (no haga el pedido por la tienda Online), pase [&hellip;]\" \/>\n<meta property=\"og:url\" content=\"https:\/\/www.syc-cylinders.eu\/fr\/panier\/\" \/>\n<meta property=\"og:site_name\" content=\"SYC Cylinders\" \/>\n<meta property=\"article:publisher\" content=\"https:\/\/es-es.facebook.com\/Syc-Cylinders-Europe-1387368244908487\/\" \/>\n<meta property=\"article:modified_time\" content=\"2024-04-10T09:50:06+00:00\" \/>\n<meta property=\"og:image\" content=\"https:\/\/www.syc-cylinders.eu\/wp-content\/uploads\/2016\/07\/cropped-imagotipo-syc-cylinders.png\" \/>\n\t<meta property=\"og:image:width\" content=\"512\" \/>\n\t<meta property=\"og:image:height\" content=\"512\" \/>\n\t<meta property=\"og:image:type\" content=\"image\/png\" \/>\n<meta name=\"twitter:card\" content=\"summary_large_image\" \/>\n<meta name=\"twitter:site\" content=\"@Syc_Cylinders\" \/>\n<meta name=\"twitter:label1\" content=\"Tempo estimado de leitura\" \/>\n\t<meta name=\"twitter:data1\" content=\"1 minuto\" \/>\n<script type=\"application\/ld+json\" class=\"yoast-schema-graph\">{\"@context\":\"https:\/\/schema.org\",\"@graph\":[{\"@type\":\"WebPage\",\"@id\":\"https:\/\/www.syc-cylinders.eu\/fr\/panier\/\",\"url\":\"https:\/\/www.syc-cylinders.eu\/fr\/panier\/\",\"name\":\"Carrito - SYC Cylinders\",\"isPartOf\":{\"@id\":\"https:\/\/www.syc-cylinders.eu\/#website\"},\"datePublished\":\"2016-07-05T06:09:15+00:00\",\"dateModified\":\"2024-04-10T09:50:06+00:00\",\"breadcrumb\":{\"@id\":\"https:\/\/www.syc-cylinders.eu\/fr\/panier\/#breadcrumb\"},\"inLanguage\":\"pt-PT\",\"potentialAction\":[{\"@type\":\"ReadAction\",\"target\":[\"https:\/\/www.syc-cylinders.eu\/fr\/panier\/\"]}]},{\"@type\":\"BreadcrumbList\",\"@id\":\"https:\/\/www.syc-cylinders.eu\/fr\/panier\/#breadcrumb\",\"itemListElement\":[{\"@type\":\"ListItem\",\"position\":1,\"name\":\"Home\",\"item\":\"https:\/\/www.syc-cylinders.eu\/en\/\"},{\"@type\":\"ListItem\",\"position\":2,\"name\":\"Carrito\"}]},{\"@type\":\"WebSite\",\"@id\":\"https:\/\/www.syc-cylinders.eu\/#website\",\"url\":\"https:\/\/www.syc-cylinders.eu\/\",\"name\":\"SYC Cylinders\",\"description\":\"SYC Cylinders fabricante de botellas gas a presi\u00f3n y venta de accesorios de soldadura\",\"publisher\":{\"@id\":\"https:\/\/www.syc-cylinders.eu\/#organization\"},\"potentialAction\":[{\"@type\":\"SearchAction\",\"target\":{\"@type\":\"EntryPoint\",\"urlTemplate\":\"https:\/\/www.syc-cylinders.eu\/?s={search_term_string}\"},\"query-input\":{\"@type\":\"PropertyValueSpecification\",\"valueRequired\":true,\"valueName\":\"search_term_string\"}}],\"inLanguage\":\"pt-PT\"},{\"@type\":\"Organization\",\"@id\":\"https:\/\/www.syc-cylinders.eu\/#organization\",\"name\":\"SYC Cylinders\",\"url\":\"https:\/\/www.syc-cylinders.eu\/\",\"logo\":{\"@type\":\"ImageObject\",\"inLanguage\":\"pt-PT\",\"@id\":\"https:\/\/www.syc-cylinders.eu\/#\/schema\/logo\/image\/\",\"url\":\"https:\/\/www.syc-cylinders.eu\/wp-content\/uploads\/2016\/07\/logo-syc.jpg\",\"contentUrl\":\"https:\/\/www.syc-cylinders.eu\/wp-content\/uploads\/2016\/07\/logo-syc.jpg\",\"width\":182,\"height\":45,\"caption\":\"SYC Cylinders\"},\"image\":{\"@id\":\"https:\/\/www.syc-cylinders.eu\/#\/schema\/logo\/image\/\"},\"sameAs\":[\"https:\/\/es-es.facebook.com\/Syc-Cylinders-Europe-1387368244908487\/\",\"https:\/\/x.com\/Syc_Cylinders\",\"https:\/\/www.linkedin.com\/company\/syc-cylinders\",\"https:\/\/www.youtube.com\/channel\/UCVmZ-OD_WC6Q9durvs11IrA\"]}]}<\/script>\n<!-- \/ Yoast SEO plugin. -->","yoast_head_json":{"title":"Carrito - SYC Cylinders","robots":{"index":"index","follow":"follow","max-snippet":"max-snippet:-1","max-image-preview":"max-image-preview:large","max-video-preview":"max-video-preview:-1"},"canonical":"https:\/\/www.syc-cylinders.eu\/fr\/panier\/","og_locale":"pt_PT","og_type":"article","og_title":"Carrito - SYC Cylinders","og_description":"Lea las preguntas frecuentes si tiene alguna duda o consultar la gu\u00eda de pagos si tiene problemas. * Ten en cuenta que el l\u00edmite del carrito es de m\u00e1ximo 300kg. Elimina productos o contacte con nosotros. Env\u00edo gratis utilizando su propio transporte o recogida en tienda (no haga el pedido por la tienda Online), pase [&hellip;]","og_url":"https:\/\/www.syc-cylinders.eu\/fr\/panier\/","og_site_name":"SYC Cylinders","article_publisher":"https:\/\/es-es.facebook.com\/Syc-Cylinders-Europe-1387368244908487\/","article_modified_time":"2024-04-10T09:50:06+00:00","og_image":[{"width":512,"height":512,"url":"https:\/\/www.syc-cylinders.eu\/wp-content\/uploads\/2016\/07\/cropped-imagotipo-syc-cylinders.png","type":"image\/png"}],"twitter_card":"summary_large_image","twitter_site":"@Syc_Cylinders","twitter_misc":{"Tempo estimado de leitura":"1 minuto"},"schema":{"@context":"https:\/\/schema.org","@graph":[{"@type":"WebPage","@id":"https:\/\/www.syc-cylinders.eu\/fr\/panier\/","url":"https:\/\/www.syc-cylinders.eu\/fr\/panier\/","name":"Carrito - SYC Cylinders","isPartOf":{"@id":"https:\/\/www.syc-cylinders.eu\/#website"},"datePublished":"2016-07-05T06:09:15+00:00","dateModified":"2024-04-10T09:50:06+00:00","breadcrumb":{"@id":"https:\/\/www.syc-cylinders.eu\/fr\/panier\/#breadcrumb"},"inLanguage":"pt-PT","potentialAction":[{"@type":"ReadAction","target":["https:\/\/www.syc-cylinders.eu\/fr\/panier\/"]}]},{"@type":"BreadcrumbList","@id":"https:\/\/www.syc-cylinders.eu\/fr\/panier\/#breadcrumb","itemListElement":[{"@type":"ListItem","position":1,"name":"Home","item":"https:\/\/www.syc-cylinders.eu\/en\/"},{"@type":"ListItem","position":2,"name":"Carrito"}]},{"@type":"WebSite","@id":"https:\/\/www.syc-cylinders.eu\/#website","url":"https:\/\/www.syc-cylinders.eu\/","name":"SYC Cylinders","description":"SYC Cylinders fabricante de botellas gas a presi\u00f3n y venta de accesorios de soldadura","publisher":{"@id":"https:\/\/www.syc-cylinders.eu\/#organization"},"potentialAction":[{"@type":"SearchAction","target":{"@type":"EntryPoint","urlTemplate":"https:\/\/www.syc-cylinders.eu\/?s={search_term_string}"},"query-input":{"@type":"PropertyValueSpecification","valueRequired":true,"valueName":"search_term_string"}}],"inLanguage":"pt-PT"},{"@type":"Organization","@id":"https:\/\/www.syc-cylinders.eu\/#organization","name":"SYC Cylinders","url":"https:\/\/www.syc-cylinders.eu\/","logo":{"@type":"ImageObject","inLanguage":"pt-PT","@id":"https:\/\/www.syc-cylinders.eu\/#\/schema\/logo\/image\/","url":"https:\/\/www.syc-cylinders.eu\/wp-content\/uploads\/2016\/07\/logo-syc.jpg","contentUrl":"https:\/\/www.syc-cylinders.eu\/wp-content\/uploads\/2016\/07\/logo-syc.jpg","width":182,"height":45,"caption":"SYC Cylinders"},"image":{"@id":"https:\/\/www.syc-cylinders.eu\/#\/schema\/logo\/image\/"},"sameAs":["https:\/\/es-es.facebook.com\/Syc-Cylinders-Europe-1387368244908487\/","https:\/\/x.com\/Syc_Cylinders","https:\/\/www.linkedin.com\/company\/syc-cylinders","https:\/\/www.youtube.com\/channel\/UCVmZ-OD_WC6Q9durvs11IrA"]}]}},"_links":{"self":[{"href":"https:\/\/www.syc-cylinders.eu\/pt\/wp-json\/wp\/v2\/pages\/5","targetHints":{"allow":["GET"]}}],"collection":[{"href":"https:\/\/www.syc-cylinders.eu\/pt\/wp-json\/wp\/v2\/pages"}],"about":[{"href":"https:\/\/www.syc-cylinders.eu\/pt\/wp-json\/wp\/v2\/types\/page"}],"author":[{"embeddable":true,"href":"https:\/\/www.syc-cylinders.eu\/pt\/wp-json\/wp\/v2\/users\/1"}],"replies":[{"embeddable":true,"href":"https:\/\/www.syc-cylinders.eu\/pt\/wp-json\/wp\/v2\/comments?post=5"}],"version-history":[{"count":0,"href":"https:\/\/www.syc-cylinders.eu\/pt\/wp-json\/wp\/v2\/pages\/5\/revisions"}],"wp:attachment":[{"href":"https:\/\/www.syc-cylinders.eu\/pt\/wp-json\/wp\/v2\/media?parent=5"}],"curies":[{"name":"wp","href":"https:\/\/api.w.org\/{rel}","templated":true}]}}