{"id":959,"date":"2016-09-01T10:47:02","date_gmt":"2016-09-01T08:47:02","guid":{"rendered":"https:\/\/www.syc-cylinders.eu\/?post_type=product&#038;p=959"},"modified":"2025-11-04T08:25:10","modified_gmt":"2025-11-04T07:25:10","slug":"bouteille-5-l-140-acetylene-c2h2-std-gaz","status":"publish","type":"product","link":"https:\/\/www.syc-cylinders.eu\/fr\/boutique\/bouteille-5-l-140-acetylene-c2h2-std-gaz\/","title":{"rendered":"Bouteille 5 L 140 Ac\u00e9tyl\u00e8ne C2H2 STD GAZ","raw":"Bouteille 5 L 140 Ac\u00e9tyl\u00e8ne C2H2 STD GAZ"},"content":{"rendered":"","protected":false,"raw":""},"excerpt":{"rendered":"<hr \/>\n<p>Bouteille charg\u00e9e de 5L pour gaz ac\u00e9tyl\u00e8ne industriel (C2H2). <\/p>\n<ul>\n<li>Capacit\u00e9 volum\u00e9trique: 5 litres (1 kg de gaz).<\/li>\n<li>Diam\u00e8tre: 140 mm.<\/li>\n<li>Avec robinet standard pour march\u00e9 fran\u00e7ais.<\/li>\n<li>Vis 22,91 mm x 1\/14\u2033 Gauches.<\/li>\n<li>Fond concave.<\/li>\n<li>Peinte selon la norme UNE-EN 1089.<\/li>\n<li>Charge de gaz INCLUSE.<\/li>\n<\/ul>\n<hr \/>\n","protected":false,"raw":"<hr \/>\r\n\r\nBouteille charg\u00e9e de 5L pour gaz ac\u00e9tyl\u00e8ne industriel (C2H2). \r\n\r\n<ul>\r\n<li>Capacit\u00e9 volum\u00e9trique: 5 litres (1 kg de gaz).<\/li>\r\n<li>Diam\u00e8tre: 140 mm.<\/li>\r\n<li>Avec robinet standard pour march\u00e9 fran\u00e7ais.<\/li>\r\n<li>Vis 22,91 mm x 1\/14\u2033 Gauches.<\/li>\r\n<li>Fond concave.<\/li>\r\n<li>Peinte selon la norme UNE-EN 1089.<\/li>\r\n<li>Charge de gaz INCLUSE.<\/li>\r\n<\/ul>\r\n\r\n<hr \/>"},"featured_media":960,"template":"","meta":{"inline_featured_image":false,"_es_post_content":"","_es_post_name":"botella-5-l-140-acetileno-c2h2-std-gas","_es_post_excerpt":"<hr \/>\r\n\r\nBotella cargada de 5L para gas acetileno industrial (C2H2).\r\n\r\n<ul>\r\n<li> Capacidad volum\u00e9trica: 5 litros (1 kg de gas).<\/li>\r\n<li>Di\u00e1metro: 140 mm.<\/li>\r\n<li>Con v\u00e1lvula standard para mercado espa\u00f1ol.<\/li>\r\n<li>Rosca 22,91 mm x 1\/14\" izquierdas.<\/li>\r\n<li>Fondo c\u00f3ncavo.<\/li>\r\n<li>Pintada seg\u00fan normativa UNE-EN 1089.<\/li>\r\n<li>INCLUYE carga de gas.<\/li>\r\n<\/ul>\r\n\r\n<hr \/>","_es_post_title":"Botella 5 L 140 Acetileno C2H2 STD GAS","_en_post_content":"","_en_post_name":"5-l-cylinder-140-c2h2-concave-for-industrial-acetylene-gas-fulled","_en_post_excerpt":"<hr \/>\r\n\r\n5L Cylinder for Industrial Acetylene (C2H2).\r\n\r\n<ul>\r\n<li> Water Capacity: 5 liters (1 kg gas).<\/li>\r\n<li> Diameter: 140 mm.<\/li>\r\n<li> Thread 22,91 mm x 1\/14\" Left-handed.<\/li>\r\n<li> Concave base shape.<\/li>\r\n<li> Painted in accordance with standards UNE-EN 1089.<\/li>\r\n<li> Gas INCLUDED.<\/li>\r\n<\/ul>\r\n\r\n<hr \/>","_en_post_title":"5 L Cylinder 140 C2H2 for Industrial Acetylene Gas (fulled)","_fr_post_content":"","_fr_post_name":"bouteille-5-l-140-acetylene-c2h2-std-gaz","_fr_post_excerpt":"<hr \/>\r\n\r\nBouteille charg\u00e9e de 5L pour gaz ac\u00e9tyl\u00e8ne industriel (C2H2). \r\n\r\n<ul>\r\n<li>Capacit\u00e9 volum\u00e9trique: 5 litres (1 kg de gaz).<\/li>\r\n<li>Diam\u00e8tre: 140 mm.<\/li>\r\n<li>Avec robinet standard pour march\u00e9 fran\u00e7ais.<\/li>\r\n<li>Vis 22,91 mm x 1\/14\u2033 Gauches.<\/li>\r\n<li>Fond concave.<\/li>\r\n<li>Peinte selon la norme UNE-EN 1089.<\/li>\r\n<li>Charge de gaz INCLUSE.<\/li>\r\n<\/ul>\r\n\r\n<hr \/>","_fr_post_title":"Bouteille 5 L 140 Ac\u00e9tyl\u00e8ne C2H2 STD GAZ","_pt_post_content":"","_pt_post_name":"cilindro-5-l-140-acetileno-c2h2-std-gas","_pt_post_excerpt":"<hr \/>\r\nCilindro com carga de 5L para g\u00e1s acetileno industrial (C2H2).\r\n\r\n<ul>\r\n<li>Capacidade volum\u00e9trica: 5 litros (1 kg de gas).<\/li>\r\n<li>Di\u00e2metro: 140 mm.<\/li>\r\n<li>Com v\u00e1lvula padr\u00e3o para o mercado espanhol.<\/li>\r\n<li>Rosca 22,91 mm x 1\/14\" Esquerda.<\/li>\r\n<li>Fundo c\u00f4ncavo.<\/li>\r\n<li>Pintado de acordo com o Regulamento UNE-EN 1089.<\/li>\r\n<li>INCLUI carga de g\u00e1s.<\/li>\r\n<\/ul>\r\n\r\n<hr \/>\r\n","_pt_post_title":"Cilindro 5 L 140 Acetileno C2H2 STD G\u00c1S","edit_language":"fr"},"product_brand":[],"product_cat":[238,95,97],"product_tag":[],"class_list":{"0":"post-959","1":"product","2":"type-product","3":"status-publish","4":"has-post-thumbnail","6":"product_cat-acetileno-butano-cargada","7":"product_cat-botellas-industriales-es","8":"product_cat-cargadas-es","9":"product_shipping_class-adr-producto","11":"first","12":"instock","13":"taxable","14":"shipping-taxable","15":"purchasable","16":"product-type-simple","17":"czr-hentry"},"yoast_head":"<!-- This site is optimized with the Yoast SEO plugin v27.1.1 - https:\/\/yoast.com\/product\/yoast-seo-wordpress\/ -->\n<title>Botella 5 L 140 Acetileno Cargada C2H2 - SYC Cylinders<\/title>\n<meta name=\"description\" content=\"Botella 5 L 140 Acetileno Cargada C2H2. Capacidad volum\u00e9trica: 5 litros (1 kg de gas). Di\u00e1metro: 140 mm. Con v\u00e1lvula standard para mercado espa\u00f1ol. M\u00e1s...\" \/>\n<meta name=\"robots\" content=\"index, follow, max-snippet:-1, max-image-preview:large, max-video-preview:-1\" \/>\n<link rel=\"canonical\" href=\"https:\/\/www.syc-cylinders.eu\/tienda\/botella-5-l-140-acetileno-c2h2-std-gas\/\" \/>\n<meta property=\"og:locale\" content=\"fr_FR\" \/>\n<meta property=\"og:type\" content=\"article\" \/>\n<meta property=\"og:title\" content=\"Botella 5 L 140 Acetileno Cargada C2H2 - SYC Cylinders\" \/>\n<meta property=\"og:description\" content=\"Botella 5 L 140 Acetileno Cargada C2H2. Capacidad volum\u00e9trica: 5 litros (1 kg de gas). Di\u00e1metro: 140 mm. Con v\u00e1lvula standard para mercado espa\u00f1ol. M\u00e1s...\" \/>\n<meta property=\"og:url\" content=\"https:\/\/www.syc-cylinders.eu\/tienda\/botella-5-l-140-acetileno-c2h2-std-gas\/\" \/>\n<meta property=\"og:site_name\" content=\"SYC Cylinders\" \/>\n<meta property=\"article:publisher\" content=\"https:\/\/es-es.facebook.com\/Syc-Cylinders-Europe-1387368244908487\/\" \/>\n<meta property=\"article:modified_time\" content=\"2025-11-04T07:25:10+00:00\" \/>\n<meta property=\"og:image\" content=\"https:\/\/www.syc-cylinders.eu\/wp-content\/uploads\/2016\/09\/5-L-140-acetileno-rojo.webp\" \/>\n\t<meta property=\"og:image:width\" content=\"1136\" \/>\n\t<meta property=\"og:image:height\" content=\"1136\" \/>\n\t<meta property=\"og:image:type\" content=\"image\/webp\" \/>\n<meta name=\"twitter:card\" content=\"summary_large_image\" \/>\n<meta name=\"twitter:site\" content=\"@Syc_Cylinders\" \/>\n<script type=\"application\/ld+json\" class=\"yoast-schema-graph\">{\"@context\":\"https:\/\/schema.org\",\"@graph\":[{\"@type\":\"WebPage\",\"@id\":\"https:\/\/www.syc-cylinders.eu\/tienda\/botella-5-l-140-acetileno-c2h2-std-gas\/\",\"url\":\"https:\/\/www.syc-cylinders.eu\/tienda\/botella-5-l-140-acetileno-c2h2-std-gas\/\",\"name\":\"Botella 5 L 140 Acetileno Cargada C2H2 - SYC Cylinders\",\"isPartOf\":{\"@id\":\"https:\/\/www.syc-cylinders.eu\/#website\"},\"primaryImageOfPage\":{\"@id\":\"https:\/\/www.syc-cylinders.eu\/tienda\/botella-5-l-140-acetileno-c2h2-std-gas\/#primaryimage\"},\"image\":{\"@id\":\"https:\/\/www.syc-cylinders.eu\/tienda\/botella-5-l-140-acetileno-c2h2-std-gas\/#primaryimage\"},\"thumbnailUrl\":\"https:\/\/www.syc-cylinders.eu\/wp-content\/uploads\/2016\/09\/5-L-140-acetileno-rojo.webp\",\"datePublished\":\"2016-09-01T08:47:02+00:00\",\"dateModified\":\"2025-11-04T07:25:10+00:00\",\"description\":\"Botella 5 L 140 Acetileno Cargada C2H2. Capacidad volum\u00e9trica: 5 litros (1 kg de gas). Di\u00e1metro: 140 mm. Con v\u00e1lvula standard para mercado espa\u00f1ol. M\u00e1s...\",\"breadcrumb\":{\"@id\":\"https:\/\/www.syc-cylinders.eu\/tienda\/botella-5-l-140-acetileno-c2h2-std-gas\/#breadcrumb\"},\"inLanguage\":\"fr-FR\",\"potentialAction\":[{\"@type\":\"ReadAction\",\"target\":[\"https:\/\/www.syc-cylinders.eu\/tienda\/botella-5-l-140-acetileno-c2h2-std-gas\/\"]}]},{\"@type\":\"ImageObject\",\"inLanguage\":\"fr-FR\",\"@id\":\"https:\/\/www.syc-cylinders.eu\/tienda\/botella-5-l-140-acetileno-c2h2-std-gas\/#primaryimage\",\"url\":\"https:\/\/www.syc-cylinders.eu\/wp-content\/uploads\/2016\/09\/5-L-140-acetileno-rojo.webp\",\"contentUrl\":\"https:\/\/www.syc-cylinders.eu\/wp-content\/uploads\/2016\/09\/5-L-140-acetileno-rojo.webp\",\"width\":1136,\"height\":1136,\"caption\":\"5L 140 botella acetileno industrial roja\"},{\"@type\":\"BreadcrumbList\",\"@id\":\"https:\/\/www.syc-cylinders.eu\/tienda\/botella-5-l-140-acetileno-c2h2-std-gas\/#breadcrumb\",\"itemListElement\":[{\"@type\":\"ListItem\",\"position\":1,\"name\":\"Home\",\"item\":\"https:\/\/www.syc-cylinders.eu\/en\/\"},{\"@type\":\"ListItem\",\"position\":2,\"name\":\"Tienda\",\"item\":\"https:\/\/www.syc-cylinders.eu\/tienda\/\"},{\"@type\":\"ListItem\",\"position\":3,\"name\":\"Botella 5 L 140 Acetileno C2H2 STD GAS\"}]},{\"@type\":\"WebSite\",\"@id\":\"https:\/\/www.syc-cylinders.eu\/#website\",\"url\":\"https:\/\/www.syc-cylinders.eu\/\",\"name\":\"SYC Cylinders\",\"description\":\"SYC Cylinders fabricante de botellas gas a presi\u00f3n y venta de accesorios de soldadura\",\"publisher\":{\"@id\":\"https:\/\/www.syc-cylinders.eu\/#organization\"},\"potentialAction\":[{\"@type\":\"SearchAction\",\"target\":{\"@type\":\"EntryPoint\",\"urlTemplate\":\"https:\/\/www.syc-cylinders.eu\/?s={search_term_string}\"},\"query-input\":{\"@type\":\"PropertyValueSpecification\",\"valueRequired\":true,\"valueName\":\"search_term_string\"}}],\"inLanguage\":\"fr-FR\"},{\"@type\":\"Organization\",\"@id\":\"https:\/\/www.syc-cylinders.eu\/#organization\",\"name\":\"SYC Cylinders\",\"url\":\"https:\/\/www.syc-cylinders.eu\/\",\"logo\":{\"@type\":\"ImageObject\",\"inLanguage\":\"fr-FR\",\"@id\":\"https:\/\/www.syc-cylinders.eu\/#\/schema\/logo\/image\/\",\"url\":\"https:\/\/www.syc-cylinders.eu\/wp-content\/uploads\/2016\/07\/logo-syc.jpg\",\"contentUrl\":\"https:\/\/www.syc-cylinders.eu\/wp-content\/uploads\/2016\/07\/logo-syc.jpg\",\"width\":182,\"height\":45,\"caption\":\"SYC Cylinders\"},\"image\":{\"@id\":\"https:\/\/www.syc-cylinders.eu\/#\/schema\/logo\/image\/\"},\"sameAs\":[\"https:\/\/es-es.facebook.com\/Syc-Cylinders-Europe-1387368244908487\/\",\"https:\/\/x.com\/Syc_Cylinders\",\"https:\/\/www.linkedin.com\/company\/syc-cylinders\",\"https:\/\/www.youtube.com\/channel\/UCVmZ-OD_WC6Q9durvs11IrA\"]}]}<\/script>\n<!-- \/ Yoast SEO plugin. -->","yoast_head_json":{"title":"Botella 5 L 140 Acetileno Cargada C2H2 - SYC Cylinders","description":"Botella 5 L 140 Acetileno Cargada C2H2. Capacidad volum\u00e9trica: 5 litros (1 kg de gas). Di\u00e1metro: 140 mm. Con v\u00e1lvula standard para mercado espa\u00f1ol. M\u00e1s...","robots":{"index":"index","follow":"follow","max-snippet":"max-snippet:-1","max-image-preview":"max-image-preview:large","max-video-preview":"max-video-preview:-1"},"canonical":"https:\/\/www.syc-cylinders.eu\/tienda\/botella-5-l-140-acetileno-c2h2-std-gas\/","og_locale":"fr_FR","og_type":"article","og_title":"Botella 5 L 140 Acetileno Cargada C2H2 - SYC Cylinders","og_description":"Botella 5 L 140 Acetileno Cargada C2H2. Capacidad volum\u00e9trica: 5 litros (1 kg de gas). Di\u00e1metro: 140 mm. Con v\u00e1lvula standard para mercado espa\u00f1ol. M\u00e1s...","og_url":"https:\/\/www.syc-cylinders.eu\/tienda\/botella-5-l-140-acetileno-c2h2-std-gas\/","og_site_name":"SYC Cylinders","article_publisher":"https:\/\/es-es.facebook.com\/Syc-Cylinders-Europe-1387368244908487\/","article_modified_time":"2025-11-04T07:25:10+00:00","og_image":[{"width":1136,"height":1136,"url":"https:\/\/www.syc-cylinders.eu\/wp-content\/uploads\/2016\/09\/5-L-140-acetileno-rojo.webp","type":"image\/webp"}],"twitter_card":"summary_large_image","twitter_site":"@Syc_Cylinders","schema":{"@context":"https:\/\/schema.org","@graph":[{"@type":"WebPage","@id":"https:\/\/www.syc-cylinders.eu\/tienda\/botella-5-l-140-acetileno-c2h2-std-gas\/","url":"https:\/\/www.syc-cylinders.eu\/tienda\/botella-5-l-140-acetileno-c2h2-std-gas\/","name":"Botella 5 L 140 Acetileno Cargada C2H2 - SYC Cylinders","isPartOf":{"@id":"https:\/\/www.syc-cylinders.eu\/#website"},"primaryImageOfPage":{"@id":"https:\/\/www.syc-cylinders.eu\/tienda\/botella-5-l-140-acetileno-c2h2-std-gas\/#primaryimage"},"image":{"@id":"https:\/\/www.syc-cylinders.eu\/tienda\/botella-5-l-140-acetileno-c2h2-std-gas\/#primaryimage"},"thumbnailUrl":"https:\/\/www.syc-cylinders.eu\/wp-content\/uploads\/2016\/09\/5-L-140-acetileno-rojo.webp","datePublished":"2016-09-01T08:47:02+00:00","dateModified":"2025-11-04T07:25:10+00:00","description":"Botella 5 L 140 Acetileno Cargada C2H2. Capacidad volum\u00e9trica: 5 litros (1 kg de gas). Di\u00e1metro: 140 mm. Con v\u00e1lvula standard para mercado espa\u00f1ol. M\u00e1s...","breadcrumb":{"@id":"https:\/\/www.syc-cylinders.eu\/tienda\/botella-5-l-140-acetileno-c2h2-std-gas\/#breadcrumb"},"inLanguage":"fr-FR","potentialAction":[{"@type":"ReadAction","target":["https:\/\/www.syc-cylinders.eu\/tienda\/botella-5-l-140-acetileno-c2h2-std-gas\/"]}]},{"@type":"ImageObject","inLanguage":"fr-FR","@id":"https:\/\/www.syc-cylinders.eu\/tienda\/botella-5-l-140-acetileno-c2h2-std-gas\/#primaryimage","url":"https:\/\/www.syc-cylinders.eu\/wp-content\/uploads\/2016\/09\/5-L-140-acetileno-rojo.webp","contentUrl":"https:\/\/www.syc-cylinders.eu\/wp-content\/uploads\/2016\/09\/5-L-140-acetileno-rojo.webp","width":1136,"height":1136,"caption":"5L 140 botella acetileno industrial roja"},{"@type":"BreadcrumbList","@id":"https:\/\/www.syc-cylinders.eu\/tienda\/botella-5-l-140-acetileno-c2h2-std-gas\/#breadcrumb","itemListElement":[{"@type":"ListItem","position":1,"name":"Home","item":"https:\/\/www.syc-cylinders.eu\/en\/"},{"@type":"ListItem","position":2,"name":"Tienda","item":"https:\/\/www.syc-cylinders.eu\/tienda\/"},{"@type":"ListItem","position":3,"name":"Botella 5 L 140 Acetileno C2H2 STD GAS"}]},{"@type":"WebSite","@id":"https:\/\/www.syc-cylinders.eu\/#website","url":"https:\/\/www.syc-cylinders.eu\/","name":"SYC Cylinders","description":"SYC Cylinders fabricante de botellas gas a presi\u00f3n y venta de accesorios de soldadura","publisher":{"@id":"https:\/\/www.syc-cylinders.eu\/#organization"},"potentialAction":[{"@type":"SearchAction","target":{"@type":"EntryPoint","urlTemplate":"https:\/\/www.syc-cylinders.eu\/?s={search_term_string}"},"query-input":{"@type":"PropertyValueSpecification","valueRequired":true,"valueName":"search_term_string"}}],"inLanguage":"fr-FR"},{"@type":"Organization","@id":"https:\/\/www.syc-cylinders.eu\/#organization","name":"SYC Cylinders","url":"https:\/\/www.syc-cylinders.eu\/","logo":{"@type":"ImageObject","inLanguage":"fr-FR","@id":"https:\/\/www.syc-cylinders.eu\/#\/schema\/logo\/image\/","url":"https:\/\/www.syc-cylinders.eu\/wp-content\/uploads\/2016\/07\/logo-syc.jpg","contentUrl":"https:\/\/www.syc-cylinders.eu\/wp-content\/uploads\/2016\/07\/logo-syc.jpg","width":182,"height":45,"caption":"SYC Cylinders"},"image":{"@id":"https:\/\/www.syc-cylinders.eu\/#\/schema\/logo\/image\/"},"sameAs":["https:\/\/es-es.facebook.com\/Syc-Cylinders-Europe-1387368244908487\/","https:\/\/x.com\/Syc_Cylinders","https:\/\/www.linkedin.com\/company\/syc-cylinders","https:\/\/www.youtube.com\/channel\/UCVmZ-OD_WC6Q9durvs11IrA"]}]}},"_links":{"self":[{"href":"https:\/\/www.syc-cylinders.eu\/fr\/wp-json\/wp\/v2\/product\/959","targetHints":{"allow":["GET"]}}],"collection":[{"href":"https:\/\/www.syc-cylinders.eu\/fr\/wp-json\/wp\/v2\/product"}],"about":[{"href":"https:\/\/www.syc-cylinders.eu\/fr\/wp-json\/wp\/v2\/types\/product"}],"wp:featuredmedia":[{"embeddable":true,"href":"https:\/\/www.syc-cylinders.eu\/fr\/wp-json\/wp\/v2\/media\/960"}],"wp:attachment":[{"href":"https:\/\/www.syc-cylinders.eu\/fr\/wp-json\/wp\/v2\/media?parent=959"}],"wp:term":[{"taxonomy":"product_brand","embeddable":true,"href":"https:\/\/www.syc-cylinders.eu\/fr\/wp-json\/wp\/v2\/product_brand?post=959"},{"taxonomy":"product_cat","embeddable":true,"href":"https:\/\/www.syc-cylinders.eu\/fr\/wp-json\/wp\/v2\/product_cat?post=959"},{"taxonomy":"product_tag","embeddable":true,"href":"https:\/\/www.syc-cylinders.eu\/fr\/wp-json\/wp\/v2\/product_tag?post=959"}],"curies":[{"name":"wp","href":"https:\/\/api.w.org\/{rel}","templated":true}]}}