{"id":8,"date":"2016-07-05T07:23:33","date_gmt":"2016-07-05T05:23:33","guid":{"rendered":"https:\/\/www.syc-cylinders.eu\/?post_type=product&#038;p=8"},"modified":"2025-02-24T00:00:31","modified_gmt":"2025-02-23T23:00:31","slug":"chalumeau-oxygene-gaz","status":"publish","type":"product","link":"https:\/\/www.syc-cylinders.eu\/fr\/boutique\/chalumeau-oxygene-gaz\/","title":{"rendered":"Chalumeau oxyg\u00e8ne gaz","raw":"Chalumeau oxyg\u00e8ne gaz"},"content":{"rendered":"","protected":false,"raw":""},"excerpt":{"rendered":"<p>&nbsp;<br \/>\nChalumeau oxyg\u00e8ne gaz valide pour m\u00e9langes oxy-butane (oxyg\u00e8ne butane) et d&rsquo;ac\u00e9tyl\u00e8ne (oxyg\u00e8ne ac\u00e9tyl\u00e8ne). <\/p>\n<p>Caract\u00e9ristiques:<\/p>\n<ul>\n<li>Vis de connexion au tuyau 9\/16 \u00a0\u00bb Droites pour Oxyg\u00e8ne et  9\/16&Prime; Gauches pour gaz.<\/li>\n<\/ul>\n<p>(buses non incluses)<br \/>\n&nbsp;<\/p>\n","protected":false,"raw":"&nbsp;\r\nChalumeau oxyg\u00e8ne gaz valide pour m\u00e9langes oxy-butane (oxyg\u00e8ne butane) et d'ac\u00e9tyl\u00e8ne (oxyg\u00e8ne ac\u00e9tyl\u00e8ne). \r\n\r\nCaract\u00e9ristiques:\r\n<ul>\r\n<li>Vis de connexion au tuyau 9\/16 \" Droites pour Oxyg\u00e8ne et  9\/16\" Gauches pour gaz.<\/li>\r\n<\/ul>\r\n(buses non incluses)\r\n&nbsp;"},"featured_media":24825,"template":"","meta":{"inline_featured_image":false,"_es_post_content":"","_es_post_name":"soplete-oxigeno-gas","_es_post_excerpt":"&nbsp;\r\nSoplete ox\u00edgeno gas v\u00e1lido para mezclas oxibutano (ox\u00edgeno butano) y oxiacetileno (ox\u00edgeno acetileno).\r\n\r\nCaracter\u00edsticas:\r\n<ul>\r\n<li>Roscas de conexi\u00f3n a manguera 9\/16\u201d Derechas para ox\u00edgeno y 9\/16\u201d Izquierdas para gas.<\/li>\r\n<\/ul>\r\n(No incluye boquillas)\r\n&nbsp;","_es_post_title":"Soplete ox\u00edgeno gas","_en_post_content":"","_en_post_name":"oxy-fuel-torch-oxygen-acetylene-butane","_en_post_excerpt":"&nbsp;\r\nOxybutane torch suitable for mixtures of oxygen-butane (oxy-butane) or oxygen-acetylene (oxy-acetylene).\r\n\r\nFeatures:\r\n<ul>\r\n<li>Connection threads to hose 9\/16\u201d right-hand for oxygen and 9\/16\u201d left-hand for gas.\r\n<\/li>\r\n<\/ul>\r\n&nbsp;\r\n(Tips \/ Nozzles not included)\r\n&nbsp;\r\n","_en_post_title":"Oxy-fuel Torch - Oxygen \/ Acetylene or Oxygen \/ Butane","_fr_post_content":"","_fr_post_name":"chalumeau-oxygene-gaz","_fr_post_excerpt":"&nbsp;\r\nChalumeau oxyg\u00e8ne gaz valide pour m\u00e9langes oxy-butane (oxyg\u00e8ne butane) et d'ac\u00e9tyl\u00e8ne (oxyg\u00e8ne ac\u00e9tyl\u00e8ne). \r\n\r\nCaract\u00e9ristiques:\r\n<ul>\r\n<li>Vis de connexion au tuyau 9\/16 \" Droites pour Oxyg\u00e8ne et  9\/16\" Gauches pour gaz.<\/li>\r\n<\/ul>\r\n(buses non incluses)\r\n&nbsp;","_fr_post_title":"Chalumeau oxyg\u00e8ne gaz","_pt_post_content":"","_pt_post_name":"tocha-gas-oxigenio","_pt_post_excerpt":"&nbsp;\r\nTocha de oxig\u00eanio g\u00e1s v\u00e1lido para misturas de oxibutano (oxig\u00eanio butano) e oxi-acetileno (oxig\u00eanio acetileno).\r\n\r\nCaracter\u00edsticas:\r\n<ul>\r\n<li>Roscas de conex\u00e3o de mangueira 9\/16\" Direitas para oxig\u00eanio e 9\/16\u201d Esquerdas para g\u00e1s.<\/li>\r\n<\/ul>\r\nOs bicos n\u00e3o est\u00e3o inclu\u00eddos.\r\n&nbsp;","_pt_post_title":"Tocha de g\u00e1s oxig\u00eanio","edit_language":"fr"},"product_brand":[],"product_cat":[10,11],"product_tag":[],"class_list":{"0":"post-8","1":"product","2":"type-product","3":"status-publish","4":"has-post-thumbnail","6":"product_cat-s-accesorios-industriales","7":"product_cat-accesorios-soldadura","8":"product_shipping_class-no-adr-producto","10":"first","11":"instock","12":"taxable","13":"shipping-taxable","14":"purchasable","15":"product-type-simple","16":"czr-hentry"},"yoast_head":"<!-- This site is optimized with the Yoast SEO plugin v27.4 - https:\/\/yoast.com\/product\/yoast-seo-wordpress\/ -->\n<title>Soplete ox\u00edgeno gas para ox\u00edbutano y oxiacetileno - SYC Cylinders<\/title>\n<meta name=\"description\" content=\"Soplete ox\u00edgeno gas v\u00e1lido para mezclas oxibutano (ox\u00edgeno butano) y oxiacetileno (ox\u00edgeno acetileno). Apto para equipos de soldadura.\" \/>\n<meta name=\"robots\" content=\"index, follow, max-snippet:-1, max-image-preview:large, max-video-preview:-1\" \/>\n<link rel=\"canonical\" href=\"https:\/\/www.syc-cylinders.eu\/tienda\/soplete-oxigeno-gas\/\" \/>\n<meta property=\"og:locale\" content=\"fr_FR\" \/>\n<meta property=\"og:type\" content=\"article\" \/>\n<meta property=\"og:title\" content=\"Soplete ox\u00edgeno gas para ox\u00edbutano y oxiacetileno - SYC Cylinders\" \/>\n<meta property=\"og:description\" content=\"Soplete ox\u00edgeno gas v\u00e1lido para mezclas oxibutano (ox\u00edgeno butano) y oxiacetileno (ox\u00edgeno acetileno). Apto para equipos de soldadura.\" \/>\n<meta property=\"og:url\" content=\"https:\/\/www.syc-cylinders.eu\/tienda\/soplete-oxigeno-gas\/\" \/>\n<meta property=\"og:site_name\" content=\"SYC Cylinders\" \/>\n<meta property=\"article:publisher\" content=\"https:\/\/es-es.facebook.com\/Syc-Cylinders-Europe-1387368244908487\/\" \/>\n<meta property=\"article:modified_time\" content=\"2025-02-23T23:00:31+00:00\" \/>\n<meta property=\"og:image\" content=\"https:\/\/www.syc-cylinders.eu\/wp-content\/uploads\/2022\/09\/soplete-oxigeno-oxy-fuel-torch-gas.webp\" \/>\n\t<meta property=\"og:image:width\" content=\"576\" \/>\n\t<meta property=\"og:image:height\" content=\"576\" \/>\n\t<meta property=\"og:image:type\" content=\"image\/webp\" \/>\n<meta name=\"twitter:card\" content=\"summary_large_image\" \/>\n<meta name=\"twitter:site\" content=\"@Syc_Cylinders\" \/>\n<meta name=\"twitter:label1\" content=\"Dur\u00e9e de lecture estim\u00e9e\" \/>\n\t<meta name=\"twitter:data1\" content=\"1 minute\" \/>\n<script type=\"application\/ld+json\" class=\"yoast-schema-graph\">{\"@context\":\"https:\\\/\\\/schema.org\",\"@graph\":[{\"@type\":\"WebPage\",\"@id\":\"https:\\\/\\\/www.syc-cylinders.eu\\\/tienda\\\/soplete-oxigeno-gas\\\/\",\"url\":\"https:\\\/\\\/www.syc-cylinders.eu\\\/tienda\\\/soplete-oxigeno-gas\\\/\",\"name\":\"Soplete ox\u00edgeno gas para ox\u00edbutano y oxiacetileno - SYC Cylinders\",\"isPartOf\":{\"@id\":\"https:\\\/\\\/www.syc-cylinders.eu\\\/#website\"},\"primaryImageOfPage\":{\"@id\":\"https:\\\/\\\/www.syc-cylinders.eu\\\/tienda\\\/soplete-oxigeno-gas\\\/#primaryimage\"},\"image\":{\"@id\":\"https:\\\/\\\/www.syc-cylinders.eu\\\/tienda\\\/soplete-oxigeno-gas\\\/#primaryimage\"},\"thumbnailUrl\":\"https:\\\/\\\/www.syc-cylinders.eu\\\/wp-content\\\/uploads\\\/2022\\\/09\\\/soplete-oxigeno-oxy-fuel-torch-gas.webp\",\"datePublished\":\"2016-07-05T05:23:33+00:00\",\"dateModified\":\"2025-02-23T23:00:31+00:00\",\"description\":\"Soplete ox\u00edgeno gas v\u00e1lido para mezclas oxibutano (ox\u00edgeno butano) y oxiacetileno (ox\u00edgeno acetileno). Apto para equipos de soldadura.\",\"breadcrumb\":{\"@id\":\"https:\\\/\\\/www.syc-cylinders.eu\\\/tienda\\\/soplete-oxigeno-gas\\\/#breadcrumb\"},\"inLanguage\":\"fr-FR\",\"potentialAction\":[{\"@type\":\"ReadAction\",\"target\":[\"https:\\\/\\\/www.syc-cylinders.eu\\\/tienda\\\/soplete-oxigeno-gas\\\/\"]}]},{\"@type\":\"ImageObject\",\"inLanguage\":\"fr-FR\",\"@id\":\"https:\\\/\\\/www.syc-cylinders.eu\\\/tienda\\\/soplete-oxigeno-gas\\\/#primaryimage\",\"url\":\"https:\\\/\\\/www.syc-cylinders.eu\\\/wp-content\\\/uploads\\\/2022\\\/09\\\/soplete-oxigeno-oxy-fuel-torch-gas.webp\",\"contentUrl\":\"https:\\\/\\\/www.syc-cylinders.eu\\\/wp-content\\\/uploads\\\/2022\\\/09\\\/soplete-oxigeno-oxy-fuel-torch-gas.webp\",\"width\":576,\"height\":576},{\"@type\":\"BreadcrumbList\",\"@id\":\"https:\\\/\\\/www.syc-cylinders.eu\\\/tienda\\\/soplete-oxigeno-gas\\\/#breadcrumb\",\"itemListElement\":[{\"@type\":\"ListItem\",\"position\":1,\"name\":\"Home\",\"item\":\"https:\\\/\\\/www.syc-cylinders.eu\\\/en\\\/\"},{\"@type\":\"ListItem\",\"position\":2,\"name\":\"Tienda\",\"item\":\"https:\\\/\\\/www.syc-cylinders.eu\\\/tienda\\\/\"},{\"@type\":\"ListItem\",\"position\":3,\"name\":\"Soplete ox\u00edgeno gas\"}]},{\"@type\":\"WebSite\",\"@id\":\"https:\\\/\\\/www.syc-cylinders.eu\\\/#website\",\"url\":\"https:\\\/\\\/www.syc-cylinders.eu\\\/\",\"name\":\"SYC Cylinders\",\"description\":\"SYC Cylinders fabricante de botellas gas a presi\u00f3n y venta de accesorios de soldadura\",\"publisher\":{\"@id\":\"https:\\\/\\\/www.syc-cylinders.eu\\\/#organization\"},\"potentialAction\":[{\"@type\":\"SearchAction\",\"target\":{\"@type\":\"EntryPoint\",\"urlTemplate\":\"https:\\\/\\\/www.syc-cylinders.eu\\\/?s={search_term_string}\"},\"query-input\":{\"@type\":\"PropertyValueSpecification\",\"valueRequired\":true,\"valueName\":\"search_term_string\"}}],\"inLanguage\":\"fr-FR\"},{\"@type\":\"Organization\",\"@id\":\"https:\\\/\\\/www.syc-cylinders.eu\\\/#organization\",\"name\":\"SYC Cylinders\",\"url\":\"https:\\\/\\\/www.syc-cylinders.eu\\\/\",\"logo\":{\"@type\":\"ImageObject\",\"inLanguage\":\"fr-FR\",\"@id\":\"https:\\\/\\\/www.syc-cylinders.eu\\\/#\\\/schema\\\/logo\\\/image\\\/\",\"url\":\"https:\\\/\\\/www.syc-cylinders.eu\\\/wp-content\\\/uploads\\\/2016\\\/07\\\/logo-syc.jpg\",\"contentUrl\":\"https:\\\/\\\/www.syc-cylinders.eu\\\/wp-content\\\/uploads\\\/2016\\\/07\\\/logo-syc.jpg\",\"width\":182,\"height\":45,\"caption\":\"SYC Cylinders\"},\"image\":{\"@id\":\"https:\\\/\\\/www.syc-cylinders.eu\\\/#\\\/schema\\\/logo\\\/image\\\/\"},\"sameAs\":[\"https:\\\/\\\/es-es.facebook.com\\\/Syc-Cylinders-Europe-1387368244908487\\\/\",\"https:\\\/\\\/x.com\\\/Syc_Cylinders\",\"https:\\\/\\\/www.linkedin.com\\\/company\\\/syc-cylinders\",\"https:\\\/\\\/www.youtube.com\\\/channel\\\/UCVmZ-OD_WC6Q9durvs11IrA\"]}]}<\/script>\n<!-- \/ Yoast SEO plugin. -->","yoast_head_json":{"title":"Soplete ox\u00edgeno gas para ox\u00edbutano y oxiacetileno - SYC Cylinders","description":"Soplete ox\u00edgeno gas v\u00e1lido para mezclas oxibutano (ox\u00edgeno butano) y oxiacetileno (ox\u00edgeno acetileno). Apto para equipos de soldadura.","robots":{"index":"index","follow":"follow","max-snippet":"max-snippet:-1","max-image-preview":"max-image-preview:large","max-video-preview":"max-video-preview:-1"},"canonical":"https:\/\/www.syc-cylinders.eu\/tienda\/soplete-oxigeno-gas\/","og_locale":"fr_FR","og_type":"article","og_title":"Soplete ox\u00edgeno gas para ox\u00edbutano y oxiacetileno - SYC Cylinders","og_description":"Soplete ox\u00edgeno gas v\u00e1lido para mezclas oxibutano (ox\u00edgeno butano) y oxiacetileno (ox\u00edgeno acetileno). Apto para equipos de soldadura.","og_url":"https:\/\/www.syc-cylinders.eu\/tienda\/soplete-oxigeno-gas\/","og_site_name":"SYC Cylinders","article_publisher":"https:\/\/es-es.facebook.com\/Syc-Cylinders-Europe-1387368244908487\/","article_modified_time":"2025-02-23T23:00:31+00:00","og_image":[{"width":576,"height":576,"url":"https:\/\/www.syc-cylinders.eu\/wp-content\/uploads\/2022\/09\/soplete-oxigeno-oxy-fuel-torch-gas.webp","type":"image\/webp"}],"twitter_card":"summary_large_image","twitter_site":"@Syc_Cylinders","twitter_misc":{"Dur\u00e9e de lecture estim\u00e9e":"1 minute"},"schema":{"@context":"https:\/\/schema.org","@graph":[{"@type":"WebPage","@id":"https:\/\/www.syc-cylinders.eu\/tienda\/soplete-oxigeno-gas\/","url":"https:\/\/www.syc-cylinders.eu\/tienda\/soplete-oxigeno-gas\/","name":"Soplete ox\u00edgeno gas para ox\u00edbutano y oxiacetileno - SYC Cylinders","isPartOf":{"@id":"https:\/\/www.syc-cylinders.eu\/#website"},"primaryImageOfPage":{"@id":"https:\/\/www.syc-cylinders.eu\/tienda\/soplete-oxigeno-gas\/#primaryimage"},"image":{"@id":"https:\/\/www.syc-cylinders.eu\/tienda\/soplete-oxigeno-gas\/#primaryimage"},"thumbnailUrl":"https:\/\/www.syc-cylinders.eu\/wp-content\/uploads\/2022\/09\/soplete-oxigeno-oxy-fuel-torch-gas.webp","datePublished":"2016-07-05T05:23:33+00:00","dateModified":"2025-02-23T23:00:31+00:00","description":"Soplete ox\u00edgeno gas v\u00e1lido para mezclas oxibutano (ox\u00edgeno butano) y oxiacetileno (ox\u00edgeno acetileno). Apto para equipos de soldadura.","breadcrumb":{"@id":"https:\/\/www.syc-cylinders.eu\/tienda\/soplete-oxigeno-gas\/#breadcrumb"},"inLanguage":"fr-FR","potentialAction":[{"@type":"ReadAction","target":["https:\/\/www.syc-cylinders.eu\/tienda\/soplete-oxigeno-gas\/"]}]},{"@type":"ImageObject","inLanguage":"fr-FR","@id":"https:\/\/www.syc-cylinders.eu\/tienda\/soplete-oxigeno-gas\/#primaryimage","url":"https:\/\/www.syc-cylinders.eu\/wp-content\/uploads\/2022\/09\/soplete-oxigeno-oxy-fuel-torch-gas.webp","contentUrl":"https:\/\/www.syc-cylinders.eu\/wp-content\/uploads\/2022\/09\/soplete-oxigeno-oxy-fuel-torch-gas.webp","width":576,"height":576},{"@type":"BreadcrumbList","@id":"https:\/\/www.syc-cylinders.eu\/tienda\/soplete-oxigeno-gas\/#breadcrumb","itemListElement":[{"@type":"ListItem","position":1,"name":"Home","item":"https:\/\/www.syc-cylinders.eu\/en\/"},{"@type":"ListItem","position":2,"name":"Tienda","item":"https:\/\/www.syc-cylinders.eu\/tienda\/"},{"@type":"ListItem","position":3,"name":"Soplete ox\u00edgeno gas"}]},{"@type":"WebSite","@id":"https:\/\/www.syc-cylinders.eu\/#website","url":"https:\/\/www.syc-cylinders.eu\/","name":"SYC Cylinders","description":"SYC Cylinders fabricante de botellas gas a presi\u00f3n y venta de accesorios de soldadura","publisher":{"@id":"https:\/\/www.syc-cylinders.eu\/#organization"},"potentialAction":[{"@type":"SearchAction","target":{"@type":"EntryPoint","urlTemplate":"https:\/\/www.syc-cylinders.eu\/?s={search_term_string}"},"query-input":{"@type":"PropertyValueSpecification","valueRequired":true,"valueName":"search_term_string"}}],"inLanguage":"fr-FR"},{"@type":"Organization","@id":"https:\/\/www.syc-cylinders.eu\/#organization","name":"SYC Cylinders","url":"https:\/\/www.syc-cylinders.eu\/","logo":{"@type":"ImageObject","inLanguage":"fr-FR","@id":"https:\/\/www.syc-cylinders.eu\/#\/schema\/logo\/image\/","url":"https:\/\/www.syc-cylinders.eu\/wp-content\/uploads\/2016\/07\/logo-syc.jpg","contentUrl":"https:\/\/www.syc-cylinders.eu\/wp-content\/uploads\/2016\/07\/logo-syc.jpg","width":182,"height":45,"caption":"SYC Cylinders"},"image":{"@id":"https:\/\/www.syc-cylinders.eu\/#\/schema\/logo\/image\/"},"sameAs":["https:\/\/es-es.facebook.com\/Syc-Cylinders-Europe-1387368244908487\/","https:\/\/x.com\/Syc_Cylinders","https:\/\/www.linkedin.com\/company\/syc-cylinders","https:\/\/www.youtube.com\/channel\/UCVmZ-OD_WC6Q9durvs11IrA"]}]}},"_links":{"self":[{"href":"https:\/\/www.syc-cylinders.eu\/fr\/wp-json\/wp\/v2\/product\/8","targetHints":{"allow":["GET"]}}],"collection":[{"href":"https:\/\/www.syc-cylinders.eu\/fr\/wp-json\/wp\/v2\/product"}],"about":[{"href":"https:\/\/www.syc-cylinders.eu\/fr\/wp-json\/wp\/v2\/types\/product"}],"wp:featuredmedia":[{"embeddable":true,"href":"https:\/\/www.syc-cylinders.eu\/fr\/wp-json\/wp\/v2\/media\/24825"}],"wp:attachment":[{"href":"https:\/\/www.syc-cylinders.eu\/fr\/wp-json\/wp\/v2\/media?parent=8"}],"wp:term":[{"taxonomy":"product_brand","embeddable":true,"href":"https:\/\/www.syc-cylinders.eu\/fr\/wp-json\/wp\/v2\/product_brand?post=8"},{"taxonomy":"product_cat","embeddable":true,"href":"https:\/\/www.syc-cylinders.eu\/fr\/wp-json\/wp\/v2\/product_cat?post=8"},{"taxonomy":"product_tag","embeddable":true,"href":"https:\/\/www.syc-cylinders.eu\/fr\/wp-json\/wp\/v2\/product_tag?post=8"}],"curies":[{"name":"wp","href":"https:\/\/api.w.org\/{rel}","templated":true}]}}