{"id":777,"date":"2016-08-04T12:31:28","date_gmt":"2016-08-04T10:31:28","guid":{"rendered":"https:\/\/www.syc-cylinders.eu\/?post_type=product&#038;p=777"},"modified":"2025-02-24T00:00:31","modified_gmt":"2025-02-23T23:00:31","slug":"detendeur-pour-melange-argon","status":"publish","type":"product","link":"https:\/\/www.syc-cylinders.eu\/fr\/boutique\/detendeur-pour-melange-argon\/","title":{"rendered":"D\u00e9tendeur pour M\u00e9lange-Argon","raw":"D\u00e9tendeur pour M\u00e9lange-Argon"},"content":{"rendered":"","protected":false,"raw":""},"excerpt":{"rendered":"<hr \/>\n<p>D\u00e9tendeur pour M\u00e9lange ou Argon avec manom\u00e8tres. <\/p>\n<hr \/>\n<ul>\n<li>Taille des manom\u00e8tres: 50 mm.  <\/li>\n<li>D\u00e9bit de travail jusqu\u2019\u00e0 30 lpm.<\/li>\n<li>Fabriqu\u00e9 dans le cadre des r\u00e8gles Internationales ISO2503. <\/li>\n<li>Vis de connexion \u00e0 la bouteille 21,7 x 1\/14\u201d.<\/li>\n<\/ul>\n<p>Boulon, t\u00e9tine et deux protecteurs pour manom\u00e8tre.<\/p>\n<hr \/>\n","protected":false,"raw":"<hr \/>\r\n\r\nD\u00e9tendeur pour M\u00e9lange ou Argon avec manom\u00e8tres. \r\n<hr \/>\r\n<ul>\r\n<li>Taille des manom\u00e8tres: 50 mm.  <\/li>\r\n<li>D\u00e9bit de travail jusqu\u2019\u00e0 30 lpm.<\/li>\r\n<li>Fabriqu\u00e9 dans le cadre des r\u00e8gles Internationales ISO2503. <\/li> \r\n<li>Vis de connexion \u00e0 la bouteille 21,7 x 1\/14\u201d.<\/li>\r\n<\/ul>\r\n\r\nBoulon, t\u00e9tine et deux protecteurs pour manom\u00e8tre.\r\n\r\n<hr \/>"},"featured_media":24876,"template":"","meta":{"inline_featured_image":false,"_es_post_content":"","_es_post_name":"regulador-para-mezcla-argon","_es_post_excerpt":"<hr \/>\r\n\r\nRegulador para Mezcla o Arg\u00f3n con man\u00f3metros.\r\n<hr \/>\r\n<ul>\r\n<li>Tama\u00f1o de los man\u00f3metros: 50 mm. <\/li>\r\n<li>Caudal de trabajo hasta 30 lpm.<\/li>\r\n<li>Fabricado bajo Norma Internacional ISO2503.<\/li> \r\n<li>Rosca de conexi\u00f3n a botella 21,7 x 1\/14\u201d.<\/li>\r\n<\/ul>\r\n\r\nIncluye tuerca, tetina y dos protectores para man\u00f3metro.\r\n\r\n<hr \/>","_es_post_title":"Regulador para Mezcla\/Arg\u00f3n","_en_post_content":"","_en_post_name":"co2-argon-regulator","_en_post_excerpt":"<hr \/>\r\n\r\nCO2\/Argon regulator with manometers.\r\n<hr \/>\r\n<ul>\r\n<li>Manometers size: 50 mm. <\/li>\r\n<li>Working flow rate up to 30 lpm.<\/li>\r\n<li>Manufactured under International standard ISO2503.<\/li> \r\n<li>Connection Thread to cylinder 21,7 x 1\/14\u201d.<\/li>\r\n<\/ul>\r\n\r\nBrass Hose Nipple and thread and two rubber protector manometer Included.\r\n\r\n<hr \/>","_en_post_title":"CO2\/Argon Regulator","_fr_post_content":"","_fr_post_name":"detendeur-pour-melange-argon","_fr_post_excerpt":"<hr \/>\r\n\r\nD\u00e9tendeur pour M\u00e9lange ou Argon avec manom\u00e8tres. \r\n<hr \/>\r\n<ul>\r\n<li>Taille des manom\u00e8tres: 50 mm.  <\/li>\r\n<li>D\u00e9bit de travail jusqu\u2019\u00e0 30 lpm.<\/li>\r\n<li>Fabriqu\u00e9 dans le cadre des r\u00e8gles Internationales ISO2503. <\/li> \r\n<li>Vis de connexion \u00e0 la bouteille 21,7 x 1\/14\u201d.<\/li>\r\n<\/ul>\r\n\r\nBoulon, t\u00e9tine et deux protecteurs pour manom\u00e8tre.\r\n\r\n<hr \/>","_fr_post_title":"D\u00e9tendeur pour M\u00e9lange-Argon","_pt_post_content":"","_pt_post_name":"regulador-de-misturaargonio","_pt_post_excerpt":"<hr \/>\r\n\r\nMistura ou Arg\u00f4nio com man\u00f4metros.\r\n<hr \/>\r\n<ul>\r\n<li>Tama\u00f1o de los man\u00f3metros: 50 mm. <\/li>\r\n<li>Fluxo de trabalho de 30 lpm.<\/li>\r\n<li>Fabricado sob a norma internacional ISO2503.<\/li>\r\n<li>Rosca de conex\u00e3o do cilindro 21.7 x 1\/14\".<\/li>\r\n<\/ul>\r\n<hr \/>\r\nInclui porca, bico e dois protetores para man\u00f4metro.\r\n\r\n<hr \/>\r\n","_pt_post_title":"Regulador de Mistura\/Arg\u00f4nio","edit_language":"fr"},"product_brand":[],"product_cat":[10,34],"product_tag":[],"class_list":{"0":"post-777","1":"product","2":"type-product","3":"status-publish","4":"has-post-thumbnail","6":"product_cat-s-accesorios-industriales","7":"product_cat-reguladores","8":"product_shipping_class-no-adr-producto","10":"first","11":"instock","12":"taxable","13":"shipping-taxable","14":"purchasable","15":"product-type-simple","16":"czr-hentry"},"yoast_head":"<!-- This site is optimized with the Yoast SEO plugin v27.4 - https:\/\/yoast.com\/product\/yoast-seo-wordpress\/ -->\n<title>Regulador para Mezcla\/Arg\u00f3n - SYC Cylinders Europe<\/title>\n<meta name=\"description\" content=\"Regulador para Mezcla\/Arg\u00f3n con man\u00f3metros. Tama\u00f1o de los man\u00f3metros: 50 mm. Caudal de trabajo hasta 30 lpm. Fabricado bajo Norma Internacional ISO2503.\" \/>\n<meta name=\"robots\" content=\"index, follow, max-snippet:-1, max-image-preview:large, max-video-preview:-1\" \/>\n<link rel=\"canonical\" href=\"https:\/\/www.syc-cylinders.eu\/tienda\/regulador-para-mezcla-argon\/\" \/>\n<meta property=\"og:locale\" content=\"fr_FR\" \/>\n<meta property=\"og:type\" content=\"article\" \/>\n<meta property=\"og:title\" content=\"Regulador para Mezcla\/Arg\u00f3n - SYC Cylinders Europe\" \/>\n<meta property=\"og:description\" content=\"Regulador para Mezcla\/Arg\u00f3n con man\u00f3metros. Tama\u00f1o de los man\u00f3metros: 50 mm. Caudal de trabajo hasta 30 lpm. Fabricado bajo Norma Internacional ISO2503.\" \/>\n<meta property=\"og:url\" content=\"https:\/\/www.syc-cylinders.eu\/tienda\/regulador-para-mezcla-argon\/\" \/>\n<meta property=\"og:site_name\" content=\"SYC Cylinders\" \/>\n<meta property=\"article:publisher\" content=\"https:\/\/es-es.facebook.com\/Syc-Cylinders-Europe-1387368244908487\/\" \/>\n<meta property=\"article:modified_time\" content=\"2025-02-23T23:00:31+00:00\" \/>\n<meta property=\"og:image\" content=\"https:\/\/www.syc-cylinders.eu\/wp-content\/uploads\/2022\/10\/regulador-argon-CO2-regulator.webp\" \/>\n\t<meta property=\"og:image:width\" content=\"576\" \/>\n\t<meta property=\"og:image:height\" content=\"576\" \/>\n\t<meta property=\"og:image:type\" content=\"image\/webp\" \/>\n<meta name=\"twitter:card\" content=\"summary_large_image\" \/>\n<meta name=\"twitter:site\" content=\"@Syc_Cylinders\" \/>\n<meta name=\"twitter:label1\" content=\"Dur\u00e9e de lecture estim\u00e9e\" \/>\n\t<meta name=\"twitter:data1\" content=\"1 minute\" \/>\n<script type=\"application\/ld+json\" class=\"yoast-schema-graph\">{\"@context\":\"https:\\\/\\\/schema.org\",\"@graph\":[{\"@type\":\"WebPage\",\"@id\":\"https:\\\/\\\/www.syc-cylinders.eu\\\/tienda\\\/regulador-para-mezcla-argon\\\/\",\"url\":\"https:\\\/\\\/www.syc-cylinders.eu\\\/tienda\\\/regulador-para-mezcla-argon\\\/\",\"name\":\"Regulador para Mezcla\\\/Arg\u00f3n - SYC Cylinders Europe\",\"isPartOf\":{\"@id\":\"https:\\\/\\\/www.syc-cylinders.eu\\\/#website\"},\"primaryImageOfPage\":{\"@id\":\"https:\\\/\\\/www.syc-cylinders.eu\\\/tienda\\\/regulador-para-mezcla-argon\\\/#primaryimage\"},\"image\":{\"@id\":\"https:\\\/\\\/www.syc-cylinders.eu\\\/tienda\\\/regulador-para-mezcla-argon\\\/#primaryimage\"},\"thumbnailUrl\":\"https:\\\/\\\/www.syc-cylinders.eu\\\/wp-content\\\/uploads\\\/2022\\\/10\\\/regulador-argon-CO2-regulator.webp\",\"datePublished\":\"2016-08-04T10:31:28+00:00\",\"dateModified\":\"2025-02-23T23:00:31+00:00\",\"description\":\"Regulador para Mezcla\\\/Arg\u00f3n con man\u00f3metros. Tama\u00f1o de los man\u00f3metros: 50 mm. Caudal de trabajo hasta 30 lpm. Fabricado bajo Norma Internacional ISO2503.\",\"breadcrumb\":{\"@id\":\"https:\\\/\\\/www.syc-cylinders.eu\\\/tienda\\\/regulador-para-mezcla-argon\\\/#breadcrumb\"},\"inLanguage\":\"fr-FR\",\"potentialAction\":[{\"@type\":\"ReadAction\",\"target\":[\"https:\\\/\\\/www.syc-cylinders.eu\\\/tienda\\\/regulador-para-mezcla-argon\\\/\"]}]},{\"@type\":\"ImageObject\",\"inLanguage\":\"fr-FR\",\"@id\":\"https:\\\/\\\/www.syc-cylinders.eu\\\/tienda\\\/regulador-para-mezcla-argon\\\/#primaryimage\",\"url\":\"https:\\\/\\\/www.syc-cylinders.eu\\\/wp-content\\\/uploads\\\/2022\\\/10\\\/regulador-argon-CO2-regulator.webp\",\"contentUrl\":\"https:\\\/\\\/www.syc-cylinders.eu\\\/wp-content\\\/uploads\\\/2022\\\/10\\\/regulador-argon-CO2-regulator.webp\",\"width\":576,\"height\":576,\"caption\":\"D\u00e9tendeur avec manom\u00e8tres pour Argon et CO2\"},{\"@type\":\"BreadcrumbList\",\"@id\":\"https:\\\/\\\/www.syc-cylinders.eu\\\/tienda\\\/regulador-para-mezcla-argon\\\/#breadcrumb\",\"itemListElement\":[{\"@type\":\"ListItem\",\"position\":1,\"name\":\"Home\",\"item\":\"https:\\\/\\\/www.syc-cylinders.eu\\\/en\\\/\"},{\"@type\":\"ListItem\",\"position\":2,\"name\":\"Tienda\",\"item\":\"https:\\\/\\\/www.syc-cylinders.eu\\\/tienda\\\/\"},{\"@type\":\"ListItem\",\"position\":3,\"name\":\"Regulador para Mezcla\\\/Arg\u00f3n\"}]},{\"@type\":\"WebSite\",\"@id\":\"https:\\\/\\\/www.syc-cylinders.eu\\\/#website\",\"url\":\"https:\\\/\\\/www.syc-cylinders.eu\\\/\",\"name\":\"SYC Cylinders\",\"description\":\"SYC Cylinders fabricante de botellas gas a presi\u00f3n y venta de accesorios de soldadura\",\"publisher\":{\"@id\":\"https:\\\/\\\/www.syc-cylinders.eu\\\/#organization\"},\"potentialAction\":[{\"@type\":\"SearchAction\",\"target\":{\"@type\":\"EntryPoint\",\"urlTemplate\":\"https:\\\/\\\/www.syc-cylinders.eu\\\/?s={search_term_string}\"},\"query-input\":{\"@type\":\"PropertyValueSpecification\",\"valueRequired\":true,\"valueName\":\"search_term_string\"}}],\"inLanguage\":\"fr-FR\"},{\"@type\":\"Organization\",\"@id\":\"https:\\\/\\\/www.syc-cylinders.eu\\\/#organization\",\"name\":\"SYC Cylinders\",\"url\":\"https:\\\/\\\/www.syc-cylinders.eu\\\/\",\"logo\":{\"@type\":\"ImageObject\",\"inLanguage\":\"fr-FR\",\"@id\":\"https:\\\/\\\/www.syc-cylinders.eu\\\/#\\\/schema\\\/logo\\\/image\\\/\",\"url\":\"https:\\\/\\\/www.syc-cylinders.eu\\\/wp-content\\\/uploads\\\/2016\\\/07\\\/logo-syc.jpg\",\"contentUrl\":\"https:\\\/\\\/www.syc-cylinders.eu\\\/wp-content\\\/uploads\\\/2016\\\/07\\\/logo-syc.jpg\",\"width\":182,\"height\":45,\"caption\":\"SYC Cylinders\"},\"image\":{\"@id\":\"https:\\\/\\\/www.syc-cylinders.eu\\\/#\\\/schema\\\/logo\\\/image\\\/\"},\"sameAs\":[\"https:\\\/\\\/es-es.facebook.com\\\/Syc-Cylinders-Europe-1387368244908487\\\/\",\"https:\\\/\\\/x.com\\\/Syc_Cylinders\",\"https:\\\/\\\/www.linkedin.com\\\/company\\\/syc-cylinders\",\"https:\\\/\\\/www.youtube.com\\\/channel\\\/UCVmZ-OD_WC6Q9durvs11IrA\"]}]}<\/script>\n<!-- \/ Yoast SEO plugin. -->","yoast_head_json":{"title":"Regulador para Mezcla\/Arg\u00f3n - SYC Cylinders Europe","description":"Regulador para Mezcla\/Arg\u00f3n con man\u00f3metros. Tama\u00f1o de los man\u00f3metros: 50 mm. Caudal de trabajo hasta 30 lpm. Fabricado bajo Norma Internacional ISO2503.","robots":{"index":"index","follow":"follow","max-snippet":"max-snippet:-1","max-image-preview":"max-image-preview:large","max-video-preview":"max-video-preview:-1"},"canonical":"https:\/\/www.syc-cylinders.eu\/tienda\/regulador-para-mezcla-argon\/","og_locale":"fr_FR","og_type":"article","og_title":"Regulador para Mezcla\/Arg\u00f3n - SYC Cylinders Europe","og_description":"Regulador para Mezcla\/Arg\u00f3n con man\u00f3metros. Tama\u00f1o de los man\u00f3metros: 50 mm. Caudal de trabajo hasta 30 lpm. Fabricado bajo Norma Internacional ISO2503.","og_url":"https:\/\/www.syc-cylinders.eu\/tienda\/regulador-para-mezcla-argon\/","og_site_name":"SYC Cylinders","article_publisher":"https:\/\/es-es.facebook.com\/Syc-Cylinders-Europe-1387368244908487\/","article_modified_time":"2025-02-23T23:00:31+00:00","og_image":[{"width":576,"height":576,"url":"https:\/\/www.syc-cylinders.eu\/wp-content\/uploads\/2022\/10\/regulador-argon-CO2-regulator.webp","type":"image\/webp"}],"twitter_card":"summary_large_image","twitter_site":"@Syc_Cylinders","twitter_misc":{"Dur\u00e9e de lecture estim\u00e9e":"1 minute"},"schema":{"@context":"https:\/\/schema.org","@graph":[{"@type":"WebPage","@id":"https:\/\/www.syc-cylinders.eu\/tienda\/regulador-para-mezcla-argon\/","url":"https:\/\/www.syc-cylinders.eu\/tienda\/regulador-para-mezcla-argon\/","name":"Regulador para Mezcla\/Arg\u00f3n - SYC Cylinders Europe","isPartOf":{"@id":"https:\/\/www.syc-cylinders.eu\/#website"},"primaryImageOfPage":{"@id":"https:\/\/www.syc-cylinders.eu\/tienda\/regulador-para-mezcla-argon\/#primaryimage"},"image":{"@id":"https:\/\/www.syc-cylinders.eu\/tienda\/regulador-para-mezcla-argon\/#primaryimage"},"thumbnailUrl":"https:\/\/www.syc-cylinders.eu\/wp-content\/uploads\/2022\/10\/regulador-argon-CO2-regulator.webp","datePublished":"2016-08-04T10:31:28+00:00","dateModified":"2025-02-23T23:00:31+00:00","description":"Regulador para Mezcla\/Arg\u00f3n con man\u00f3metros. Tama\u00f1o de los man\u00f3metros: 50 mm. Caudal de trabajo hasta 30 lpm. Fabricado bajo Norma Internacional ISO2503.","breadcrumb":{"@id":"https:\/\/www.syc-cylinders.eu\/tienda\/regulador-para-mezcla-argon\/#breadcrumb"},"inLanguage":"fr-FR","potentialAction":[{"@type":"ReadAction","target":["https:\/\/www.syc-cylinders.eu\/tienda\/regulador-para-mezcla-argon\/"]}]},{"@type":"ImageObject","inLanguage":"fr-FR","@id":"https:\/\/www.syc-cylinders.eu\/tienda\/regulador-para-mezcla-argon\/#primaryimage","url":"https:\/\/www.syc-cylinders.eu\/wp-content\/uploads\/2022\/10\/regulador-argon-CO2-regulator.webp","contentUrl":"https:\/\/www.syc-cylinders.eu\/wp-content\/uploads\/2022\/10\/regulador-argon-CO2-regulator.webp","width":576,"height":576,"caption":"D\u00e9tendeur avec manom\u00e8tres pour Argon et CO2"},{"@type":"BreadcrumbList","@id":"https:\/\/www.syc-cylinders.eu\/tienda\/regulador-para-mezcla-argon\/#breadcrumb","itemListElement":[{"@type":"ListItem","position":1,"name":"Home","item":"https:\/\/www.syc-cylinders.eu\/en\/"},{"@type":"ListItem","position":2,"name":"Tienda","item":"https:\/\/www.syc-cylinders.eu\/tienda\/"},{"@type":"ListItem","position":3,"name":"Regulador para Mezcla\/Arg\u00f3n"}]},{"@type":"WebSite","@id":"https:\/\/www.syc-cylinders.eu\/#website","url":"https:\/\/www.syc-cylinders.eu\/","name":"SYC Cylinders","description":"SYC Cylinders fabricante de botellas gas a presi\u00f3n y venta de accesorios de soldadura","publisher":{"@id":"https:\/\/www.syc-cylinders.eu\/#organization"},"potentialAction":[{"@type":"SearchAction","target":{"@type":"EntryPoint","urlTemplate":"https:\/\/www.syc-cylinders.eu\/?s={search_term_string}"},"query-input":{"@type":"PropertyValueSpecification","valueRequired":true,"valueName":"search_term_string"}}],"inLanguage":"fr-FR"},{"@type":"Organization","@id":"https:\/\/www.syc-cylinders.eu\/#organization","name":"SYC Cylinders","url":"https:\/\/www.syc-cylinders.eu\/","logo":{"@type":"ImageObject","inLanguage":"fr-FR","@id":"https:\/\/www.syc-cylinders.eu\/#\/schema\/logo\/image\/","url":"https:\/\/www.syc-cylinders.eu\/wp-content\/uploads\/2016\/07\/logo-syc.jpg","contentUrl":"https:\/\/www.syc-cylinders.eu\/wp-content\/uploads\/2016\/07\/logo-syc.jpg","width":182,"height":45,"caption":"SYC Cylinders"},"image":{"@id":"https:\/\/www.syc-cylinders.eu\/#\/schema\/logo\/image\/"},"sameAs":["https:\/\/es-es.facebook.com\/Syc-Cylinders-Europe-1387368244908487\/","https:\/\/x.com\/Syc_Cylinders","https:\/\/www.linkedin.com\/company\/syc-cylinders","https:\/\/www.youtube.com\/channel\/UCVmZ-OD_WC6Q9durvs11IrA"]}]}},"_links":{"self":[{"href":"https:\/\/www.syc-cylinders.eu\/fr\/wp-json\/wp\/v2\/product\/777","targetHints":{"allow":["GET"]}}],"collection":[{"href":"https:\/\/www.syc-cylinders.eu\/fr\/wp-json\/wp\/v2\/product"}],"about":[{"href":"https:\/\/www.syc-cylinders.eu\/fr\/wp-json\/wp\/v2\/types\/product"}],"wp:featuredmedia":[{"embeddable":true,"href":"https:\/\/www.syc-cylinders.eu\/fr\/wp-json\/wp\/v2\/media\/24876"}],"wp:attachment":[{"href":"https:\/\/www.syc-cylinders.eu\/fr\/wp-json\/wp\/v2\/media?parent=777"}],"wp:term":[{"taxonomy":"product_brand","embeddable":true,"href":"https:\/\/www.syc-cylinders.eu\/fr\/wp-json\/wp\/v2\/product_brand?post=777"},{"taxonomy":"product_cat","embeddable":true,"href":"https:\/\/www.syc-cylinders.eu\/fr\/wp-json\/wp\/v2\/product_cat?post=777"},{"taxonomy":"product_tag","embeddable":true,"href":"https:\/\/www.syc-cylinders.eu\/fr\/wp-json\/wp\/v2\/product_tag?post=777"}],"curies":[{"name":"wp","href":"https:\/\/api.w.org\/{rel}","templated":true}]}}