{"id":723,"date":"2016-08-03T13:33:08","date_gmt":"2016-08-03T11:33:08","guid":{"rendered":"https:\/\/www.syc-cylinders.eu\/?post_type=product&#038;p=723"},"modified":"2025-04-11T11:51:22","modified_gmt":"2025-04-11T09:51:22","slug":"bouteille-butane-pleine-28-kg-907-camping-gaz","status":"publish","type":"product","link":"https:\/\/www.syc-cylinders.eu\/fr\/boutique\/bouteille-butane-pleine-28-kg-907-camping-gaz\/","title":{"rendered":"Bouteille Butane Pleine 2,8 kg 907 (camping gaz)","raw":"Bouteille Butane Pleine 2,8 kg 907 (camping gaz)"},"content":{"rendered":"","protected":false,"raw":""},"excerpt":{"rendered":"<hr \/>\n<p>Bouteille de butane charg\u00e9e de 2,8kg (bouteille pour camping gaz, bouteille butane bleue)<\/p>\n<p>Caract\u00e9ristiques:<\/p>\n<ul>\n<li>Charge maximale de butane: 3kg<\/li>\n<li>Poids vide avec valvule: 3,6kg<\/li>\n<li>M\u00e9lange de butane: A\/A01\/A02\/A0\/A1<\/li>\n<li>Pression de service: 3bar<\/li>\n<li>Bouteille rechargeable.<\/li>\n<li>Nous avons un service d\u2019approvisionnement de gaz dans notre boutique \u00e0 Cornell\u00e0 de Llobregat.<br \/>\nLes bouteilles vides peuvent \u00eatre \u00e9chang\u00e9es contre des bouteilles pleines &#8211; pour seulement le prix de la recharge. <a href=\"\/contacto\" target=\"_blank\">Contactez-nous<\/a> pour plus d&rsquo;informations.<\/li>\n<\/ul>\n<ul>\n<li>Dimensions<\/li>\n<ul>\n<li style=\"list-style-type: circle;\">Hauteur maximale avec valvule: 244mm<\/li>\n<li style=\"list-style-type: circle;\">Diam\u00e8tre ext\u00e9rieur: 202mm<\/li>\n<\/ul>\n<\/ul>\n<hr \/>\n<hr \/>\n","protected":false,"raw":"<hr \/>\r\n\r\nBouteille de butane charg\u00e9e de 2,8kg (bouteille pour camping gaz, bouteille butane bleue)\r\n\r\nCaract\u00e9ristiques:\r\n<ul>\r\n \t<li>Charge maximale de butane: 3kg<\/li>\r\n \t<li>Poids vide avec valvule: 3,6kg<\/li>\r\n \t<li>M\u00e9lange de butane: A\/A01\/A02\/A0\/A1<\/li>\r\n \t<li>Pression de service: 3bar<\/li>\r\n \t<li>Bouteille rechargeable.<\/li>\r\n \t<li>Nous avons un service d\u2019approvisionnement de gaz dans notre boutique \u00e0 Cornell\u00e0 de Llobregat.\r\nLes bouteilles vides peuvent \u00eatre \u00e9chang\u00e9es contre des bouteilles pleines - pour seulement le prix de la recharge. <a href=\"\/contacto\" target=\"_blank\">Contactez-nous<\/a> pour plus d'informations.<\/li>\r\n<\/ul>\r\n<ul>\r\n \t<li>Dimensions<\/li>\r\n        <ul>\r\n \t  <li style=\"list-style-type: circle;\">Hauteur maximale avec valvule: 244mm<\/li>\r\n \t  <li style=\"list-style-type: circle;\">Diam\u00e8tre ext\u00e9rieur: 202mm<\/li>\r\n        <\/ul>\r\n<\/ul>\r\n\r\n<hr \/>\r\n\r\n\r\n<hr \/>"},"featured_media":724,"template":"","meta":{"inline_featured_image":false,"_es_post_content":"","_es_post_name":"botella-butano-cargada-28kg-907-camping-gas","_es_post_excerpt":"<hr \/>\r\n\r\nBotella de butano cargada de 2,8kg (botella de camping gaz, botella butano azul)\r\n\r\nCaracter\u00edsticas:\r\n<ul>\r\n \t<li>Carga ma\u0301xima de butano: 3kg<\/li>\r\n \t<li>Peso vaci\u0301o con va\u0301lvula: 3,6kg<\/li>\r\n \t<li>Mezclas de butano: A\/A01\/A02\/A0\/A1<\/li>\r\n \t<li>Presio\u0301n de servicio: 3 bar<\/li>\r\n \t<li>Botella recargable.<\/li>\r\n \t<li>Disponemos de servicio de recarga de gas en nuestra tienda de Cornell\u00e0 de Llobregat.\r\nLas botellas vac\u00edas se pueden intercambiar por botellas llenas - por s\u00f3lo el precio de la recarga. <a href=\"\/contacto\" target=\"_blank\" rel=\"noopener noreferrer\">Cont\u00e1ctenos<\/a> para m\u00e1s informaci\u00f3n.<\/li>\r\n<\/ul>\r\n<ul>\r\n \t<li>Dimensiones\r\n<ul>\r\n \t<li style=\"list-style-type: circle;\">Altura ma\u0301xima con va\u0301lvula: 244mm<\/li>\r\n \t<li style=\"list-style-type: circle;\">Dia\u0301metro exterior: 202mm<\/li>\r\n<\/ul>\r\n<\/li>\r\n<\/ul>\r\n\r\n<hr \/>\r\n\r\n\r\n\r\n<hr \/>","_es_post_title":"Botella Butano Cargada 2,8kg 907 (camping gas)","_en_post_content":"","_en_post_name":"butane-gas-bottle-28-kg-907-camping-gas","_en_post_excerpt":"<hr \/>\r\n\r\n2,8kg Butane Cylinder full (camping gaz cylinder, Blue cylinder butane) \r\n\r\nFeatures:\r\n<ul>\r\n \t<li>Butane maximum weight: 3kg<\/li>\r\n \t<li>Empty weight with valve: 3,6kg<\/li>\r\n \t<li>Types of gas: A\/A01\/A02\/A0\/A1<\/li>\r\n \t<li>Working pressure: 3bar<\/li>\r\n \t<li>Refillable cylinder.<\/li>\r\n \t<li>We have recharge service in our shop in Cornell\u00e0 de Llobregat (Barcelona - Spain).<\/li>\r\n\r\n<p>If you have your cylinder, you can bring it or send it to our warehouse, where we will change it for a full cylinder with similar features. For further information, please <a href=\"\/contact\" target=\"_blank\">contact us<\/a>.<\/li><\/p>\r\n<\/ul>\r\n<ul>\r\n \t<li>Dimensions<\/li>\r\n        <ul>\r\n \t  <li style=\"list-style-type: circle;\">Maximum height with valve: 244mm<\/li>\r\n \t  <li style=\"list-style-type: circle;\">Outer diameter: 202mm<\/li>\r\n        <\/ul>\r\n<\/ul>\r\n\r\n<hr \/>","_en_post_title":"Butane gas bottle 2,8 kg 907 (camping gas)","_fr_post_content":"","_fr_post_name":"bouteille-butane-pleine-28-kg-907-camping-gaz","_fr_post_excerpt":"<hr \/>\r\n\r\nBouteille de butane charg\u00e9e de 2,8kg (bouteille pour camping gaz, bouteille butane bleue)\r\n\r\nCaract\u00e9ristiques:\r\n<ul>\r\n \t<li>Charge maximale de butane: 3kg<\/li>\r\n \t<li>Poids vide avec valvule: 3,6kg<\/li>\r\n \t<li>M\u00e9lange de butane: A\/A01\/A02\/A0\/A1<\/li>\r\n \t<li>Pression de service: 3bar<\/li>\r\n \t<li>Bouteille rechargeable.<\/li>\r\n \t<li>Nous avons un service d\u2019approvisionnement de gaz dans notre boutique \u00e0 Cornell\u00e0 de Llobregat.\r\nLes bouteilles vides peuvent \u00eatre \u00e9chang\u00e9es contre des bouteilles pleines - pour seulement le prix de la recharge. <a href=\"\/contacto\" target=\"_blank\">Contactez-nous<\/a> pour plus d'informations.<\/li>\r\n<\/ul>\r\n<ul>\r\n \t<li>Dimensions<\/li>\r\n        <ul>\r\n \t  <li style=\"list-style-type: circle;\">Hauteur maximale avec valvule: 244mm<\/li>\r\n \t  <li style=\"list-style-type: circle;\">Diam\u00e8tre ext\u00e9rieur: 202mm<\/li>\r\n        <\/ul>\r\n<\/ul>\r\n\r\n<hr \/>\r\n\r\n\r\n<hr \/>","_fr_post_title":"Bouteille Butane Pleine 2,8 kg 907 (camping gaz)","_pt_post_content":"","_pt_post_name":"cilindro-butano-carregado-28-kg-901-gas-campismo","_pt_post_excerpt":"<hr \/>\r\n\r\nCilindro de butano carregado 2,8kg (cilindro de g\u00e1s para camping, cilindro de butano azul)\r\n\r\nCaracter\u00edsticas:\r\n<ul>\r\n \t<li>Carga ma\u0301xima de butano: 3 kg<\/li>\r\n \t<li>Peso com v\u00e1lvula vazia: 3,6 kg<\/li>\r\n \t<li>Misturas de butano: A\/A01\/A02\/A0\/A1<\/li>\r\n \t<li>Press\u00e3o de trabalho: 3 bar<\/li>\r\n \t<li>Cilindro recarreg\u00e1vel.<\/li>\r\n \t<li>Temos servi\u00e7o de reabastecimento de g\u00e1s em nossa loja em Cornell\u00e0 de Llobregat.\r\nOs cilindros vazios podem ser trocados por cilindros cheios - apenas pelo pre\u00e7o de recarga. <a href=\"\/contacto\" target=\"_blank\" rel=\"noopener\">Contacte-nos<\/a> para obter mais informa\u00e7\u00f5es.<\/li>\r\n<\/ul>\r\n<ul>\r\n \t<li>Dimens\u00f5es\r\n<ul>\r\n \t<li style=\"list-style-type: circle;\">Altura m\u00e1xima da v\u00e1lvula: 244 mm<\/li>\r\n \t<li style=\"list-style-type: circle;\">Di\u00e2metro externo: 202 mm<\/li>\r\n<\/ul>\r\n<\/li>\r\n<\/ul>\r\n\r\n<hr \/>","_pt_post_title":"Cilindro de butano carregado 2,8 kg 901 (g\u00e1s de campismo)","edit_language":"fr"},"product_brand":[],"product_cat":[238,97,95],"product_tag":[],"class_list":{"0":"post-723","1":"product","2":"type-product","3":"status-publish","4":"has-post-thumbnail","6":"product_cat-acetileno-butano-cargada","7":"product_cat-cargadas-es","8":"product_cat-botellas-industriales-es","9":"product_shipping_class-adr-producto","11":"first","12":"instock","13":"taxable","14":"shipping-taxable","15":"purchasable","16":"product-type-simple","17":"czr-hentry"},"yoast_head":"<!-- This site is optimized with the Yoast SEO plugin v27.4 - https:\/\/yoast.com\/product\/yoast-seo-wordpress\/ -->\n<title>Botella Butano Cargada 2,8kg 907 (camping gas) - SYC Cylinders<\/title>\n<meta name=\"description\" content=\"Botella Butano Cargada 2,8kg. Carga ma\u0301xima de butano: 3kg y peso vaci\u0301o con va\u0301lvula: 3,6kg. Botella recargable. Botella butano azul, camping gaz.\" \/>\n<meta name=\"robots\" content=\"index, follow, max-snippet:-1, max-image-preview:large, max-video-preview:-1\" \/>\n<link rel=\"canonical\" href=\"https:\/\/www.syc-cylinders.eu\/tienda\/botella-butano-cargada-28kg-907-camping-gas\/\" \/>\n<meta property=\"og:locale\" content=\"fr_FR\" \/>\n<meta property=\"og:type\" content=\"article\" \/>\n<meta property=\"og:title\" content=\"Botella Butano Cargada 2,8kg 907 (camping gas) - SYC Cylinders\" \/>\n<meta property=\"og:description\" content=\"Botella Butano Cargada 2,8kg. Carga ma\u0301xima de butano: 3kg y peso vaci\u0301o con va\u0301lvula: 3,6kg. Botella recargable. Botella butano azul, camping gaz.\" \/>\n<meta property=\"og:url\" content=\"https:\/\/www.syc-cylinders.eu\/tienda\/botella-butano-cargada-28kg-907-camping-gas\/\" \/>\n<meta property=\"og:site_name\" content=\"SYC Cylinders\" \/>\n<meta property=\"article:publisher\" content=\"https:\/\/es-es.facebook.com\/Syc-Cylinders-Europe-1387368244908487\/\" \/>\n<meta property=\"article:modified_time\" content=\"2025-04-11T09:51:22+00:00\" \/>\n<meta property=\"og:image\" content=\"https:\/\/www.syc-cylinders.eu\/wp-content\/uploads\/2016\/08\/botella-butano-3kg-butane-cylinder-blue-botella-azul-camping.webp\" \/>\n\t<meta property=\"og:image:width\" content=\"576\" \/>\n\t<meta property=\"og:image:height\" content=\"576\" \/>\n\t<meta property=\"og:image:type\" content=\"image\/webp\" \/>\n<meta name=\"twitter:card\" content=\"summary_large_image\" \/>\n<meta name=\"twitter:site\" content=\"@Syc_Cylinders\" \/>\n<meta name=\"twitter:label1\" content=\"Dur\u00e9e de lecture estim\u00e9e\" \/>\n\t<meta name=\"twitter:data1\" content=\"1 minute\" \/>\n<script type=\"application\/ld+json\" class=\"yoast-schema-graph\">{\"@context\":\"https:\\\/\\\/schema.org\",\"@graph\":[{\"@type\":\"WebPage\",\"@id\":\"https:\\\/\\\/www.syc-cylinders.eu\\\/tienda\\\/botella-butano-cargada-28kg-907-camping-gas\\\/\",\"url\":\"https:\\\/\\\/www.syc-cylinders.eu\\\/tienda\\\/botella-butano-cargada-28kg-907-camping-gas\\\/\",\"name\":\"Botella Butano Cargada 2,8kg 907 (camping gas) - SYC Cylinders\",\"isPartOf\":{\"@id\":\"https:\\\/\\\/www.syc-cylinders.eu\\\/#website\"},\"primaryImageOfPage\":{\"@id\":\"https:\\\/\\\/www.syc-cylinders.eu\\\/tienda\\\/botella-butano-cargada-28kg-907-camping-gas\\\/#primaryimage\"},\"image\":{\"@id\":\"https:\\\/\\\/www.syc-cylinders.eu\\\/tienda\\\/botella-butano-cargada-28kg-907-camping-gas\\\/#primaryimage\"},\"thumbnailUrl\":\"https:\\\/\\\/www.syc-cylinders.eu\\\/wp-content\\\/uploads\\\/2016\\\/08\\\/botella-butano-3kg-butane-cylinder-blue-botella-azul-camping.webp\",\"datePublished\":\"2016-08-03T11:33:08+00:00\",\"dateModified\":\"2025-04-11T09:51:22+00:00\",\"description\":\"Botella Butano Cargada 2,8kg. Carga ma\u0301xima de butano: 3kg y peso vaci\u0301o con va\u0301lvula: 3,6kg. Botella recargable. Botella butano azul, camping gaz.\",\"breadcrumb\":{\"@id\":\"https:\\\/\\\/www.syc-cylinders.eu\\\/tienda\\\/botella-butano-cargada-28kg-907-camping-gas\\\/#breadcrumb\"},\"inLanguage\":\"fr-FR\",\"potentialAction\":[{\"@type\":\"ReadAction\",\"target\":[\"https:\\\/\\\/www.syc-cylinders.eu\\\/tienda\\\/botella-butano-cargada-28kg-907-camping-gas\\\/\"]}]},{\"@type\":\"ImageObject\",\"inLanguage\":\"fr-FR\",\"@id\":\"https:\\\/\\\/www.syc-cylinders.eu\\\/tienda\\\/botella-butano-cargada-28kg-907-camping-gas\\\/#primaryimage\",\"url\":\"https:\\\/\\\/www.syc-cylinders.eu\\\/wp-content\\\/uploads\\\/2016\\\/08\\\/botella-butano-3kg-butane-cylinder-blue-botella-azul-camping.webp\",\"contentUrl\":\"https:\\\/\\\/www.syc-cylinders.eu\\\/wp-content\\\/uploads\\\/2016\\\/08\\\/botella-butano-3kg-butane-cylinder-blue-botella-azul-camping.webp\",\"width\":576,\"height\":576,\"caption\":\"botella butano 3kg camping gas azul 907 1\"},{\"@type\":\"BreadcrumbList\",\"@id\":\"https:\\\/\\\/www.syc-cylinders.eu\\\/tienda\\\/botella-butano-cargada-28kg-907-camping-gas\\\/#breadcrumb\",\"itemListElement\":[{\"@type\":\"ListItem\",\"position\":1,\"name\":\"Home\",\"item\":\"https:\\\/\\\/www.syc-cylinders.eu\\\/en\\\/\"},{\"@type\":\"ListItem\",\"position\":2,\"name\":\"Tienda\",\"item\":\"https:\\\/\\\/www.syc-cylinders.eu\\\/tienda\\\/\"},{\"@type\":\"ListItem\",\"position\":3,\"name\":\"Botella Butano Cargada 2,8kg 907 (camping gas)\"}]},{\"@type\":\"WebSite\",\"@id\":\"https:\\\/\\\/www.syc-cylinders.eu\\\/#website\",\"url\":\"https:\\\/\\\/www.syc-cylinders.eu\\\/\",\"name\":\"SYC Cylinders\",\"description\":\"SYC Cylinders fabricante de botellas gas a presi\u00f3n y venta de accesorios de soldadura\",\"publisher\":{\"@id\":\"https:\\\/\\\/www.syc-cylinders.eu\\\/#organization\"},\"potentialAction\":[{\"@type\":\"SearchAction\",\"target\":{\"@type\":\"EntryPoint\",\"urlTemplate\":\"https:\\\/\\\/www.syc-cylinders.eu\\\/?s={search_term_string}\"},\"query-input\":{\"@type\":\"PropertyValueSpecification\",\"valueRequired\":true,\"valueName\":\"search_term_string\"}}],\"inLanguage\":\"fr-FR\"},{\"@type\":\"Organization\",\"@id\":\"https:\\\/\\\/www.syc-cylinders.eu\\\/#organization\",\"name\":\"SYC Cylinders\",\"url\":\"https:\\\/\\\/www.syc-cylinders.eu\\\/\",\"logo\":{\"@type\":\"ImageObject\",\"inLanguage\":\"fr-FR\",\"@id\":\"https:\\\/\\\/www.syc-cylinders.eu\\\/#\\\/schema\\\/logo\\\/image\\\/\",\"url\":\"https:\\\/\\\/www.syc-cylinders.eu\\\/wp-content\\\/uploads\\\/2016\\\/07\\\/logo-syc.jpg\",\"contentUrl\":\"https:\\\/\\\/www.syc-cylinders.eu\\\/wp-content\\\/uploads\\\/2016\\\/07\\\/logo-syc.jpg\",\"width\":182,\"height\":45,\"caption\":\"SYC Cylinders\"},\"image\":{\"@id\":\"https:\\\/\\\/www.syc-cylinders.eu\\\/#\\\/schema\\\/logo\\\/image\\\/\"},\"sameAs\":[\"https:\\\/\\\/es-es.facebook.com\\\/Syc-Cylinders-Europe-1387368244908487\\\/\",\"https:\\\/\\\/x.com\\\/Syc_Cylinders\",\"https:\\\/\\\/www.linkedin.com\\\/company\\\/syc-cylinders\",\"https:\\\/\\\/www.youtube.com\\\/channel\\\/UCVmZ-OD_WC6Q9durvs11IrA\"]}]}<\/script>\n<!-- \/ Yoast SEO plugin. -->","yoast_head_json":{"title":"Botella Butano Cargada 2,8kg 907 (camping gas) - SYC Cylinders","description":"Botella Butano Cargada 2,8kg. Carga ma\u0301xima de butano: 3kg y peso vaci\u0301o con va\u0301lvula: 3,6kg. Botella recargable. Botella butano azul, camping gaz.","robots":{"index":"index","follow":"follow","max-snippet":"max-snippet:-1","max-image-preview":"max-image-preview:large","max-video-preview":"max-video-preview:-1"},"canonical":"https:\/\/www.syc-cylinders.eu\/tienda\/botella-butano-cargada-28kg-907-camping-gas\/","og_locale":"fr_FR","og_type":"article","og_title":"Botella Butano Cargada 2,8kg 907 (camping gas) - SYC Cylinders","og_description":"Botella Butano Cargada 2,8kg. Carga ma\u0301xima de butano: 3kg y peso vaci\u0301o con va\u0301lvula: 3,6kg. Botella recargable. Botella butano azul, camping gaz.","og_url":"https:\/\/www.syc-cylinders.eu\/tienda\/botella-butano-cargada-28kg-907-camping-gas\/","og_site_name":"SYC Cylinders","article_publisher":"https:\/\/es-es.facebook.com\/Syc-Cylinders-Europe-1387368244908487\/","article_modified_time":"2025-04-11T09:51:22+00:00","og_image":[{"width":576,"height":576,"url":"https:\/\/www.syc-cylinders.eu\/wp-content\/uploads\/2016\/08\/botella-butano-3kg-butane-cylinder-blue-botella-azul-camping.webp","type":"image\/webp"}],"twitter_card":"summary_large_image","twitter_site":"@Syc_Cylinders","twitter_misc":{"Dur\u00e9e de lecture estim\u00e9e":"1 minute"},"schema":{"@context":"https:\/\/schema.org","@graph":[{"@type":"WebPage","@id":"https:\/\/www.syc-cylinders.eu\/tienda\/botella-butano-cargada-28kg-907-camping-gas\/","url":"https:\/\/www.syc-cylinders.eu\/tienda\/botella-butano-cargada-28kg-907-camping-gas\/","name":"Botella Butano Cargada 2,8kg 907 (camping gas) - SYC Cylinders","isPartOf":{"@id":"https:\/\/www.syc-cylinders.eu\/#website"},"primaryImageOfPage":{"@id":"https:\/\/www.syc-cylinders.eu\/tienda\/botella-butano-cargada-28kg-907-camping-gas\/#primaryimage"},"image":{"@id":"https:\/\/www.syc-cylinders.eu\/tienda\/botella-butano-cargada-28kg-907-camping-gas\/#primaryimage"},"thumbnailUrl":"https:\/\/www.syc-cylinders.eu\/wp-content\/uploads\/2016\/08\/botella-butano-3kg-butane-cylinder-blue-botella-azul-camping.webp","datePublished":"2016-08-03T11:33:08+00:00","dateModified":"2025-04-11T09:51:22+00:00","description":"Botella Butano Cargada 2,8kg. Carga ma\u0301xima de butano: 3kg y peso vaci\u0301o con va\u0301lvula: 3,6kg. Botella recargable. Botella butano azul, camping gaz.","breadcrumb":{"@id":"https:\/\/www.syc-cylinders.eu\/tienda\/botella-butano-cargada-28kg-907-camping-gas\/#breadcrumb"},"inLanguage":"fr-FR","potentialAction":[{"@type":"ReadAction","target":["https:\/\/www.syc-cylinders.eu\/tienda\/botella-butano-cargada-28kg-907-camping-gas\/"]}]},{"@type":"ImageObject","inLanguage":"fr-FR","@id":"https:\/\/www.syc-cylinders.eu\/tienda\/botella-butano-cargada-28kg-907-camping-gas\/#primaryimage","url":"https:\/\/www.syc-cylinders.eu\/wp-content\/uploads\/2016\/08\/botella-butano-3kg-butane-cylinder-blue-botella-azul-camping.webp","contentUrl":"https:\/\/www.syc-cylinders.eu\/wp-content\/uploads\/2016\/08\/botella-butano-3kg-butane-cylinder-blue-botella-azul-camping.webp","width":576,"height":576,"caption":"botella butano 3kg camping gas azul 907 1"},{"@type":"BreadcrumbList","@id":"https:\/\/www.syc-cylinders.eu\/tienda\/botella-butano-cargada-28kg-907-camping-gas\/#breadcrumb","itemListElement":[{"@type":"ListItem","position":1,"name":"Home","item":"https:\/\/www.syc-cylinders.eu\/en\/"},{"@type":"ListItem","position":2,"name":"Tienda","item":"https:\/\/www.syc-cylinders.eu\/tienda\/"},{"@type":"ListItem","position":3,"name":"Botella Butano Cargada 2,8kg 907 (camping gas)"}]},{"@type":"WebSite","@id":"https:\/\/www.syc-cylinders.eu\/#website","url":"https:\/\/www.syc-cylinders.eu\/","name":"SYC Cylinders","description":"SYC Cylinders fabricante de botellas gas a presi\u00f3n y venta de accesorios de soldadura","publisher":{"@id":"https:\/\/www.syc-cylinders.eu\/#organization"},"potentialAction":[{"@type":"SearchAction","target":{"@type":"EntryPoint","urlTemplate":"https:\/\/www.syc-cylinders.eu\/?s={search_term_string}"},"query-input":{"@type":"PropertyValueSpecification","valueRequired":true,"valueName":"search_term_string"}}],"inLanguage":"fr-FR"},{"@type":"Organization","@id":"https:\/\/www.syc-cylinders.eu\/#organization","name":"SYC Cylinders","url":"https:\/\/www.syc-cylinders.eu\/","logo":{"@type":"ImageObject","inLanguage":"fr-FR","@id":"https:\/\/www.syc-cylinders.eu\/#\/schema\/logo\/image\/","url":"https:\/\/www.syc-cylinders.eu\/wp-content\/uploads\/2016\/07\/logo-syc.jpg","contentUrl":"https:\/\/www.syc-cylinders.eu\/wp-content\/uploads\/2016\/07\/logo-syc.jpg","width":182,"height":45,"caption":"SYC Cylinders"},"image":{"@id":"https:\/\/www.syc-cylinders.eu\/#\/schema\/logo\/image\/"},"sameAs":["https:\/\/es-es.facebook.com\/Syc-Cylinders-Europe-1387368244908487\/","https:\/\/x.com\/Syc_Cylinders","https:\/\/www.linkedin.com\/company\/syc-cylinders","https:\/\/www.youtube.com\/channel\/UCVmZ-OD_WC6Q9durvs11IrA"]}]}},"_links":{"self":[{"href":"https:\/\/www.syc-cylinders.eu\/fr\/wp-json\/wp\/v2\/product\/723","targetHints":{"allow":["GET"]}}],"collection":[{"href":"https:\/\/www.syc-cylinders.eu\/fr\/wp-json\/wp\/v2\/product"}],"about":[{"href":"https:\/\/www.syc-cylinders.eu\/fr\/wp-json\/wp\/v2\/types\/product"}],"wp:featuredmedia":[{"embeddable":true,"href":"https:\/\/www.syc-cylinders.eu\/fr\/wp-json\/wp\/v2\/media\/724"}],"wp:attachment":[{"href":"https:\/\/www.syc-cylinders.eu\/fr\/wp-json\/wp\/v2\/media?parent=723"}],"wp:term":[{"taxonomy":"product_brand","embeddable":true,"href":"https:\/\/www.syc-cylinders.eu\/fr\/wp-json\/wp\/v2\/product_brand?post=723"},{"taxonomy":"product_cat","embeddable":true,"href":"https:\/\/www.syc-cylinders.eu\/fr\/wp-json\/wp\/v2\/product_cat?post=723"},{"taxonomy":"product_tag","embeddable":true,"href":"https:\/\/www.syc-cylinders.eu\/fr\/wp-json\/wp\/v2\/product_tag?post=723"}],"curies":[{"name":"wp","href":"https:\/\/api.w.org\/{rel}","templated":true}]}}