{"id":3935,"date":"2018-06-04T15:36:43","date_gmt":"2018-06-04T13:36:43","guid":{"rendered":"http:\/\/www.syc-cylinders.eu\/tienda\/\/"},"modified":"2026-05-06T09:47:26","modified_gmt":"2026-05-06T07:47:26","slug":"chariot-mini-jetable","status":"publish","type":"product","link":"https:\/\/www.syc-cylinders.eu\/fr\/boutique\/chariot-mini-jetable\/","title":{"rendered":"Chariot MINI Jetable","raw":"Chariot MINI Jetable"},"content":{"rendered":"","protected":false,"raw":""},"excerpt":{"rendered":"<hr \/>\n<p>Chariot MINISYC Jetable sans roues.<\/p>\n<p>Caract\u00e9ristiques:<\/p>\n<ul>\n<li> Diam\u00e8tre maximal de la bouteille (c\u00f4t\u00e9 droit): 200 mm.<\/li>\n<li> Diam\u00e8tre maximal de la bouteille (c\u00f4t\u00e9 gauche): 122 mm.<\/li>\n<li> Hauteur et Base du chariot (longueur x largeur x hauteur): 25,8 x 14 x 60,5 cm.<\/li>\n<\/ul>\n<hr \/>\n","protected":false,"raw":"<hr \/>\r\n\r\n<p>Chariot MINISYC Jetable sans roues.<\/p>\r\n<p>Caract\u00e9ristiques:<\/p>\r\n\r\n<ul>\r\n<li> Diam\u00e8tre maximal de la bouteille (c\u00f4t\u00e9 droit): 200 mm.<\/li>\r\n<li> Diam\u00e8tre maximal de la bouteille (c\u00f4t\u00e9 gauche): 122 mm.<\/li>\r\n<li> Hauteur et Base du chariot (longueur x largeur x hauteur): 25,8 x 14 x 60,5 cm.<\/li>\r\n<\/ul>\r\n\r\n<hr \/>\r\n"},"featured_media":24898,"template":"","meta":{"inline_featured_image":false,"_es_post_content":"","_es_post_name":"carro-mini-syc-desechable","_es_post_excerpt":"<hr \/>\r\n\r\n<p>Carro MINISYC Desechable sin ruedas.<\/p>\r\n<p>Caracter\u00edsticas:<\/p>\r\n\r\n<ul>\r\n<li> Di\u00e1metro m\u00e1ximo de la botella (lado derecho): 200 mm<\/li>\r\n<li> Di\u00e1metro m\u00e1ximo de la botella (lado izquierdo): 122 mm<\/li>\r\n<li> Altura y Base del carro (largo x ancho x alto): 25,8 x 14 x 60,5 cm<\/li>\r\n<\/ul>\r\n\r\n<hr \/>\r\n","_es_post_title":"Carro Mini Syc Desechable","_en_post_content":"","_en_post_name":"disposable-mini-cylinder-trolley","_en_post_excerpt":"<hr \/>\r\n\r\n<p>Disposable MINISYC Cylinder Trolley without wheels.<\/p>\r\n<p>Features:<\/p>\r\n\r\n<ul>\r\n<li>Cylinder maximum dimension (right side): 200 mm.<\/li>\r\n<li>Cylinder maximum dimension (left side): 122 mm.<\/li>\r\n<li>Height and Trolley base shape (length x width x height): 25,8 x 14 x 60,5 cm.<\/li>\r\n<\/ul>\r\n\r\n<hr \/>","_en_post_title":"Disposable MINI Cylinder Trolley","_fr_post_content":"","_fr_post_name":"chariot-mini-jetable","_fr_post_excerpt":"<hr \/>\r\n\r\n<p>Chariot MINISYC Jetable sans roues.<\/p>\r\n<p>Caract\u00e9ristiques:<\/p>\r\n\r\n<ul>\r\n<li> Diam\u00e8tre maximal de la bouteille (c\u00f4t\u00e9 droit): 200 mm.<\/li>\r\n<li> Diam\u00e8tre maximal de la bouteille (c\u00f4t\u00e9 gauche): 122 mm.<\/li>\r\n<li> Hauteur et Base du chariot (longueur x largeur x hauteur): 25,8 x 14 x 60,5 cm.<\/li>\r\n<\/ul>\r\n\r\n<hr \/>\r\n","_fr_post_title":"Chariot MINI Jetable","_pt_post_content":"","_pt_post_name":"carro-de-transporte-de-cilindro-mini-descartavel","_pt_post_excerpt":"<hr \/>\r\n\r\n<p>Carro MINISYC porta cilindros descart\u00e1vel sem rodas.<\/p>\r\n\r\n<p>Caracter\u00edsticas:<\/p>\r\n<ul>\r\n<li>Di\u00e2metro m\u00e1ximo do cilindro (lado direito): 200 mm.<\/li>\r\n<li>Di\u00e2metro m\u00e1ximo do cilindro (lado esquerdo): 122 mm.<\/li>\r\n<li>Altura e Base do carro (comprimento x largura x altura): 25,8 x 14 x 60,5 cm.<\/li>\r\n<\/ul>\r\n\r\n<hr \/>\r\n","_pt_post_title":"Carro de Transporte de Cilindro MINI Descart\u00e1vel","edit_language":"fr"},"product_brand":[],"product_cat":[10,11,37],"product_tag":[],"class_list":{"0":"post-3935","1":"product","2":"type-product","3":"status-publish","4":"has-post-thumbnail","6":"product_cat-s-accesorios-industriales","7":"product_cat-accesorios-soldadura","8":"product_cat-carros","9":"product_shipping_class-no-adr-producto","11":"first","12":"instock","13":"taxable","14":"shipping-taxable","15":"purchasable","16":"product-type-simple","17":"czr-hentry"},"yoast_head":"<!-- This site is optimized with the Yoast SEO plugin v27.4 - https:\/\/yoast.com\/product\/yoast-seo-wordpress\/ -->\n<title>Carro Mini Syc Desechable<\/title>\n<meta name=\"robots\" content=\"index, follow, max-snippet:-1, max-image-preview:large, max-video-preview:-1\" \/>\n<link rel=\"canonical\" href=\"https:\/\/www.syc-cylinders.eu\/tienda\/carro-mini-syc-desechable\/\" \/>\n<meta property=\"og:locale\" content=\"fr_FR\" \/>\n<meta property=\"og:type\" content=\"article\" \/>\n<meta property=\"og:title\" content=\"Carro Mini Syc Desechable\" \/>\n<meta property=\"og:description\" content=\"Carro MINISYC Desechable sin ruedas. Caracter\u00edsticas:    Di\u00e1metro m\u00e1ximo de la botella (lado derecho): 200 mm  Di\u00e1metro m\u00e1ximo de la botella (lado izquierdo): 122 mm  Altura y Base del carro (largo x ancho x alto): 25,8 x 14 x 60,5 cm\" \/>\n<meta property=\"og:url\" content=\"https:\/\/www.syc-cylinders.eu\/tienda\/carro-mini-syc-desechable\/\" \/>\n<meta property=\"og:site_name\" content=\"SYC Cylinders\" \/>\n<meta property=\"article:publisher\" content=\"https:\/\/es-es.facebook.com\/Syc-Cylinders-Europe-1387368244908487\/\" \/>\n<meta property=\"article:modified_time\" content=\"2026-05-06T07:47:26+00:00\" \/>\n<meta property=\"og:image\" content=\"https:\/\/www.syc-cylinders.eu\/wp-content\/uploads\/2018\/06\/carro-mini-D-small-trolley-industrial-SYC-Cylinders.webp\" \/>\n\t<meta property=\"og:image:width\" content=\"576\" \/>\n\t<meta property=\"og:image:height\" content=\"576\" \/>\n\t<meta property=\"og:image:type\" content=\"image\/webp\" \/>\n<meta name=\"twitter:card\" content=\"summary_large_image\" \/>\n<meta name=\"twitter:site\" content=\"@Syc_Cylinders\" \/>\n<meta name=\"twitter:label1\" content=\"Dur\u00e9e de lecture estim\u00e9e\" \/>\n\t<meta name=\"twitter:data1\" content=\"1 minute\" \/>\n<script type=\"application\/ld+json\" class=\"yoast-schema-graph\">{\"@context\":\"https:\\\/\\\/schema.org\",\"@graph\":[{\"@type\":\"WebPage\",\"@id\":\"https:\\\/\\\/www.syc-cylinders.eu\\\/tienda\\\/carro-mini-syc-desechable\\\/\",\"url\":\"https:\\\/\\\/www.syc-cylinders.eu\\\/tienda\\\/carro-mini-syc-desechable\\\/\",\"name\":\"Carro Mini Syc Desechable\",\"isPartOf\":{\"@id\":\"https:\\\/\\\/www.syc-cylinders.eu\\\/#website\"},\"primaryImageOfPage\":{\"@id\":\"https:\\\/\\\/www.syc-cylinders.eu\\\/tienda\\\/carro-mini-syc-desechable\\\/#primaryimage\"},\"image\":{\"@id\":\"https:\\\/\\\/www.syc-cylinders.eu\\\/tienda\\\/carro-mini-syc-desechable\\\/#primaryimage\"},\"thumbnailUrl\":\"https:\\\/\\\/www.syc-cylinders.eu\\\/wp-content\\\/uploads\\\/2018\\\/06\\\/carro-mini-D-small-trolley-industrial-SYC-Cylinders.webp\",\"datePublished\":\"2018-06-04T13:36:43+00:00\",\"dateModified\":\"2026-05-06T07:47:26+00:00\",\"breadcrumb\":{\"@id\":\"https:\\\/\\\/www.syc-cylinders.eu\\\/tienda\\\/carro-mini-syc-desechable\\\/#breadcrumb\"},\"inLanguage\":\"fr-FR\",\"potentialAction\":[{\"@type\":\"ReadAction\",\"target\":[\"https:\\\/\\\/www.syc-cylinders.eu\\\/tienda\\\/carro-mini-syc-desechable\\\/\"]}]},{\"@type\":\"ImageObject\",\"inLanguage\":\"fr-FR\",\"@id\":\"https:\\\/\\\/www.syc-cylinders.eu\\\/tienda\\\/carro-mini-syc-desechable\\\/#primaryimage\",\"url\":\"https:\\\/\\\/www.syc-cylinders.eu\\\/wp-content\\\/uploads\\\/2018\\\/06\\\/carro-mini-D-small-trolley-industrial-SYC-Cylinders.webp\",\"contentUrl\":\"https:\\\/\\\/www.syc-cylinders.eu\\\/wp-content\\\/uploads\\\/2018\\\/06\\\/carro-mini-D-small-trolley-industrial-SYC-Cylinders.webp\",\"width\":576,\"height\":576,\"caption\":\"Petit chariot Bouteilles industrielles D\"},{\"@type\":\"BreadcrumbList\",\"@id\":\"https:\\\/\\\/www.syc-cylinders.eu\\\/tienda\\\/carro-mini-syc-desechable\\\/#breadcrumb\",\"itemListElement\":[{\"@type\":\"ListItem\",\"position\":1,\"name\":\"Home\",\"item\":\"https:\\\/\\\/www.syc-cylinders.eu\\\/en\\\/\"},{\"@type\":\"ListItem\",\"position\":2,\"name\":\"Tienda\",\"item\":\"https:\\\/\\\/www.syc-cylinders.eu\\\/tienda\\\/\"},{\"@type\":\"ListItem\",\"position\":3,\"name\":\"Carro Mini Syc Desechable\"}]},{\"@type\":\"WebSite\",\"@id\":\"https:\\\/\\\/www.syc-cylinders.eu\\\/#website\",\"url\":\"https:\\\/\\\/www.syc-cylinders.eu\\\/\",\"name\":\"SYC Cylinders\",\"description\":\"SYC Cylinders fabricante de botellas gas a presi\u00f3n y venta de accesorios de soldadura\",\"publisher\":{\"@id\":\"https:\\\/\\\/www.syc-cylinders.eu\\\/#organization\"},\"potentialAction\":[{\"@type\":\"SearchAction\",\"target\":{\"@type\":\"EntryPoint\",\"urlTemplate\":\"https:\\\/\\\/www.syc-cylinders.eu\\\/?s={search_term_string}\"},\"query-input\":{\"@type\":\"PropertyValueSpecification\",\"valueRequired\":true,\"valueName\":\"search_term_string\"}}],\"inLanguage\":\"fr-FR\"},{\"@type\":\"Organization\",\"@id\":\"https:\\\/\\\/www.syc-cylinders.eu\\\/#organization\",\"name\":\"SYC Cylinders\",\"url\":\"https:\\\/\\\/www.syc-cylinders.eu\\\/\",\"logo\":{\"@type\":\"ImageObject\",\"inLanguage\":\"fr-FR\",\"@id\":\"https:\\\/\\\/www.syc-cylinders.eu\\\/#\\\/schema\\\/logo\\\/image\\\/\",\"url\":\"https:\\\/\\\/www.syc-cylinders.eu\\\/wp-content\\\/uploads\\\/2016\\\/07\\\/logo-syc.jpg\",\"contentUrl\":\"https:\\\/\\\/www.syc-cylinders.eu\\\/wp-content\\\/uploads\\\/2016\\\/07\\\/logo-syc.jpg\",\"width\":182,\"height\":45,\"caption\":\"SYC Cylinders\"},\"image\":{\"@id\":\"https:\\\/\\\/www.syc-cylinders.eu\\\/#\\\/schema\\\/logo\\\/image\\\/\"},\"sameAs\":[\"https:\\\/\\\/es-es.facebook.com\\\/Syc-Cylinders-Europe-1387368244908487\\\/\",\"https:\\\/\\\/x.com\\\/Syc_Cylinders\",\"https:\\\/\\\/www.linkedin.com\\\/company\\\/syc-cylinders\",\"https:\\\/\\\/www.youtube.com\\\/channel\\\/UCVmZ-OD_WC6Q9durvs11IrA\"]}]}<\/script>\n<!-- \/ Yoast SEO plugin. -->","yoast_head_json":{"title":"Carro Mini Syc Desechable","robots":{"index":"index","follow":"follow","max-snippet":"max-snippet:-1","max-image-preview":"max-image-preview:large","max-video-preview":"max-video-preview:-1"},"canonical":"https:\/\/www.syc-cylinders.eu\/tienda\/carro-mini-syc-desechable\/","og_locale":"fr_FR","og_type":"article","og_title":"Carro Mini Syc Desechable","og_description":"Carro MINISYC Desechable sin ruedas. Caracter\u00edsticas:    Di\u00e1metro m\u00e1ximo de la botella (lado derecho): 200 mm  Di\u00e1metro m\u00e1ximo de la botella (lado izquierdo): 122 mm  Altura y Base del carro (largo x ancho x alto): 25,8 x 14 x 60,5 cm","og_url":"https:\/\/www.syc-cylinders.eu\/tienda\/carro-mini-syc-desechable\/","og_site_name":"SYC Cylinders","article_publisher":"https:\/\/es-es.facebook.com\/Syc-Cylinders-Europe-1387368244908487\/","article_modified_time":"2026-05-06T07:47:26+00:00","og_image":[{"width":576,"height":576,"url":"https:\/\/www.syc-cylinders.eu\/wp-content\/uploads\/2018\/06\/carro-mini-D-small-trolley-industrial-SYC-Cylinders.webp","type":"image\/webp"}],"twitter_card":"summary_large_image","twitter_site":"@Syc_Cylinders","twitter_misc":{"Dur\u00e9e de lecture estim\u00e9e":"1 minute"},"schema":{"@context":"https:\/\/schema.org","@graph":[{"@type":"WebPage","@id":"https:\/\/www.syc-cylinders.eu\/tienda\/carro-mini-syc-desechable\/","url":"https:\/\/www.syc-cylinders.eu\/tienda\/carro-mini-syc-desechable\/","name":"Carro Mini Syc Desechable","isPartOf":{"@id":"https:\/\/www.syc-cylinders.eu\/#website"},"primaryImageOfPage":{"@id":"https:\/\/www.syc-cylinders.eu\/tienda\/carro-mini-syc-desechable\/#primaryimage"},"image":{"@id":"https:\/\/www.syc-cylinders.eu\/tienda\/carro-mini-syc-desechable\/#primaryimage"},"thumbnailUrl":"https:\/\/www.syc-cylinders.eu\/wp-content\/uploads\/2018\/06\/carro-mini-D-small-trolley-industrial-SYC-Cylinders.webp","datePublished":"2018-06-04T13:36:43+00:00","dateModified":"2026-05-06T07:47:26+00:00","breadcrumb":{"@id":"https:\/\/www.syc-cylinders.eu\/tienda\/carro-mini-syc-desechable\/#breadcrumb"},"inLanguage":"fr-FR","potentialAction":[{"@type":"ReadAction","target":["https:\/\/www.syc-cylinders.eu\/tienda\/carro-mini-syc-desechable\/"]}]},{"@type":"ImageObject","inLanguage":"fr-FR","@id":"https:\/\/www.syc-cylinders.eu\/tienda\/carro-mini-syc-desechable\/#primaryimage","url":"https:\/\/www.syc-cylinders.eu\/wp-content\/uploads\/2018\/06\/carro-mini-D-small-trolley-industrial-SYC-Cylinders.webp","contentUrl":"https:\/\/www.syc-cylinders.eu\/wp-content\/uploads\/2018\/06\/carro-mini-D-small-trolley-industrial-SYC-Cylinders.webp","width":576,"height":576,"caption":"Petit chariot Bouteilles industrielles D"},{"@type":"BreadcrumbList","@id":"https:\/\/www.syc-cylinders.eu\/tienda\/carro-mini-syc-desechable\/#breadcrumb","itemListElement":[{"@type":"ListItem","position":1,"name":"Home","item":"https:\/\/www.syc-cylinders.eu\/en\/"},{"@type":"ListItem","position":2,"name":"Tienda","item":"https:\/\/www.syc-cylinders.eu\/tienda\/"},{"@type":"ListItem","position":3,"name":"Carro Mini Syc Desechable"}]},{"@type":"WebSite","@id":"https:\/\/www.syc-cylinders.eu\/#website","url":"https:\/\/www.syc-cylinders.eu\/","name":"SYC Cylinders","description":"SYC Cylinders fabricante de botellas gas a presi\u00f3n y venta de accesorios de soldadura","publisher":{"@id":"https:\/\/www.syc-cylinders.eu\/#organization"},"potentialAction":[{"@type":"SearchAction","target":{"@type":"EntryPoint","urlTemplate":"https:\/\/www.syc-cylinders.eu\/?s={search_term_string}"},"query-input":{"@type":"PropertyValueSpecification","valueRequired":true,"valueName":"search_term_string"}}],"inLanguage":"fr-FR"},{"@type":"Organization","@id":"https:\/\/www.syc-cylinders.eu\/#organization","name":"SYC Cylinders","url":"https:\/\/www.syc-cylinders.eu\/","logo":{"@type":"ImageObject","inLanguage":"fr-FR","@id":"https:\/\/www.syc-cylinders.eu\/#\/schema\/logo\/image\/","url":"https:\/\/www.syc-cylinders.eu\/wp-content\/uploads\/2016\/07\/logo-syc.jpg","contentUrl":"https:\/\/www.syc-cylinders.eu\/wp-content\/uploads\/2016\/07\/logo-syc.jpg","width":182,"height":45,"caption":"SYC Cylinders"},"image":{"@id":"https:\/\/www.syc-cylinders.eu\/#\/schema\/logo\/image\/"},"sameAs":["https:\/\/es-es.facebook.com\/Syc-Cylinders-Europe-1387368244908487\/","https:\/\/x.com\/Syc_Cylinders","https:\/\/www.linkedin.com\/company\/syc-cylinders","https:\/\/www.youtube.com\/channel\/UCVmZ-OD_WC6Q9durvs11IrA"]}]}},"_links":{"self":[{"href":"https:\/\/www.syc-cylinders.eu\/fr\/wp-json\/wp\/v2\/product\/3935","targetHints":{"allow":["GET"]}}],"collection":[{"href":"https:\/\/www.syc-cylinders.eu\/fr\/wp-json\/wp\/v2\/product"}],"about":[{"href":"https:\/\/www.syc-cylinders.eu\/fr\/wp-json\/wp\/v2\/types\/product"}],"wp:featuredmedia":[{"embeddable":true,"href":"https:\/\/www.syc-cylinders.eu\/fr\/wp-json\/wp\/v2\/media\/24898"}],"wp:attachment":[{"href":"https:\/\/www.syc-cylinders.eu\/fr\/wp-json\/wp\/v2\/media?parent=3935"}],"wp:term":[{"taxonomy":"product_brand","embeddable":true,"href":"https:\/\/www.syc-cylinders.eu\/fr\/wp-json\/wp\/v2\/product_brand?post=3935"},{"taxonomy":"product_cat","embeddable":true,"href":"https:\/\/www.syc-cylinders.eu\/fr\/wp-json\/wp\/v2\/product_cat?post=3935"},{"taxonomy":"product_tag","embeddable":true,"href":"https:\/\/www.syc-cylinders.eu\/fr\/wp-json\/wp\/v2\/product_tag?post=3935"}],"curies":[{"name":"wp","href":"https:\/\/api.w.org\/{rel}","templated":true}]}}