{"id":102,"date":"2016-07-07T14:01:18","date_gmt":"2016-07-07T12:01:18","guid":{"rendered":"https:\/\/www.syc-cylinders.eu\/?post_type=product&#038;p=102"},"modified":"2026-04-24T12:56:12","modified_gmt":"2026-04-24T10:56:12","slug":"poste-souder-butasyc-poste-soudure-oxi-butane","status":"publish","type":"product","link":"https:\/\/www.syc-cylinders.eu\/fr\/boutique\/poste-souder-butasyc-poste-soudure-oxi-butane\/","title":{"rendered":"Poste \u00e0 souder BUTASYC (Poste de soudure Oxi-butane)","raw":"Poste \u00e0 souder BUTASYC (Poste de soudure Oxi-butane)"},"content":{"rendered":"<div class=\"row-fluid\">\n<div class=\"span6\">\n<h3><b>Vid\u00e9o de l\u2019\u00e9quipement oxy-butane<\/b><\/h3>\n<p><span style=\"font-size: 14px;\">Explication des mat\u00e9riaux qui sont compos\u00e9s et fonctionnement de la mise en marche de l&rsquo;\u00e9quipement.<\/span><\/p>\n<p><span style=\"font-size: 14px;\">T\u00e9l\u00e9charger le manuel d&rsquo;instructions dans le lien suivant:<\/span> <a class=\"btn\" href=\"\/descargas\" target=\"_blank\">T\u00e9l\u00e9charger le manuel<\/a><\/p>\n<\/div>\n<div class=\"span6\">\n<div class=\"media_iframe_video\" style=\"animation-play-state: paused; transition: none;\" data-src=\"\/\/www.youtube.com\/embed\/mtLBwW4vf1g?autoplay=0\">\n<div class=\"css_editable_mode_display\"><\/div>\n<p><iframe loading=\"lazy\" src=\"\/\/www.youtube.com\/embed\/mtLBwW4vf1g?autoplay=0\" width=\"600\" height=\"380\" frameborder=\"0\" allowfullscreen=\"allowfullscreen\"><\/iframe><\/p>\n<\/div>\n<\/div>\n<\/div>\n","protected":false,"raw":"<div class=\"row-fluid\">\r\n<div class=\"span6\">\r\n<h3><b>Vid\u00e9o de l\u2019\u00e9quipement oxy-butane<\/b><\/h3>\r\n<span style=\"font-size: 14px;\">Explication des mat\u00e9riaux qui sont compos\u00e9s et fonctionnement de la mise en marche de l'\u00e9quipement.<\/span>\r\n\r\n<span style=\"font-size: 14px;\">T\u00e9l\u00e9charger le manuel d'instructions dans le lien suivant:<\/span> <a class=\"btn\" href=\"\/descargas\" target=\"_blank\">T\u00e9l\u00e9charger le manuel<\/a>\r\n\r\n<\/div>\r\n<div class=\"span6\">\r\n<div class=\"media_iframe_video\" style=\"animation-play-state: paused; transition: none;\" data-src=\"\/\/www.youtube.com\/embed\/mtLBwW4vf1g?autoplay=0\">\r\n<div class=\"css_editable_mode_display\"><\/div>\r\n<iframe src=\"\/\/www.youtube.com\/embed\/mtLBwW4vf1g?autoplay=0\" width=\"600\" height=\"380\" frameborder=\"0\" allowfullscreen=\"allowfullscreen\"><\/iframe>\r\n\r\n<\/div>\r\n<\/div>\r\n<\/div>"},"excerpt":{"rendered":"<hr \/>\n<p>Poste de soudure et de coupage oxi-butane.<\/p>\n<p>Comprend:<\/p>\n<ul>\n<li>Bouteille charg\u00e9e avec 5 litres d\u2019oxyg\u00e8ne.<\/li>\n<li>Bouteille charg\u00e9e avec 2,7 kgs de butane.<\/li>\n<li>Chariot porte-bouteilles avec roues.<\/li>\n<li>Robinet pour Butane.<\/li>\n<li>D\u00e9tendeur d\u2019oxyg\u00e8ne.<\/li>\n<li>Tuyau bitube 3 mts.<\/li>\n<li>Chalumeau pour soudure.<\/li>\n<li>Buses de soudure O2\/BUT n\u00ba. 3N.<\/li>\n<\/ul>\n<p>(L\u2019accessoire de coupage n\u2019est pas inclu)<\/p>\n<p>La couleur des bouteilles peut varier.<\/p>\n<hr \/>\n","protected":false,"raw":"<hr \/>\r\n\r\nPoste de soudure et de coupage oxi-butane.\r\n\r\nComprend:\r\n<ul>\r\n \t<li>Bouteille charg\u00e9e avec 5 litres d\u2019oxyg\u00e8ne.<\/li>\r\n \t<li>Bouteille charg\u00e9e avec 2,7 kgs de butane.<\/li>\r\n \t<li>Chariot porte-bouteilles avec roues.<\/li>\r\n \t<li>Robinet pour Butane.<\/li>\r\n \t<li>D\u00e9tendeur d\u2019oxyg\u00e8ne.<\/li>\r\n \t<li>Tuyau bitube 3 mts.<\/li>\r\n \t<li>Chalumeau pour soudure.<\/li>\r\n \t<li>Buses de soudure O2\/BUT n\u00ba. 3N.<\/li>\r\n<\/ul>\r\n(L\u2019accessoire de coupage n\u2019est pas inclu)\r\n\r\nLa couleur des bouteilles peut varier.\r\n\r\n<hr \/>"},"featured_media":104,"template":"","meta":{"inline_featured_image":false,"_es_post_content":"<div class=\"row-fluid\">\r\n<div class=\"span6\">\r\n<h3><b>V\u00eddeo del Equipo de soldadura Oxibutano<\/b><\/h3>\r\n<span style=\"font-size: 14px\">Explicaci\u00f3n de los materiales que est\u00e1 compuesto y funcionamiento o puesta en marcha del equipo.<\/span>\r\n\r\n<span style=\"font-size: 14px\">Puede descargar el manual de instrucciones en el siguiente enlace:<\/span> <a class=\"btn\" href=\"\/descargas\" target=\"_blank\" rel=\"noopener\">Descarga Manual<\/a>\r\n\r\n<\/div>\r\n<div class=\"span6\">\r\n<div class=\"media_iframe_video\" data-src=\"\/\/www.youtube.com\/embed\/mtLBwW4vf1g?autoplay=0\">\r\n<div class=\"css_editable_mode_display\"><\/div>\r\n\r\n\r\n<\/div>\r\n<\/div>\r\n<\/div>","_es_post_name":"equipo-butasyc-equipo-de-soldadura-oxibutano","_es_post_excerpt":"<hr \/>\r\n\r\nEquipo para soldadura y corte oxi-butano.\r\n\r\nIncluye:\r\n<ul>\r\n \t<li>Botella cargada de 5 litros de ox\u00edgeno.<\/li>\r\n \t<li>Botella cargada de 2,7 kgs de butano.<\/li>\r\n \t<li>Carro portabotellas con ruedas.<\/li>\r\n \t<li>Grifo de Butano.<\/li>\r\n \t<li>Regulador de ox\u00edgeno.<\/li>\r\n \t<li>Manguera bitubo 3 mts.<\/li>\r\n \t<li>Soplete de soldadura.<\/li>\r\n \t<li>Boquilla de soldadura O2\/BUT n\u00ba. 3N.<\/li>\r\n<\/ul>\r\n(No incluye accesorio de corte)\r\n\r\nEl color de las botellas puede variar.\r\n\r\n<hr \/>","_es_post_title":"Equipo BUTASYC (Equipo de soldadura Oxibutano)","_en_post_content":"<div class=\"row-fluid\">\r\n<div class=\"span6\">\r\n<h3><b>Oxybutane welding equipment Video<\/b><\/h3>\r\n<span style=\"font-size: 14px;\">How to use it, items and features.<\/span>\r\n\r\n<span style=\"font-size: 14px;\">You can download the manual in the following link:<\/span> <a class=\"btn\" href=\"\/en\/downloads\/\" target=\"_blank\">Download Guide<\/a>\r\n\r\n<\/div>\r\n<div class=\"span6\">\r\n<div class=\"media_iframe_video\" style=\"animation-play-state: paused; transition: none;\" data-src=\"\/\/www.youtube.com\/embed\/mtLBwW4vf1g?autoplay=0\">\r\n<div class=\"css_editable_mode_display\"><\/div>\r\n<iframe src=\"\/\/www.youtube.com\/embed\/mtLBwW4vf1g?autoplay=0\" width=\"600\" height=\"380\" frameborder=\"0\" allowfullscreen=\"allowfullscreen\"><\/iframe>\r\n\r\n<\/div>\r\n<\/div>\r\n<\/div>","_en_post_name":"butasyc-equipment-oxy-butane-welding-equipment","_en_post_excerpt":"<hr \/>\r\n\r\nWelding and cutting equipment for oxygen-butane (oxy-butane).\r\nInclude:\r\n<ul>\r\n \t<li>5L Cylinder for Industrial Oxygen filled.<\/li>\r\n \t<li>2,7 kgs Cylinder butane (camping gas) filled.<\/li>\r\n \t<li>Trolley with wheels.<\/li>\r\n \t<li>Butane Tap.<\/li>\r\n \t<li>Oxygen Regulator.<\/li>\r\n \t<li>Bitube Hose 3 mts.<\/li>\r\n \t<li>Welding Torch.<\/li>\r\n \t<li>Welding Tip \/ Nozzle Oxy-Butane No 3N.<\/li>\r\n<\/ul>\r\n(Cutting accessory not included)\r\n\r\nThe colour of the cylinders may vary.\r\n\r\n<hr \/>","_en_post_title":"BUTASYC Equipment (Oxy-butane welding equipment)","_fr_post_content":"<div class=\"row-fluid\">\r\n<div class=\"span6\">\r\n<h3><b>Vid\u00e9o de l\u2019\u00e9quipement oxy-butane<\/b><\/h3>\r\n<span style=\"font-size: 14px;\">Explication des mat\u00e9riaux qui sont compos\u00e9s et fonctionnement de la mise en marche de l'\u00e9quipement.<\/span>\r\n\r\n<span style=\"font-size: 14px;\">T\u00e9l\u00e9charger le manuel d'instructions dans le lien suivant:<\/span> <a class=\"btn\" href=\"\/descargas\" target=\"_blank\">T\u00e9l\u00e9charger le manuel<\/a>\r\n\r\n<\/div>\r\n<div class=\"span6\">\r\n<div class=\"media_iframe_video\" style=\"animation-play-state: paused; transition: none;\" data-src=\"\/\/www.youtube.com\/embed\/mtLBwW4vf1g?autoplay=0\">\r\n<div class=\"css_editable_mode_display\"><\/div>\r\n<iframe src=\"\/\/www.youtube.com\/embed\/mtLBwW4vf1g?autoplay=0\" width=\"600\" height=\"380\" frameborder=\"0\" allowfullscreen=\"allowfullscreen\"><\/iframe>\r\n\r\n<\/div>\r\n<\/div>\r\n<\/div>","_fr_post_name":"poste-souder-butasyc-poste-soudure-oxi-butane","_fr_post_excerpt":"<hr \/>\r\n\r\nPoste de soudure et de coupage oxi-butane.\r\n\r\nComprend:\r\n<ul>\r\n \t<li>Bouteille charg\u00e9e avec 5 litres d\u2019oxyg\u00e8ne.<\/li>\r\n \t<li>Bouteille charg\u00e9e avec 2,7 kgs de butane.<\/li>\r\n \t<li>Chariot porte-bouteilles avec roues.<\/li>\r\n \t<li>Robinet pour Butane.<\/li>\r\n \t<li>D\u00e9tendeur d\u2019oxyg\u00e8ne.<\/li>\r\n \t<li>Tuyau bitube 3 mts.<\/li>\r\n \t<li>Chalumeau pour soudure.<\/li>\r\n \t<li>Buses de soudure O2\/BUT n\u00ba. 3N.<\/li>\r\n<\/ul>\r\n(L\u2019accessoire de coupage n\u2019est pas inclu)\r\n\r\nLa couleur des bouteilles peut varier.\r\n\r\n<hr \/>","_fr_post_title":"Poste \u00e0 souder BUTASYC (Poste de soudure Oxi-butane)","_pt_post_content":"<div class=\"row-fluid\">\r\n<div class=\"span6\">\r\n<h3><b>V\u00eddeo do equipamento de Oxibutano<\/b><\/h3>\r\n<span style=\"font-size: 14px;\">Explica\u00e7\u00e3o em v\u00eddeo dos acess\u00f3rios que est\u00e3o inclu\u00eddos e o funcionamento ou coloca\u00e7\u00e3o do equipamento.<\/span>\r\n\r\n<span style=\"font-size: 14px;\">Voc\u00ea pode baixar o manual de instru\u00e7\u00f5es no seguinte link:<\/span> <a class=\"btn\" href=\"\/descargas\" target=\"_blank\">Baixar Manual<\/a>\r\n\r\n<\/div>\r\n<div class=\"span6\">\r\n<div class=\"media_iframe_video\" style=\"animation-play-state: paused; transition: none;\" data-src=\"\/\/www.youtube.com\/embed\/mtLBwW4vf1g?autoplay=0\">\r\n<div class=\"css_editable_mode_display\"><\/div>\r\n<iframe src=\"\/\/www.youtube.com\/embed\/mtLBwW4vf1g?autoplay=0\" width=\"600\" height=\"380\" frameborder=\"0\" allowfullscreen=\"allowfullscreen\"><\/iframe>\r\n\r\n<\/div>\r\n<\/div>\r\n<\/div>","_pt_post_name":"equipamento-butasyc-equipamento-soldagem-oxi-butano","_pt_post_excerpt":"<hr \/>\r\n\r\nEquipamento para soldagem e oxi-corte de butano.\r\n\r\nIncluso:\r\n<ul>\r\n \t<li>Cilindro de 5 litros de oxig\u00eanio industrial carregado.<\/li>\r\n \t<li>Cilindro de 2,7 kg de butano carregado.<\/li>\r\n \t<li>Trole portacilindros com rodas.<\/li>\r\n \t<li>Torneira de butano.<\/li>\r\n \t<li>Regulador de oxig\u00eanio.<\/li>\r\n \t<li>Mangueira de tubo duplo 3 mts.<\/li>\r\n \t<li>Tocha de soldagem.<\/li>\r\n \t<li>Bico de solda O2\/BUT n\u00ba. 3N.<\/li>\r\n<\/ul>\r\n(Exclui acess\u00f3rios de corte)\r\n\r\nA cor das cilindros pode variar.\r\n\r\n<hr \/>","_pt_post_title":"Equipamento 'BUTASYC' (equipamento de soldagem de Oxi-butano)","edit_language":"fr"},"product_brand":[],"product_cat":[31,32],"product_tag":[],"class_list":{"0":"post-102","1":"product","2":"type-product","3":"status-publish","4":"has-post-thumbnail","6":"product_cat-equipos-industriales","7":"product_cat-oxigeno-butano","8":"product_shipping_class-palet-equipos","10":"first","11":"instock","12":"featured","13":"taxable","14":"shipping-taxable","15":"purchasable","16":"product-type-simple","17":"czr-hentry"},"yoast_head":"<!-- This site is optimized with the Yoast SEO plugin v27.4 - https:\/\/yoast.com\/product\/yoast-seo-wordpress\/ -->\n<title>Equipo BUTASYC (Equipo de soldadura Oxibutano) - SYC Cylinders<\/title>\n<meta name=\"description\" content=\"Equipo de soldadura Oxibutano y corte oxi-butano. Botella cargada de 5 litros de ox\u00edgeno y botella cargada de 2,7 kgs de butano y sus accesorios.\" \/>\n<meta name=\"robots\" content=\"index, follow, max-snippet:-1, max-image-preview:large, max-video-preview:-1\" \/>\n<link rel=\"canonical\" href=\"https:\/\/www.syc-cylinders.eu\/tienda\/equipo-butasyc-equipo-de-soldadura-oxibutano\/\" \/>\n<meta property=\"og:locale\" content=\"fr_FR\" \/>\n<meta property=\"og:type\" content=\"article\" \/>\n<meta property=\"og:title\" content=\"Equipo BUTASYC (Equipo de soldadura Oxibutano) - SYC Cylinders\" \/>\n<meta property=\"og:description\" content=\"Equipo de soldadura Oxibutano y corte oxi-butano. Botella cargada de 5 litros de ox\u00edgeno y botella cargada de 2,7 kgs de butano y sus accesorios.\" \/>\n<meta property=\"og:url\" content=\"https:\/\/www.syc-cylinders.eu\/tienda\/equipo-butasyc-equipo-de-soldadura-oxibutano\/\" \/>\n<meta property=\"og:site_name\" content=\"SYC Cylinders\" \/>\n<meta property=\"article:publisher\" content=\"https:\/\/es-es.facebook.com\/Syc-Cylinders-Europe-1387368244908487\/\" \/>\n<meta property=\"article:modified_time\" content=\"2026-04-24T10:56:12+00:00\" \/>\n<meta property=\"og:image\" content=\"https:\/\/www.syc-cylinders.eu\/wp-content\/uploads\/2016\/07\/equipo-butano-syc-butasyc-1.webp\" \/>\n\t<meta property=\"og:image:width\" content=\"576\" \/>\n\t<meta property=\"og:image:height\" content=\"576\" \/>\n\t<meta property=\"og:image:type\" content=\"image\/webp\" \/>\n<meta name=\"twitter:card\" content=\"summary_large_image\" \/>\n<meta name=\"twitter:site\" content=\"@Syc_Cylinders\" \/>\n<meta name=\"twitter:label1\" content=\"Dur\u00e9e de lecture estim\u00e9e\" \/>\n\t<meta name=\"twitter:data1\" content=\"1 minute\" \/>\n<script type=\"application\/ld+json\" class=\"yoast-schema-graph\">{\"@context\":\"https:\\\/\\\/schema.org\",\"@graph\":[{\"@type\":\"WebPage\",\"@id\":\"https:\\\/\\\/www.syc-cylinders.eu\\\/tienda\\\/equipo-butasyc-equipo-de-soldadura-oxibutano\\\/\",\"url\":\"https:\\\/\\\/www.syc-cylinders.eu\\\/tienda\\\/equipo-butasyc-equipo-de-soldadura-oxibutano\\\/\",\"name\":\"Equipo BUTASYC (Equipo de soldadura Oxibutano) - SYC Cylinders\",\"isPartOf\":{\"@id\":\"https:\\\/\\\/www.syc-cylinders.eu\\\/#website\"},\"primaryImageOfPage\":{\"@id\":\"https:\\\/\\\/www.syc-cylinders.eu\\\/tienda\\\/equipo-butasyc-equipo-de-soldadura-oxibutano\\\/#primaryimage\"},\"image\":{\"@id\":\"https:\\\/\\\/www.syc-cylinders.eu\\\/tienda\\\/equipo-butasyc-equipo-de-soldadura-oxibutano\\\/#primaryimage\"},\"thumbnailUrl\":\"https:\\\/\\\/www.syc-cylinders.eu\\\/wp-content\\\/uploads\\\/2016\\\/07\\\/equipo-butano-syc-butasyc-1.webp\",\"datePublished\":\"2016-07-07T12:01:18+00:00\",\"dateModified\":\"2026-04-24T10:56:12+00:00\",\"description\":\"Equipo de soldadura Oxibutano y corte oxi-butano. Botella cargada de 5 litros de ox\u00edgeno y botella cargada de 2,7 kgs de butano y sus accesorios.\",\"breadcrumb\":{\"@id\":\"https:\\\/\\\/www.syc-cylinders.eu\\\/tienda\\\/equipo-butasyc-equipo-de-soldadura-oxibutano\\\/#breadcrumb\"},\"inLanguage\":\"fr-FR\",\"potentialAction\":[{\"@type\":\"ReadAction\",\"target\":[\"https:\\\/\\\/www.syc-cylinders.eu\\\/tienda\\\/equipo-butasyc-equipo-de-soldadura-oxibutano\\\/\"]}]},{\"@type\":\"ImageObject\",\"inLanguage\":\"fr-FR\",\"@id\":\"https:\\\/\\\/www.syc-cylinders.eu\\\/tienda\\\/equipo-butasyc-equipo-de-soldadura-oxibutano\\\/#primaryimage\",\"url\":\"https:\\\/\\\/www.syc-cylinders.eu\\\/wp-content\\\/uploads\\\/2016\\\/07\\\/equipo-butano-syc-butasyc-1.webp\",\"contentUrl\":\"https:\\\/\\\/www.syc-cylinders.eu\\\/wp-content\\\/uploads\\\/2016\\\/07\\\/equipo-butano-syc-butasyc-1.webp\",\"width\":576,\"height\":576},{\"@type\":\"BreadcrumbList\",\"@id\":\"https:\\\/\\\/www.syc-cylinders.eu\\\/tienda\\\/equipo-butasyc-equipo-de-soldadura-oxibutano\\\/#breadcrumb\",\"itemListElement\":[{\"@type\":\"ListItem\",\"position\":1,\"name\":\"Home\",\"item\":\"https:\\\/\\\/www.syc-cylinders.eu\\\/en\\\/\"},{\"@type\":\"ListItem\",\"position\":2,\"name\":\"Tienda\",\"item\":\"https:\\\/\\\/www.syc-cylinders.eu\\\/tienda\\\/\"},{\"@type\":\"ListItem\",\"position\":3,\"name\":\"Equipo BUTASYC (Equipo de soldadura Oxibutano)\"}]},{\"@type\":\"WebSite\",\"@id\":\"https:\\\/\\\/www.syc-cylinders.eu\\\/#website\",\"url\":\"https:\\\/\\\/www.syc-cylinders.eu\\\/\",\"name\":\"SYC Cylinders\",\"description\":\"SYC Cylinders fabricante de botellas gas a presi\u00f3n y venta de accesorios de soldadura\",\"publisher\":{\"@id\":\"https:\\\/\\\/www.syc-cylinders.eu\\\/#organization\"},\"potentialAction\":[{\"@type\":\"SearchAction\",\"target\":{\"@type\":\"EntryPoint\",\"urlTemplate\":\"https:\\\/\\\/www.syc-cylinders.eu\\\/?s={search_term_string}\"},\"query-input\":{\"@type\":\"PropertyValueSpecification\",\"valueRequired\":true,\"valueName\":\"search_term_string\"}}],\"inLanguage\":\"fr-FR\"},{\"@type\":\"Organization\",\"@id\":\"https:\\\/\\\/www.syc-cylinders.eu\\\/#organization\",\"name\":\"SYC Cylinders\",\"url\":\"https:\\\/\\\/www.syc-cylinders.eu\\\/\",\"logo\":{\"@type\":\"ImageObject\",\"inLanguage\":\"fr-FR\",\"@id\":\"https:\\\/\\\/www.syc-cylinders.eu\\\/#\\\/schema\\\/logo\\\/image\\\/\",\"url\":\"https:\\\/\\\/www.syc-cylinders.eu\\\/wp-content\\\/uploads\\\/2016\\\/07\\\/logo-syc.jpg\",\"contentUrl\":\"https:\\\/\\\/www.syc-cylinders.eu\\\/wp-content\\\/uploads\\\/2016\\\/07\\\/logo-syc.jpg\",\"width\":182,\"height\":45,\"caption\":\"SYC Cylinders\"},\"image\":{\"@id\":\"https:\\\/\\\/www.syc-cylinders.eu\\\/#\\\/schema\\\/logo\\\/image\\\/\"},\"sameAs\":[\"https:\\\/\\\/es-es.facebook.com\\\/Syc-Cylinders-Europe-1387368244908487\\\/\",\"https:\\\/\\\/x.com\\\/Syc_Cylinders\",\"https:\\\/\\\/www.linkedin.com\\\/company\\\/syc-cylinders\",\"https:\\\/\\\/www.youtube.com\\\/channel\\\/UCVmZ-OD_WC6Q9durvs11IrA\"]}]}<\/script>\n<!-- \/ Yoast SEO plugin. -->","yoast_head_json":{"title":"Equipo BUTASYC (Equipo de soldadura Oxibutano) - SYC Cylinders","description":"Equipo de soldadura Oxibutano y corte oxi-butano. Botella cargada de 5 litros de ox\u00edgeno y botella cargada de 2,7 kgs de butano y sus accesorios.","robots":{"index":"index","follow":"follow","max-snippet":"max-snippet:-1","max-image-preview":"max-image-preview:large","max-video-preview":"max-video-preview:-1"},"canonical":"https:\/\/www.syc-cylinders.eu\/tienda\/equipo-butasyc-equipo-de-soldadura-oxibutano\/","og_locale":"fr_FR","og_type":"article","og_title":"Equipo BUTASYC (Equipo de soldadura Oxibutano) - SYC Cylinders","og_description":"Equipo de soldadura Oxibutano y corte oxi-butano. Botella cargada de 5 litros de ox\u00edgeno y botella cargada de 2,7 kgs de butano y sus accesorios.","og_url":"https:\/\/www.syc-cylinders.eu\/tienda\/equipo-butasyc-equipo-de-soldadura-oxibutano\/","og_site_name":"SYC Cylinders","article_publisher":"https:\/\/es-es.facebook.com\/Syc-Cylinders-Europe-1387368244908487\/","article_modified_time":"2026-04-24T10:56:12+00:00","og_image":[{"width":576,"height":576,"url":"https:\/\/www.syc-cylinders.eu\/wp-content\/uploads\/2016\/07\/equipo-butano-syc-butasyc-1.webp","type":"image\/webp"}],"twitter_card":"summary_large_image","twitter_site":"@Syc_Cylinders","twitter_misc":{"Dur\u00e9e de lecture estim\u00e9e":"1 minute"},"schema":{"@context":"https:\/\/schema.org","@graph":[{"@type":"WebPage","@id":"https:\/\/www.syc-cylinders.eu\/tienda\/equipo-butasyc-equipo-de-soldadura-oxibutano\/","url":"https:\/\/www.syc-cylinders.eu\/tienda\/equipo-butasyc-equipo-de-soldadura-oxibutano\/","name":"Equipo BUTASYC (Equipo de soldadura Oxibutano) - SYC Cylinders","isPartOf":{"@id":"https:\/\/www.syc-cylinders.eu\/#website"},"primaryImageOfPage":{"@id":"https:\/\/www.syc-cylinders.eu\/tienda\/equipo-butasyc-equipo-de-soldadura-oxibutano\/#primaryimage"},"image":{"@id":"https:\/\/www.syc-cylinders.eu\/tienda\/equipo-butasyc-equipo-de-soldadura-oxibutano\/#primaryimage"},"thumbnailUrl":"https:\/\/www.syc-cylinders.eu\/wp-content\/uploads\/2016\/07\/equipo-butano-syc-butasyc-1.webp","datePublished":"2016-07-07T12:01:18+00:00","dateModified":"2026-04-24T10:56:12+00:00","description":"Equipo de soldadura Oxibutano y corte oxi-butano. Botella cargada de 5 litros de ox\u00edgeno y botella cargada de 2,7 kgs de butano y sus accesorios.","breadcrumb":{"@id":"https:\/\/www.syc-cylinders.eu\/tienda\/equipo-butasyc-equipo-de-soldadura-oxibutano\/#breadcrumb"},"inLanguage":"fr-FR","potentialAction":[{"@type":"ReadAction","target":["https:\/\/www.syc-cylinders.eu\/tienda\/equipo-butasyc-equipo-de-soldadura-oxibutano\/"]}]},{"@type":"ImageObject","inLanguage":"fr-FR","@id":"https:\/\/www.syc-cylinders.eu\/tienda\/equipo-butasyc-equipo-de-soldadura-oxibutano\/#primaryimage","url":"https:\/\/www.syc-cylinders.eu\/wp-content\/uploads\/2016\/07\/equipo-butano-syc-butasyc-1.webp","contentUrl":"https:\/\/www.syc-cylinders.eu\/wp-content\/uploads\/2016\/07\/equipo-butano-syc-butasyc-1.webp","width":576,"height":576},{"@type":"BreadcrumbList","@id":"https:\/\/www.syc-cylinders.eu\/tienda\/equipo-butasyc-equipo-de-soldadura-oxibutano\/#breadcrumb","itemListElement":[{"@type":"ListItem","position":1,"name":"Home","item":"https:\/\/www.syc-cylinders.eu\/en\/"},{"@type":"ListItem","position":2,"name":"Tienda","item":"https:\/\/www.syc-cylinders.eu\/tienda\/"},{"@type":"ListItem","position":3,"name":"Equipo BUTASYC (Equipo de soldadura Oxibutano)"}]},{"@type":"WebSite","@id":"https:\/\/www.syc-cylinders.eu\/#website","url":"https:\/\/www.syc-cylinders.eu\/","name":"SYC Cylinders","description":"SYC Cylinders fabricante de botellas gas a presi\u00f3n y venta de accesorios de soldadura","publisher":{"@id":"https:\/\/www.syc-cylinders.eu\/#organization"},"potentialAction":[{"@type":"SearchAction","target":{"@type":"EntryPoint","urlTemplate":"https:\/\/www.syc-cylinders.eu\/?s={search_term_string}"},"query-input":{"@type":"PropertyValueSpecification","valueRequired":true,"valueName":"search_term_string"}}],"inLanguage":"fr-FR"},{"@type":"Organization","@id":"https:\/\/www.syc-cylinders.eu\/#organization","name":"SYC Cylinders","url":"https:\/\/www.syc-cylinders.eu\/","logo":{"@type":"ImageObject","inLanguage":"fr-FR","@id":"https:\/\/www.syc-cylinders.eu\/#\/schema\/logo\/image\/","url":"https:\/\/www.syc-cylinders.eu\/wp-content\/uploads\/2016\/07\/logo-syc.jpg","contentUrl":"https:\/\/www.syc-cylinders.eu\/wp-content\/uploads\/2016\/07\/logo-syc.jpg","width":182,"height":45,"caption":"SYC Cylinders"},"image":{"@id":"https:\/\/www.syc-cylinders.eu\/#\/schema\/logo\/image\/"},"sameAs":["https:\/\/es-es.facebook.com\/Syc-Cylinders-Europe-1387368244908487\/","https:\/\/x.com\/Syc_Cylinders","https:\/\/www.linkedin.com\/company\/syc-cylinders","https:\/\/www.youtube.com\/channel\/UCVmZ-OD_WC6Q9durvs11IrA"]}]}},"_links":{"self":[{"href":"https:\/\/www.syc-cylinders.eu\/fr\/wp-json\/wp\/v2\/product\/102","targetHints":{"allow":["GET"]}}],"collection":[{"href":"https:\/\/www.syc-cylinders.eu\/fr\/wp-json\/wp\/v2\/product"}],"about":[{"href":"https:\/\/www.syc-cylinders.eu\/fr\/wp-json\/wp\/v2\/types\/product"}],"wp:featuredmedia":[{"embeddable":true,"href":"https:\/\/www.syc-cylinders.eu\/fr\/wp-json\/wp\/v2\/media\/104"}],"wp:attachment":[{"href":"https:\/\/www.syc-cylinders.eu\/fr\/wp-json\/wp\/v2\/media?parent=102"}],"wp:term":[{"taxonomy":"product_brand","embeddable":true,"href":"https:\/\/www.syc-cylinders.eu\/fr\/wp-json\/wp\/v2\/product_brand?post=102"},{"taxonomy":"product_cat","embeddable":true,"href":"https:\/\/www.syc-cylinders.eu\/fr\/wp-json\/wp\/v2\/product_cat?post=102"},{"taxonomy":"product_tag","embeddable":true,"href":"https:\/\/www.syc-cylinders.eu\/fr\/wp-json\/wp\/v2\/product_tag?post=102"}],"curies":[{"name":"wp","href":"https:\/\/api.w.org\/{rel}","templated":true}]}}