{"id":23663,"date":"2021-01-13T10:36:13","date_gmt":"2021-01-13T09:36:13","guid":{"rendered":"https:\/\/www.syc-cylinders.eu\/?page_id=23663"},"modified":"2024-04-03T12:29:52","modified_gmt":"2024-04-03T10:29:52","slug":"qui-sommes-nous","status":"publish","type":"page","link":"https:\/\/www.syc-cylinders.eu\/fr\/qui-sommes-nous\/","title":{"rendered":"Qui Sommes-Nous?","raw":"Qui Sommes-Nous?"},"content":{"rendered":"<div class=\"row-fluid justify-content-center text-center\">\n<div class=\"span8\">\n<h2>Qui sommes-nous?<\/h2>\n<p> Fond\u00e9e en 1955, <b>SYC Cylinders<\/b> est une entreprise familiale bas\u00e9e \u00e0 Barcelone (Espagne), leader du march\u00e9 national et acteur important en Europe dans la fabrication de bouteilles de gaz \u00e0 haute pression.\n<\/p>\n<p>\n    <\/div>\n<\/div>\n<div class=\"row-fluid justify-content-center flex-align-items\">\n<div class=\"span5 fix-padd-right\">\n<p class=\"title-emphasized\">\u00ab\u00a0Depuis plus de 60 ans, nous fournissons nos bouteilles \u00e0 de nombreux secteurs, principalement l\u2019alimentaire, le m\u00e9dical et l\u2019industriel.<br \/>\n\u00ab\u00a0<\/p>\n<\/p><\/div>\n<div class=\"span5\">\n            <img decoding=\"async\" width=\"750\" style=\"vertical-align: middle;\" title=\"syc cylinders botella de gas alta presi\u00f3n marcaje\" src=\"https:\/\/www.syc-cylinders.eu\/wp-content\/uploads\/2021\/01\/botella-quienes-somos-syc-cylinders.jpg\" alt=\"botellas de gas a presion marcaje\">\n    <\/div>\n<\/div>\n<div class=\"row-fluid justify-content-center text-center\">\n<div class=\"span8\">\n<p>Nous sommes une entreprise \u00e0 taille humaine disposant d\u2019une grande exp\u00e9rience et priorisant depuis toujours la qualit\u00e9 du service \u00e0 ses clients et le d\u00e9veloppement continu de nos produits.\n <\/p>\n<p>Contamos con los medios humanos y tecnol\u00f3gicos necesarios para consolidar nuestro proyecto.<\/p>\n<p>Dans la lign\u00e9e de ces volont\u00e9s, ces derni\u00e8res ann\u00e9es, nous avons lancer deux nouvelles gammes de produit: des bouteilles d\u2019aluminium \u00e0 200 bar et des bouteilles d\u2019acier \u00e0 300 bar.\n<\/p>\n<p>La trajectoire que nous suivons depuis nos d\u00e9buts r\u00e9compens\u00e9e par l\u2019immense confiance de nos clients depuis tant d\u2019ann\u00e9es nous donnent la force et l\u2019envie de continuer \u00e0 grandir ensemble.\n<\/p>\n<\/p><\/div>\n<\/div>\n<div class=\"row-fluid justify-content-center text-center\">\n<div class=\"span8\">\n<p style=\"font-size: 0.9em!important;\">Consultez notre politique de gestion en cliquant sur le <a href=\"\/politica-gestion-syc-cylinders\/\" target=\"_blank\" rel=\"noopener\">lien<\/a>.<\/p>\n<\/p><\/div>\n<\/div>\n","protected":false,"raw":"<div class=\"row-fluid justify-content-center text-center\">\r\n    <div class=\"span8\">\r\n        <h2>Qui sommes-nous?<\/h2>\r\n        <p> Fond\u00e9e en 1955, <b>SYC Cylinders<\/b> est une entreprise familiale bas\u00e9e \u00e0 Barcelone (Espagne), leader du march\u00e9 national et acteur important en Europe dans la fabrication de bouteilles de gaz \u00e0 haute pression. \r\n<\/p>\r\n        <br>\r\n    <\/div>\r\n<\/div>\r\n<div class=\"row-fluid justify-content-center flex-align-items\">\r\n    <div class=\"span5 fix-padd-right\">\r\n        <p class=\"title-emphasized\">\"Depuis plus de 60 ans, nous fournissons nos bouteilles \u00e0 de nombreux secteurs, principalement l\u2019alimentaire, le m\u00e9dical et l\u2019industriel. \r\n\"<\/p>\r\n    <\/div>\r\n    <div class=\"span5\">\r\n            <img width=\"750\" style=\"vertical-align: middle;\" title=\"syc cylinders botella de gas alta presi\u00f3n marcaje\" src=\"https:\/\/www.syc-cylinders.eu\/wp-content\/uploads\/2021\/01\/botella-quienes-somos-syc-cylinders.jpg\" alt=\"botellas de gas a presion marcaje\">\r\n    <\/div>\r\n<\/div>\r\n<div class=\"row-fluid justify-content-center text-center\">\r\n    <div class=\"span8\">\r\n        <p>Nous sommes une entreprise \u00e0 taille humaine disposant d\u2019une grande exp\u00e9rience et priorisant depuis toujours la qualit\u00e9 du service \u00e0 ses clients et le d\u00e9veloppement continu de nos produits.\r\n <\/p>\r\n        <p>Contamos con los medios humanos y tecnol\u00f3gicos necesarios para consolidar nuestro proyecto.<\/p>\r\n        <p>Dans la lign\u00e9e de ces volont\u00e9s, ces derni\u00e8res ann\u00e9es, nous avons lancer deux nouvelles gammes de produit: des bouteilles d\u2019aluminium \u00e0 200 bar et des bouteilles d\u2019acier \u00e0 300 bar.\r\n<\/p>\r\n        <p>La trajectoire que nous suivons depuis nos d\u00e9buts r\u00e9compens\u00e9e par l\u2019immense confiance de nos clients depuis tant d\u2019ann\u00e9es nous donnent la force et l\u2019envie de continuer \u00e0 grandir ensemble. \r\n<\/p>\r\n    <\/div>\r\n<\/div>\r\n<div class=\"row-fluid justify-content-center text-center\">\r\n    <div class=\"span8\">\r\n        <p style=\"font-size: 0.9em!important;\">Consultez notre politique de gestion en cliquant sur le <a href=\"\/politica-gestion-syc-cylinders\/\" target=\"_blank\" rel=\"noopener\">lien<\/a>.<\/p>\r\n    <\/div>\r\n<\/div>"},"excerpt":{"rendered":"","protected":false,"raw":""},"author":1,"featured_media":0,"parent":0,"menu_order":0,"comment_status":"closed","ping_status":"closed","template":"","meta":{"inline_featured_image":false,"_es_post_content":"<div class=\"row-fluid justify-content-center text-center\">\r\n    <div class=\"span8\">\r\n        <h2>\u00bfQui\u00e9nes somos?<\/h2>\r\n        <p>Fundada en 1955, <b>SYC Cylinders<\/b> es una empresa familiar con sede en Barcelona (Espa\u00f1a), l\u00edder nacional y actor importante a nivel europeo, en la fabricaci\u00f3n de botellas para la contenci\u00f3n de gases a alta presi\u00f3n.<\/p>\r\n        <br>\r\n    <\/div>\r\n<\/div>\r\n<div class=\"row-fluid justify-content-center flex-align-items\">\r\n    <div class=\"span5 fix-padd-right\">\r\n        <p class=\"title-emphasized\">\"Abastecemos con nuestras botellas desde hace m\u00e1s de 60 a\u00f1os a nuestros principales sectores que son el Alimentario, Medicinal e Industrial\"<\/p>\r\n    <\/div>\r\n    <div class=\"span5\">\r\n            <img width=\"750\" style=\"vertical-align: middle;\" title=\"syc cylinders botella de gas alta presi\u00f3n marcaje\" src=\"https:\/\/www.syc-cylinders.eu\/wp-content\/uploads\/2021\/01\/botella-quienes-somos-syc-cylinders.jpg\" alt=\"botellas de gas a presion marcaje\">\r\n    <\/div>\r\n<\/div>\r\n<div class=\"row-fluid justify-content-center text-center\">\r\n    <div class=\"span8\">\r\n        <p>Somos una empresa consolidada con larga experiencia que apostamos por la mejora continua y el servicio al cliente. <\/p>\r\n        <p>Contamos con los medios humanos y tecnol\u00f3gicos necesarios para consolidar nuestro proyecto.<\/p>\r\n        <p>Siguiendo nuestra l\u00ednea de desarrollo constante, en los \u00faltimos a\u00f1os, hemos trabajado para poder ofrecer dos nuevas gamas de producto: botellas de aluminio a 200 bar y botellas de acero a 300 bar.<\/p>\r\n        <p>Nuestra trayectoria desde el inicio marcada por la gran confianza de nuestros clientes mantiene viva nuestra ilusi\u00f3n de seguir creciendo juntos.<\/p>\r\n    <\/div>\r\n<\/div>\r\n<div class=\"row-fluid justify-content-center text-center\">\r\n    <div class=\"span8\">\r\n        <p style=\"font-size: 0.9em!important;\">Consulta nuestra pol\u00edtica de gesti\u00f3n en el siguiente <a href=\"\/politica-gestion-syc-cylinders\/\" target=\"_blank\" rel=\"noopener\">enlace<\/a>.<\/p>\r\n    <\/div>\r\n<\/div>","_es_post_name":"quienes-somos","_es_post_excerpt":"","_es_post_title":"Qui\u00e9nes somos","_en_post_content":"<div class=\"row-fluid justify-content-center text-center\">\r\n    <div class=\"span8\">\r\n        <h2>About us<\/h2>\r\n        <p> Founded in 1955, <b>SYC Cylinders<\/b> is a familiar company with headquarters in Barcelona (Spain). National leader and major player at European level in the manufacture of cylinders for high pressure gases. <\/p>\r\n        <br>\r\n    <\/div>\r\n<\/div>\r\n<div class=\"row-fluid justify-content-center flex-align-items\">\r\n    <div class=\"span5 fix-padd-right\">\r\n        <p class=\"title-emphasized\">\"For more than 60 years we have been supplying with our cylinders the main sectors such as the food, medical and industrial.\"<\/p>\r\n    <\/div>\r\n    <div class=\"span5\">\r\n            <img width=\"750\" style=\"vertical-align: middle;\" title=\"syc cylinders botella de gas alta presi\u00f3n marcaje\" src=\"https:\/\/www.syc-cylinders.eu\/wp-content\/uploads\/2021\/01\/botella-quienes-somos-syc-cylinders.jpg\" alt=\"botellas de gas a presion marcaje\">\r\n    <\/div>\r\n<\/div>\r\n<div class=\"row-fluid justify-content-center text-center\">\r\n    <div class=\"span8\">\r\n        <p> We are a consolidated company with a lot of experience, committed to the continuous improvement and customer service. <\/p>\r\n        <p> We have the human and technological means required to carry out our project. <\/p>\r\n        <p> Continuing with our line of constant development, in recent years we have worked to offer two new product ranges:  aluminium cylinders at 200 bar and steel cylinders at 300 bar. <\/p>\r\n        <p> Our track-record has been marked from the beginning by the trust of our clients, which keeps our motivation and hope of growing up together. <\/p>\r\n    <\/div>\r\n<\/div>\r\n\r\n<div class=\"row-fluid justify-content-center text-center\">\r\n    <div class=\"span8\">\r\n        <p style=\"font-size: 0.9em!important;\">For more information on our management policy, please click on the following <a href=\"\/politica-gestion-syc-cylinders\/\" target=\"_blank\" rel=\"noopener\">link<\/a>.<\/p>\r\n    <\/div>\r\n<\/div>","_en_post_name":"about-us","_en_post_excerpt":"","_en_post_title":"About us","_fr_post_content":"<div class=\"row-fluid justify-content-center text-center\">\r\n    <div class=\"span8\">\r\n        <h2>Qui sommes-nous?<\/h2>\r\n        <p> Fond\u00e9e en 1955, <b>SYC Cylinders<\/b> est une entreprise familiale bas\u00e9e \u00e0 Barcelone (Espagne), leader du march\u00e9 national et acteur important en Europe dans la fabrication de bouteilles de gaz \u00e0 haute pression. \r\n<\/p>\r\n        <br>\r\n    <\/div>\r\n<\/div>\r\n<div class=\"row-fluid justify-content-center flex-align-items\">\r\n    <div class=\"span5 fix-padd-right\">\r\n        <p class=\"title-emphasized\">\"Depuis plus de 60 ans, nous fournissons nos bouteilles \u00e0 de nombreux secteurs, principalement l\u2019alimentaire, le m\u00e9dical et l\u2019industriel. \r\n\"<\/p>\r\n    <\/div>\r\n    <div class=\"span5\">\r\n            <img width=\"750\" style=\"vertical-align: middle;\" title=\"syc cylinders botella de gas alta presi\u00f3n marcaje\" src=\"https:\/\/www.syc-cylinders.eu\/wp-content\/uploads\/2021\/01\/botella-quienes-somos-syc-cylinders.jpg\" alt=\"botellas de gas a presion marcaje\">\r\n    <\/div>\r\n<\/div>\r\n<div class=\"row-fluid justify-content-center text-center\">\r\n    <div class=\"span8\">\r\n        <p>Nous sommes une entreprise \u00e0 taille humaine disposant d\u2019une grande exp\u00e9rience et priorisant depuis toujours la qualit\u00e9 du service \u00e0 ses clients et le d\u00e9veloppement continu de nos produits.\r\n <\/p>\r\n        <p>Contamos con los medios humanos y tecnol\u00f3gicos necesarios para consolidar nuestro proyecto.<\/p>\r\n        <p>Dans la lign\u00e9e de ces volont\u00e9s, ces derni\u00e8res ann\u00e9es, nous avons lancer deux nouvelles gammes de produit: des bouteilles d\u2019aluminium \u00e0 200 bar et des bouteilles d\u2019acier \u00e0 300 bar.\r\n<\/p>\r\n        <p>La trajectoire que nous suivons depuis nos d\u00e9buts r\u00e9compens\u00e9e par l\u2019immense confiance de nos clients depuis tant d\u2019ann\u00e9es nous donnent la force et l\u2019envie de continuer \u00e0 grandir ensemble. \r\n<\/p>\r\n    <\/div>\r\n<\/div>\r\n<div class=\"row-fluid justify-content-center text-center\">\r\n    <div class=\"span8\">\r\n        <p style=\"font-size: 0.9em!important;\">Consultez notre politique de gestion en cliquant sur le <a href=\"\/politica-gestion-syc-cylinders\/\" target=\"_blank\" rel=\"noopener\">lien<\/a>.<\/p>\r\n    <\/div>\r\n<\/div>","_fr_post_name":"qui-sommes-nous","_fr_post_excerpt":"","_fr_post_title":"Qui Sommes-Nous?","_pt_post_content":"<div class=\"row-fluid justify-content-center text-center\">\r\n    <div class=\"span8\">\r\n        <h2>Sobre nos<\/h2>\r\n        <p> Founded in 1955, <b>SYC Cylinders<\/b> is a familiar company with headquarters in Barcelona (Spain). National leader and major player at European level in the manufacture of cylinders for high pressure gases. <\/p>\r\n        <br>\r\n    <\/div>\r\n<\/div>\r\n<div class=\"row-fluid justify-content-center flex-align-items\">\r\n    <div class=\"span5 fix-padd-right\">\r\n        <p class=\"title-emphasized\">\"For more than 60 years we have been supplying with our cylinders the main sectors such as the food, medical and industrial.\"<\/p>\r\n    <\/div>\r\n    <div class=\"span5\">\r\n            <img width=\"750\" style=\"vertical-align: middle;\" title=\"syc cylinders botella de gas alta presi\u00f3n marcaje\" src=\"https:\/\/www.syc-cylinders.eu\/wp-content\/uploads\/2021\/01\/botella-quienes-somos-syc-cylinders.jpg\" alt=\"botellas de gas a presion marcaje\">\r\n    <\/div>\r\n<\/div>\r\n<div class=\"row-fluid justify-content-center text-center\">\r\n    <div class=\"span8\">\r\n        <p> We are a consolidated company with a lot of experience, committed to the continuous improvement and customer service. <\/p>\r\n        <p> We have the human and technological means required to carry out our project. <\/p>\r\n        <p> Continuing with our line of constant development, in recent years we have worked to offer two new product ranges:  aluminium cylinders at 200 bar and steel cylinders at 300 bar. <\/p>\r\n        <p> Our track-record has been marked from the beginning by the trust of our clients, which keeps our motivation and hope of growing up together. <\/p>\r\n    <\/div>\r\n<\/div>\r\n<div class=\"row-fluid justify-content-center text-center\">\r\n    <div class=\"span8\">\r\n        <p style=\"font-size: 0.9em!important;\">Consulte a nossa pol\u00edtica de gest\u00e3o clicando na seguinte <a href=\"\/politica-gestion-syc-cylinders\/\" target=\"_blank\" rel=\"noopener\">liga\u00e7\u00e3o<\/a>.<\/p>\r\n    <\/div>\r\n<\/div>","_pt_post_name":"sobre-nos","_pt_post_excerpt":"","_pt_post_title":"Sobre N\u00f3s","edit_language":"fr","footnotes":""},"class_list":["post-23663","page","type-page","status-publish","czr-hentry"],"yoast_head":"<!-- This site is optimized with the Yoast SEO plugin v27.4 - https:\/\/yoast.com\/product\/yoast-seo-wordpress\/ -->\n<title>Qui\u00e9nes somos - SYC Cylinders<\/title>\n<meta name=\"robots\" content=\"index, follow, max-snippet:-1, max-image-preview:large, max-video-preview:-1\" \/>\n<link rel=\"canonical\" href=\"https:\/\/www.syc-cylinders.eu\/pt\/sobre-nos\/\" \/>\n<meta property=\"og:locale\" content=\"fr_FR\" \/>\n<meta property=\"og:type\" content=\"article\" \/>\n<meta property=\"og:title\" content=\"Qui\u00e9nes somos - SYC Cylinders\" \/>\n<meta property=\"og:description\" content=\"Qui sommes-nous? Fond\u00e9e en 1955, SYC Cylinders est une entreprise familiale bas\u00e9e \u00e0 Barcelone (Espagne), leader du march\u00e9 national et acteur important en Europe dans la fabrication de bouteilles de gaz \u00e0 haute pression. \u00ab\u00a0Depuis plus de 60 ans, nous fournissons nos bouteilles \u00e0 de nombreux secteurs, principalement l\u2019alimentaire, le m\u00e9dical et l\u2019industriel. \u00ab\u00a0 Nous [&hellip;]\" \/>\n<meta property=\"og:url\" content=\"https:\/\/www.syc-cylinders.eu\/pt\/sobre-nos\/\" \/>\n<meta property=\"og:site_name\" content=\"SYC Cylinders\" \/>\n<meta property=\"article:publisher\" content=\"https:\/\/es-es.facebook.com\/Syc-Cylinders-Europe-1387368244908487\/\" \/>\n<meta property=\"article:modified_time\" content=\"2024-04-03T10:29:52+00:00\" \/>\n<meta property=\"og:image\" content=\"https:\/\/www.syc-cylinders.eu\/wp-content\/uploads\/2021\/01\/botella-quienes-somos-syc-cylinders.jpg\" \/>\n<meta name=\"twitter:card\" content=\"summary_large_image\" \/>\n<meta name=\"twitter:site\" content=\"@Syc_Cylinders\" \/>\n<meta name=\"twitter:label1\" content=\"Dur\u00e9e de lecture estim\u00e9e\" \/>\n\t<meta name=\"twitter:data1\" content=\"1 minute\" \/>\n<script type=\"application\/ld+json\" class=\"yoast-schema-graph\">{\"@context\":\"https:\\\/\\\/schema.org\",\"@graph\":[{\"@type\":\"WebPage\",\"@id\":\"https:\\\/\\\/www.syc-cylinders.eu\\\/pt\\\/sobre-nos\\\/\",\"url\":\"https:\\\/\\\/www.syc-cylinders.eu\\\/pt\\\/sobre-nos\\\/\",\"name\":\"Qui\u00e9nes somos - SYC Cylinders\",\"isPartOf\":{\"@id\":\"https:\\\/\\\/www.syc-cylinders.eu\\\/#website\"},\"primaryImageOfPage\":{\"@id\":\"https:\\\/\\\/www.syc-cylinders.eu\\\/pt\\\/sobre-nos\\\/#primaryimage\"},\"image\":{\"@id\":\"https:\\\/\\\/www.syc-cylinders.eu\\\/pt\\\/sobre-nos\\\/#primaryimage\"},\"thumbnailUrl\":\"https:\\\/\\\/www.syc-cylinders.eu\\\/wp-content\\\/uploads\\\/2021\\\/01\\\/botella-quienes-somos-syc-cylinders.jpg\",\"datePublished\":\"2021-01-13T09:36:13+00:00\",\"dateModified\":\"2024-04-03T10:29:52+00:00\",\"breadcrumb\":{\"@id\":\"https:\\\/\\\/www.syc-cylinders.eu\\\/pt\\\/sobre-nos\\\/#breadcrumb\"},\"inLanguage\":\"fr-FR\",\"potentialAction\":[{\"@type\":\"ReadAction\",\"target\":[\"https:\\\/\\\/www.syc-cylinders.eu\\\/pt\\\/sobre-nos\\\/\"]}]},{\"@type\":\"ImageObject\",\"inLanguage\":\"fr-FR\",\"@id\":\"https:\\\/\\\/www.syc-cylinders.eu\\\/pt\\\/sobre-nos\\\/#primaryimage\",\"url\":\"https:\\\/\\\/www.syc-cylinders.eu\\\/wp-content\\\/uploads\\\/2021\\\/01\\\/botella-quienes-somos-syc-cylinders.jpg\",\"contentUrl\":\"https:\\\/\\\/www.syc-cylinders.eu\\\/wp-content\\\/uploads\\\/2021\\\/01\\\/botella-quienes-somos-syc-cylinders.jpg\"},{\"@type\":\"BreadcrumbList\",\"@id\":\"https:\\\/\\\/www.syc-cylinders.eu\\\/pt\\\/sobre-nos\\\/#breadcrumb\",\"itemListElement\":[{\"@type\":\"ListItem\",\"position\":1,\"name\":\"Home\",\"item\":\"https:\\\/\\\/www.syc-cylinders.eu\\\/en\\\/\"},{\"@type\":\"ListItem\",\"position\":2,\"name\":\"Qui\u00e9nes somos\"}]},{\"@type\":\"WebSite\",\"@id\":\"https:\\\/\\\/www.syc-cylinders.eu\\\/#website\",\"url\":\"https:\\\/\\\/www.syc-cylinders.eu\\\/\",\"name\":\"SYC Cylinders\",\"description\":\"SYC Cylinders fabricante de botellas gas a presi\u00f3n y venta de accesorios de soldadura\",\"publisher\":{\"@id\":\"https:\\\/\\\/www.syc-cylinders.eu\\\/#organization\"},\"potentialAction\":[{\"@type\":\"SearchAction\",\"target\":{\"@type\":\"EntryPoint\",\"urlTemplate\":\"https:\\\/\\\/www.syc-cylinders.eu\\\/?s={search_term_string}\"},\"query-input\":{\"@type\":\"PropertyValueSpecification\",\"valueRequired\":true,\"valueName\":\"search_term_string\"}}],\"inLanguage\":\"fr-FR\"},{\"@type\":\"Organization\",\"@id\":\"https:\\\/\\\/www.syc-cylinders.eu\\\/#organization\",\"name\":\"SYC Cylinders\",\"url\":\"https:\\\/\\\/www.syc-cylinders.eu\\\/\",\"logo\":{\"@type\":\"ImageObject\",\"inLanguage\":\"fr-FR\",\"@id\":\"https:\\\/\\\/www.syc-cylinders.eu\\\/#\\\/schema\\\/logo\\\/image\\\/\",\"url\":\"https:\\\/\\\/www.syc-cylinders.eu\\\/wp-content\\\/uploads\\\/2016\\\/07\\\/logo-syc.jpg\",\"contentUrl\":\"https:\\\/\\\/www.syc-cylinders.eu\\\/wp-content\\\/uploads\\\/2016\\\/07\\\/logo-syc.jpg\",\"width\":182,\"height\":45,\"caption\":\"SYC Cylinders\"},\"image\":{\"@id\":\"https:\\\/\\\/www.syc-cylinders.eu\\\/#\\\/schema\\\/logo\\\/image\\\/\"},\"sameAs\":[\"https:\\\/\\\/es-es.facebook.com\\\/Syc-Cylinders-Europe-1387368244908487\\\/\",\"https:\\\/\\\/x.com\\\/Syc_Cylinders\",\"https:\\\/\\\/www.linkedin.com\\\/company\\\/syc-cylinders\",\"https:\\\/\\\/www.youtube.com\\\/channel\\\/UCVmZ-OD_WC6Q9durvs11IrA\"]}]}<\/script>\n<!-- \/ Yoast SEO plugin. -->","yoast_head_json":{"title":"Qui\u00e9nes somos - SYC Cylinders","robots":{"index":"index","follow":"follow","max-snippet":"max-snippet:-1","max-image-preview":"max-image-preview:large","max-video-preview":"max-video-preview:-1"},"canonical":"https:\/\/www.syc-cylinders.eu\/pt\/sobre-nos\/","og_locale":"fr_FR","og_type":"article","og_title":"Qui\u00e9nes somos - SYC Cylinders","og_description":"Qui sommes-nous? Fond\u00e9e en 1955, SYC Cylinders est une entreprise familiale bas\u00e9e \u00e0 Barcelone (Espagne), leader du march\u00e9 national et acteur important en Europe dans la fabrication de bouteilles de gaz \u00e0 haute pression. \u00ab\u00a0Depuis plus de 60 ans, nous fournissons nos bouteilles \u00e0 de nombreux secteurs, principalement l\u2019alimentaire, le m\u00e9dical et l\u2019industriel. \u00ab\u00a0 Nous [&hellip;]","og_url":"https:\/\/www.syc-cylinders.eu\/pt\/sobre-nos\/","og_site_name":"SYC Cylinders","article_publisher":"https:\/\/es-es.facebook.com\/Syc-Cylinders-Europe-1387368244908487\/","article_modified_time":"2024-04-03T10:29:52+00:00","og_image":[{"url":"https:\/\/www.syc-cylinders.eu\/wp-content\/uploads\/2021\/01\/botella-quienes-somos-syc-cylinders.jpg","type":"","width":"","height":""}],"twitter_card":"summary_large_image","twitter_site":"@Syc_Cylinders","twitter_misc":{"Dur\u00e9e de lecture estim\u00e9e":"1 minute"},"schema":{"@context":"https:\/\/schema.org","@graph":[{"@type":"WebPage","@id":"https:\/\/www.syc-cylinders.eu\/pt\/sobre-nos\/","url":"https:\/\/www.syc-cylinders.eu\/pt\/sobre-nos\/","name":"Qui\u00e9nes somos - SYC Cylinders","isPartOf":{"@id":"https:\/\/www.syc-cylinders.eu\/#website"},"primaryImageOfPage":{"@id":"https:\/\/www.syc-cylinders.eu\/pt\/sobre-nos\/#primaryimage"},"image":{"@id":"https:\/\/www.syc-cylinders.eu\/pt\/sobre-nos\/#primaryimage"},"thumbnailUrl":"https:\/\/www.syc-cylinders.eu\/wp-content\/uploads\/2021\/01\/botella-quienes-somos-syc-cylinders.jpg","datePublished":"2021-01-13T09:36:13+00:00","dateModified":"2024-04-03T10:29:52+00:00","breadcrumb":{"@id":"https:\/\/www.syc-cylinders.eu\/pt\/sobre-nos\/#breadcrumb"},"inLanguage":"fr-FR","potentialAction":[{"@type":"ReadAction","target":["https:\/\/www.syc-cylinders.eu\/pt\/sobre-nos\/"]}]},{"@type":"ImageObject","inLanguage":"fr-FR","@id":"https:\/\/www.syc-cylinders.eu\/pt\/sobre-nos\/#primaryimage","url":"https:\/\/www.syc-cylinders.eu\/wp-content\/uploads\/2021\/01\/botella-quienes-somos-syc-cylinders.jpg","contentUrl":"https:\/\/www.syc-cylinders.eu\/wp-content\/uploads\/2021\/01\/botella-quienes-somos-syc-cylinders.jpg"},{"@type":"BreadcrumbList","@id":"https:\/\/www.syc-cylinders.eu\/pt\/sobre-nos\/#breadcrumb","itemListElement":[{"@type":"ListItem","position":1,"name":"Home","item":"https:\/\/www.syc-cylinders.eu\/en\/"},{"@type":"ListItem","position":2,"name":"Qui\u00e9nes somos"}]},{"@type":"WebSite","@id":"https:\/\/www.syc-cylinders.eu\/#website","url":"https:\/\/www.syc-cylinders.eu\/","name":"SYC Cylinders","description":"SYC Cylinders fabricante de botellas gas a presi\u00f3n y venta de accesorios de soldadura","publisher":{"@id":"https:\/\/www.syc-cylinders.eu\/#organization"},"potentialAction":[{"@type":"SearchAction","target":{"@type":"EntryPoint","urlTemplate":"https:\/\/www.syc-cylinders.eu\/?s={search_term_string}"},"query-input":{"@type":"PropertyValueSpecification","valueRequired":true,"valueName":"search_term_string"}}],"inLanguage":"fr-FR"},{"@type":"Organization","@id":"https:\/\/www.syc-cylinders.eu\/#organization","name":"SYC Cylinders","url":"https:\/\/www.syc-cylinders.eu\/","logo":{"@type":"ImageObject","inLanguage":"fr-FR","@id":"https:\/\/www.syc-cylinders.eu\/#\/schema\/logo\/image\/","url":"https:\/\/www.syc-cylinders.eu\/wp-content\/uploads\/2016\/07\/logo-syc.jpg","contentUrl":"https:\/\/www.syc-cylinders.eu\/wp-content\/uploads\/2016\/07\/logo-syc.jpg","width":182,"height":45,"caption":"SYC Cylinders"},"image":{"@id":"https:\/\/www.syc-cylinders.eu\/#\/schema\/logo\/image\/"},"sameAs":["https:\/\/es-es.facebook.com\/Syc-Cylinders-Europe-1387368244908487\/","https:\/\/x.com\/Syc_Cylinders","https:\/\/www.linkedin.com\/company\/syc-cylinders","https:\/\/www.youtube.com\/channel\/UCVmZ-OD_WC6Q9durvs11IrA"]}]}},"_links":{"self":[{"href":"https:\/\/www.syc-cylinders.eu\/fr\/wp-json\/wp\/v2\/pages\/23663","targetHints":{"allow":["GET"]}}],"collection":[{"href":"https:\/\/www.syc-cylinders.eu\/fr\/wp-json\/wp\/v2\/pages"}],"about":[{"href":"https:\/\/www.syc-cylinders.eu\/fr\/wp-json\/wp\/v2\/types\/page"}],"author":[{"embeddable":true,"href":"https:\/\/www.syc-cylinders.eu\/fr\/wp-json\/wp\/v2\/users\/1"}],"replies":[{"embeddable":true,"href":"https:\/\/www.syc-cylinders.eu\/fr\/wp-json\/wp\/v2\/comments?post=23663"}],"version-history":[{"count":0,"href":"https:\/\/www.syc-cylinders.eu\/fr\/wp-json\/wp\/v2\/pages\/23663\/revisions"}],"wp:attachment":[{"href":"https:\/\/www.syc-cylinders.eu\/fr\/wp-json\/wp\/v2\/media?parent=23663"}],"curies":[{"name":"wp","href":"https:\/\/api.w.org\/{rel}","templated":true}]}}