{"id":953,"date":"2016-09-01T09:50:31","date_gmt":"2016-09-01T07:50:31","guid":{"rendered":"https:\/\/www.syc-cylinders.eu\/?post_type=product&#038;p=953"},"modified":"2026-01-30T10:45:55","modified_gmt":"2026-01-30T09:45:55","slug":"20-l-cylinder-200-concave-for-industrial-c-15-mixture-gas-fulled","status":"publish","type":"product","link":"https:\/\/www.syc-cylinders.eu\/en\/shop\/20-l-cylinder-200-concave-for-industrial-c-15-mixture-gas-fulled\/","title":{"rendered":"20 L Cylinder 200 concave for Industrial C-15 Mixture Gas (fulled)","raw":"20 L Cylinder 200 concave for Industrial C-15 Mixture Gas (fulled)"},"content":{"rendered":"","protected":false,"raw":""},"excerpt":{"rendered":"<hr \/>\n<p>20L Cylinder for Industrial C 15 Mixture (Argon and CO2\/ Carbon Dioxide).<\/p>\n<ul>\n<li>Water Capacity: 20 liters (4000 l gas).<\/li>\n<li>Diameter: 200 mm.<\/li>\n<li>Working Pressure : 200 bars.<\/li>\n<li>Thread 21,7 mm x 1\/14&#8243; Right-handed.<\/li>\n<li>Concave base shape.<\/li>\n<li>Protection guard included.<\/li>\n<li>Painted in accordance with standards UNE-EN 1089.<\/li>\n<li>Gas INCLUDED.<\/li>\n<\/ul>\n<p>\nThe colour of the cylinders may vary.<\/p>\n<hr \/>\n","protected":false,"raw":"<hr \/>\r\n\r\n20L Cylinder for Industrial C 15 Mixture (Argon and CO2\/ Carbon Dioxide).\r\n\r\n<ul>\r\n<li>Water Capacity: 20 liters (4000 l gas).<\/li>\r\n<li>Diameter: 200 mm.<\/li>\r\n<li>Working Pressure : 200 bars.<\/li>\r\n<li>Thread 21,7 mm x 1\/14\" Right-handed.<\/li>\r\n<li>Concave base shape.<\/li>\r\n<li>Protection guard included.<\/li>\r\n<li>Painted in accordance with standards UNE-EN 1089.<\/li>\r\n<li>Gas INCLUDED.<\/li>\r\n<\/ul>\r\n\r\n<p>\r\nThe colour of the cylinders may vary.<\/p>\r\n\r\n<hr \/>"},"featured_media":954,"template":"","meta":{"inline_featured_image":false,"_es_post_content":"","_es_post_name":"botella-20-l-200-c-15-std-gas","_es_post_excerpt":"<hr \/>\r\n\r\nBotella cargada de 20L con gas mezcla C15 industrial (Arg\u00f3n y CO2\/Di\u00f3xido de Carbono).\r\n\r\n<ul>\r\n<li> Capacidad volum\u00e9trica: 20 litros (4000 l de gas).<\/li>\r\n<li> Di\u00e1metro: 200 mm.<\/li>\r\n<li> Presi\u00f3n de trabajo: 200 bars.<\/li>\r\n<li> Con v\u00e1lvula de presi\u00f3n residual para mercado espa\u00f1ol.<\/li>\r\n<li> Rosca 21,7 mm x 1\/14\" Derechas.<\/li>\r\n<li> Fondo c\u00f3ncavo.<\/li>\r\n<li> Incluye tulipa de protecci\u00f3n.<\/li>\r\n<li> Pintada seg\u00fan normativa UNE-EN 1089.<\/li>\r\n<li> INCLUYE carga de gas.<\/li>\r\n<\/ul>\r\n\r\n<p>\r\nEl color de las botellas puede variar.<\/p>\r\n\r\n<hr \/>","_es_post_title":"Botella 20 L 200 C-15 STD GAS","_en_post_content":"","_en_post_name":"20-l-cylinder-200-concave-for-industrial-c-15-mixture-gas-fulled","_en_post_excerpt":"<hr \/>\r\n\r\n20L Cylinder for Industrial C 15 Mixture (Argon and CO2\/ Carbon Dioxide).\r\n\r\n<ul>\r\n<li>Water Capacity: 20 liters (4000 l gas).<\/li>\r\n<li>Diameter: 200 mm.<\/li>\r\n<li>Working Pressure : 200 bars.<\/li>\r\n<li>Thread 21,7 mm x 1\/14\" Right-handed.<\/li>\r\n<li>Concave base shape.<\/li>\r\n<li>Protection guard included.<\/li>\r\n<li>Painted in accordance with standards UNE-EN 1089.<\/li>\r\n<li>Gas INCLUDED.<\/li>\r\n<\/ul>\r\n\r\n<p>\r\nThe colour of the cylinders may vary.<\/p>\r\n\r\n<hr \/>","_en_post_title":"20 L Cylinder 200 concave for Industrial C-15 Mixture Gas (fulled)","_fr_post_content":"","_fr_post_name":"bouteille-20-l-200-c-15-mixture-argon-et-co2-gaz","_fr_post_excerpt":"<hr \/>\r\n\r\nBouteille charg\u00e9e de 20L pour gaz C-15 Mixture industriel (Argon et CO2\/Dioxyde de Carbone). \r\n\r\n<ul>\r\n<li>Capacit\u00e9 volum\u00e9trique: 20 litres (4000 l de gaz).<\/li>\r\n<li>Diam\u00e8tre: 200 mm.<\/li>\r\n<li>Pression de service: 200 bars.<\/li>\r\n<li>Avec robinet standard pour march\u00e9 fran\u00e7ais.<\/li>\r\n<li>Vis 21,7 mm x 1\/14\u2033 Droites.<\/li>\r\n<li>Fond concave.<\/li>\r\n<li>Tulipe de protection inclus. <\/li>\r\n<li>Peinte selon la norme UNE-EN 1089.<\/li>\r\n<li>Charge de gaz INCLUSE.<\/li>\r\n<\/ul>\r\n\r\n<p>\r\nLa couleur des bouteilles peut varier.<\/p>\r\n\r\n<hr \/>","_fr_post_title":"Bouteille 20 L 200 C-15 Mixture (Argon et CO2) GAZ","_pt_post_content":"","_pt_post_name":"cilindro-20-l-200-c-15-std-gas","_pt_post_excerpt":"<hr \/>\r\nCilindro com carga de 20L para g\u00e1s Mistura C-15 industrial (Arg\u00f4nio e CO2\/Di\u00f3xido de Carbono).\r\n\r\n<ul>\r\n<li>Capacidade volum\u00e9trica: 20 litros (4000 l de gas).<\/li>\r\n<li>Di\u00e2metro: 200 mm.<\/li>\r\n<li>Press\u00e3o de trabalho: 200 bar.<\/li>\r\n<li>Com v\u00e1lvula padr\u00e3o para o mercado espanhol.<\/li>\r\n<li>Rosca 21,7 mm x 1\/14\" Direitas.<\/li>\r\n<li>Fundo c\u00f4ncavo.<\/li>\r\n<li>Inclui tampa de prote\u00e7\u00e3o.<\/li>\r\n<li>Pintado de acordo com o Regulamento UNE-EN 1089.<\/li>\r\n<li>INCLUI carga de g\u00e1s.<\/li>\r\n<\/ul>\r\n<p>A cor das cilindros pode variar.<\/p>\r\n<hr \/>\r\n\r\n","_pt_post_title":"Cilindro 20 L 200 C-15 STD G\u00c1S","edit_language":"en"},"product_brand":[],"product_cat":[236,95,97],"product_tag":[],"class_list":{"0":"post-953","1":"product","2":"type-product","3":"status-publish","4":"has-post-thumbnail","6":"product_cat-botella-cargada-inerte","7":"product_cat-botellas-industriales-es","8":"product_cat-cargadas-es","9":"product_shipping_class-adr-producto","11":"first","12":"instock","13":"taxable","14":"shipping-taxable","15":"purchasable","16":"product-type-simple","17":"czr-hentry"},"yoast_head":"<!-- This site is optimized with the Yoast SEO plugin v27.1.1 - https:\/\/yoast.com\/product\/yoast-seo-wordpress\/ -->\n<title>Botella 20 L cargada 200 C-15 (Argon y CO2) - SYC Cylinders<\/title>\n<meta name=\"description\" content=\"Botella 20 L cargada 200 C-15 (Argon y CO2). Capacidad volum\u00e9trica: 20 litros (4000 l de gas). Di\u00e1metro: 200 mm. Presi\u00f3n de trabajo: 200 bars. M\u00e1s...\" \/>\n<meta name=\"robots\" content=\"index, follow, max-snippet:-1, max-image-preview:large, max-video-preview:-1\" \/>\n<link rel=\"canonical\" href=\"https:\/\/www.syc-cylinders.eu\/tienda\/botella-20-l-200-c-15-std-gas\/\" \/>\n<meta property=\"og:locale\" content=\"en_GB\" \/>\n<meta property=\"og:type\" content=\"article\" \/>\n<meta property=\"og:title\" content=\"Botella 20 L cargada 200 C-15 (Argon y CO2) - SYC Cylinders\" \/>\n<meta property=\"og:description\" content=\"Botella 20 L cargada 200 C-15 (Argon y CO2). Capacidad volum\u00e9trica: 20 litros (4000 l de gas). Di\u00e1metro: 200 mm. Presi\u00f3n de trabajo: 200 bars. M\u00e1s...\" \/>\n<meta property=\"og:url\" content=\"https:\/\/www.syc-cylinders.eu\/tienda\/botella-20-l-200-c-15-std-gas\/\" \/>\n<meta property=\"og:site_name\" content=\"SYC Cylinders\" \/>\n<meta property=\"article:publisher\" content=\"https:\/\/es-es.facebook.com\/Syc-Cylinders-Europe-1387368244908487\/\" \/>\n<meta property=\"article:modified_time\" content=\"2026-01-30T09:45:55+00:00\" \/>\n<meta property=\"og:image\" content=\"https:\/\/www.syc-cylinders.eu\/wp-content\/uploads\/2016\/09\/20-L-200-c-15-verd-gris.webp\" \/>\n\t<meta property=\"og:image:width\" content=\"1136\" \/>\n\t<meta property=\"og:image:height\" content=\"1136\" \/>\n\t<meta property=\"og:image:type\" content=\"image\/webp\" \/>\n<meta name=\"twitter:card\" content=\"summary_large_image\" \/>\n<meta name=\"twitter:site\" content=\"@Syc_Cylinders\" \/>\n<meta name=\"twitter:label1\" content=\"Estimated reading time\" \/>\n\t<meta name=\"twitter:data1\" content=\"1 minute\" \/>\n<script type=\"application\/ld+json\" class=\"yoast-schema-graph\">{\"@context\":\"https:\/\/schema.org\",\"@graph\":[{\"@type\":\"WebPage\",\"@id\":\"https:\/\/www.syc-cylinders.eu\/tienda\/botella-20-l-200-c-15-std-gas\/\",\"url\":\"https:\/\/www.syc-cylinders.eu\/tienda\/botella-20-l-200-c-15-std-gas\/\",\"name\":\"Botella 20 L cargada 200 C-15 (Argon y CO2) - SYC Cylinders\",\"isPartOf\":{\"@id\":\"https:\/\/www.syc-cylinders.eu\/#website\"},\"primaryImageOfPage\":{\"@id\":\"https:\/\/www.syc-cylinders.eu\/tienda\/botella-20-l-200-c-15-std-gas\/#primaryimage\"},\"image\":{\"@id\":\"https:\/\/www.syc-cylinders.eu\/tienda\/botella-20-l-200-c-15-std-gas\/#primaryimage\"},\"thumbnailUrl\":\"https:\/\/www.syc-cylinders.eu\/wp-content\/uploads\/2016\/09\/20-L-200-c-15-verd-gris.webp\",\"datePublished\":\"2016-09-01T07:50:31+00:00\",\"dateModified\":\"2026-01-30T09:45:55+00:00\",\"description\":\"Botella 20 L cargada 200 C-15 (Argon y CO2). Capacidad volum\u00e9trica: 20 litros (4000 l de gas). Di\u00e1metro: 200 mm. Presi\u00f3n de trabajo: 200 bars. M\u00e1s...\",\"breadcrumb\":{\"@id\":\"https:\/\/www.syc-cylinders.eu\/tienda\/botella-20-l-200-c-15-std-gas\/#breadcrumb\"},\"inLanguage\":\"en-GB\",\"potentialAction\":[{\"@type\":\"ReadAction\",\"target\":[\"https:\/\/www.syc-cylinders.eu\/tienda\/botella-20-l-200-c-15-std-gas\/\"]}]},{\"@type\":\"ImageObject\",\"inLanguage\":\"en-GB\",\"@id\":\"https:\/\/www.syc-cylinders.eu\/tienda\/botella-20-l-200-c-15-std-gas\/#primaryimage\",\"url\":\"https:\/\/www.syc-cylinders.eu\/wp-content\/uploads\/2016\/09\/20-L-200-c-15-verd-gris.webp\",\"contentUrl\":\"https:\/\/www.syc-cylinders.eu\/wp-content\/uploads\/2016\/09\/20-L-200-c-15-verd-gris.webp\",\"width\":1136,\"height\":1136,\"caption\":\"20L 200 botella industrial C15 CO2 dioxido de carbono argon verde gris\"},{\"@type\":\"BreadcrumbList\",\"@id\":\"https:\/\/www.syc-cylinders.eu\/tienda\/botella-20-l-200-c-15-std-gas\/#breadcrumb\",\"itemListElement\":[{\"@type\":\"ListItem\",\"position\":1,\"name\":\"Home\",\"item\":\"https:\/\/www.syc-cylinders.eu\/en\/\"},{\"@type\":\"ListItem\",\"position\":2,\"name\":\"Tienda\",\"item\":\"https:\/\/www.syc-cylinders.eu\/tienda\/\"},{\"@type\":\"ListItem\",\"position\":3,\"name\":\"Botella 20 L 200 C-15 STD GAS\"}]},{\"@type\":\"WebSite\",\"@id\":\"https:\/\/www.syc-cylinders.eu\/#website\",\"url\":\"https:\/\/www.syc-cylinders.eu\/\",\"name\":\"SYC Cylinders\",\"description\":\"SYC Cylinders fabricante de botellas gas a presi\u00f3n y venta de accesorios de soldadura\",\"publisher\":{\"@id\":\"https:\/\/www.syc-cylinders.eu\/#organization\"},\"potentialAction\":[{\"@type\":\"SearchAction\",\"target\":{\"@type\":\"EntryPoint\",\"urlTemplate\":\"https:\/\/www.syc-cylinders.eu\/?s={search_term_string}\"},\"query-input\":{\"@type\":\"PropertyValueSpecification\",\"valueRequired\":true,\"valueName\":\"search_term_string\"}}],\"inLanguage\":\"en-GB\"},{\"@type\":\"Organization\",\"@id\":\"https:\/\/www.syc-cylinders.eu\/#organization\",\"name\":\"SYC Cylinders\",\"url\":\"https:\/\/www.syc-cylinders.eu\/\",\"logo\":{\"@type\":\"ImageObject\",\"inLanguage\":\"en-GB\",\"@id\":\"https:\/\/www.syc-cylinders.eu\/#\/schema\/logo\/image\/\",\"url\":\"https:\/\/www.syc-cylinders.eu\/wp-content\/uploads\/2016\/07\/logo-syc.jpg\",\"contentUrl\":\"https:\/\/www.syc-cylinders.eu\/wp-content\/uploads\/2016\/07\/logo-syc.jpg\",\"width\":182,\"height\":45,\"caption\":\"SYC Cylinders\"},\"image\":{\"@id\":\"https:\/\/www.syc-cylinders.eu\/#\/schema\/logo\/image\/\"},\"sameAs\":[\"https:\/\/es-es.facebook.com\/Syc-Cylinders-Europe-1387368244908487\/\",\"https:\/\/x.com\/Syc_Cylinders\",\"https:\/\/www.linkedin.com\/company\/syc-cylinders\",\"https:\/\/www.youtube.com\/channel\/UCVmZ-OD_WC6Q9durvs11IrA\"]}]}<\/script>\n<!-- \/ Yoast SEO plugin. -->","yoast_head_json":{"title":"Botella 20 L cargada 200 C-15 (Argon y CO2) - SYC Cylinders","description":"Botella 20 L cargada 200 C-15 (Argon y CO2). Capacidad volum\u00e9trica: 20 litros (4000 l de gas). Di\u00e1metro: 200 mm. Presi\u00f3n de trabajo: 200 bars. M\u00e1s...","robots":{"index":"index","follow":"follow","max-snippet":"max-snippet:-1","max-image-preview":"max-image-preview:large","max-video-preview":"max-video-preview:-1"},"canonical":"https:\/\/www.syc-cylinders.eu\/tienda\/botella-20-l-200-c-15-std-gas\/","og_locale":"en_GB","og_type":"article","og_title":"Botella 20 L cargada 200 C-15 (Argon y CO2) - SYC Cylinders","og_description":"Botella 20 L cargada 200 C-15 (Argon y CO2). Capacidad volum\u00e9trica: 20 litros (4000 l de gas). Di\u00e1metro: 200 mm. Presi\u00f3n de trabajo: 200 bars. M\u00e1s...","og_url":"https:\/\/www.syc-cylinders.eu\/tienda\/botella-20-l-200-c-15-std-gas\/","og_site_name":"SYC Cylinders","article_publisher":"https:\/\/es-es.facebook.com\/Syc-Cylinders-Europe-1387368244908487\/","article_modified_time":"2026-01-30T09:45:55+00:00","og_image":[{"width":1136,"height":1136,"url":"https:\/\/www.syc-cylinders.eu\/wp-content\/uploads\/2016\/09\/20-L-200-c-15-verd-gris.webp","type":"image\/webp"}],"twitter_card":"summary_large_image","twitter_site":"@Syc_Cylinders","twitter_misc":{"Estimated reading time":"1 minute"},"schema":{"@context":"https:\/\/schema.org","@graph":[{"@type":"WebPage","@id":"https:\/\/www.syc-cylinders.eu\/tienda\/botella-20-l-200-c-15-std-gas\/","url":"https:\/\/www.syc-cylinders.eu\/tienda\/botella-20-l-200-c-15-std-gas\/","name":"Botella 20 L cargada 200 C-15 (Argon y CO2) - SYC Cylinders","isPartOf":{"@id":"https:\/\/www.syc-cylinders.eu\/#website"},"primaryImageOfPage":{"@id":"https:\/\/www.syc-cylinders.eu\/tienda\/botella-20-l-200-c-15-std-gas\/#primaryimage"},"image":{"@id":"https:\/\/www.syc-cylinders.eu\/tienda\/botella-20-l-200-c-15-std-gas\/#primaryimage"},"thumbnailUrl":"https:\/\/www.syc-cylinders.eu\/wp-content\/uploads\/2016\/09\/20-L-200-c-15-verd-gris.webp","datePublished":"2016-09-01T07:50:31+00:00","dateModified":"2026-01-30T09:45:55+00:00","description":"Botella 20 L cargada 200 C-15 (Argon y CO2). Capacidad volum\u00e9trica: 20 litros (4000 l de gas). Di\u00e1metro: 200 mm. Presi\u00f3n de trabajo: 200 bars. M\u00e1s...","breadcrumb":{"@id":"https:\/\/www.syc-cylinders.eu\/tienda\/botella-20-l-200-c-15-std-gas\/#breadcrumb"},"inLanguage":"en-GB","potentialAction":[{"@type":"ReadAction","target":["https:\/\/www.syc-cylinders.eu\/tienda\/botella-20-l-200-c-15-std-gas\/"]}]},{"@type":"ImageObject","inLanguage":"en-GB","@id":"https:\/\/www.syc-cylinders.eu\/tienda\/botella-20-l-200-c-15-std-gas\/#primaryimage","url":"https:\/\/www.syc-cylinders.eu\/wp-content\/uploads\/2016\/09\/20-L-200-c-15-verd-gris.webp","contentUrl":"https:\/\/www.syc-cylinders.eu\/wp-content\/uploads\/2016\/09\/20-L-200-c-15-verd-gris.webp","width":1136,"height":1136,"caption":"20L 200 botella industrial C15 CO2 dioxido de carbono argon verde gris"},{"@type":"BreadcrumbList","@id":"https:\/\/www.syc-cylinders.eu\/tienda\/botella-20-l-200-c-15-std-gas\/#breadcrumb","itemListElement":[{"@type":"ListItem","position":1,"name":"Home","item":"https:\/\/www.syc-cylinders.eu\/en\/"},{"@type":"ListItem","position":2,"name":"Tienda","item":"https:\/\/www.syc-cylinders.eu\/tienda\/"},{"@type":"ListItem","position":3,"name":"Botella 20 L 200 C-15 STD GAS"}]},{"@type":"WebSite","@id":"https:\/\/www.syc-cylinders.eu\/#website","url":"https:\/\/www.syc-cylinders.eu\/","name":"SYC Cylinders","description":"SYC Cylinders fabricante de botellas gas a presi\u00f3n y venta de accesorios de soldadura","publisher":{"@id":"https:\/\/www.syc-cylinders.eu\/#organization"},"potentialAction":[{"@type":"SearchAction","target":{"@type":"EntryPoint","urlTemplate":"https:\/\/www.syc-cylinders.eu\/?s={search_term_string}"},"query-input":{"@type":"PropertyValueSpecification","valueRequired":true,"valueName":"search_term_string"}}],"inLanguage":"en-GB"},{"@type":"Organization","@id":"https:\/\/www.syc-cylinders.eu\/#organization","name":"SYC Cylinders","url":"https:\/\/www.syc-cylinders.eu\/","logo":{"@type":"ImageObject","inLanguage":"en-GB","@id":"https:\/\/www.syc-cylinders.eu\/#\/schema\/logo\/image\/","url":"https:\/\/www.syc-cylinders.eu\/wp-content\/uploads\/2016\/07\/logo-syc.jpg","contentUrl":"https:\/\/www.syc-cylinders.eu\/wp-content\/uploads\/2016\/07\/logo-syc.jpg","width":182,"height":45,"caption":"SYC Cylinders"},"image":{"@id":"https:\/\/www.syc-cylinders.eu\/#\/schema\/logo\/image\/"},"sameAs":["https:\/\/es-es.facebook.com\/Syc-Cylinders-Europe-1387368244908487\/","https:\/\/x.com\/Syc_Cylinders","https:\/\/www.linkedin.com\/company\/syc-cylinders","https:\/\/www.youtube.com\/channel\/UCVmZ-OD_WC6Q9durvs11IrA"]}]}},"_links":{"self":[{"href":"https:\/\/www.syc-cylinders.eu\/en\/wp-json\/wp\/v2\/product\/953","targetHints":{"allow":["GET"]}}],"collection":[{"href":"https:\/\/www.syc-cylinders.eu\/en\/wp-json\/wp\/v2\/product"}],"about":[{"href":"https:\/\/www.syc-cylinders.eu\/en\/wp-json\/wp\/v2\/types\/product"}],"wp:featuredmedia":[{"embeddable":true,"href":"https:\/\/www.syc-cylinders.eu\/en\/wp-json\/wp\/v2\/media\/954"}],"wp:attachment":[{"href":"https:\/\/www.syc-cylinders.eu\/en\/wp-json\/wp\/v2\/media?parent=953"}],"wp:term":[{"taxonomy":"product_brand","embeddable":true,"href":"https:\/\/www.syc-cylinders.eu\/en\/wp-json\/wp\/v2\/product_brand?post=953"},{"taxonomy":"product_cat","embeddable":true,"href":"https:\/\/www.syc-cylinders.eu\/en\/wp-json\/wp\/v2\/product_cat?post=953"},{"taxonomy":"product_tag","embeddable":true,"href":"https:\/\/www.syc-cylinders.eu\/en\/wp-json\/wp\/v2\/product_tag?post=953"}],"curies":[{"name":"wp","href":"https:\/\/api.w.org\/{rel}","templated":true}]}}