{"id":893,"date":"2016-08-31T09:15:50","date_gmt":"2016-08-31T07:15:50","guid":{"rendered":"https:\/\/www.syc-cylinders.eu\/?post_type=product&#038;p=893"},"modified":"2025-07-17T10:29:47","modified_gmt":"2025-07-17T08:29:47","slug":"7-l-cylinder-140-concave-for-industrial-inert-gas-empty","status":"publish","type":"product","link":"https:\/\/www.syc-cylinders.eu\/en\/shop\/7-l-cylinder-140-concave-for-industrial-inert-gas-empty\/","title":{"rendered":"7 L Cylinder 140 concave for Industrial Inert Gas (empty)","raw":"7 L Cylinder 140 concave for Industrial Inert Gas (empty)"},"content":{"rendered":"","protected":false,"raw":""},"excerpt":{"rendered":"<hr \/>\n<p>7L Cylinder for Industrial Inert Gas.<\/p>\n<ul>\n<li>Water Capacity: 7 liters (1400 l gas).<\/li>\n<li>Diameter: 140 mm.<\/li>\n<li>Working Pressure : 200 bars.<\/li>\n<li>Thread 21,7 mm x 1\/14&#8243; Right-handed.<\/li>\n<li>Concave base shape.<\/li>\n<li>Protection guard included.<\/li>\n<li>Painted in accordance with standards UNE-EN 1089.<\/li>\n<li>Gas NOT INCLUDED.<\/li>\n<\/ul>\n<p>The colour of the cylinders may vary.<\/p>\n<hr \/>\n","protected":false,"raw":"<hr \/>\r\n\r\n7L Cylinder for Industrial Inert Gas.\r\n\r\n<ul>\r\n<li>Water Capacity: 7 liters (1400 l gas).<\/li>\r\n<li>Diameter: 140 mm.<\/li>\r\n<li>Working Pressure : 200 bars.<\/li>\r\n<li>Thread 21,7 mm x 1\/14\" Right-handed.<\/li>\r\n<li>Concave base shape.<\/li>\r\n<li>Protection guard included.<\/li>\r\n<li>Painted in accordance with standards UNE-EN 1089.<\/li>\r\n<li>Gas NOT INCLUDED.<\/li>\r\n<\/ul>\r\n\r\n<p>The colour of the cylinders may vary.<\/p>\r\n\r\n<hr \/>"},"featured_media":894,"template":"","meta":{"inline_featured_image":false,"_es_post_content":"","_es_post_name":"botella-vacia-7-l-140-inerte-std","_es_post_excerpt":"<hr \/>\r\n\r\nBotella vac\u00eda de 7L para gas inerte.\r\n\r\n<ul>\r\n<li>Capacidad volum\u00e9trica: 7 litros (1400 l de gas).<\/li>\r\n<li>Di\u00e1metro: 140 mm.<\/li>\r\n<li>Presi\u00f3n de trabajo: 200 bars.<\/li>\r\n<li>Con v\u00e1lvula standard para mercado espa\u00f1ol.<\/li>\r\n<li>Rosca 21,7 mm x 1\/14\" Derechas.<\/li>\r\n<li>Fondo c\u00f3ncavo.<\/li>\r\n<li>Incluye tulipa de protecci\u00f3n.<\/li>\r\n<li>Pintada seg\u00fan normativa UNE-EN 1089.<\/li>\r\n<li>NO INCLUYE carga de gas.<\/li>\r\n<\/ul>\r\n\r\n<p>El color de las botellas puede variar.<\/p>\r\n\r\n<hr \/>","_es_post_title":"Botella 7 L 140 Inerte STD","_en_post_content":"","_en_post_name":"7-l-cylinder-140-concave-for-industrial-inert-gas-empty","_en_post_excerpt":"<hr \/>\r\n\r\n7L Cylinder for Industrial Inert Gas.\r\n\r\n<ul>\r\n<li>Water Capacity: 7 liters (1400 l gas).<\/li>\r\n<li>Diameter: 140 mm.<\/li>\r\n<li>Working Pressure : 200 bars.<\/li>\r\n<li>Thread 21,7 mm x 1\/14\" Right-handed.<\/li>\r\n<li>Concave base shape.<\/li>\r\n<li>Protection guard included.<\/li>\r\n<li>Painted in accordance with standards UNE-EN 1089.<\/li>\r\n<li>Gas NOT INCLUDED.<\/li>\r\n<\/ul>\r\n\r\n<p>The colour of the cylinders may vary.<\/p>\r\n\r\n<hr \/>","_en_post_title":"7 L Cylinder 140 concave for Industrial Inert Gas (empty)","_fr_post_content":"","_fr_post_name":"bouteille-vide-7-l-140-inerte","_fr_post_excerpt":"<hr \/>\r\n\r\nBouteille vide 7L pour gaz Inerte. \r\n\r\n<ul>\r\n<li>Capacit\u00e9 volum\u00e9trique: 7 litres (1400 l de gaz).<\/li>\r\n<li>Diam\u00e8tre: 140 mm.<\/li>\r\n<li>Pression de service: 200 bars.<\/li>\r\n<li>Avec robinet standard pour march\u00e9 fran\u00e7ais.<\/li>\r\n<li>Vis 21,7 mm x 1\/14\u2033 Droites.<\/li>\r\n<li>Fond concave.<\/li>\r\n<li>Tulipe de protection inclus. <\/li>\r\n<li>Peinte selon la norme UNE-EN 1089.<\/li>\r\n<li>Chargement de gaz NON INCLUS.<\/li>\r\n<\/ul>\r\n\r\n<p>\r\nLa couleur des bouteilles peut varier.<\/p>\r\n\r\n<hr \/>","_fr_post_title":"Bouteille vide 7 L 140 Inerte","_pt_post_content":"","_pt_post_name":"cilindro-7-l-140-inerte-std","_pt_post_excerpt":"<hr \/>\r\n\r\nCilindro vazio de 7L para g\u00e1s inerte.\r\n\r\n<ul>\r\n<li>Capacidade volum\u00e9trica: 7 litros (1400 l de g\u00e1s).<\/li>\r\n<li>Di\u00e2metro: 140 mm.<\/li>\r\n<li>Press\u00e3o de trabalho: 200 bars.<\/li>\r\n<li>Com v\u00e1lvula padr\u00e3o para o mercado espanhol.<\/li>\r\n<li>Rosca 21,7 mm x 1\/14\" Direitas.<\/li>\r\n<li>Fundo c\u00f4ncavo.<\/li>\r\n<li>Inclui tampa de prote\u00e7\u00e3o.<\/li>\r\n<li>Pintado de acordo com o Regulamento UNE-EN 1089.<\/li>\r\n<li>N\u00c3O INCLUI carga de g\u00e1s.<\/li>\r\n<\/ul>\r\n<p>A cor das cilindros pode variar.<\/p>\r\n\r\n<hr \/>\r\n\r\n\r\n","_pt_post_title":"Cilindro 7 L 140 Inerte STD","edit_language":"en"},"product_brand":[],"product_cat":[237,17],"product_tag":[],"class_list":{"0":"post-893","1":"product","2":"type-product","3":"status-publish","4":"has-post-thumbnail","6":"product_cat-botella-vacia-industrial","7":"product_cat-vacias","8":"product_shipping_class-no-adr-producto","10":"first","11":"instock","12":"taxable","13":"shipping-taxable","14":"purchasable","15":"product-type-simple","16":"czr-hentry"},"yoast_head":"<!-- This site is optimized with the Yoast SEO plugin v27.1.1 - https:\/\/yoast.com\/product\/yoast-seo-wordpress\/ -->\n<title>Botella 7 L vac\u00eda 140 Inerte Industrial - SYC Cylinders<\/title>\n<meta name=\"description\" content=\"Botella 7 L vac\u00eda 140 Inerte Industrial. Capacidad volum\u00e9trica: 7 litros (1400 l de gas). Di\u00e1metro: 140 mm. NO INCLUYE carga de gas. M\u00e1s...\" \/>\n<meta name=\"robots\" content=\"index, follow, max-snippet:-1, max-image-preview:large, max-video-preview:-1\" \/>\n<link rel=\"canonical\" href=\"https:\/\/www.syc-cylinders.eu\/tienda\/botella-vacia-7-l-140-inerte-std\/\" \/>\n<meta property=\"og:locale\" content=\"en_GB\" \/>\n<meta property=\"og:type\" content=\"article\" \/>\n<meta property=\"og:title\" content=\"Botella 7 L vac\u00eda 140 Inerte Industrial - SYC Cylinders\" \/>\n<meta property=\"og:description\" content=\"Botella 7 L vac\u00eda 140 Inerte Industrial. Capacidad volum\u00e9trica: 7 litros (1400 l de gas). Di\u00e1metro: 140 mm. NO INCLUYE carga de gas. M\u00e1s...\" \/>\n<meta property=\"og:url\" content=\"https:\/\/www.syc-cylinders.eu\/tienda\/botella-vacia-7-l-140-inerte-std\/\" \/>\n<meta property=\"og:site_name\" content=\"SYC Cylinders\" \/>\n<meta property=\"article:publisher\" content=\"https:\/\/es-es.facebook.com\/Syc-Cylinders-Europe-1387368244908487\/\" \/>\n<meta property=\"article:modified_time\" content=\"2025-07-17T08:29:47+00:00\" \/>\n<meta property=\"og:image\" content=\"https:\/\/www.syc-cylinders.eu\/wp-content\/uploads\/2016\/08\/7-L-140-s-gas-STD-inert-green-black.webp\" \/>\n\t<meta property=\"og:image:width\" content=\"1152\" \/>\n\t<meta property=\"og:image:height\" content=\"1152\" \/>\n\t<meta property=\"og:image:type\" content=\"image\/webp\" \/>\n<meta name=\"twitter:card\" content=\"summary_large_image\" \/>\n<meta name=\"twitter:site\" content=\"@Syc_Cylinders\" \/>\n<meta name=\"twitter:label1\" content=\"Estimated reading time\" \/>\n\t<meta name=\"twitter:data1\" content=\"1 minute\" \/>\n<script type=\"application\/ld+json\" class=\"yoast-schema-graph\">{\"@context\":\"https:\/\/schema.org\",\"@graph\":[{\"@type\":\"WebPage\",\"@id\":\"https:\/\/www.syc-cylinders.eu\/tienda\/botella-vacia-7-l-140-inerte-std\/\",\"url\":\"https:\/\/www.syc-cylinders.eu\/tienda\/botella-vacia-7-l-140-inerte-std\/\",\"name\":\"Botella 7 L vac\u00eda 140 Inerte Industrial - SYC Cylinders\",\"isPartOf\":{\"@id\":\"https:\/\/www.syc-cylinders.eu\/#website\"},\"primaryImageOfPage\":{\"@id\":\"https:\/\/www.syc-cylinders.eu\/tienda\/botella-vacia-7-l-140-inerte-std\/#primaryimage\"},\"image\":{\"@id\":\"https:\/\/www.syc-cylinders.eu\/tienda\/botella-vacia-7-l-140-inerte-std\/#primaryimage\"},\"thumbnailUrl\":\"https:\/\/www.syc-cylinders.eu\/wp-content\/uploads\/2016\/08\/7-L-140-s-gas-STD-inert-green-black.webp\",\"datePublished\":\"2016-08-31T07:15:50+00:00\",\"dateModified\":\"2025-07-17T08:29:47+00:00\",\"description\":\"Botella 7 L vac\u00eda 140 Inerte Industrial. Capacidad volum\u00e9trica: 7 litros (1400 l de gas). Di\u00e1metro: 140 mm. NO INCLUYE carga de gas. M\u00e1s...\",\"breadcrumb\":{\"@id\":\"https:\/\/www.syc-cylinders.eu\/tienda\/botella-vacia-7-l-140-inerte-std\/#breadcrumb\"},\"inLanguage\":\"en-GB\",\"potentialAction\":[{\"@type\":\"ReadAction\",\"target\":[\"https:\/\/www.syc-cylinders.eu\/tienda\/botella-vacia-7-l-140-inerte-std\/\"]}]},{\"@type\":\"ImageObject\",\"inLanguage\":\"en-GB\",\"@id\":\"https:\/\/www.syc-cylinders.eu\/tienda\/botella-vacia-7-l-140-inerte-std\/#primaryimage\",\"url\":\"https:\/\/www.syc-cylinders.eu\/wp-content\/uploads\/2016\/08\/7-L-140-s-gas-STD-inert-green-black.webp\",\"contentUrl\":\"https:\/\/www.syc-cylinders.eu\/wp-content\/uploads\/2016\/08\/7-L-140-s-gas-STD-inert-green-black.webp\",\"width\":1152,\"height\":1152},{\"@type\":\"BreadcrumbList\",\"@id\":\"https:\/\/www.syc-cylinders.eu\/tienda\/botella-vacia-7-l-140-inerte-std\/#breadcrumb\",\"itemListElement\":[{\"@type\":\"ListItem\",\"position\":1,\"name\":\"Home\",\"item\":\"https:\/\/www.syc-cylinders.eu\/en\/\"},{\"@type\":\"ListItem\",\"position\":2,\"name\":\"Tienda\",\"item\":\"https:\/\/www.syc-cylinders.eu\/tienda\/\"},{\"@type\":\"ListItem\",\"position\":3,\"name\":\"Botella 7 L 140 Inerte STD\"}]},{\"@type\":\"WebSite\",\"@id\":\"https:\/\/www.syc-cylinders.eu\/#website\",\"url\":\"https:\/\/www.syc-cylinders.eu\/\",\"name\":\"SYC Cylinders\",\"description\":\"SYC Cylinders fabricante de botellas gas a presi\u00f3n y venta de accesorios de soldadura\",\"publisher\":{\"@id\":\"https:\/\/www.syc-cylinders.eu\/#organization\"},\"potentialAction\":[{\"@type\":\"SearchAction\",\"target\":{\"@type\":\"EntryPoint\",\"urlTemplate\":\"https:\/\/www.syc-cylinders.eu\/?s={search_term_string}\"},\"query-input\":{\"@type\":\"PropertyValueSpecification\",\"valueRequired\":true,\"valueName\":\"search_term_string\"}}],\"inLanguage\":\"en-GB\"},{\"@type\":\"Organization\",\"@id\":\"https:\/\/www.syc-cylinders.eu\/#organization\",\"name\":\"SYC Cylinders\",\"url\":\"https:\/\/www.syc-cylinders.eu\/\",\"logo\":{\"@type\":\"ImageObject\",\"inLanguage\":\"en-GB\",\"@id\":\"https:\/\/www.syc-cylinders.eu\/#\/schema\/logo\/image\/\",\"url\":\"https:\/\/www.syc-cylinders.eu\/wp-content\/uploads\/2016\/07\/logo-syc.jpg\",\"contentUrl\":\"https:\/\/www.syc-cylinders.eu\/wp-content\/uploads\/2016\/07\/logo-syc.jpg\",\"width\":182,\"height\":45,\"caption\":\"SYC Cylinders\"},\"image\":{\"@id\":\"https:\/\/www.syc-cylinders.eu\/#\/schema\/logo\/image\/\"},\"sameAs\":[\"https:\/\/es-es.facebook.com\/Syc-Cylinders-Europe-1387368244908487\/\",\"https:\/\/x.com\/Syc_Cylinders\",\"https:\/\/www.linkedin.com\/company\/syc-cylinders\",\"https:\/\/www.youtube.com\/channel\/UCVmZ-OD_WC6Q9durvs11IrA\"]}]}<\/script>\n<!-- \/ Yoast SEO plugin. -->","yoast_head_json":{"title":"Botella 7 L vac\u00eda 140 Inerte Industrial - SYC Cylinders","description":"Botella 7 L vac\u00eda 140 Inerte Industrial. Capacidad volum\u00e9trica: 7 litros (1400 l de gas). Di\u00e1metro: 140 mm. NO INCLUYE carga de gas. M\u00e1s...","robots":{"index":"index","follow":"follow","max-snippet":"max-snippet:-1","max-image-preview":"max-image-preview:large","max-video-preview":"max-video-preview:-1"},"canonical":"https:\/\/www.syc-cylinders.eu\/tienda\/botella-vacia-7-l-140-inerte-std\/","og_locale":"en_GB","og_type":"article","og_title":"Botella 7 L vac\u00eda 140 Inerte Industrial - SYC Cylinders","og_description":"Botella 7 L vac\u00eda 140 Inerte Industrial. Capacidad volum\u00e9trica: 7 litros (1400 l de gas). Di\u00e1metro: 140 mm. NO INCLUYE carga de gas. M\u00e1s...","og_url":"https:\/\/www.syc-cylinders.eu\/tienda\/botella-vacia-7-l-140-inerte-std\/","og_site_name":"SYC Cylinders","article_publisher":"https:\/\/es-es.facebook.com\/Syc-Cylinders-Europe-1387368244908487\/","article_modified_time":"2025-07-17T08:29:47+00:00","og_image":[{"width":1152,"height":1152,"url":"https:\/\/www.syc-cylinders.eu\/wp-content\/uploads\/2016\/08\/7-L-140-s-gas-STD-inert-green-black.webp","type":"image\/webp"}],"twitter_card":"summary_large_image","twitter_site":"@Syc_Cylinders","twitter_misc":{"Estimated reading time":"1 minute"},"schema":{"@context":"https:\/\/schema.org","@graph":[{"@type":"WebPage","@id":"https:\/\/www.syc-cylinders.eu\/tienda\/botella-vacia-7-l-140-inerte-std\/","url":"https:\/\/www.syc-cylinders.eu\/tienda\/botella-vacia-7-l-140-inerte-std\/","name":"Botella 7 L vac\u00eda 140 Inerte Industrial - SYC Cylinders","isPartOf":{"@id":"https:\/\/www.syc-cylinders.eu\/#website"},"primaryImageOfPage":{"@id":"https:\/\/www.syc-cylinders.eu\/tienda\/botella-vacia-7-l-140-inerte-std\/#primaryimage"},"image":{"@id":"https:\/\/www.syc-cylinders.eu\/tienda\/botella-vacia-7-l-140-inerte-std\/#primaryimage"},"thumbnailUrl":"https:\/\/www.syc-cylinders.eu\/wp-content\/uploads\/2016\/08\/7-L-140-s-gas-STD-inert-green-black.webp","datePublished":"2016-08-31T07:15:50+00:00","dateModified":"2025-07-17T08:29:47+00:00","description":"Botella 7 L vac\u00eda 140 Inerte Industrial. Capacidad volum\u00e9trica: 7 litros (1400 l de gas). Di\u00e1metro: 140 mm. NO INCLUYE carga de gas. M\u00e1s...","breadcrumb":{"@id":"https:\/\/www.syc-cylinders.eu\/tienda\/botella-vacia-7-l-140-inerte-std\/#breadcrumb"},"inLanguage":"en-GB","potentialAction":[{"@type":"ReadAction","target":["https:\/\/www.syc-cylinders.eu\/tienda\/botella-vacia-7-l-140-inerte-std\/"]}]},{"@type":"ImageObject","inLanguage":"en-GB","@id":"https:\/\/www.syc-cylinders.eu\/tienda\/botella-vacia-7-l-140-inerte-std\/#primaryimage","url":"https:\/\/www.syc-cylinders.eu\/wp-content\/uploads\/2016\/08\/7-L-140-s-gas-STD-inert-green-black.webp","contentUrl":"https:\/\/www.syc-cylinders.eu\/wp-content\/uploads\/2016\/08\/7-L-140-s-gas-STD-inert-green-black.webp","width":1152,"height":1152},{"@type":"BreadcrumbList","@id":"https:\/\/www.syc-cylinders.eu\/tienda\/botella-vacia-7-l-140-inerte-std\/#breadcrumb","itemListElement":[{"@type":"ListItem","position":1,"name":"Home","item":"https:\/\/www.syc-cylinders.eu\/en\/"},{"@type":"ListItem","position":2,"name":"Tienda","item":"https:\/\/www.syc-cylinders.eu\/tienda\/"},{"@type":"ListItem","position":3,"name":"Botella 7 L 140 Inerte STD"}]},{"@type":"WebSite","@id":"https:\/\/www.syc-cylinders.eu\/#website","url":"https:\/\/www.syc-cylinders.eu\/","name":"SYC Cylinders","description":"SYC Cylinders fabricante de botellas gas a presi\u00f3n y venta de accesorios de soldadura","publisher":{"@id":"https:\/\/www.syc-cylinders.eu\/#organization"},"potentialAction":[{"@type":"SearchAction","target":{"@type":"EntryPoint","urlTemplate":"https:\/\/www.syc-cylinders.eu\/?s={search_term_string}"},"query-input":{"@type":"PropertyValueSpecification","valueRequired":true,"valueName":"search_term_string"}}],"inLanguage":"en-GB"},{"@type":"Organization","@id":"https:\/\/www.syc-cylinders.eu\/#organization","name":"SYC Cylinders","url":"https:\/\/www.syc-cylinders.eu\/","logo":{"@type":"ImageObject","inLanguage":"en-GB","@id":"https:\/\/www.syc-cylinders.eu\/#\/schema\/logo\/image\/","url":"https:\/\/www.syc-cylinders.eu\/wp-content\/uploads\/2016\/07\/logo-syc.jpg","contentUrl":"https:\/\/www.syc-cylinders.eu\/wp-content\/uploads\/2016\/07\/logo-syc.jpg","width":182,"height":45,"caption":"SYC Cylinders"},"image":{"@id":"https:\/\/www.syc-cylinders.eu\/#\/schema\/logo\/image\/"},"sameAs":["https:\/\/es-es.facebook.com\/Syc-Cylinders-Europe-1387368244908487\/","https:\/\/x.com\/Syc_Cylinders","https:\/\/www.linkedin.com\/company\/syc-cylinders","https:\/\/www.youtube.com\/channel\/UCVmZ-OD_WC6Q9durvs11IrA"]}]}},"_links":{"self":[{"href":"https:\/\/www.syc-cylinders.eu\/en\/wp-json\/wp\/v2\/product\/893","targetHints":{"allow":["GET"]}}],"collection":[{"href":"https:\/\/www.syc-cylinders.eu\/en\/wp-json\/wp\/v2\/product"}],"about":[{"href":"https:\/\/www.syc-cylinders.eu\/en\/wp-json\/wp\/v2\/types\/product"}],"wp:featuredmedia":[{"embeddable":true,"href":"https:\/\/www.syc-cylinders.eu\/en\/wp-json\/wp\/v2\/media\/894"}],"wp:attachment":[{"href":"https:\/\/www.syc-cylinders.eu\/en\/wp-json\/wp\/v2\/media?parent=893"}],"wp:term":[{"taxonomy":"product_brand","embeddable":true,"href":"https:\/\/www.syc-cylinders.eu\/en\/wp-json\/wp\/v2\/product_brand?post=893"},{"taxonomy":"product_cat","embeddable":true,"href":"https:\/\/www.syc-cylinders.eu\/en\/wp-json\/wp\/v2\/product_cat?post=893"},{"taxonomy":"product_tag","embeddable":true,"href":"https:\/\/www.syc-cylinders.eu\/en\/wp-json\/wp\/v2\/product_tag?post=893"}],"curies":[{"name":"wp","href":"https:\/\/api.w.org\/{rel}","templated":true}]}}