{"id":848,"date":"2016-08-30T10:15:44","date_gmt":"2016-08-30T08:15:44","guid":{"rendered":"https:\/\/www.syc-cylinders.eu\/?post_type=product&#038;p=848"},"modified":"2025-02-19T10:47:09","modified_gmt":"2025-02-19T09:47:09","slug":"5-l-integrated-cylinder-140-o2-concave-for-medical-oxygen-empty","status":"publish","type":"product","link":"https:\/\/www.syc-cylinders.eu\/en\/shop\/5-l-integrated-cylinder-140-o2-concave-for-medical-oxygen-empty\/","title":{"rendered":"5 L Integrated Cylinder 140 O2 concave for Medical Oxygen (empty)","raw":"5 L Integrated Cylinder 140 O2 concave for Medical Oxygen (empty)"},"content":{"rendered":"","protected":false,"raw":""},"excerpt":{"rendered":"<hr \/>\n<p>5L Integrated Cylinder for Medical Oxygen<\/p>\n<ul>\n<li>Water Capacity: 5 liters (1000 l gas).<\/li>\n<li>Diameter: 140 mm.<\/li>\n<li>Working Pressure : 200 bars.<\/li>\n<li>With valve and integrated regulator.<\/li>\n<li>Thread 22,91 mm x 1\/14&#8243; Right-handed.<\/li>\n<li>Concave base shape.<\/li>\n<li>Painted in accordance with standards UNE-EN 1089.<\/li>\n<li>Gas NOT INCLUDED.<\/li>\n<\/ul>\n<hr \/>\n","protected":false,"raw":"<hr \/>\r\n\r\n5L Integrated Cylinder for Medical Oxygen\r\n\r\n<ul>\r\n<li>Water Capacity: 5 liters (1000 l gas).<\/li>\r\n<li>Diameter: 140 mm.<\/li>\r\n<li>Working Pressure : 200 bars.<\/li>\r\n<li>With valve and integrated regulator.<\/li>\r\n<li>Thread 22,91 mm x 1\/14\" Right-handed.<\/li>\r\n<li>Concave base shape.<\/li>\r\n<li>Painted in accordance with standards UNE-EN 1089.<\/li>\r\n<li>Gas NOT INCLUDED.<\/li>\r\n<\/ul>\r\n\r\n<hr \/>"},"featured_media":849,"template":"","meta":{"inline_featured_image":false,"_es_post_content":"","_es_post_name":"botella-vacia-5-l-140-o2-oxigeno-medicinal-compacta","_es_post_excerpt":"<hr \/>\r\n\r\nBotella vac\u00eda de 5L compacta para gas ox\u00edgeno medicinal.\r\n\r\n<ul>\r\n<li>Capacidad volum\u00e9trica: 5 litros (1000 l de gas).<\/li>\r\n<li>Di\u00e1metro: 140 mm.<\/li>\r\n<li>Presi\u00f3n de trabajo: 200 bars.<\/li>\r\n<li>Con v\u00e1lvula y regulador integrado.<\/li>\r\n<li>Rosca 22,91 mm x 1\/14\" Derechas.<\/li>\r\n<li>Fondo c\u00f3ncavo.<\/li>\r\n<li>Pintada seg\u00fan normativa UNE-EN 1089.<\/li>\r\n<li>NO INCLUYE carga de gas.<\/li>\r\n<li>CANTIDAD M\u00cdNIMA 25 Unidades<\/li>\r\n<\/ul>\r\n\r\n<hr \/>","_es_post_title":"Botella 5 L 140 O2 Ox\u00edgeno Medicinal compacta c\u00f3ncava vac\u00eda","_en_post_content":"","_en_post_name":"5-l-integrated-cylinder-140-o2-concave-for-medical-oxygen-empty","_en_post_excerpt":"<hr \/>\r\n\r\n5L Integrated Cylinder for Medical Oxygen\r\n\r\n<ul>\r\n<li>Water Capacity: 5 liters (1000 l gas).<\/li>\r\n<li>Diameter: 140 mm.<\/li>\r\n<li>Working Pressure : 200 bars.<\/li>\r\n<li>With valve and integrated regulator.<\/li>\r\n<li>Thread 22,91 mm x 1\/14\" Right-handed.<\/li>\r\n<li>Concave base shape.<\/li>\r\n<li>Painted in accordance with standards UNE-EN 1089.<\/li>\r\n<li>Gas NOT INCLUDED.<\/li>\r\n<\/ul>\r\n\r\n<hr \/>","_en_post_title":"5 L Integrated Cylinder 140 O2 concave for Medical Oxygen (empty)","_fr_post_content":"","_fr_post_name":"bouteille-5-l-140-o2-oxygene-medicinale-compacte-concave-vide","_fr_post_excerpt":"<hr \/>\r\n\r\nBouteille vide de 5L pour gaz oxyg\u00e8ne m\u00e9dicinale compact\u00e9. \r\n\r\n<ul>\r\n<li>Capacit\u00e9 volum\u00e9trique: 5 litres (1000 l de gaz).<\/li>\r\n<li>Diam\u00e8tre: 140 mm.<\/li>\r\n<li>Pression de service: 200 bars.<\/li>\r\n<li>Avec robinet et d\u00e9tendeur int\u00e9gr\u00e9. <\/li>\r\n<li>Vis 22,91 mm x 1\/14\u2033 Droites.<\/li>\r\n<li>Fond concave.<\/li>\r\n<li>Peinte selon la norme UNE-EN 1089.<\/li>\r\n<li>Chargement de gaz NON INCLUS.<\/li>\r\n<\/ul>\r\n\r\n<hr \/>","_fr_post_title":"Bouteille 5 L 140 O2 Oxyg\u00e8ne M\u00e9dicinale compact\u00e9 concave vide","_pt_post_content":"","_pt_post_name":"cilindro-5-l-140-o2-oxigenio-medicinal-compacto-concavo-vazio","_pt_post_excerpt":"<hr \/>\r\n\r\nCilindro vazio de 5L compacto para g\u00e1s oxig\u00eanio medicinal.\r\n\r\n<ul>\r\n<li>Capacidade volum\u00e9trica: 5 litros (1000 l de g\u00e1s).<\/li>\r\n<li>Di\u00e2metro: 140 mm.<\/li>\r\n<li>Press\u00e3o de trabalho: 200 bars.<\/li>\r\n<li>Com v\u00e1lvula e regulador integrado.<\/li>\r\n<li>Rosca 22,91 mm x 1\/14\" Direitas.<\/li>\r\n<li>Fundo c\u00f4ncavo.<\/li>\r\n<li>Pintado de acordo com o Regulamento UNE-EN 1089.<\/li>\r\n<li>N\u00c3O INCLUI carga de g\u00e1s.<\/li>\r\n<\/ul>\r\n\r\n<hr \/>\r\n","_pt_post_title":"Cilindro 5 L 140 O2 Oxig\u00eanio Medicinal compacto c\u00f4ncavo vazio","edit_language":"en"},"product_brand":[],"product_cat":[17,27],"product_tag":[],"class_list":{"0":"post-848","1":"product","2":"type-product","3":"status-publish","4":"has-post-thumbnail","6":"product_cat-vacias","7":"product_cat-botellas-medicinales","8":"product_shipping_class-no-adr-producto","10":"first","11":"outofstock","12":"taxable","13":"shipping-taxable","14":"purchasable","15":"product-type-simple","16":"czr-hentry"},"yoast_head":"<!-- This site is optimized with the Yoast SEO plugin v27.4 - https:\/\/yoast.com\/product\/yoast-seo-wordpress\/ -->\n<title>Botella 5 L vac\u00eda 140 Ox\u00edgeno Medicinal Compacta - SYC Cylinders<\/title>\n<meta name=\"description\" content=\"Botella 5 L vac\u00eda 140 Ox\u00edgeno Medicinal Compacta. Capacidad volum\u00e9trica: 5 litros (1000 l de gas). Di\u00e1metro: 140 mm. NO INCLUYE carga de gas. M\u00e1s...\" \/>\n<meta name=\"robots\" content=\"index, follow, max-snippet:-1, max-image-preview:large, max-video-preview:-1\" \/>\n<link rel=\"canonical\" href=\"https:\/\/www.syc-cylinders.eu\/tienda\/botella-vacia-5-l-140-o2-oxigeno-medicinal-compacta\/\" \/>\n<meta property=\"og:locale\" content=\"en_GB\" \/>\n<meta property=\"og:type\" content=\"article\" \/>\n<meta property=\"og:title\" content=\"Botella 5 L vac\u00eda 140 Ox\u00edgeno Medicinal Compacta - SYC Cylinders\" \/>\n<meta property=\"og:description\" content=\"Botella 5 L vac\u00eda 140 Ox\u00edgeno Medicinal Compacta. Capacidad volum\u00e9trica: 5 litros (1000 l de gas). Di\u00e1metro: 140 mm. NO INCLUYE carga de gas. M\u00e1s...\" \/>\n<meta property=\"og:url\" content=\"https:\/\/www.syc-cylinders.eu\/tienda\/botella-vacia-5-l-140-o2-oxigeno-medicinal-compacta\/\" \/>\n<meta property=\"og:site_name\" content=\"SYC Cylinders\" \/>\n<meta property=\"article:publisher\" content=\"https:\/\/es-es.facebook.com\/Syc-Cylinders-Europe-1387368244908487\/\" \/>\n<meta property=\"article:modified_time\" content=\"2025-02-19T09:47:09+00:00\" \/>\n<meta property=\"og:image\" content=\"https:\/\/www.syc-cylinders.eu\/wp-content\/uploads\/2016\/08\/5L-138-sin-without-gas-integrated-valve-valvula-compacta-white-medical.webp\" \/>\n\t<meta property=\"og:image:width\" content=\"1152\" \/>\n\t<meta property=\"og:image:height\" content=\"1152\" \/>\n\t<meta property=\"og:image:type\" content=\"image\/webp\" \/>\n<meta name=\"twitter:card\" content=\"summary_large_image\" \/>\n<meta name=\"twitter:site\" content=\"@Syc_Cylinders\" \/>\n<script type=\"application\/ld+json\" class=\"yoast-schema-graph\">{\"@context\":\"https:\\\/\\\/schema.org\",\"@graph\":[{\"@type\":\"WebPage\",\"@id\":\"https:\\\/\\\/www.syc-cylinders.eu\\\/tienda\\\/botella-vacia-5-l-140-o2-oxigeno-medicinal-compacta\\\/\",\"url\":\"https:\\\/\\\/www.syc-cylinders.eu\\\/tienda\\\/botella-vacia-5-l-140-o2-oxigeno-medicinal-compacta\\\/\",\"name\":\"Botella 5 L vac\u00eda 140 Ox\u00edgeno Medicinal Compacta - SYC Cylinders\",\"isPartOf\":{\"@id\":\"https:\\\/\\\/www.syc-cylinders.eu\\\/#website\"},\"primaryImageOfPage\":{\"@id\":\"https:\\\/\\\/www.syc-cylinders.eu\\\/tienda\\\/botella-vacia-5-l-140-o2-oxigeno-medicinal-compacta\\\/#primaryimage\"},\"image\":{\"@id\":\"https:\\\/\\\/www.syc-cylinders.eu\\\/tienda\\\/botella-vacia-5-l-140-o2-oxigeno-medicinal-compacta\\\/#primaryimage\"},\"thumbnailUrl\":\"https:\\\/\\\/www.syc-cylinders.eu\\\/wp-content\\\/uploads\\\/2016\\\/08\\\/5L-138-sin-without-gas-integrated-valve-valvula-compacta-white-medical.webp\",\"datePublished\":\"2016-08-30T08:15:44+00:00\",\"dateModified\":\"2025-02-19T09:47:09+00:00\",\"description\":\"Botella 5 L vac\u00eda 140 Ox\u00edgeno Medicinal Compacta. Capacidad volum\u00e9trica: 5 litros (1000 l de gas). Di\u00e1metro: 140 mm. NO INCLUYE carga de gas. M\u00e1s...\",\"breadcrumb\":{\"@id\":\"https:\\\/\\\/www.syc-cylinders.eu\\\/tienda\\\/botella-vacia-5-l-140-o2-oxigeno-medicinal-compacta\\\/#breadcrumb\"},\"inLanguage\":\"en-GB\",\"potentialAction\":[{\"@type\":\"ReadAction\",\"target\":[\"https:\\\/\\\/www.syc-cylinders.eu\\\/tienda\\\/botella-vacia-5-l-140-o2-oxigeno-medicinal-compacta\\\/\"]}]},{\"@type\":\"ImageObject\",\"inLanguage\":\"en-GB\",\"@id\":\"https:\\\/\\\/www.syc-cylinders.eu\\\/tienda\\\/botella-vacia-5-l-140-o2-oxigeno-medicinal-compacta\\\/#primaryimage\",\"url\":\"https:\\\/\\\/www.syc-cylinders.eu\\\/wp-content\\\/uploads\\\/2016\\\/08\\\/5L-138-sin-without-gas-integrated-valve-valvula-compacta-white-medical.webp\",\"contentUrl\":\"https:\\\/\\\/www.syc-cylinders.eu\\\/wp-content\\\/uploads\\\/2016\\\/08\\\/5L-138-sin-without-gas-integrated-valve-valvula-compacta-white-medical.webp\",\"width\":1152,\"height\":1152},{\"@type\":\"BreadcrumbList\",\"@id\":\"https:\\\/\\\/www.syc-cylinders.eu\\\/tienda\\\/botella-vacia-5-l-140-o2-oxigeno-medicinal-compacta\\\/#breadcrumb\",\"itemListElement\":[{\"@type\":\"ListItem\",\"position\":1,\"name\":\"Home\",\"item\":\"https:\\\/\\\/www.syc-cylinders.eu\\\/en\\\/\"},{\"@type\":\"ListItem\",\"position\":2,\"name\":\"Tienda\",\"item\":\"https:\\\/\\\/www.syc-cylinders.eu\\\/tienda\\\/\"},{\"@type\":\"ListItem\",\"position\":3,\"name\":\"Botella 5 L 140 O2 Ox\u00edgeno Medicinal compacta c\u00f3ncava vac\u00eda\"}]},{\"@type\":\"WebSite\",\"@id\":\"https:\\\/\\\/www.syc-cylinders.eu\\\/#website\",\"url\":\"https:\\\/\\\/www.syc-cylinders.eu\\\/\",\"name\":\"SYC Cylinders\",\"description\":\"SYC Cylinders fabricante de botellas gas a presi\u00f3n y venta de accesorios de soldadura\",\"publisher\":{\"@id\":\"https:\\\/\\\/www.syc-cylinders.eu\\\/#organization\"},\"potentialAction\":[{\"@type\":\"SearchAction\",\"target\":{\"@type\":\"EntryPoint\",\"urlTemplate\":\"https:\\\/\\\/www.syc-cylinders.eu\\\/?s={search_term_string}\"},\"query-input\":{\"@type\":\"PropertyValueSpecification\",\"valueRequired\":true,\"valueName\":\"search_term_string\"}}],\"inLanguage\":\"en-GB\"},{\"@type\":\"Organization\",\"@id\":\"https:\\\/\\\/www.syc-cylinders.eu\\\/#organization\",\"name\":\"SYC Cylinders\",\"url\":\"https:\\\/\\\/www.syc-cylinders.eu\\\/\",\"logo\":{\"@type\":\"ImageObject\",\"inLanguage\":\"en-GB\",\"@id\":\"https:\\\/\\\/www.syc-cylinders.eu\\\/#\\\/schema\\\/logo\\\/image\\\/\",\"url\":\"https:\\\/\\\/www.syc-cylinders.eu\\\/wp-content\\\/uploads\\\/2016\\\/07\\\/logo-syc.jpg\",\"contentUrl\":\"https:\\\/\\\/www.syc-cylinders.eu\\\/wp-content\\\/uploads\\\/2016\\\/07\\\/logo-syc.jpg\",\"width\":182,\"height\":45,\"caption\":\"SYC Cylinders\"},\"image\":{\"@id\":\"https:\\\/\\\/www.syc-cylinders.eu\\\/#\\\/schema\\\/logo\\\/image\\\/\"},\"sameAs\":[\"https:\\\/\\\/es-es.facebook.com\\\/Syc-Cylinders-Europe-1387368244908487\\\/\",\"https:\\\/\\\/x.com\\\/Syc_Cylinders\",\"https:\\\/\\\/www.linkedin.com\\\/company\\\/syc-cylinders\",\"https:\\\/\\\/www.youtube.com\\\/channel\\\/UCVmZ-OD_WC6Q9durvs11IrA\"]}]}<\/script>\n<!-- \/ Yoast SEO plugin. -->","yoast_head_json":{"title":"Botella 5 L vac\u00eda 140 Ox\u00edgeno Medicinal Compacta - SYC Cylinders","description":"Botella 5 L vac\u00eda 140 Ox\u00edgeno Medicinal Compacta. Capacidad volum\u00e9trica: 5 litros (1000 l de gas). Di\u00e1metro: 140 mm. NO INCLUYE carga de gas. M\u00e1s...","robots":{"index":"index","follow":"follow","max-snippet":"max-snippet:-1","max-image-preview":"max-image-preview:large","max-video-preview":"max-video-preview:-1"},"canonical":"https:\/\/www.syc-cylinders.eu\/tienda\/botella-vacia-5-l-140-o2-oxigeno-medicinal-compacta\/","og_locale":"en_GB","og_type":"article","og_title":"Botella 5 L vac\u00eda 140 Ox\u00edgeno Medicinal Compacta - SYC Cylinders","og_description":"Botella 5 L vac\u00eda 140 Ox\u00edgeno Medicinal Compacta. Capacidad volum\u00e9trica: 5 litros (1000 l de gas). Di\u00e1metro: 140 mm. NO INCLUYE carga de gas. M\u00e1s...","og_url":"https:\/\/www.syc-cylinders.eu\/tienda\/botella-vacia-5-l-140-o2-oxigeno-medicinal-compacta\/","og_site_name":"SYC Cylinders","article_publisher":"https:\/\/es-es.facebook.com\/Syc-Cylinders-Europe-1387368244908487\/","article_modified_time":"2025-02-19T09:47:09+00:00","og_image":[{"width":1152,"height":1152,"url":"https:\/\/www.syc-cylinders.eu\/wp-content\/uploads\/2016\/08\/5L-138-sin-without-gas-integrated-valve-valvula-compacta-white-medical.webp","type":"image\/webp"}],"twitter_card":"summary_large_image","twitter_site":"@Syc_Cylinders","schema":{"@context":"https:\/\/schema.org","@graph":[{"@type":"WebPage","@id":"https:\/\/www.syc-cylinders.eu\/tienda\/botella-vacia-5-l-140-o2-oxigeno-medicinal-compacta\/","url":"https:\/\/www.syc-cylinders.eu\/tienda\/botella-vacia-5-l-140-o2-oxigeno-medicinal-compacta\/","name":"Botella 5 L vac\u00eda 140 Ox\u00edgeno Medicinal Compacta - SYC Cylinders","isPartOf":{"@id":"https:\/\/www.syc-cylinders.eu\/#website"},"primaryImageOfPage":{"@id":"https:\/\/www.syc-cylinders.eu\/tienda\/botella-vacia-5-l-140-o2-oxigeno-medicinal-compacta\/#primaryimage"},"image":{"@id":"https:\/\/www.syc-cylinders.eu\/tienda\/botella-vacia-5-l-140-o2-oxigeno-medicinal-compacta\/#primaryimage"},"thumbnailUrl":"https:\/\/www.syc-cylinders.eu\/wp-content\/uploads\/2016\/08\/5L-138-sin-without-gas-integrated-valve-valvula-compacta-white-medical.webp","datePublished":"2016-08-30T08:15:44+00:00","dateModified":"2025-02-19T09:47:09+00:00","description":"Botella 5 L vac\u00eda 140 Ox\u00edgeno Medicinal Compacta. Capacidad volum\u00e9trica: 5 litros (1000 l de gas). Di\u00e1metro: 140 mm. NO INCLUYE carga de gas. M\u00e1s...","breadcrumb":{"@id":"https:\/\/www.syc-cylinders.eu\/tienda\/botella-vacia-5-l-140-o2-oxigeno-medicinal-compacta\/#breadcrumb"},"inLanguage":"en-GB","potentialAction":[{"@type":"ReadAction","target":["https:\/\/www.syc-cylinders.eu\/tienda\/botella-vacia-5-l-140-o2-oxigeno-medicinal-compacta\/"]}]},{"@type":"ImageObject","inLanguage":"en-GB","@id":"https:\/\/www.syc-cylinders.eu\/tienda\/botella-vacia-5-l-140-o2-oxigeno-medicinal-compacta\/#primaryimage","url":"https:\/\/www.syc-cylinders.eu\/wp-content\/uploads\/2016\/08\/5L-138-sin-without-gas-integrated-valve-valvula-compacta-white-medical.webp","contentUrl":"https:\/\/www.syc-cylinders.eu\/wp-content\/uploads\/2016\/08\/5L-138-sin-without-gas-integrated-valve-valvula-compacta-white-medical.webp","width":1152,"height":1152},{"@type":"BreadcrumbList","@id":"https:\/\/www.syc-cylinders.eu\/tienda\/botella-vacia-5-l-140-o2-oxigeno-medicinal-compacta\/#breadcrumb","itemListElement":[{"@type":"ListItem","position":1,"name":"Home","item":"https:\/\/www.syc-cylinders.eu\/en\/"},{"@type":"ListItem","position":2,"name":"Tienda","item":"https:\/\/www.syc-cylinders.eu\/tienda\/"},{"@type":"ListItem","position":3,"name":"Botella 5 L 140 O2 Ox\u00edgeno Medicinal compacta c\u00f3ncava vac\u00eda"}]},{"@type":"WebSite","@id":"https:\/\/www.syc-cylinders.eu\/#website","url":"https:\/\/www.syc-cylinders.eu\/","name":"SYC Cylinders","description":"SYC Cylinders fabricante de botellas gas a presi\u00f3n y venta de accesorios de soldadura","publisher":{"@id":"https:\/\/www.syc-cylinders.eu\/#organization"},"potentialAction":[{"@type":"SearchAction","target":{"@type":"EntryPoint","urlTemplate":"https:\/\/www.syc-cylinders.eu\/?s={search_term_string}"},"query-input":{"@type":"PropertyValueSpecification","valueRequired":true,"valueName":"search_term_string"}}],"inLanguage":"en-GB"},{"@type":"Organization","@id":"https:\/\/www.syc-cylinders.eu\/#organization","name":"SYC Cylinders","url":"https:\/\/www.syc-cylinders.eu\/","logo":{"@type":"ImageObject","inLanguage":"en-GB","@id":"https:\/\/www.syc-cylinders.eu\/#\/schema\/logo\/image\/","url":"https:\/\/www.syc-cylinders.eu\/wp-content\/uploads\/2016\/07\/logo-syc.jpg","contentUrl":"https:\/\/www.syc-cylinders.eu\/wp-content\/uploads\/2016\/07\/logo-syc.jpg","width":182,"height":45,"caption":"SYC Cylinders"},"image":{"@id":"https:\/\/www.syc-cylinders.eu\/#\/schema\/logo\/image\/"},"sameAs":["https:\/\/es-es.facebook.com\/Syc-Cylinders-Europe-1387368244908487\/","https:\/\/x.com\/Syc_Cylinders","https:\/\/www.linkedin.com\/company\/syc-cylinders","https:\/\/www.youtube.com\/channel\/UCVmZ-OD_WC6Q9durvs11IrA"]}]}},"_links":{"self":[{"href":"https:\/\/www.syc-cylinders.eu\/en\/wp-json\/wp\/v2\/product\/848","targetHints":{"allow":["GET"]}}],"collection":[{"href":"https:\/\/www.syc-cylinders.eu\/en\/wp-json\/wp\/v2\/product"}],"about":[{"href":"https:\/\/www.syc-cylinders.eu\/en\/wp-json\/wp\/v2\/types\/product"}],"wp:featuredmedia":[{"embeddable":true,"href":"https:\/\/www.syc-cylinders.eu\/en\/wp-json\/wp\/v2\/media\/849"}],"wp:attachment":[{"href":"https:\/\/www.syc-cylinders.eu\/en\/wp-json\/wp\/v2\/media?parent=848"}],"wp:term":[{"taxonomy":"product_brand","embeddable":true,"href":"https:\/\/www.syc-cylinders.eu\/en\/wp-json\/wp\/v2\/product_brand?post=848"},{"taxonomy":"product_cat","embeddable":true,"href":"https:\/\/www.syc-cylinders.eu\/en\/wp-json\/wp\/v2\/product_cat?post=848"},{"taxonomy":"product_tag","embeddable":true,"href":"https:\/\/www.syc-cylinders.eu\/en\/wp-json\/wp\/v2\/product_tag?post=848"}],"curies":[{"name":"wp","href":"https:\/\/api.w.org\/{rel}","templated":true}]}}