{"id":810,"date":"2016-08-05T13:04:01","date_gmt":"2016-08-05T11:04:01","guid":{"rendered":"https:\/\/www.syc-cylinders.eu\/?post_type=product&#038;p=810"},"modified":"2025-02-24T00:00:30","modified_gmt":"2025-02-23T23:00:30","slug":"cutting-tip-nozzle-oxy-acetylene-2ac","status":"publish","type":"product","link":"https:\/\/www.syc-cylinders.eu\/en\/shop\/cutting-tip-nozzle-oxy-acetylene-2ac\/","title":{"rendered":"Cutting Tip \/ Nozzle Oxy-Acetylene 2AC","raw":"Cutting Tip \/ Nozzle Oxy-Acetylene 2AC"},"content":{"rendered":"","protected":false,"raw":""},"excerpt":{"rendered":"<hr \/>\n<p>Cutting Tip \/ Nozzle for Oxygen-Acetylene equipment.<\/p>\n<hr \/>\n<ul>\n<li>Used to cut plates thickness from 25 to 75 mm.<\/li>\n<\/ul>\n<hr \/>\n","protected":false,"raw":"<hr \/>\r\n\r\nCutting Tip \/ Nozzle for Oxygen-Acetylene equipment.\r\n\r\n<hr \/>\r\n<ul>\r\n<li>Used to cut plates thickness from 25 to 75 mm.<\/li>\r\n<\/ul>\r\n\r\n<hr \/>"},"featured_media":24849,"template":"","meta":{"inline_featured_image":false,"_es_post_content":"","_es_post_name":"boquilla-para-corte-o2-acetileno-2ac","_es_post_excerpt":"<hr \/>\r\n\r\nBoquilla de corte para equipos de Oxi-Acetileno.\r\n\r\n<ul>\r\n<li>Para corte de espesores de chapa de 25 a 75 mm.<\/li>\r\n<\/ul>\r\n\r\n<hr \/>","_es_post_title":"Boquilla para corte O2\/AD 2AC","_en_post_content":"","_en_post_name":"cutting-tip-nozzle-oxy-acetylene-2ac","_en_post_excerpt":"<hr \/>\r\n\r\nCutting Tip \/ Nozzle for Oxygen-Acetylene equipment.\r\n\r\n<hr \/>\r\n<ul>\r\n<li>Used to cut plates thickness from 25 to 75 mm.<\/li>\r\n<\/ul>\r\n\r\n<hr \/>","_en_post_title":"Cutting Tip \/ Nozzle Oxy-Acetylene 2AC","_fr_post_content":"","_fr_post_name":"buse-pour-coupage-o2ad-2ac","_fr_post_excerpt":"<hr \/>\r\n\r\nBuse coupage pour \u00e9quipement d\u2019Oxy-Ac\u00e9tyl\u00e8ne. \r\n\r\n<ul>\r\n<li>Pour coupage d\u2019\u00e9paisseurs de t\u00f4le de 25 \u00e0 75 mm.<\/li>\r\n<\/ul>\r\n\r\n<hr \/>","_fr_post_title":"Buse pour coupage O2\/AD 2AC","_pt_post_content":"","_pt_post_name":"bocal-corte-o2ad-2ac","_pt_post_excerpt":"<hr \/>\r\n\r\nBico de corte para equipamento de Oxi-Acetileno.\r\n\r\n<ul>\r\n<li>Para corte de espessuras de chapa de 25 a 75 mm.<\/li>\r\n<\/ul>\r\n\r\n<hr \/>","_pt_post_title":"Bocal para corte O2\/AD 2AC","edit_language":"en"},"product_brand":[],"product_cat":[10,35,11],"product_tag":[],"class_list":{"0":"post-810","1":"product","2":"type-product","3":"status-publish","4":"has-post-thumbnail","6":"product_cat-s-accesorios-industriales","7":"product_cat-boquillas","8":"product_cat-accesorios-soldadura","9":"product_shipping_class-no-adr-producto","11":"first","12":"instock","13":"taxable","14":"shipping-taxable","15":"purchasable","16":"product-type-simple","17":"czr-hentry"},"yoast_head":"<!-- This site is optimized with the Yoast SEO plugin v27.1.1 - https:\/\/yoast.com\/product\/yoast-seo-wordpress\/ -->\n<title>Boquilla para corte O2 Acetileno 2AC - SYC Cylinders<\/title>\n<meta name=\"description\" content=\"Boquilla para corte O2 Acetileno 2AC. Boquilla de corte para equipos de Oxi-Acetileno. Para corte de espesores de chapa de 25 a 75 mm.\" \/>\n<meta name=\"robots\" content=\"index, follow, max-snippet:-1, max-image-preview:large, max-video-preview:-1\" \/>\n<link rel=\"canonical\" href=\"https:\/\/www.syc-cylinders.eu\/tienda\/boquilla-para-corte-o2-acetileno-2ac\/\" \/>\n<meta property=\"og:locale\" content=\"en_GB\" \/>\n<meta property=\"og:type\" content=\"article\" \/>\n<meta property=\"og:title\" content=\"Boquilla para corte O2 Acetileno 2AC - SYC Cylinders\" \/>\n<meta property=\"og:description\" content=\"Boquilla para corte O2 Acetileno 2AC. Boquilla de corte para equipos de Oxi-Acetileno. Para corte de espesores de chapa de 25 a 75 mm.\" \/>\n<meta property=\"og:url\" content=\"https:\/\/www.syc-cylinders.eu\/tienda\/boquilla-para-corte-o2-acetileno-2ac\/\" \/>\n<meta property=\"og:site_name\" content=\"SYC Cylinders\" \/>\n<meta property=\"article:publisher\" content=\"https:\/\/es-es.facebook.com\/Syc-Cylinders-Europe-1387368244908487\/\" \/>\n<meta property=\"article:modified_time\" content=\"2025-02-23T23:00:30+00:00\" \/>\n<meta property=\"og:image\" content=\"https:\/\/www.syc-cylinders.eu\/wp-content\/uploads\/2022\/10\/boquilla-corte-O2-AD-cutting-tip-nozzle-2AC.webp\" \/>\n\t<meta property=\"og:image:width\" content=\"576\" \/>\n\t<meta property=\"og:image:height\" content=\"576\" \/>\n\t<meta property=\"og:image:type\" content=\"image\/webp\" \/>\n<meta name=\"twitter:card\" content=\"summary_large_image\" \/>\n<meta name=\"twitter:site\" content=\"@Syc_Cylinders\" \/>\n<meta name=\"twitter:label1\" content=\"Estimated reading time\" \/>\n\t<meta name=\"twitter:data1\" content=\"1 minute\" \/>\n<script type=\"application\/ld+json\" class=\"yoast-schema-graph\">{\"@context\":\"https:\/\/schema.org\",\"@graph\":[{\"@type\":\"WebPage\",\"@id\":\"https:\/\/www.syc-cylinders.eu\/tienda\/boquilla-para-corte-o2-acetileno-2ac\/\",\"url\":\"https:\/\/www.syc-cylinders.eu\/tienda\/boquilla-para-corte-o2-acetileno-2ac\/\",\"name\":\"Boquilla para corte O2 Acetileno 2AC - SYC Cylinders\",\"isPartOf\":{\"@id\":\"https:\/\/www.syc-cylinders.eu\/#website\"},\"primaryImageOfPage\":{\"@id\":\"https:\/\/www.syc-cylinders.eu\/tienda\/boquilla-para-corte-o2-acetileno-2ac\/#primaryimage\"},\"image\":{\"@id\":\"https:\/\/www.syc-cylinders.eu\/tienda\/boquilla-para-corte-o2-acetileno-2ac\/#primaryimage\"},\"thumbnailUrl\":\"https:\/\/www.syc-cylinders.eu\/wp-content\/uploads\/2022\/10\/boquilla-corte-O2-AD-cutting-tip-nozzle-2AC.webp\",\"datePublished\":\"2016-08-05T11:04:01+00:00\",\"dateModified\":\"2025-02-23T23:00:30+00:00\",\"description\":\"Boquilla para corte O2 Acetileno 2AC. Boquilla de corte para equipos de Oxi-Acetileno. Para corte de espesores de chapa de 25 a 75 mm.\",\"breadcrumb\":{\"@id\":\"https:\/\/www.syc-cylinders.eu\/tienda\/boquilla-para-corte-o2-acetileno-2ac\/#breadcrumb\"},\"inLanguage\":\"en-GB\",\"potentialAction\":[{\"@type\":\"ReadAction\",\"target\":[\"https:\/\/www.syc-cylinders.eu\/tienda\/boquilla-para-corte-o2-acetileno-2ac\/\"]}]},{\"@type\":\"ImageObject\",\"inLanguage\":\"en-GB\",\"@id\":\"https:\/\/www.syc-cylinders.eu\/tienda\/boquilla-para-corte-o2-acetileno-2ac\/#primaryimage\",\"url\":\"https:\/\/www.syc-cylinders.eu\/wp-content\/uploads\/2022\/10\/boquilla-corte-O2-AD-cutting-tip-nozzle-2AC.webp\",\"contentUrl\":\"https:\/\/www.syc-cylinders.eu\/wp-content\/uploads\/2022\/10\/boquilla-corte-O2-AD-cutting-tip-nozzle-2AC.webp\",\"width\":576,\"height\":576,\"caption\":\"Boquilla de soldadura Acetileno numero 2 AC de 25 a 75 mm para equipos de soldadura\"},{\"@type\":\"BreadcrumbList\",\"@id\":\"https:\/\/www.syc-cylinders.eu\/tienda\/boquilla-para-corte-o2-acetileno-2ac\/#breadcrumb\",\"itemListElement\":[{\"@type\":\"ListItem\",\"position\":1,\"name\":\"Home\",\"item\":\"https:\/\/www.syc-cylinders.eu\/en\/\"},{\"@type\":\"ListItem\",\"position\":2,\"name\":\"Tienda\",\"item\":\"https:\/\/www.syc-cylinders.eu\/tienda\/\"},{\"@type\":\"ListItem\",\"position\":3,\"name\":\"Boquilla para corte O2\/AD 2AC\"}]},{\"@type\":\"WebSite\",\"@id\":\"https:\/\/www.syc-cylinders.eu\/#website\",\"url\":\"https:\/\/www.syc-cylinders.eu\/\",\"name\":\"SYC Cylinders\",\"description\":\"SYC Cylinders fabricante de botellas gas a presi\u00f3n y venta de accesorios de soldadura\",\"publisher\":{\"@id\":\"https:\/\/www.syc-cylinders.eu\/#organization\"},\"potentialAction\":[{\"@type\":\"SearchAction\",\"target\":{\"@type\":\"EntryPoint\",\"urlTemplate\":\"https:\/\/www.syc-cylinders.eu\/?s={search_term_string}\"},\"query-input\":{\"@type\":\"PropertyValueSpecification\",\"valueRequired\":true,\"valueName\":\"search_term_string\"}}],\"inLanguage\":\"en-GB\"},{\"@type\":\"Organization\",\"@id\":\"https:\/\/www.syc-cylinders.eu\/#organization\",\"name\":\"SYC Cylinders\",\"url\":\"https:\/\/www.syc-cylinders.eu\/\",\"logo\":{\"@type\":\"ImageObject\",\"inLanguage\":\"en-GB\",\"@id\":\"https:\/\/www.syc-cylinders.eu\/#\/schema\/logo\/image\/\",\"url\":\"https:\/\/www.syc-cylinders.eu\/wp-content\/uploads\/2016\/07\/logo-syc.jpg\",\"contentUrl\":\"https:\/\/www.syc-cylinders.eu\/wp-content\/uploads\/2016\/07\/logo-syc.jpg\",\"width\":182,\"height\":45,\"caption\":\"SYC Cylinders\"},\"image\":{\"@id\":\"https:\/\/www.syc-cylinders.eu\/#\/schema\/logo\/image\/\"},\"sameAs\":[\"https:\/\/es-es.facebook.com\/Syc-Cylinders-Europe-1387368244908487\/\",\"https:\/\/x.com\/Syc_Cylinders\",\"https:\/\/www.linkedin.com\/company\/syc-cylinders\",\"https:\/\/www.youtube.com\/channel\/UCVmZ-OD_WC6Q9durvs11IrA\"]}]}<\/script>\n<!-- \/ Yoast SEO plugin. -->","yoast_head_json":{"title":"Boquilla para corte O2 Acetileno 2AC - SYC Cylinders","description":"Boquilla para corte O2 Acetileno 2AC. Boquilla de corte para equipos de Oxi-Acetileno. Para corte de espesores de chapa de 25 a 75 mm.","robots":{"index":"index","follow":"follow","max-snippet":"max-snippet:-1","max-image-preview":"max-image-preview:large","max-video-preview":"max-video-preview:-1"},"canonical":"https:\/\/www.syc-cylinders.eu\/tienda\/boquilla-para-corte-o2-acetileno-2ac\/","og_locale":"en_GB","og_type":"article","og_title":"Boquilla para corte O2 Acetileno 2AC - SYC Cylinders","og_description":"Boquilla para corte O2 Acetileno 2AC. Boquilla de corte para equipos de Oxi-Acetileno. Para corte de espesores de chapa de 25 a 75 mm.","og_url":"https:\/\/www.syc-cylinders.eu\/tienda\/boquilla-para-corte-o2-acetileno-2ac\/","og_site_name":"SYC Cylinders","article_publisher":"https:\/\/es-es.facebook.com\/Syc-Cylinders-Europe-1387368244908487\/","article_modified_time":"2025-02-23T23:00:30+00:00","og_image":[{"width":576,"height":576,"url":"https:\/\/www.syc-cylinders.eu\/wp-content\/uploads\/2022\/10\/boquilla-corte-O2-AD-cutting-tip-nozzle-2AC.webp","type":"image\/webp"}],"twitter_card":"summary_large_image","twitter_site":"@Syc_Cylinders","twitter_misc":{"Estimated reading time":"1 minute"},"schema":{"@context":"https:\/\/schema.org","@graph":[{"@type":"WebPage","@id":"https:\/\/www.syc-cylinders.eu\/tienda\/boquilla-para-corte-o2-acetileno-2ac\/","url":"https:\/\/www.syc-cylinders.eu\/tienda\/boquilla-para-corte-o2-acetileno-2ac\/","name":"Boquilla para corte O2 Acetileno 2AC - SYC Cylinders","isPartOf":{"@id":"https:\/\/www.syc-cylinders.eu\/#website"},"primaryImageOfPage":{"@id":"https:\/\/www.syc-cylinders.eu\/tienda\/boquilla-para-corte-o2-acetileno-2ac\/#primaryimage"},"image":{"@id":"https:\/\/www.syc-cylinders.eu\/tienda\/boquilla-para-corte-o2-acetileno-2ac\/#primaryimage"},"thumbnailUrl":"https:\/\/www.syc-cylinders.eu\/wp-content\/uploads\/2022\/10\/boquilla-corte-O2-AD-cutting-tip-nozzle-2AC.webp","datePublished":"2016-08-05T11:04:01+00:00","dateModified":"2025-02-23T23:00:30+00:00","description":"Boquilla para corte O2 Acetileno 2AC. Boquilla de corte para equipos de Oxi-Acetileno. Para corte de espesores de chapa de 25 a 75 mm.","breadcrumb":{"@id":"https:\/\/www.syc-cylinders.eu\/tienda\/boquilla-para-corte-o2-acetileno-2ac\/#breadcrumb"},"inLanguage":"en-GB","potentialAction":[{"@type":"ReadAction","target":["https:\/\/www.syc-cylinders.eu\/tienda\/boquilla-para-corte-o2-acetileno-2ac\/"]}]},{"@type":"ImageObject","inLanguage":"en-GB","@id":"https:\/\/www.syc-cylinders.eu\/tienda\/boquilla-para-corte-o2-acetileno-2ac\/#primaryimage","url":"https:\/\/www.syc-cylinders.eu\/wp-content\/uploads\/2022\/10\/boquilla-corte-O2-AD-cutting-tip-nozzle-2AC.webp","contentUrl":"https:\/\/www.syc-cylinders.eu\/wp-content\/uploads\/2022\/10\/boquilla-corte-O2-AD-cutting-tip-nozzle-2AC.webp","width":576,"height":576,"caption":"Boquilla de soldadura Acetileno numero 2 AC de 25 a 75 mm para equipos de soldadura"},{"@type":"BreadcrumbList","@id":"https:\/\/www.syc-cylinders.eu\/tienda\/boquilla-para-corte-o2-acetileno-2ac\/#breadcrumb","itemListElement":[{"@type":"ListItem","position":1,"name":"Home","item":"https:\/\/www.syc-cylinders.eu\/en\/"},{"@type":"ListItem","position":2,"name":"Tienda","item":"https:\/\/www.syc-cylinders.eu\/tienda\/"},{"@type":"ListItem","position":3,"name":"Boquilla para corte O2\/AD 2AC"}]},{"@type":"WebSite","@id":"https:\/\/www.syc-cylinders.eu\/#website","url":"https:\/\/www.syc-cylinders.eu\/","name":"SYC Cylinders","description":"SYC Cylinders fabricante de botellas gas a presi\u00f3n y venta de accesorios de soldadura","publisher":{"@id":"https:\/\/www.syc-cylinders.eu\/#organization"},"potentialAction":[{"@type":"SearchAction","target":{"@type":"EntryPoint","urlTemplate":"https:\/\/www.syc-cylinders.eu\/?s={search_term_string}"},"query-input":{"@type":"PropertyValueSpecification","valueRequired":true,"valueName":"search_term_string"}}],"inLanguage":"en-GB"},{"@type":"Organization","@id":"https:\/\/www.syc-cylinders.eu\/#organization","name":"SYC Cylinders","url":"https:\/\/www.syc-cylinders.eu\/","logo":{"@type":"ImageObject","inLanguage":"en-GB","@id":"https:\/\/www.syc-cylinders.eu\/#\/schema\/logo\/image\/","url":"https:\/\/www.syc-cylinders.eu\/wp-content\/uploads\/2016\/07\/logo-syc.jpg","contentUrl":"https:\/\/www.syc-cylinders.eu\/wp-content\/uploads\/2016\/07\/logo-syc.jpg","width":182,"height":45,"caption":"SYC Cylinders"},"image":{"@id":"https:\/\/www.syc-cylinders.eu\/#\/schema\/logo\/image\/"},"sameAs":["https:\/\/es-es.facebook.com\/Syc-Cylinders-Europe-1387368244908487\/","https:\/\/x.com\/Syc_Cylinders","https:\/\/www.linkedin.com\/company\/syc-cylinders","https:\/\/www.youtube.com\/channel\/UCVmZ-OD_WC6Q9durvs11IrA"]}]}},"_links":{"self":[{"href":"https:\/\/www.syc-cylinders.eu\/en\/wp-json\/wp\/v2\/product\/810","targetHints":{"allow":["GET"]}}],"collection":[{"href":"https:\/\/www.syc-cylinders.eu\/en\/wp-json\/wp\/v2\/product"}],"about":[{"href":"https:\/\/www.syc-cylinders.eu\/en\/wp-json\/wp\/v2\/types\/product"}],"wp:featuredmedia":[{"embeddable":true,"href":"https:\/\/www.syc-cylinders.eu\/en\/wp-json\/wp\/v2\/media\/24849"}],"wp:attachment":[{"href":"https:\/\/www.syc-cylinders.eu\/en\/wp-json\/wp\/v2\/media?parent=810"}],"wp:term":[{"taxonomy":"product_brand","embeddable":true,"href":"https:\/\/www.syc-cylinders.eu\/en\/wp-json\/wp\/v2\/product_brand?post=810"},{"taxonomy":"product_cat","embeddable":true,"href":"https:\/\/www.syc-cylinders.eu\/en\/wp-json\/wp\/v2\/product_cat?post=810"},{"taxonomy":"product_tag","embeddable":true,"href":"https:\/\/www.syc-cylinders.eu\/en\/wp-json\/wp\/v2\/product_tag?post=810"}],"curies":[{"name":"wp","href":"https:\/\/api.w.org\/{rel}","templated":true}]}}