{"id":802,"date":"2016-08-05T12:36:13","date_gmt":"2016-08-05T10:36:13","guid":{"rendered":"https:\/\/www.syc-cylinders.eu\/?post_type=product&#038;p=802"},"modified":"2025-02-24T00:00:30","modified_gmt":"2025-02-23T23:00:30","slug":"cutting-tip-nozzle-oxy-butane-1p","status":"publish","type":"product","link":"https:\/\/www.syc-cylinders.eu\/en\/shop\/cutting-tip-nozzle-oxy-butane-1p\/","title":{"rendered":"Cutting Tip \/ Nozzle Oxy-Butane 1P","raw":"Cutting Tip \/ Nozzle Oxy-Butane 1P"},"content":{"rendered":"","protected":false,"raw":""},"excerpt":{"rendered":"<hr \/>\n<p>Cutting Tip \/ Nozzle for Oxygen-Butane equipment.<\/p>\n<hr \/>\n<ul>\n<li>Used to cut plates thickness from 13 to 25 mm.<\/li>\n<\/ul>\n<hr \/>\n","protected":false,"raw":"<hr \/>\r\n\r\nCutting Tip \/ Nozzle for Oxygen-Butane equipment.\r\n<hr \/>\r\n<ul>\r\n<li>Used to cut plates thickness from 13 to 25 mm.<\/li>\r\n<\/ul>\r\n\r\n<hr \/>"},"featured_media":24851,"template":"","meta":{"inline_featured_image":false,"_es_post_content":"","_es_post_name":"boquilla-para-corte-o2-butano-1p","_es_post_excerpt":"<hr \/>\r\n\r\nBoquilla de corte para equipos de Oxi-Butano.\r\n\r\n<hr \/>\r\n<ul>\r\n<li>Para corte de espesores de chapa de 13 a 25 mm.<\/li>\r\n<\/ul>\r\n\r\n<hr \/>","_es_post_title":"Boquilla para corte O2\/BUT 1P","_en_post_content":"","_en_post_name":"cutting-tip-nozzle-oxy-butane-1p","_en_post_excerpt":"<hr \/>\r\n\r\nCutting Tip \/ Nozzle for Oxygen-Butane equipment.\r\n<hr \/>\r\n<ul>\r\n<li>Used to cut plates thickness from 13 to 25 mm.<\/li>\r\n<\/ul>\r\n\r\n<hr \/>","_en_post_title":"Cutting Tip \/ Nozzle Oxy-Butane 1P","_fr_post_content":"","_fr_post_name":"buse-pour-coupage-o2but-1p","_fr_post_excerpt":"<hr \/>\r\n\r\nBuse coupage pour \u00e9quipement d\u2019Oxy-Butane.\r\n<hr \/>\r\n<ul>\r\n<li>Pour coupage d\u2019\u00e9paisseurs de t\u00f4le de 13 \u00e0 25 mm.<\/li>\r\n<\/ul>\r\n\r\n<hr \/>","_fr_post_title":"Buse pour coupage O2\/BUT 1P","_pt_post_content":"","_pt_post_name":"bocal-corte-o2but-1p","_pt_post_excerpt":"<hr \/>\r\n\r\nBico de corte para equipamento de Oxi-Butano.\r\n<hr \/>\r\n<ul>\r\n<li>Para corte de espessuras de chapa de 13 a 25 mm.<\/li>\r\n<\/ul>\r\n\r\n<hr \/>\r\n","_pt_post_title":"Bocal para corte O2\/BUT 1P","edit_language":"en"},"product_brand":[],"product_cat":[10,35,11],"product_tag":[],"class_list":{"0":"post-802","1":"product","2":"type-product","3":"status-publish","4":"has-post-thumbnail","6":"product_cat-s-accesorios-industriales","7":"product_cat-boquillas","8":"product_cat-accesorios-soldadura","9":"product_shipping_class-no-adr-producto","11":"first","12":"instock","13":"taxable","14":"shipping-taxable","15":"purchasable","16":"product-type-simple","17":"czr-hentry"},"yoast_head":"<!-- This site is optimized with the Yoast SEO plugin v27.1.1 - https:\/\/yoast.com\/product\/yoast-seo-wordpress\/ -->\n<title>Boquilla para corte O2 butano 1P - SYC Cylinders Europe<\/title>\n<meta name=\"description\" content=\"Boquilla para corte O2 butano 1P. Boquilla de corte para equipos de Oxi-Butano. Para corte de espesores de chapa de 13 a 25 mm.\" \/>\n<meta name=\"robots\" content=\"index, follow, max-snippet:-1, max-image-preview:large, max-video-preview:-1\" \/>\n<link rel=\"canonical\" href=\"https:\/\/www.syc-cylinders.eu\/tienda\/boquilla-para-corte-o2-butano-1p\/\" \/>\n<meta property=\"og:locale\" content=\"en_GB\" \/>\n<meta property=\"og:type\" content=\"article\" \/>\n<meta property=\"og:title\" content=\"Boquilla para corte O2 butano 1P - SYC Cylinders Europe\" \/>\n<meta property=\"og:description\" content=\"Boquilla para corte O2 butano 1P. Boquilla de corte para equipos de Oxi-Butano. Para corte de espesores de chapa de 13 a 25 mm.\" \/>\n<meta property=\"og:url\" content=\"https:\/\/www.syc-cylinders.eu\/tienda\/boquilla-para-corte-o2-butano-1p\/\" \/>\n<meta property=\"og:site_name\" content=\"SYC Cylinders\" \/>\n<meta property=\"article:publisher\" content=\"https:\/\/es-es.facebook.com\/Syc-Cylinders-Europe-1387368244908487\/\" \/>\n<meta property=\"article:modified_time\" content=\"2025-02-23T23:00:30+00:00\" \/>\n<meta property=\"og:image\" content=\"https:\/\/www.syc-cylinders.eu\/wp-content\/uploads\/2022\/10\/boquilla-corte-o2-butano-cutting-tip-nozzle-oxygen-butane-1-P-1P.webp\" \/>\n\t<meta property=\"og:image:width\" content=\"576\" \/>\n\t<meta property=\"og:image:height\" content=\"576\" \/>\n\t<meta property=\"og:image:type\" content=\"image\/webp\" \/>\n<meta name=\"twitter:card\" content=\"summary_large_image\" \/>\n<meta name=\"twitter:site\" content=\"@Syc_Cylinders\" \/>\n<meta name=\"twitter:label1\" content=\"Estimated reading time\" \/>\n\t<meta name=\"twitter:data1\" content=\"1 minute\" \/>\n<script type=\"application\/ld+json\" class=\"yoast-schema-graph\">{\"@context\":\"https:\/\/schema.org\",\"@graph\":[{\"@type\":\"WebPage\",\"@id\":\"https:\/\/www.syc-cylinders.eu\/tienda\/boquilla-para-corte-o2-butano-1p\/\",\"url\":\"https:\/\/www.syc-cylinders.eu\/tienda\/boquilla-para-corte-o2-butano-1p\/\",\"name\":\"Boquilla para corte O2 butano 1P - SYC Cylinders Europe\",\"isPartOf\":{\"@id\":\"https:\/\/www.syc-cylinders.eu\/#website\"},\"primaryImageOfPage\":{\"@id\":\"https:\/\/www.syc-cylinders.eu\/tienda\/boquilla-para-corte-o2-butano-1p\/#primaryimage\"},\"image\":{\"@id\":\"https:\/\/www.syc-cylinders.eu\/tienda\/boquilla-para-corte-o2-butano-1p\/#primaryimage\"},\"thumbnailUrl\":\"https:\/\/www.syc-cylinders.eu\/wp-content\/uploads\/2022\/10\/boquilla-corte-o2-butano-cutting-tip-nozzle-oxygen-butane-1-P-1P.webp\",\"datePublished\":\"2016-08-05T10:36:13+00:00\",\"dateModified\":\"2025-02-23T23:00:30+00:00\",\"description\":\"Boquilla para corte O2 butano 1P. Boquilla de corte para equipos de Oxi-Butano. Para corte de espesores de chapa de 13 a 25 mm.\",\"breadcrumb\":{\"@id\":\"https:\/\/www.syc-cylinders.eu\/tienda\/boquilla-para-corte-o2-butano-1p\/#breadcrumb\"},\"inLanguage\":\"en-GB\",\"potentialAction\":[{\"@type\":\"ReadAction\",\"target\":[\"https:\/\/www.syc-cylinders.eu\/tienda\/boquilla-para-corte-o2-butano-1p\/\"]}]},{\"@type\":\"ImageObject\",\"inLanguage\":\"en-GB\",\"@id\":\"https:\/\/www.syc-cylinders.eu\/tienda\/boquilla-para-corte-o2-butano-1p\/#primaryimage\",\"url\":\"https:\/\/www.syc-cylinders.eu\/wp-content\/uploads\/2022\/10\/boquilla-corte-o2-butano-cutting-tip-nozzle-oxygen-butane-1-P-1P.webp\",\"contentUrl\":\"https:\/\/www.syc-cylinders.eu\/wp-content\/uploads\/2022\/10\/boquilla-corte-o2-butano-cutting-tip-nozzle-oxygen-butane-1-P-1P.webp\",\"width\":576,\"height\":576,\"caption\":\"Boquilla de soldadura Butano numero 1 P de 13 a 25 mm para equipos de soldadura\"},{\"@type\":\"BreadcrumbList\",\"@id\":\"https:\/\/www.syc-cylinders.eu\/tienda\/boquilla-para-corte-o2-butano-1p\/#breadcrumb\",\"itemListElement\":[{\"@type\":\"ListItem\",\"position\":1,\"name\":\"Home\",\"item\":\"https:\/\/www.syc-cylinders.eu\/en\/\"},{\"@type\":\"ListItem\",\"position\":2,\"name\":\"Tienda\",\"item\":\"https:\/\/www.syc-cylinders.eu\/tienda\/\"},{\"@type\":\"ListItem\",\"position\":3,\"name\":\"Boquilla para corte O2\/BUT 1P\"}]},{\"@type\":\"WebSite\",\"@id\":\"https:\/\/www.syc-cylinders.eu\/#website\",\"url\":\"https:\/\/www.syc-cylinders.eu\/\",\"name\":\"SYC Cylinders\",\"description\":\"SYC Cylinders fabricante de botellas gas a presi\u00f3n y venta de accesorios de soldadura\",\"publisher\":{\"@id\":\"https:\/\/www.syc-cylinders.eu\/#organization\"},\"potentialAction\":[{\"@type\":\"SearchAction\",\"target\":{\"@type\":\"EntryPoint\",\"urlTemplate\":\"https:\/\/www.syc-cylinders.eu\/?s={search_term_string}\"},\"query-input\":{\"@type\":\"PropertyValueSpecification\",\"valueRequired\":true,\"valueName\":\"search_term_string\"}}],\"inLanguage\":\"en-GB\"},{\"@type\":\"Organization\",\"@id\":\"https:\/\/www.syc-cylinders.eu\/#organization\",\"name\":\"SYC Cylinders\",\"url\":\"https:\/\/www.syc-cylinders.eu\/\",\"logo\":{\"@type\":\"ImageObject\",\"inLanguage\":\"en-GB\",\"@id\":\"https:\/\/www.syc-cylinders.eu\/#\/schema\/logo\/image\/\",\"url\":\"https:\/\/www.syc-cylinders.eu\/wp-content\/uploads\/2016\/07\/logo-syc.jpg\",\"contentUrl\":\"https:\/\/www.syc-cylinders.eu\/wp-content\/uploads\/2016\/07\/logo-syc.jpg\",\"width\":182,\"height\":45,\"caption\":\"SYC Cylinders\"},\"image\":{\"@id\":\"https:\/\/www.syc-cylinders.eu\/#\/schema\/logo\/image\/\"},\"sameAs\":[\"https:\/\/es-es.facebook.com\/Syc-Cylinders-Europe-1387368244908487\/\",\"https:\/\/x.com\/Syc_Cylinders\",\"https:\/\/www.linkedin.com\/company\/syc-cylinders\",\"https:\/\/www.youtube.com\/channel\/UCVmZ-OD_WC6Q9durvs11IrA\"]}]}<\/script>\n<!-- \/ Yoast SEO plugin. -->","yoast_head_json":{"title":"Boquilla para corte O2 butano 1P - SYC Cylinders Europe","description":"Boquilla para corte O2 butano 1P. Boquilla de corte para equipos de Oxi-Butano. Para corte de espesores de chapa de 13 a 25 mm.","robots":{"index":"index","follow":"follow","max-snippet":"max-snippet:-1","max-image-preview":"max-image-preview:large","max-video-preview":"max-video-preview:-1"},"canonical":"https:\/\/www.syc-cylinders.eu\/tienda\/boquilla-para-corte-o2-butano-1p\/","og_locale":"en_GB","og_type":"article","og_title":"Boquilla para corte O2 butano 1P - SYC Cylinders Europe","og_description":"Boquilla para corte O2 butano 1P. Boquilla de corte para equipos de Oxi-Butano. Para corte de espesores de chapa de 13 a 25 mm.","og_url":"https:\/\/www.syc-cylinders.eu\/tienda\/boquilla-para-corte-o2-butano-1p\/","og_site_name":"SYC Cylinders","article_publisher":"https:\/\/es-es.facebook.com\/Syc-Cylinders-Europe-1387368244908487\/","article_modified_time":"2025-02-23T23:00:30+00:00","og_image":[{"width":576,"height":576,"url":"https:\/\/www.syc-cylinders.eu\/wp-content\/uploads\/2022\/10\/boquilla-corte-o2-butano-cutting-tip-nozzle-oxygen-butane-1-P-1P.webp","type":"image\/webp"}],"twitter_card":"summary_large_image","twitter_site":"@Syc_Cylinders","twitter_misc":{"Estimated reading time":"1 minute"},"schema":{"@context":"https:\/\/schema.org","@graph":[{"@type":"WebPage","@id":"https:\/\/www.syc-cylinders.eu\/tienda\/boquilla-para-corte-o2-butano-1p\/","url":"https:\/\/www.syc-cylinders.eu\/tienda\/boquilla-para-corte-o2-butano-1p\/","name":"Boquilla para corte O2 butano 1P - SYC Cylinders Europe","isPartOf":{"@id":"https:\/\/www.syc-cylinders.eu\/#website"},"primaryImageOfPage":{"@id":"https:\/\/www.syc-cylinders.eu\/tienda\/boquilla-para-corte-o2-butano-1p\/#primaryimage"},"image":{"@id":"https:\/\/www.syc-cylinders.eu\/tienda\/boquilla-para-corte-o2-butano-1p\/#primaryimage"},"thumbnailUrl":"https:\/\/www.syc-cylinders.eu\/wp-content\/uploads\/2022\/10\/boquilla-corte-o2-butano-cutting-tip-nozzle-oxygen-butane-1-P-1P.webp","datePublished":"2016-08-05T10:36:13+00:00","dateModified":"2025-02-23T23:00:30+00:00","description":"Boquilla para corte O2 butano 1P. Boquilla de corte para equipos de Oxi-Butano. Para corte de espesores de chapa de 13 a 25 mm.","breadcrumb":{"@id":"https:\/\/www.syc-cylinders.eu\/tienda\/boquilla-para-corte-o2-butano-1p\/#breadcrumb"},"inLanguage":"en-GB","potentialAction":[{"@type":"ReadAction","target":["https:\/\/www.syc-cylinders.eu\/tienda\/boquilla-para-corte-o2-butano-1p\/"]}]},{"@type":"ImageObject","inLanguage":"en-GB","@id":"https:\/\/www.syc-cylinders.eu\/tienda\/boquilla-para-corte-o2-butano-1p\/#primaryimage","url":"https:\/\/www.syc-cylinders.eu\/wp-content\/uploads\/2022\/10\/boquilla-corte-o2-butano-cutting-tip-nozzle-oxygen-butane-1-P-1P.webp","contentUrl":"https:\/\/www.syc-cylinders.eu\/wp-content\/uploads\/2022\/10\/boquilla-corte-o2-butano-cutting-tip-nozzle-oxygen-butane-1-P-1P.webp","width":576,"height":576,"caption":"Boquilla de soldadura Butano numero 1 P de 13 a 25 mm para equipos de soldadura"},{"@type":"BreadcrumbList","@id":"https:\/\/www.syc-cylinders.eu\/tienda\/boquilla-para-corte-o2-butano-1p\/#breadcrumb","itemListElement":[{"@type":"ListItem","position":1,"name":"Home","item":"https:\/\/www.syc-cylinders.eu\/en\/"},{"@type":"ListItem","position":2,"name":"Tienda","item":"https:\/\/www.syc-cylinders.eu\/tienda\/"},{"@type":"ListItem","position":3,"name":"Boquilla para corte O2\/BUT 1P"}]},{"@type":"WebSite","@id":"https:\/\/www.syc-cylinders.eu\/#website","url":"https:\/\/www.syc-cylinders.eu\/","name":"SYC Cylinders","description":"SYC Cylinders fabricante de botellas gas a presi\u00f3n y venta de accesorios de soldadura","publisher":{"@id":"https:\/\/www.syc-cylinders.eu\/#organization"},"potentialAction":[{"@type":"SearchAction","target":{"@type":"EntryPoint","urlTemplate":"https:\/\/www.syc-cylinders.eu\/?s={search_term_string}"},"query-input":{"@type":"PropertyValueSpecification","valueRequired":true,"valueName":"search_term_string"}}],"inLanguage":"en-GB"},{"@type":"Organization","@id":"https:\/\/www.syc-cylinders.eu\/#organization","name":"SYC Cylinders","url":"https:\/\/www.syc-cylinders.eu\/","logo":{"@type":"ImageObject","inLanguage":"en-GB","@id":"https:\/\/www.syc-cylinders.eu\/#\/schema\/logo\/image\/","url":"https:\/\/www.syc-cylinders.eu\/wp-content\/uploads\/2016\/07\/logo-syc.jpg","contentUrl":"https:\/\/www.syc-cylinders.eu\/wp-content\/uploads\/2016\/07\/logo-syc.jpg","width":182,"height":45,"caption":"SYC Cylinders"},"image":{"@id":"https:\/\/www.syc-cylinders.eu\/#\/schema\/logo\/image\/"},"sameAs":["https:\/\/es-es.facebook.com\/Syc-Cylinders-Europe-1387368244908487\/","https:\/\/x.com\/Syc_Cylinders","https:\/\/www.linkedin.com\/company\/syc-cylinders","https:\/\/www.youtube.com\/channel\/UCVmZ-OD_WC6Q9durvs11IrA"]}]}},"_links":{"self":[{"href":"https:\/\/www.syc-cylinders.eu\/en\/wp-json\/wp\/v2\/product\/802","targetHints":{"allow":["GET"]}}],"collection":[{"href":"https:\/\/www.syc-cylinders.eu\/en\/wp-json\/wp\/v2\/product"}],"about":[{"href":"https:\/\/www.syc-cylinders.eu\/en\/wp-json\/wp\/v2\/types\/product"}],"wp:featuredmedia":[{"embeddable":true,"href":"https:\/\/www.syc-cylinders.eu\/en\/wp-json\/wp\/v2\/media\/24851"}],"wp:attachment":[{"href":"https:\/\/www.syc-cylinders.eu\/en\/wp-json\/wp\/v2\/media?parent=802"}],"wp:term":[{"taxonomy":"product_brand","embeddable":true,"href":"https:\/\/www.syc-cylinders.eu\/en\/wp-json\/wp\/v2\/product_brand?post=802"},{"taxonomy":"product_cat","embeddable":true,"href":"https:\/\/www.syc-cylinders.eu\/en\/wp-json\/wp\/v2\/product_cat?post=802"},{"taxonomy":"product_tag","embeddable":true,"href":"https:\/\/www.syc-cylinders.eu\/en\/wp-json\/wp\/v2\/product_tag?post=802"}],"curies":[{"name":"wp","href":"https:\/\/api.w.org\/{rel}","templated":true}]}}