{"id":721,"date":"2016-08-03T11:25:38","date_gmt":"2016-08-03T09:25:38","guid":{"rendered":"https:\/\/www.syc-cylinders.eu\/?post_type=product&#038;p=721"},"modified":"2025-02-24T00:00:30","modified_gmt":"2025-02-23T23:00:30","slug":"oxygen-acetylene-cutting-torch-3","status":"publish","type":"product","link":"https:\/\/www.syc-cylinders.eu\/en\/shop\/oxygen-acetylene-cutting-torch-3\/","title":{"rendered":"Oxygen \/ Acetylene Cutting Torch","raw":"Oxygen \/ Acetylene Cutting Torch"},"content":{"rendered":"","protected":false,"raw":""},"excerpt":{"rendered":"<hr \/>\n<p>Cutting accessory T-36-2 suitable to oxy-butane and oxy-acetylene.<\/p>\n<ul>\n<li>Applicable for SYC Welding torch.<\/li>\n<\/ul>\n<p>(Tips \/ Nozzles not included)<\/p>\n<hr \/>\n","protected":false,"raw":"<hr \/>\r\n\r\nCutting accessory T-36-2 suitable to oxy-butane and oxy-acetylene.\r\n<ul>\r\n \t<li>Applicable for SYC Welding torch.<\/li>\r\n<\/ul>\r\n(Tips \/ Nozzles not included)\r\n\r\n<hr \/>"},"featured_media":24844,"template":"","meta":{"inline_featured_image":false,"_es_post_content":"","_es_post_name":"accesorio-de-corte-oxi-butano-oxi-acetileno","_es_post_excerpt":"<hr \/>\r\n\r\nAccesorio de corte T-36-2 para mezclas oxi-butano y oxi-acetileno.\r\n<ul>\r\n \t<li>V\u00e1lido para Soplete Ox\u00edgeno Gas.<\/li>\r\n<\/ul>\r\n(No incluye boquillas)\r\n\r\n<hr \/>","_es_post_title":"Accesorio de corte","_en_post_content":"","_en_post_name":"oxygen-acetylene-cutting-torch-3","_en_post_excerpt":"<hr \/>\r\n\r\nCutting accessory T-36-2 suitable to oxy-butane and oxy-acetylene.\r\n<ul>\r\n \t<li>Applicable for SYC Welding torch.<\/li>\r\n<\/ul>\r\n(Tips \/ Nozzles not included)\r\n\r\n<hr \/>","_en_post_title":"Oxygen \/ Acetylene Cutting Torch","_fr_post_content":"","_fr_post_name":"accessoire-de-coupage","_fr_post_excerpt":"<hr \/>\r\n\r\nAccessoire de coupage T-36-2 pour m\u00e9langes oxybutane et oxyac\u00e9tyl\u00e8ne.\r\n<ul>\r\n \t<li>Valide pour Chalumeau Oxyg\u00e8ne Gaz.<\/li>\r\n<\/ul>\r\n(Buses non incluses)\r\n\r\n<hr \/>","_fr_post_title":"Accessoire de coupage","_pt_post_content":"","_pt_post_name":"acessorio-de-corte","_pt_post_excerpt":"<hr \/>\r\n\r\nAcess\u00f3rio de corte T-36-2 para misturas de oxi-butano e oxi-acetileno.\r\n<ul>\r\n \t<li>V\u00e1lido para Tocha de G\u00e1s Oxig\u00eanio.<\/li>\r\n<\/ul>\r\nOs bicos n\u00e3o est\u00e3o inclu\u00eddos.\r\n\r\n<hr \/>","_pt_post_title":"Acess\u00f3rio de corte","edit_language":"en"},"product_brand":[],"product_cat":[10,11],"product_tag":[],"class_list":{"0":"post-721","1":"product","2":"type-product","3":"status-publish","4":"has-post-thumbnail","6":"product_cat-s-accesorios-industriales","7":"product_cat-accesorios-soldadura","8":"product_shipping_class-no-adr-producto","10":"first","11":"instock","12":"taxable","13":"shipping-taxable","14":"purchasable","15":"product-type-simple","16":"czr-hentry"},"yoast_head":"<!-- This site is optimized with the Yoast SEO plugin v27.1.1 - https:\/\/yoast.com\/product\/yoast-seo-wordpress\/ -->\n<title>Accesorio de corte - V\u00e1lido para oxi-butano y oxi-acetileno<\/title>\n<meta name=\"description\" content=\"Accesorio de corte T-36-2 para mezclas oxi-butano y oxi-acetileno. V\u00e1lido para Soplete Ox\u00edgeno Gas. No incluye boquillas.\" \/>\n<meta name=\"robots\" content=\"index, follow, max-snippet:-1, max-image-preview:large, max-video-preview:-1\" \/>\n<link rel=\"canonical\" href=\"https:\/\/www.syc-cylinders.eu\/tienda\/accesorio-de-corte-oxi-butano-oxi-acetileno\/\" \/>\n<meta property=\"og:locale\" content=\"en_GB\" \/>\n<meta property=\"og:type\" content=\"article\" \/>\n<meta property=\"og:title\" content=\"Accesorio de corte - V\u00e1lido para oxi-butano y oxi-acetileno\" \/>\n<meta property=\"og:description\" content=\"Accesorio de corte T-36-2 para mezclas oxi-butano y oxi-acetileno. V\u00e1lido para Soplete Ox\u00edgeno Gas. No incluye boquillas.\" \/>\n<meta property=\"og:url\" content=\"https:\/\/www.syc-cylinders.eu\/tienda\/accesorio-de-corte-oxi-butano-oxi-acetileno\/\" \/>\n<meta property=\"og:site_name\" content=\"SYC Cylinders\" \/>\n<meta property=\"article:publisher\" content=\"https:\/\/es-es.facebook.com\/Syc-Cylinders-Europe-1387368244908487\/\" \/>\n<meta property=\"article:modified_time\" content=\"2025-02-23T23:00:30+00:00\" \/>\n<meta property=\"og:image\" content=\"https:\/\/www.syc-cylinders.eu\/wp-content\/uploads\/2022\/10\/accesorio-corte-T36-oxygen-acetylene-cutting-torch.webp\" \/>\n\t<meta property=\"og:image:width\" content=\"576\" \/>\n\t<meta property=\"og:image:height\" content=\"576\" \/>\n\t<meta property=\"og:image:type\" content=\"image\/webp\" \/>\n<meta name=\"twitter:card\" content=\"summary_large_image\" \/>\n<meta name=\"twitter:site\" content=\"@Syc_Cylinders\" \/>\n<meta name=\"twitter:label1\" content=\"Estimated reading time\" \/>\n\t<meta name=\"twitter:data1\" content=\"1 minute\" \/>\n<script type=\"application\/ld+json\" class=\"yoast-schema-graph\">{\"@context\":\"https:\/\/schema.org\",\"@graph\":[{\"@type\":[\"WebPage\",\"ItemPage\"],\"@id\":\"https:\/\/www.syc-cylinders.eu\/tienda\/accesorio-de-corte-oxi-butano-oxi-acetileno\/\",\"url\":\"https:\/\/www.syc-cylinders.eu\/tienda\/accesorio-de-corte-oxi-butano-oxi-acetileno\/\",\"name\":\"Accesorio de corte - V\u00e1lido para oxi-butano y oxi-acetileno\",\"isPartOf\":{\"@id\":\"https:\/\/www.syc-cylinders.eu\/#website\"},\"primaryImageOfPage\":{\"@id\":\"https:\/\/www.syc-cylinders.eu\/tienda\/accesorio-de-corte-oxi-butano-oxi-acetileno\/#primaryimage\"},\"image\":{\"@id\":\"https:\/\/www.syc-cylinders.eu\/tienda\/accesorio-de-corte-oxi-butano-oxi-acetileno\/#primaryimage\"},\"thumbnailUrl\":\"https:\/\/www.syc-cylinders.eu\/wp-content\/uploads\/2022\/10\/accesorio-corte-T36-oxygen-acetylene-cutting-torch.webp\",\"datePublished\":\"2016-08-03T09:25:38+00:00\",\"dateModified\":\"2025-02-23T23:00:30+00:00\",\"description\":\"Accesorio de corte T-36-2 para mezclas oxi-butano y oxi-acetileno. V\u00e1lido para Soplete Ox\u00edgeno Gas. No incluye boquillas.\",\"breadcrumb\":{\"@id\":\"https:\/\/www.syc-cylinders.eu\/tienda\/accesorio-de-corte-oxi-butano-oxi-acetileno\/#breadcrumb\"},\"inLanguage\":\"en-GB\",\"potentialAction\":[{\"@type\":\"ReadAction\",\"target\":[\"https:\/\/www.syc-cylinders.eu\/tienda\/accesorio-de-corte-oxi-butano-oxi-acetileno\/\"]}]},{\"@type\":\"ImageObject\",\"inLanguage\":\"en-GB\",\"@id\":\"https:\/\/www.syc-cylinders.eu\/tienda\/accesorio-de-corte-oxi-butano-oxi-acetileno\/#primaryimage\",\"url\":\"https:\/\/www.syc-cylinders.eu\/wp-content\/uploads\/2022\/10\/accesorio-corte-T36-oxygen-acetylene-cutting-torch.webp\",\"contentUrl\":\"https:\/\/www.syc-cylinders.eu\/wp-content\/uploads\/2022\/10\/accesorio-corte-T36-oxygen-acetylene-cutting-torch.webp\",\"width\":576,\"height\":576,\"caption\":\"accesorio corte T-36 Oxigeno - Acetileno\"},{\"@type\":\"BreadcrumbList\",\"@id\":\"https:\/\/www.syc-cylinders.eu\/tienda\/accesorio-de-corte-oxi-butano-oxi-acetileno\/#breadcrumb\",\"itemListElement\":[{\"@type\":\"ListItem\",\"position\":1,\"name\":\"Home\",\"item\":\"https:\/\/www.syc-cylinders.eu\/en\/\"},{\"@type\":\"ListItem\",\"position\":2,\"name\":\"Tienda\",\"item\":\"https:\/\/www.syc-cylinders.eu\/tienda\/\"},{\"@type\":\"ListItem\",\"position\":3,\"name\":\"Accesorio de corte\"}]},{\"@type\":\"WebSite\",\"@id\":\"https:\/\/www.syc-cylinders.eu\/#website\",\"url\":\"https:\/\/www.syc-cylinders.eu\/\",\"name\":\"SYC Cylinders\",\"description\":\"SYC Cylinders fabricante de botellas gas a presi\u00f3n y venta de accesorios de soldadura\",\"publisher\":{\"@id\":\"https:\/\/www.syc-cylinders.eu\/#organization\"},\"potentialAction\":[{\"@type\":\"SearchAction\",\"target\":{\"@type\":\"EntryPoint\",\"urlTemplate\":\"https:\/\/www.syc-cylinders.eu\/?s={search_term_string}\"},\"query-input\":{\"@type\":\"PropertyValueSpecification\",\"valueRequired\":true,\"valueName\":\"search_term_string\"}}],\"inLanguage\":\"en-GB\"},{\"@type\":\"Organization\",\"@id\":\"https:\/\/www.syc-cylinders.eu\/#organization\",\"name\":\"SYC Cylinders\",\"url\":\"https:\/\/www.syc-cylinders.eu\/\",\"logo\":{\"@type\":\"ImageObject\",\"inLanguage\":\"en-GB\",\"@id\":\"https:\/\/www.syc-cylinders.eu\/#\/schema\/logo\/image\/\",\"url\":\"https:\/\/www.syc-cylinders.eu\/wp-content\/uploads\/2016\/07\/logo-syc.jpg\",\"contentUrl\":\"https:\/\/www.syc-cylinders.eu\/wp-content\/uploads\/2016\/07\/logo-syc.jpg\",\"width\":182,\"height\":45,\"caption\":\"SYC Cylinders\"},\"image\":{\"@id\":\"https:\/\/www.syc-cylinders.eu\/#\/schema\/logo\/image\/\"},\"sameAs\":[\"https:\/\/es-es.facebook.com\/Syc-Cylinders-Europe-1387368244908487\/\",\"https:\/\/x.com\/Syc_Cylinders\",\"https:\/\/www.linkedin.com\/company\/syc-cylinders\",\"https:\/\/www.youtube.com\/channel\/UCVmZ-OD_WC6Q9durvs11IrA\"]}]}<\/script>\n<!-- \/ Yoast SEO plugin. -->","yoast_head_json":{"title":"Accesorio de corte - V\u00e1lido para oxi-butano y oxi-acetileno","description":"Accesorio de corte T-36-2 para mezclas oxi-butano y oxi-acetileno. V\u00e1lido para Soplete Ox\u00edgeno Gas. No incluye boquillas.","robots":{"index":"index","follow":"follow","max-snippet":"max-snippet:-1","max-image-preview":"max-image-preview:large","max-video-preview":"max-video-preview:-1"},"canonical":"https:\/\/www.syc-cylinders.eu\/tienda\/accesorio-de-corte-oxi-butano-oxi-acetileno\/","og_locale":"en_GB","og_type":"article","og_title":"Accesorio de corte - V\u00e1lido para oxi-butano y oxi-acetileno","og_description":"Accesorio de corte T-36-2 para mezclas oxi-butano y oxi-acetileno. V\u00e1lido para Soplete Ox\u00edgeno Gas. No incluye boquillas.","og_url":"https:\/\/www.syc-cylinders.eu\/tienda\/accesorio-de-corte-oxi-butano-oxi-acetileno\/","og_site_name":"SYC Cylinders","article_publisher":"https:\/\/es-es.facebook.com\/Syc-Cylinders-Europe-1387368244908487\/","article_modified_time":"2025-02-23T23:00:30+00:00","og_image":[{"width":576,"height":576,"url":"https:\/\/www.syc-cylinders.eu\/wp-content\/uploads\/2022\/10\/accesorio-corte-T36-oxygen-acetylene-cutting-torch.webp","type":"image\/webp"}],"twitter_card":"summary_large_image","twitter_site":"@Syc_Cylinders","twitter_misc":{"Estimated reading time":"1 minute"},"schema":{"@context":"https:\/\/schema.org","@graph":[{"@type":["WebPage","ItemPage"],"@id":"https:\/\/www.syc-cylinders.eu\/tienda\/accesorio-de-corte-oxi-butano-oxi-acetileno\/","url":"https:\/\/www.syc-cylinders.eu\/tienda\/accesorio-de-corte-oxi-butano-oxi-acetileno\/","name":"Accesorio de corte - V\u00e1lido para oxi-butano y oxi-acetileno","isPartOf":{"@id":"https:\/\/www.syc-cylinders.eu\/#website"},"primaryImageOfPage":{"@id":"https:\/\/www.syc-cylinders.eu\/tienda\/accesorio-de-corte-oxi-butano-oxi-acetileno\/#primaryimage"},"image":{"@id":"https:\/\/www.syc-cylinders.eu\/tienda\/accesorio-de-corte-oxi-butano-oxi-acetileno\/#primaryimage"},"thumbnailUrl":"https:\/\/www.syc-cylinders.eu\/wp-content\/uploads\/2022\/10\/accesorio-corte-T36-oxygen-acetylene-cutting-torch.webp","datePublished":"2016-08-03T09:25:38+00:00","dateModified":"2025-02-23T23:00:30+00:00","description":"Accesorio de corte T-36-2 para mezclas oxi-butano y oxi-acetileno. V\u00e1lido para Soplete Ox\u00edgeno Gas. No incluye boquillas.","breadcrumb":{"@id":"https:\/\/www.syc-cylinders.eu\/tienda\/accesorio-de-corte-oxi-butano-oxi-acetileno\/#breadcrumb"},"inLanguage":"en-GB","potentialAction":[{"@type":"ReadAction","target":["https:\/\/www.syc-cylinders.eu\/tienda\/accesorio-de-corte-oxi-butano-oxi-acetileno\/"]}]},{"@type":"ImageObject","inLanguage":"en-GB","@id":"https:\/\/www.syc-cylinders.eu\/tienda\/accesorio-de-corte-oxi-butano-oxi-acetileno\/#primaryimage","url":"https:\/\/www.syc-cylinders.eu\/wp-content\/uploads\/2022\/10\/accesorio-corte-T36-oxygen-acetylene-cutting-torch.webp","contentUrl":"https:\/\/www.syc-cylinders.eu\/wp-content\/uploads\/2022\/10\/accesorio-corte-T36-oxygen-acetylene-cutting-torch.webp","width":576,"height":576,"caption":"accesorio corte T-36 Oxigeno - Acetileno"},{"@type":"BreadcrumbList","@id":"https:\/\/www.syc-cylinders.eu\/tienda\/accesorio-de-corte-oxi-butano-oxi-acetileno\/#breadcrumb","itemListElement":[{"@type":"ListItem","position":1,"name":"Home","item":"https:\/\/www.syc-cylinders.eu\/en\/"},{"@type":"ListItem","position":2,"name":"Tienda","item":"https:\/\/www.syc-cylinders.eu\/tienda\/"},{"@type":"ListItem","position":3,"name":"Accesorio de corte"}]},{"@type":"WebSite","@id":"https:\/\/www.syc-cylinders.eu\/#website","url":"https:\/\/www.syc-cylinders.eu\/","name":"SYC Cylinders","description":"SYC Cylinders fabricante de botellas gas a presi\u00f3n y venta de accesorios de soldadura","publisher":{"@id":"https:\/\/www.syc-cylinders.eu\/#organization"},"potentialAction":[{"@type":"SearchAction","target":{"@type":"EntryPoint","urlTemplate":"https:\/\/www.syc-cylinders.eu\/?s={search_term_string}"},"query-input":{"@type":"PropertyValueSpecification","valueRequired":true,"valueName":"search_term_string"}}],"inLanguage":"en-GB"},{"@type":"Organization","@id":"https:\/\/www.syc-cylinders.eu\/#organization","name":"SYC Cylinders","url":"https:\/\/www.syc-cylinders.eu\/","logo":{"@type":"ImageObject","inLanguage":"en-GB","@id":"https:\/\/www.syc-cylinders.eu\/#\/schema\/logo\/image\/","url":"https:\/\/www.syc-cylinders.eu\/wp-content\/uploads\/2016\/07\/logo-syc.jpg","contentUrl":"https:\/\/www.syc-cylinders.eu\/wp-content\/uploads\/2016\/07\/logo-syc.jpg","width":182,"height":45,"caption":"SYC Cylinders"},"image":{"@id":"https:\/\/www.syc-cylinders.eu\/#\/schema\/logo\/image\/"},"sameAs":["https:\/\/es-es.facebook.com\/Syc-Cylinders-Europe-1387368244908487\/","https:\/\/x.com\/Syc_Cylinders","https:\/\/www.linkedin.com\/company\/syc-cylinders","https:\/\/www.youtube.com\/channel\/UCVmZ-OD_WC6Q9durvs11IrA"]}]}},"_links":{"self":[{"href":"https:\/\/www.syc-cylinders.eu\/en\/wp-json\/wp\/v2\/product\/721","targetHints":{"allow":["GET"]}}],"collection":[{"href":"https:\/\/www.syc-cylinders.eu\/en\/wp-json\/wp\/v2\/product"}],"about":[{"href":"https:\/\/www.syc-cylinders.eu\/en\/wp-json\/wp\/v2\/types\/product"}],"wp:featuredmedia":[{"embeddable":true,"href":"https:\/\/www.syc-cylinders.eu\/en\/wp-json\/wp\/v2\/media\/24844"}],"wp:attachment":[{"href":"https:\/\/www.syc-cylinders.eu\/en\/wp-json\/wp\/v2\/media?parent=721"}],"wp:term":[{"taxonomy":"product_brand","embeddable":true,"href":"https:\/\/www.syc-cylinders.eu\/en\/wp-json\/wp\/v2\/product_brand?post=721"},{"taxonomy":"product_cat","embeddable":true,"href":"https:\/\/www.syc-cylinders.eu\/en\/wp-json\/wp\/v2\/product_cat?post=721"},{"taxonomy":"product_tag","embeddable":true,"href":"https:\/\/www.syc-cylinders.eu\/en\/wp-json\/wp\/v2\/product_tag?post=721"}],"curies":[{"name":"wp","href":"https:\/\/api.w.org\/{rel}","templated":true}]}}