{"id":2203,"date":"2016-12-15T08:29:35","date_gmt":"2016-12-15T07:29:35","guid":{"rendered":"https:\/\/www.syc-cylinders.eu\/?post_type=product&#038;p=2203"},"modified":"2025-07-17T10:41:25","modified_gmt":"2025-07-17T08:41:25","slug":"11-l-cylinder-178-ar-concave-for-industrial-argon-gas-fulled","status":"publish","type":"product","link":"https:\/\/www.syc-cylinders.eu\/en\/shop\/11-l-cylinder-178-ar-concave-for-industrial-argon-gas-fulled\/","title":{"rendered":"11 L Cylinder 178 AR concave for Industrial Argon Gas (fulled)","raw":"11 L Cylinder 178 AR concave for Industrial Argon Gas (fulled)"},"content":{"rendered":"","protected":false,"raw":""},"excerpt":{"rendered":"<hr \/>\n<p>11L Cylinder for Industrial Argon.<\/p>\n<ul>\n<li>Water Capacity: 11 liters (2200 l gas).<\/li>\n<li>Diameter: 178 mm.<\/li>\n<li>Working Pressure : 200 bars.<\/li>\n<li>Thread 21,7 mm x 1\/14&#8243; Right-handed.<\/li>\n<li>Concave base shape.<\/li>\n<li>Protection guard included.<\/li>\n<li>Painted in accordance with standards UNE-EN 1089.<\/li>\n<li>Gas INCLUDED..<\/li>\n<\/ul>\n<p>\nThe colour of the cylinders may vary.<\/p>\n<hr \/>\n","protected":false,"raw":"<hr \/>\r\n\r\n11L Cylinder for Industrial Argon.\r\n\r\n<ul>\r\n<li>Water Capacity: 11 liters (2200 l gas).<\/li>\r\n<li>Diameter: 178 mm.<\/li>\r\n<li>Working Pressure : 200 bars.<\/li>\r\n<li>Thread 21,7 mm x 1\/14\" Right-handed.<\/li>\r\n<li>Concave base shape.<\/li>\r\n<li>Protection guard included.<\/li>\r\n<li>Painted in accordance with standards UNE-EN 1089.<\/li>\r\n<li>Gas INCLUDED..<\/li>\r\n<\/ul>\r\n\r\n<p>\r\nThe colour of the cylinders may vary.<\/p>\r\n\r\n<hr \/>"},"featured_media":2205,"template":"","meta":{"inline_featured_image":false,"_es_post_content":"","_es_post_name":"botella-11-l-178-argon-ar-std-gas","_es_post_excerpt":"<hr \/>\r\n\r\nBotella cargada de 11L con gas Arg\u00f3n industrial.\r\n\r\n<ul>\r\n<li>Capacidad volum\u00e9trica: 11 litros (2200 l de gas).<\/li>\r\n<li>Di\u00e1metro: 178 mm.<\/li>\r\n<li>Presi\u00f3n de trabajo: 200 bars.<\/li>\r\n<li>Con v\u00e1lvula standard para mercado espa\u00f1ol.<\/li>\r\n<li>Rosca 21,7 mm x 1\/14\" Derechas.<\/li>\r\n<li>Fondo c\u00f3ncavo.<\/li>\r\n<li>Incluye tulipa de protecci\u00f3n.<\/li>\r\n<li>Pintada seg\u00fan normativa UNE-EN 1089.<\/li>\r\n<li>INCLUYE carga de gas.<\/li>\r\n<\/ul>\r\n\r\n<p>\r\nEl color de las botellas puede variar.<\/p>\r\n\r\n<hr \/>","_es_post_title":"Botella 11 L 178 Arg\u00f3n AR STD GAS","_en_post_content":"","_en_post_name":"11-l-cylinder-178-ar-concave-for-industrial-argon-gas-fulled","_en_post_excerpt":"<hr \/>\r\n\r\n11L Cylinder for Industrial Argon.\r\n\r\n<ul>\r\n<li>Water Capacity: 11 liters (2200 l gas).<\/li>\r\n<li>Diameter: 178 mm.<\/li>\r\n<li>Working Pressure : 200 bars.<\/li>\r\n<li>Thread 21,7 mm x 1\/14\" Right-handed.<\/li>\r\n<li>Concave base shape.<\/li>\r\n<li>Protection guard included.<\/li>\r\n<li>Painted in accordance with standards UNE-EN 1089.<\/li>\r\n<li>Gas INCLUDED..<\/li>\r\n<\/ul>\r\n\r\n<p>\r\nThe colour of the cylinders may vary.<\/p>\r\n\r\n<hr \/>","_en_post_title":"11 L Cylinder 178 AR concave for Industrial Argon Gas (fulled)","_fr_post_content":"","_fr_post_name":"bouteille-11-l-178-argon-ar-std-gaz","_fr_post_excerpt":"<hr \/>\r\n\r\nBouteille charg\u00e9e de 11L pour gaz argon industriel (AR).\r\n<ul>\r\n \t<li>Capacit\u00e9 volum\u00e9trique: 11 litres (2200 l de gaz).<\/li>\r\n \t<li>Diam\u00e8tre: 178 mm.<\/li>\r\n \t<li>Pression de service: 200 bars.<\/li>\r\n \t<li>Avec robinet standard pour march\u00e9 fran\u00e7ais.<\/li>\r\n \t<li>Vis 21,7 mm x 1\/14\u2033 Droite.<\/li>\r\n \t<li>Fond concave.<\/li>\r\n \t<li>Tulipe de protection inclus.<\/li>\r\n \t<li>Peinte selon la norme UNE-EN 1089.<\/li>\r\n \t<li>Charge de gaz INCLUSE.<\/li>\r\n<\/ul>\r\nLa couleur des bouteilles peut varier.\r\n\r\n<hr \/>","_fr_post_title":"Bouteille 11 L 178 Argon AR STD GAZ","_pt_post_content":"","_pt_post_name":"cilindro-11-l-178-argonio-ar-std-gas","_pt_post_excerpt":"<hr \/>\r\nCilindro com carga de 11L para g\u00e1s arg\u00f4nio industrial (AR).\r\n\r\n<ul>\r\n<li>Capacidade volum\u00e9trica: 11 litros (2200 l de gas).<\/li>\r\n<li>Di\u00e2metro: 178 mm.<\/li>\r\n<li>Press\u00e3o de trabalho: 200 bar.<\/li>\r\n<li>Com v\u00e1lvula padr\u00e3o para o mercado espanhol.<\/li>\r\n<li>Rosca 21,7 mm x 1\/14\" Direitas.<\/li>\r\n<li>Fundo c\u00f4ncavo.<\/li>\r\n<li>Inclui tampa de prote\u00e7\u00e3o.<\/li>\r\n<li>Pintado de acordo com o Regulamento UNE-EN 1089.<\/li>\r\n<li>INCLUI carga de g\u00e1s.<\/li>\r\n<\/ul>\r\n<p>A cor das cilindros pode variar.<\/p>\r\n<hr \/>\r\n","_pt_post_title":"Cilindro 11 L 178 Arg\u00f4nio AR STD G\u00c1S","edit_language":"en"},"product_brand":[],"product_cat":[236,95,97],"product_tag":[],"class_list":{"0":"post-2203","1":"product","2":"type-product","3":"status-publish","4":"has-post-thumbnail","6":"product_cat-botella-cargada-inerte","7":"product_cat-botellas-industriales-es","8":"product_cat-cargadas-es","9":"product_shipping_class-adr-producto","11":"first","12":"instock","13":"featured","14":"taxable","15":"shipping-taxable","16":"purchasable","17":"product-type-simple","18":"czr-hentry"},"yoast_head":"<!-- This site is optimized with the Yoast SEO plugin v27.1.1 - https:\/\/yoast.com\/product\/yoast-seo-wordpress\/ -->\n<title>Botella 11 L cargada 178 Arg\u00f3n - SYC Cylinders Europe<\/title>\n<meta name=\"description\" content=\"Botella 11 L cargada 178 Arg\u00f3n. Capacidad volum\u00e9trica: 11 litros (2200 l de gas). Di\u00e1metro: 178 mm. Presi\u00f3n de trabajo: 200 bars. M\u00e1s...\" \/>\n<meta name=\"robots\" content=\"index, follow, max-snippet:-1, max-image-preview:large, max-video-preview:-1\" \/>\n<link rel=\"canonical\" href=\"https:\/\/www.syc-cylinders.eu\/tienda\/botella-11-l-178-argon-ar-std-gas\/\" \/>\n<meta property=\"og:locale\" content=\"en_GB\" \/>\n<meta property=\"og:type\" content=\"article\" \/>\n<meta property=\"og:title\" content=\"Botella 11 L cargada 178 Arg\u00f3n - SYC Cylinders Europe\" \/>\n<meta property=\"og:description\" content=\"Botella 11 L cargada 178 Arg\u00f3n. Capacidad volum\u00e9trica: 11 litros (2200 l de gas). Di\u00e1metro: 178 mm. Presi\u00f3n de trabajo: 200 bars. M\u00e1s...\" \/>\n<meta property=\"og:url\" content=\"https:\/\/www.syc-cylinders.eu\/tienda\/botella-11-l-178-argon-ar-std-gas\/\" \/>\n<meta property=\"og:site_name\" content=\"SYC Cylinders\" \/>\n<meta property=\"article:publisher\" content=\"https:\/\/es-es.facebook.com\/Syc-Cylinders-Europe-1387368244908487\/\" \/>\n<meta property=\"article:modified_time\" content=\"2025-07-17T08:41:25+00:00\" \/>\n<meta property=\"og:image\" content=\"https:\/\/www.syc-cylinders.eu\/wp-content\/uploads\/2016\/12\/11-L-178-argon-verde-gris.webp\" \/>\n\t<meta property=\"og:image:width\" content=\"1136\" \/>\n\t<meta property=\"og:image:height\" content=\"1136\" \/>\n\t<meta property=\"og:image:type\" content=\"image\/webp\" \/>\n<meta name=\"twitter:card\" content=\"summary_large_image\" \/>\n<meta name=\"twitter:site\" content=\"@Syc_Cylinders\" \/>\n<script type=\"application\/ld+json\" class=\"yoast-schema-graph\">{\"@context\":\"https:\/\/schema.org\",\"@graph\":[{\"@type\":\"WebPage\",\"@id\":\"https:\/\/www.syc-cylinders.eu\/tienda\/botella-11-l-178-argon-ar-std-gas\/\",\"url\":\"https:\/\/www.syc-cylinders.eu\/tienda\/botella-11-l-178-argon-ar-std-gas\/\",\"name\":\"Botella 11 L cargada 178 Arg\u00f3n - SYC Cylinders Europe\",\"isPartOf\":{\"@id\":\"https:\/\/www.syc-cylinders.eu\/#website\"},\"primaryImageOfPage\":{\"@id\":\"https:\/\/www.syc-cylinders.eu\/tienda\/botella-11-l-178-argon-ar-std-gas\/#primaryimage\"},\"image\":{\"@id\":\"https:\/\/www.syc-cylinders.eu\/tienda\/botella-11-l-178-argon-ar-std-gas\/#primaryimage\"},\"thumbnailUrl\":\"https:\/\/www.syc-cylinders.eu\/wp-content\/uploads\/2016\/12\/11-L-178-argon-verde-gris.webp\",\"datePublished\":\"2016-12-15T07:29:35+00:00\",\"dateModified\":\"2025-07-17T08:41:25+00:00\",\"description\":\"Botella 11 L cargada 178 Arg\u00f3n. Capacidad volum\u00e9trica: 11 litros (2200 l de gas). Di\u00e1metro: 178 mm. Presi\u00f3n de trabajo: 200 bars. M\u00e1s...\",\"breadcrumb\":{\"@id\":\"https:\/\/www.syc-cylinders.eu\/tienda\/botella-11-l-178-argon-ar-std-gas\/#breadcrumb\"},\"inLanguage\":\"en-GB\",\"potentialAction\":[{\"@type\":\"ReadAction\",\"target\":[\"https:\/\/www.syc-cylinders.eu\/tienda\/botella-11-l-178-argon-ar-std-gas\/\"]}]},{\"@type\":\"ImageObject\",\"inLanguage\":\"en-GB\",\"@id\":\"https:\/\/www.syc-cylinders.eu\/tienda\/botella-11-l-178-argon-ar-std-gas\/#primaryimage\",\"url\":\"https:\/\/www.syc-cylinders.eu\/wp-content\/uploads\/2016\/12\/11-L-178-argon-verde-gris.webp\",\"contentUrl\":\"https:\/\/www.syc-cylinders.eu\/wp-content\/uploads\/2016\/12\/11-L-178-argon-verde-gris.webp\",\"width\":1136,\"height\":1136,\"caption\":\"11L 178 argon verde gris\"},{\"@type\":\"BreadcrumbList\",\"@id\":\"https:\/\/www.syc-cylinders.eu\/tienda\/botella-11-l-178-argon-ar-std-gas\/#breadcrumb\",\"itemListElement\":[{\"@type\":\"ListItem\",\"position\":1,\"name\":\"Home\",\"item\":\"https:\/\/www.syc-cylinders.eu\/en\/\"},{\"@type\":\"ListItem\",\"position\":2,\"name\":\"Tienda\",\"item\":\"https:\/\/www.syc-cylinders.eu\/tienda\/\"},{\"@type\":\"ListItem\",\"position\":3,\"name\":\"Botella 11 L 178 Arg\u00f3n AR STD GAS\"}]},{\"@type\":\"WebSite\",\"@id\":\"https:\/\/www.syc-cylinders.eu\/#website\",\"url\":\"https:\/\/www.syc-cylinders.eu\/\",\"name\":\"SYC Cylinders\",\"description\":\"SYC Cylinders fabricante de botellas gas a presi\u00f3n y venta de accesorios de soldadura\",\"publisher\":{\"@id\":\"https:\/\/www.syc-cylinders.eu\/#organization\"},\"potentialAction\":[{\"@type\":\"SearchAction\",\"target\":{\"@type\":\"EntryPoint\",\"urlTemplate\":\"https:\/\/www.syc-cylinders.eu\/?s={search_term_string}\"},\"query-input\":{\"@type\":\"PropertyValueSpecification\",\"valueRequired\":true,\"valueName\":\"search_term_string\"}}],\"inLanguage\":\"en-GB\"},{\"@type\":\"Organization\",\"@id\":\"https:\/\/www.syc-cylinders.eu\/#organization\",\"name\":\"SYC Cylinders\",\"url\":\"https:\/\/www.syc-cylinders.eu\/\",\"logo\":{\"@type\":\"ImageObject\",\"inLanguage\":\"en-GB\",\"@id\":\"https:\/\/www.syc-cylinders.eu\/#\/schema\/logo\/image\/\",\"url\":\"https:\/\/www.syc-cylinders.eu\/wp-content\/uploads\/2016\/07\/logo-syc.jpg\",\"contentUrl\":\"https:\/\/www.syc-cylinders.eu\/wp-content\/uploads\/2016\/07\/logo-syc.jpg\",\"width\":182,\"height\":45,\"caption\":\"SYC Cylinders\"},\"image\":{\"@id\":\"https:\/\/www.syc-cylinders.eu\/#\/schema\/logo\/image\/\"},\"sameAs\":[\"https:\/\/es-es.facebook.com\/Syc-Cylinders-Europe-1387368244908487\/\",\"https:\/\/x.com\/Syc_Cylinders\",\"https:\/\/www.linkedin.com\/company\/syc-cylinders\",\"https:\/\/www.youtube.com\/channel\/UCVmZ-OD_WC6Q9durvs11IrA\"]}]}<\/script>\n<!-- \/ Yoast SEO plugin. -->","yoast_head_json":{"title":"Botella 11 L cargada 178 Arg\u00f3n - SYC Cylinders Europe","description":"Botella 11 L cargada 178 Arg\u00f3n. Capacidad volum\u00e9trica: 11 litros (2200 l de gas). Di\u00e1metro: 178 mm. Presi\u00f3n de trabajo: 200 bars. M\u00e1s...","robots":{"index":"index","follow":"follow","max-snippet":"max-snippet:-1","max-image-preview":"max-image-preview:large","max-video-preview":"max-video-preview:-1"},"canonical":"https:\/\/www.syc-cylinders.eu\/tienda\/botella-11-l-178-argon-ar-std-gas\/","og_locale":"en_GB","og_type":"article","og_title":"Botella 11 L cargada 178 Arg\u00f3n - SYC Cylinders Europe","og_description":"Botella 11 L cargada 178 Arg\u00f3n. Capacidad volum\u00e9trica: 11 litros (2200 l de gas). Di\u00e1metro: 178 mm. Presi\u00f3n de trabajo: 200 bars. M\u00e1s...","og_url":"https:\/\/www.syc-cylinders.eu\/tienda\/botella-11-l-178-argon-ar-std-gas\/","og_site_name":"SYC Cylinders","article_publisher":"https:\/\/es-es.facebook.com\/Syc-Cylinders-Europe-1387368244908487\/","article_modified_time":"2025-07-17T08:41:25+00:00","og_image":[{"width":1136,"height":1136,"url":"https:\/\/www.syc-cylinders.eu\/wp-content\/uploads\/2016\/12\/11-L-178-argon-verde-gris.webp","type":"image\/webp"}],"twitter_card":"summary_large_image","twitter_site":"@Syc_Cylinders","schema":{"@context":"https:\/\/schema.org","@graph":[{"@type":"WebPage","@id":"https:\/\/www.syc-cylinders.eu\/tienda\/botella-11-l-178-argon-ar-std-gas\/","url":"https:\/\/www.syc-cylinders.eu\/tienda\/botella-11-l-178-argon-ar-std-gas\/","name":"Botella 11 L cargada 178 Arg\u00f3n - SYC Cylinders Europe","isPartOf":{"@id":"https:\/\/www.syc-cylinders.eu\/#website"},"primaryImageOfPage":{"@id":"https:\/\/www.syc-cylinders.eu\/tienda\/botella-11-l-178-argon-ar-std-gas\/#primaryimage"},"image":{"@id":"https:\/\/www.syc-cylinders.eu\/tienda\/botella-11-l-178-argon-ar-std-gas\/#primaryimage"},"thumbnailUrl":"https:\/\/www.syc-cylinders.eu\/wp-content\/uploads\/2016\/12\/11-L-178-argon-verde-gris.webp","datePublished":"2016-12-15T07:29:35+00:00","dateModified":"2025-07-17T08:41:25+00:00","description":"Botella 11 L cargada 178 Arg\u00f3n. Capacidad volum\u00e9trica: 11 litros (2200 l de gas). Di\u00e1metro: 178 mm. Presi\u00f3n de trabajo: 200 bars. M\u00e1s...","breadcrumb":{"@id":"https:\/\/www.syc-cylinders.eu\/tienda\/botella-11-l-178-argon-ar-std-gas\/#breadcrumb"},"inLanguage":"en-GB","potentialAction":[{"@type":"ReadAction","target":["https:\/\/www.syc-cylinders.eu\/tienda\/botella-11-l-178-argon-ar-std-gas\/"]}]},{"@type":"ImageObject","inLanguage":"en-GB","@id":"https:\/\/www.syc-cylinders.eu\/tienda\/botella-11-l-178-argon-ar-std-gas\/#primaryimage","url":"https:\/\/www.syc-cylinders.eu\/wp-content\/uploads\/2016\/12\/11-L-178-argon-verde-gris.webp","contentUrl":"https:\/\/www.syc-cylinders.eu\/wp-content\/uploads\/2016\/12\/11-L-178-argon-verde-gris.webp","width":1136,"height":1136,"caption":"11L 178 argon verde gris"},{"@type":"BreadcrumbList","@id":"https:\/\/www.syc-cylinders.eu\/tienda\/botella-11-l-178-argon-ar-std-gas\/#breadcrumb","itemListElement":[{"@type":"ListItem","position":1,"name":"Home","item":"https:\/\/www.syc-cylinders.eu\/en\/"},{"@type":"ListItem","position":2,"name":"Tienda","item":"https:\/\/www.syc-cylinders.eu\/tienda\/"},{"@type":"ListItem","position":3,"name":"Botella 11 L 178 Arg\u00f3n AR STD GAS"}]},{"@type":"WebSite","@id":"https:\/\/www.syc-cylinders.eu\/#website","url":"https:\/\/www.syc-cylinders.eu\/","name":"SYC Cylinders","description":"SYC Cylinders fabricante de botellas gas a presi\u00f3n y venta de accesorios de soldadura","publisher":{"@id":"https:\/\/www.syc-cylinders.eu\/#organization"},"potentialAction":[{"@type":"SearchAction","target":{"@type":"EntryPoint","urlTemplate":"https:\/\/www.syc-cylinders.eu\/?s={search_term_string}"},"query-input":{"@type":"PropertyValueSpecification","valueRequired":true,"valueName":"search_term_string"}}],"inLanguage":"en-GB"},{"@type":"Organization","@id":"https:\/\/www.syc-cylinders.eu\/#organization","name":"SYC Cylinders","url":"https:\/\/www.syc-cylinders.eu\/","logo":{"@type":"ImageObject","inLanguage":"en-GB","@id":"https:\/\/www.syc-cylinders.eu\/#\/schema\/logo\/image\/","url":"https:\/\/www.syc-cylinders.eu\/wp-content\/uploads\/2016\/07\/logo-syc.jpg","contentUrl":"https:\/\/www.syc-cylinders.eu\/wp-content\/uploads\/2016\/07\/logo-syc.jpg","width":182,"height":45,"caption":"SYC Cylinders"},"image":{"@id":"https:\/\/www.syc-cylinders.eu\/#\/schema\/logo\/image\/"},"sameAs":["https:\/\/es-es.facebook.com\/Syc-Cylinders-Europe-1387368244908487\/","https:\/\/x.com\/Syc_Cylinders","https:\/\/www.linkedin.com\/company\/syc-cylinders","https:\/\/www.youtube.com\/channel\/UCVmZ-OD_WC6Q9durvs11IrA"]}]}},"_links":{"self":[{"href":"https:\/\/www.syc-cylinders.eu\/en\/wp-json\/wp\/v2\/product\/2203","targetHints":{"allow":["GET"]}}],"collection":[{"href":"https:\/\/www.syc-cylinders.eu\/en\/wp-json\/wp\/v2\/product"}],"about":[{"href":"https:\/\/www.syc-cylinders.eu\/en\/wp-json\/wp\/v2\/types\/product"}],"wp:featuredmedia":[{"embeddable":true,"href":"https:\/\/www.syc-cylinders.eu\/en\/wp-json\/wp\/v2\/media\/2205"}],"wp:attachment":[{"href":"https:\/\/www.syc-cylinders.eu\/en\/wp-json\/wp\/v2\/media?parent=2203"}],"wp:term":[{"taxonomy":"product_brand","embeddable":true,"href":"https:\/\/www.syc-cylinders.eu\/en\/wp-json\/wp\/v2\/product_brand?post=2203"},{"taxonomy":"product_cat","embeddable":true,"href":"https:\/\/www.syc-cylinders.eu\/en\/wp-json\/wp\/v2\/product_cat?post=2203"},{"taxonomy":"product_tag","embeddable":true,"href":"https:\/\/www.syc-cylinders.eu\/en\/wp-json\/wp\/v2\/product_tag?post=2203"}],"curies":[{"name":"wp","href":"https:\/\/api.w.org\/{rel}","templated":true}]}}