{"id":188,"date":"2016-07-11T12:32:17","date_gmt":"2016-07-11T10:32:17","guid":{"rendered":"https:\/\/www.syc-cylinders.eu\/tienda\/equipos-industriales\/equipo-minisyc-oxibutano-copiar\/"},"modified":"2026-04-24T12:56:22","modified_gmt":"2026-04-24T10:56:22","slug":"oxisyc-5-equipment-oxy-acetylene-welding-equipment","status":"publish","type":"product","link":"https:\/\/www.syc-cylinders.eu\/en\/shop\/oxisyc-5-equipment-oxy-acetylene-welding-equipment\/","title":{"rendered":"OXISYC 5 Equipment (Oxy-acetylene welding equipment)","raw":"OXISYC 5 Equipment (Oxy-acetylene welding equipment)"},"content":{"rendered":"<div class=\"row-fluid\">\n<div class=\"span6\">\n<h3><b>Oxyacetylene welding equipment Video<\/b><\/h3>\n<p><span style=\"font-size: 14px;\">How to use it, items, features and Cutting Torch.<\/span><\/p>\n<p><span style=\"font-size: 14px;\">You can download the manual in the following link:<\/span> <a class=\"btn\" href=\"\/en\/downloads\/\" target=\"_blank\">Download Guide<\/a><\/p>\n<\/div>\n<div class=\"span6\">\n<div class=\"media_iframe_video\" style=\"animation-play-state: paused; transition: none;\" data-src=\"\/\/www.youtube.com\/embed\/mtLBwW4vf1g?autoplay=0\">\n<div class=\"css_editable_mode_display\"><\/div>\n<p><iframe loading=\"lazy\" src=\"\/\/www.youtube.com\/embed\/6Po3wKuGGpc?autoplay=0\" width=\"600\" height=\"380\" frameborder=\"0\" allowfullscreen=\"allowfullscreen\"><\/iframe><\/p>\n<\/div>\n<\/div>\n<\/div>\n","protected":false,"raw":"<div class=\"row-fluid\">\r\n<div class=\"span6\">\r\n<h3><b>Oxyacetylene welding equipment Video<\/b><\/h3>\r\n<span style=\"font-size: 14px;\">How to use it, items, features and Cutting Torch.<\/span>\r\n\r\n<span style=\"font-size: 14px;\">You can download the manual in the following link:<\/span> <a class=\"btn\" href=\"\/en\/downloads\/\" target=\"_blank\">Download Guide<\/a>\r\n\r\n<\/div>\r\n<div class=\"span6\">\r\n<div class=\"media_iframe_video\" style=\"animation-play-state: paused; transition: none;\" data-src=\"\/\/www.youtube.com\/embed\/mtLBwW4vf1g?autoplay=0\">\r\n<div class=\"css_editable_mode_display\"><\/div>\r\n<iframe src=\"\/\/www.youtube.com\/embed\/6Po3wKuGGpc?autoplay=0\" width=\"600\" height=\"380\" frameborder=\"0\" allowfullscreen=\"allowfullscreen\"><\/iframe>\r\n\r\n<\/div>\r\n<\/div>\r\n<\/div>"},"excerpt":{"rendered":"<hr \/>\n<p>Welding and cutting equipment for oxygen-acetylene (oxy-acetylene).<br \/>\nInclude:<\/p>\n<ul>\n<li>5L Cylinder for Industrial Oxygen filled.<\/li>\n<li>5L Cylinder for Acetylene filled.<\/li>\n<li>Trolley with wheels.<\/li>\n<li>Acetylene Regulator\u2028.<\/li>\n<li>Oxygen Regulator.<\/li>\n<li>Bitube Hose 4 mts.<\/li>\n<li>Welding torch.<\/li>\n<li>Safety non-return valves\u2028.<\/li>\n<li>Welding Tip \/ Nozzle Oxy-Acetylene No 1 to 4.<\/li>\n<\/ul>\n<p>(Cutting accessory not included)<\/p>\n<p>The colour of the cylinders may vary.<\/p>\n<hr \/>\n","protected":false,"raw":"<hr \/>\r\n\r\nWelding and cutting equipment for oxygen-acetylene (oxy-acetylene).\r\nInclude:\r\n<ul>\r\n \t<li>5L Cylinder for Industrial Oxygen filled.<\/li>\r\n \t<li>5L Cylinder for Acetylene filled.<\/li>\r\n \t<li>Trolley with wheels.<\/li>\r\n \t<li>Acetylene Regulator\u2028.<\/li>\r\n \t<li>Oxygen Regulator.<\/li>\r\n \t<li>Bitube Hose 4 mts.<\/li>\r\n \t<li>Welding torch.<\/li>\r\n \t<li>Safety non-return valves\u2028.<\/li>\r\n \t<li>Welding Tip \/ Nozzle Oxy-Acetylene No 1 to 4.<\/li>\r\n<\/ul>\r\n(Cutting accessory not included)\r\n\r\nThe colour of the cylinders may vary.\r\n\r\n<hr \/>"},"featured_media":193,"template":"","meta":{"inline_featured_image":false,"_es_post_content":"<div class=\"row-fluid\">\r\n<div class=\"span6\">\r\n<h3><b>V\u00eddeo del Equipo de soldadura Oxiacetileno<\/b><\/h3>\r\n<span style=\"font-size: 14px\">Explicaci\u00f3n de los materiales que est\u00e1 compuesto, funcionamiento y puesta en marcha del equipo. Tambi\u00e9n puesta en marcha del accesorio de corte (OxiCorte).<\/span>\r\n\r\n<span style=\"font-size: 14px\">Puede descargar el manual de instrucciones en el siguiente enlace:<\/span> <a class=\"btn\" href=\"\/descargas\" target=\"_blank\" rel=\"noopener noreferrer\">Descarga Manual<\/a>\r\n\r\n<\/div>\r\n<div class=\"span6\">\r\n<div class=\"media_iframe_video\" data-src=\"\/\/www.youtube.com\/embed\/mtLBwW4vf1g?autoplay=0\">\r\n<div class=\"css_editable_mode_display\"><\/div>\r\n\r\n\r\n<\/div>\r\n<\/div>\r\n<\/div>","_es_post_name":"equipo-oxisyc-5-equipo-soldadura-oxiacetileno","_es_post_excerpt":"<hr \/>\r\n\r\nEquipo para soldadura y corte oxi-acetileno.\r\n\r\nIncluye:\r\n<ul>\r\n \t<li>Botella cargada de 5 litros de ox\u00edgeno.<\/li>\r\n \t<li>Botella cargada de 5 litros de acetileno.<\/li>\r\n \t<li>Carro portabotellas con ruedas.<\/li>\r\n \t<li>Regulador de ox\u00edgeno.<\/li>\r\n \t<li>Regulador de acetileno.<\/li>\r\n \t<li>V\u00e1lvulas de seguridad antirretorno para regulador.<\/li>\r\n \t<li>Manguera bitubo 4 mts.<\/li>\r\n \t<li>Soplete de soldadura.<\/li>\r\n \t<li>Boquillas de soldadura O2\/AD n\u00ba 1 a 4.<\/li>\r\n<\/ul>\r\n(No incluye accesorio de corte)\r\n\r\nEl color de las botellas puede variar.\r\n\r\n<hr \/>","_es_post_title":"Equipo OXISYC 5 (Equipo de soldadura Oxiacetileno)","_en_post_content":"<div class=\"row-fluid\">\r\n<div class=\"span6\">\r\n<h3><b>Oxyacetylene welding equipment Video<\/b><\/h3>\r\n<span style=\"font-size: 14px;\">How to use it, items, features and Cutting Torch.<\/span>\r\n\r\n<span style=\"font-size: 14px;\">You can download the manual in the following link:<\/span> <a class=\"btn\" href=\"\/en\/downloads\/\" target=\"_blank\">Download Guide<\/a>\r\n\r\n<\/div>\r\n<div class=\"span6\">\r\n<div class=\"media_iframe_video\" style=\"animation-play-state: paused; transition: none;\" data-src=\"\/\/www.youtube.com\/embed\/mtLBwW4vf1g?autoplay=0\">\r\n<div class=\"css_editable_mode_display\"><\/div>\r\n<iframe src=\"\/\/www.youtube.com\/embed\/6Po3wKuGGpc?autoplay=0\" width=\"600\" height=\"380\" frameborder=\"0\" allowfullscreen=\"allowfullscreen\"><\/iframe>\r\n\r\n<\/div>\r\n<\/div>\r\n<\/div>","_en_post_name":"oxisyc-5-equipment-oxy-acetylene-welding-equipment","_en_post_excerpt":"<hr \/>\r\n\r\nWelding and cutting equipment for oxygen-acetylene (oxy-acetylene).\r\nInclude:\r\n<ul>\r\n \t<li>5L Cylinder for Industrial Oxygen filled.<\/li>\r\n \t<li>5L Cylinder for Acetylene filled.<\/li>\r\n \t<li>Trolley with wheels.<\/li>\r\n \t<li>Acetylene Regulator\u2028.<\/li>\r\n \t<li>Oxygen Regulator.<\/li>\r\n \t<li>Bitube Hose 4 mts.<\/li>\r\n \t<li>Welding torch.<\/li>\r\n \t<li>Safety non-return valves\u2028.<\/li>\r\n \t<li>Welding Tip \/ Nozzle Oxy-Acetylene No 1 to 4.<\/li>\r\n<\/ul>\r\n(Cutting accessory not included)\r\n\r\nThe colour of the cylinders may vary.\r\n\r\n<hr \/>","_en_post_title":"OXISYC 5 Equipment (Oxy-acetylene welding equipment)","_fr_post_content":"<div class=\"row-fluid\">\r\n<div class=\"span6\">\r\n<h3><b>Vid\u00e9o de l\u2019\u00e9quipement oxyac\u00e9tyl\u00e8ne<\/b><\/h3>\r\n<span style=\"font-size: 14px;\">Explication des mat\u00e9riaux dont il est compos\u00e9, son fonctionnement ou la mise en marche de l\u2019\u00e9quipement et de l'accessoire tranchant (OxiCorte). <\/span>\r\n\r\n<span style=\"font-size: 14px;\">T\u00e9l\u00e9charger le manuel d'instructions dans le lien suivant:<\/span> <a class=\"btn\" href=\"\/descargas\" target=\"_blank\">T\u00e9l\u00e9charger le manuel<\/a>\r\n\r\n<\/div>\r\n<div class=\"span6\">\r\n<div class=\"media_iframe_video\" style=\"animation-play-state: paused; transition: none;\" data-src=\"\/\/www.youtube.com\/embed\/mtLBwW4vf1g?autoplay=0\">\r\n<div class=\"css_editable_mode_display\"><\/div>\r\n<iframe src=\"\/\/www.youtube.com\/embed\/6Po3wKuGGpc?autoplay=0\" width=\"600\" height=\"380\" frameborder=\"0\" allowfullscreen=\"allowfullscreen\"><\/iframe>\r\n\r\n<\/div>\r\n<\/div>\r\n<\/div>","_fr_post_name":"poste-souder-oxisyc-5-poste-soudure-oxy-acetylene","_fr_post_excerpt":"<hr \/>\r\n\r\nPoste pour soudure et coupage oxy-ac\u00e9tyl\u00e8ne.\r\n\r\nComprend:\r\n<ul>\r\n \t<li>Bouteille pleine avec 5 litres d\u2019oxyg\u00e8ne.<\/li>\r\n \t<li>Bouteille pleine avec 5 litres d\u2019ac\u00e9tyl\u00e8ne.<\/li>\r\n \t<li>Chariot porte-bouteilles avec roues.<\/li>\r\n \t<li>D\u00e9tendeur d\u2019oxyg\u00e8ne.<\/li>\r\n \t<li>D\u00e9tendeur d\u2019ac\u00e9tyl\u00e8ne.<\/li>\r\n \t<li>Anti-retour pour d\u00e9tendeur.<\/li>\r\n \t<li>Tuyau bitube 4 mts.<\/li>\r\n \t<li>Chalumeau pour soudure.<\/li>\r\n \t<li>Buses de soudure O2\/BUT n\u00ba1 \u00e0 4.<\/li>\r\n<\/ul>\r\n(L\u2019accessoire de coupage n\u2019est pas inclu)\r\n\r\nLa couleur des bouteilles peut varier.\r\n\r\n<hr \/>","_fr_post_title":"Poste \u00e0 souder OXISYC 5 (Poste de soudure Oxy-ac\u00e9tyl\u00e8ne)","_pt_post_content":"<div class=\"row-fluid\">\r\n<div class=\"span6\">\r\n<h3><b>V\u00eddeo do equipamento de Oxi-acetileno<\/b><\/h3>\r\n<span style=\"font-size: 14px;\">Explica\u00e7\u00e3o sobre os acess\u00f3rios inclu\u00eddos, seu funcionamento ou opera\u00e7\u00e3o dos equipamentos e acess\u00f3rios de execu\u00e7\u00e3o do corte (oxicorte).<\/span>\r\n\r\n<span style=\"font-size: 14px;\">Voc\u00ea pode baixar o manual de instru\u00e7\u00f5es no seguinte link:<\/span> <a class=\"btn\" href=\"\/descargas\" target=\"_blank\">Baixar Manual<\/a>\r\n\r\n<\/div>\r\n<div class=\"span6\">\r\n<div class=\"media_iframe_video\" style=\"animation-play-state: paused; transition: none;\" data-src=\"\/\/www.youtube.com\/embed\/mtLBwW4vf1g?autoplay=0\">\r\n<div class=\"css_editable_mode_display\"><\/div>\r\n<iframe src=\"\/\/www.youtube.com\/embed\/6Po3wKuGGpc?autoplay=0\" width=\"600\" height=\"380\" frameborder=\"0\" allowfullscreen=\"allowfullscreen\"><\/iframe>\r\n\r\n<\/div>\r\n<\/div>\r\n<\/div>","_pt_post_name":"equipamento-oxisyc-5-equipamento-solda-oxi-acetileno","_pt_post_excerpt":"<hr \/>\r\n\r\nEquipamento para solda e corte Oxi-acetileno.\r\n\r\nIncluso:\r\n<ul>\r\n \t<li>Cilindro carregado com 5 litros de oxig\u00eanio.<\/li>\r\n \t<li>Cilindro carregado com 5 litros de acetileno.<\/li>\r\n \t<li>Trole portacilindros com rodas.<\/li>\r\n \t<li>Regulador de oxig\u00eanio.<\/li>\r\n \t<li>Regulador de acetileno.<\/li>\r\n \t<li>V\u00e1lvulas de seguran\u00e7a anti-retorno para regulador.<\/li>\r\n \t<li>Mangueira de tubo duplo 4 mts.<\/li>\r\n \t<li>Tocha de soldagem.<\/li>\r\n \t<li>Bico de solda O2\/AD n\u00ba 1 a 4.<\/li>\r\n<\/ul>\r\n(Exclui acess\u00f3rios de corte)\r\n\r\nA cor das cilindros pode variar.\r\n\r\n<hr \/>","_pt_post_title":"Equipamento 'OXISYC 5' (Equipamento de solda Oxi-acetileno)","edit_language":"en"},"product_brand":[],"product_cat":[31,33],"product_tag":[],"class_list":{"0":"post-188","1":"product","2":"type-product","3":"status-publish","4":"has-post-thumbnail","6":"product_cat-equipos-industriales","7":"product_cat-oxigeno-acetileno","8":"product_shipping_class-palet-equipos","10":"first","11":"instock","12":"featured","13":"taxable","14":"shipping-taxable","15":"purchasable","16":"product-type-simple","17":"czr-hentry"},"yoast_head":"<!-- This site is optimized with the Yoast SEO plugin v27.4 - https:\/\/yoast.com\/product\/yoast-seo-wordpress\/ -->\n<title>Equipo OXISYC 5 (Equipo de soldadura Oxiacetileno) - SYC Cylinders<\/title>\n<meta name=\"description\" content=\"Equipo de soldadura Oxiacetileno con botella cargada de 5 litros de ox\u00edgeno y Botella cargada de 5 litros de acetileno y accesorios.\" \/>\n<meta name=\"robots\" content=\"index, follow, max-snippet:-1, max-image-preview:large, max-video-preview:-1\" \/>\n<link rel=\"canonical\" href=\"https:\/\/www.syc-cylinders.eu\/tienda\/equipo-oxisyc-5-equipo-soldadura-oxiacetileno\/\" \/>\n<meta property=\"og:locale\" content=\"en_GB\" \/>\n<meta property=\"og:type\" content=\"article\" \/>\n<meta property=\"og:title\" content=\"Equipo OXISYC 5 (Equipo de soldadura Oxiacetileno) - SYC Cylinders\" \/>\n<meta property=\"og:description\" content=\"Equipo de soldadura Oxiacetileno con botella cargada de 5 litros de ox\u00edgeno y Botella cargada de 5 litros de acetileno y accesorios.\" \/>\n<meta property=\"og:url\" content=\"https:\/\/www.syc-cylinders.eu\/tienda\/equipo-oxisyc-5-equipo-soldadura-oxiacetileno\/\" \/>\n<meta property=\"og:site_name\" content=\"SYC Cylinders\" \/>\n<meta property=\"article:publisher\" content=\"https:\/\/es-es.facebook.com\/Syc-Cylinders-Europe-1387368244908487\/\" \/>\n<meta property=\"article:modified_time\" content=\"2026-04-24T10:56:22+00:00\" \/>\n<meta property=\"og:image\" content=\"https:\/\/www.syc-cylinders.eu\/wp-content\/uploads\/2016\/07\/equipo-oxigeno-syc-oxisyc-5-1.webp\" \/>\n\t<meta property=\"og:image:width\" content=\"576\" \/>\n\t<meta property=\"og:image:height\" content=\"576\" \/>\n\t<meta property=\"og:image:type\" content=\"image\/webp\" \/>\n<meta name=\"twitter:card\" content=\"summary_large_image\" \/>\n<meta name=\"twitter:site\" content=\"@Syc_Cylinders\" \/>\n<meta name=\"twitter:label1\" content=\"Estimated reading time\" \/>\n\t<meta name=\"twitter:data1\" content=\"1 minute\" \/>\n<script type=\"application\/ld+json\" class=\"yoast-schema-graph\">{\"@context\":\"https:\\\/\\\/schema.org\",\"@graph\":[{\"@type\":\"WebPage\",\"@id\":\"https:\\\/\\\/www.syc-cylinders.eu\\\/tienda\\\/equipo-oxisyc-5-equipo-soldadura-oxiacetileno\\\/\",\"url\":\"https:\\\/\\\/www.syc-cylinders.eu\\\/tienda\\\/equipo-oxisyc-5-equipo-soldadura-oxiacetileno\\\/\",\"name\":\"Equipo OXISYC 5 (Equipo de soldadura Oxiacetileno) - SYC Cylinders\",\"isPartOf\":{\"@id\":\"https:\\\/\\\/www.syc-cylinders.eu\\\/#website\"},\"primaryImageOfPage\":{\"@id\":\"https:\\\/\\\/www.syc-cylinders.eu\\\/tienda\\\/equipo-oxisyc-5-equipo-soldadura-oxiacetileno\\\/#primaryimage\"},\"image\":{\"@id\":\"https:\\\/\\\/www.syc-cylinders.eu\\\/tienda\\\/equipo-oxisyc-5-equipo-soldadura-oxiacetileno\\\/#primaryimage\"},\"thumbnailUrl\":\"https:\\\/\\\/www.syc-cylinders.eu\\\/wp-content\\\/uploads\\\/2016\\\/07\\\/equipo-oxigeno-syc-oxisyc-5-1.webp\",\"datePublished\":\"2016-07-11T10:32:17+00:00\",\"dateModified\":\"2026-04-24T10:56:22+00:00\",\"description\":\"Equipo de soldadura Oxiacetileno con botella cargada de 5 litros de ox\u00edgeno y Botella cargada de 5 litros de acetileno y accesorios.\",\"breadcrumb\":{\"@id\":\"https:\\\/\\\/www.syc-cylinders.eu\\\/tienda\\\/equipo-oxisyc-5-equipo-soldadura-oxiacetileno\\\/#breadcrumb\"},\"inLanguage\":\"en-GB\",\"potentialAction\":[{\"@type\":\"ReadAction\",\"target\":[\"https:\\\/\\\/www.syc-cylinders.eu\\\/tienda\\\/equipo-oxisyc-5-equipo-soldadura-oxiacetileno\\\/\"]}]},{\"@type\":\"ImageObject\",\"inLanguage\":\"en-GB\",\"@id\":\"https:\\\/\\\/www.syc-cylinders.eu\\\/tienda\\\/equipo-oxisyc-5-equipo-soldadura-oxiacetileno\\\/#primaryimage\",\"url\":\"https:\\\/\\\/www.syc-cylinders.eu\\\/wp-content\\\/uploads\\\/2016\\\/07\\\/equipo-oxigeno-syc-oxisyc-5-1.webp\",\"contentUrl\":\"https:\\\/\\\/www.syc-cylinders.eu\\\/wp-content\\\/uploads\\\/2016\\\/07\\\/equipo-oxigeno-syc-oxisyc-5-1.webp\",\"width\":576,\"height\":576},{\"@type\":\"BreadcrumbList\",\"@id\":\"https:\\\/\\\/www.syc-cylinders.eu\\\/tienda\\\/equipo-oxisyc-5-equipo-soldadura-oxiacetileno\\\/#breadcrumb\",\"itemListElement\":[{\"@type\":\"ListItem\",\"position\":1,\"name\":\"Home\",\"item\":\"https:\\\/\\\/www.syc-cylinders.eu\\\/en\\\/\"},{\"@type\":\"ListItem\",\"position\":2,\"name\":\"Tienda\",\"item\":\"https:\\\/\\\/www.syc-cylinders.eu\\\/tienda\\\/\"},{\"@type\":\"ListItem\",\"position\":3,\"name\":\"Equipo OXISYC 5 (Equipo de soldadura Oxiacetileno)\"}]},{\"@type\":\"WebSite\",\"@id\":\"https:\\\/\\\/www.syc-cylinders.eu\\\/#website\",\"url\":\"https:\\\/\\\/www.syc-cylinders.eu\\\/\",\"name\":\"SYC Cylinders\",\"description\":\"SYC Cylinders fabricante de botellas gas a presi\u00f3n y venta de accesorios de soldadura\",\"publisher\":{\"@id\":\"https:\\\/\\\/www.syc-cylinders.eu\\\/#organization\"},\"potentialAction\":[{\"@type\":\"SearchAction\",\"target\":{\"@type\":\"EntryPoint\",\"urlTemplate\":\"https:\\\/\\\/www.syc-cylinders.eu\\\/?s={search_term_string}\"},\"query-input\":{\"@type\":\"PropertyValueSpecification\",\"valueRequired\":true,\"valueName\":\"search_term_string\"}}],\"inLanguage\":\"en-GB\"},{\"@type\":\"Organization\",\"@id\":\"https:\\\/\\\/www.syc-cylinders.eu\\\/#organization\",\"name\":\"SYC Cylinders\",\"url\":\"https:\\\/\\\/www.syc-cylinders.eu\\\/\",\"logo\":{\"@type\":\"ImageObject\",\"inLanguage\":\"en-GB\",\"@id\":\"https:\\\/\\\/www.syc-cylinders.eu\\\/#\\\/schema\\\/logo\\\/image\\\/\",\"url\":\"https:\\\/\\\/www.syc-cylinders.eu\\\/wp-content\\\/uploads\\\/2016\\\/07\\\/logo-syc.jpg\",\"contentUrl\":\"https:\\\/\\\/www.syc-cylinders.eu\\\/wp-content\\\/uploads\\\/2016\\\/07\\\/logo-syc.jpg\",\"width\":182,\"height\":45,\"caption\":\"SYC Cylinders\"},\"image\":{\"@id\":\"https:\\\/\\\/www.syc-cylinders.eu\\\/#\\\/schema\\\/logo\\\/image\\\/\"},\"sameAs\":[\"https:\\\/\\\/es-es.facebook.com\\\/Syc-Cylinders-Europe-1387368244908487\\\/\",\"https:\\\/\\\/x.com\\\/Syc_Cylinders\",\"https:\\\/\\\/www.linkedin.com\\\/company\\\/syc-cylinders\",\"https:\\\/\\\/www.youtube.com\\\/channel\\\/UCVmZ-OD_WC6Q9durvs11IrA\"]}]}<\/script>\n<!-- \/ Yoast SEO plugin. -->","yoast_head_json":{"title":"Equipo OXISYC 5 (Equipo de soldadura Oxiacetileno) - SYC Cylinders","description":"Equipo de soldadura Oxiacetileno con botella cargada de 5 litros de ox\u00edgeno y Botella cargada de 5 litros de acetileno y accesorios.","robots":{"index":"index","follow":"follow","max-snippet":"max-snippet:-1","max-image-preview":"max-image-preview:large","max-video-preview":"max-video-preview:-1"},"canonical":"https:\/\/www.syc-cylinders.eu\/tienda\/equipo-oxisyc-5-equipo-soldadura-oxiacetileno\/","og_locale":"en_GB","og_type":"article","og_title":"Equipo OXISYC 5 (Equipo de soldadura Oxiacetileno) - SYC Cylinders","og_description":"Equipo de soldadura Oxiacetileno con botella cargada de 5 litros de ox\u00edgeno y Botella cargada de 5 litros de acetileno y accesorios.","og_url":"https:\/\/www.syc-cylinders.eu\/tienda\/equipo-oxisyc-5-equipo-soldadura-oxiacetileno\/","og_site_name":"SYC Cylinders","article_publisher":"https:\/\/es-es.facebook.com\/Syc-Cylinders-Europe-1387368244908487\/","article_modified_time":"2026-04-24T10:56:22+00:00","og_image":[{"width":576,"height":576,"url":"https:\/\/www.syc-cylinders.eu\/wp-content\/uploads\/2016\/07\/equipo-oxigeno-syc-oxisyc-5-1.webp","type":"image\/webp"}],"twitter_card":"summary_large_image","twitter_site":"@Syc_Cylinders","twitter_misc":{"Estimated reading time":"1 minute"},"schema":{"@context":"https:\/\/schema.org","@graph":[{"@type":"WebPage","@id":"https:\/\/www.syc-cylinders.eu\/tienda\/equipo-oxisyc-5-equipo-soldadura-oxiacetileno\/","url":"https:\/\/www.syc-cylinders.eu\/tienda\/equipo-oxisyc-5-equipo-soldadura-oxiacetileno\/","name":"Equipo OXISYC 5 (Equipo de soldadura Oxiacetileno) - SYC Cylinders","isPartOf":{"@id":"https:\/\/www.syc-cylinders.eu\/#website"},"primaryImageOfPage":{"@id":"https:\/\/www.syc-cylinders.eu\/tienda\/equipo-oxisyc-5-equipo-soldadura-oxiacetileno\/#primaryimage"},"image":{"@id":"https:\/\/www.syc-cylinders.eu\/tienda\/equipo-oxisyc-5-equipo-soldadura-oxiacetileno\/#primaryimage"},"thumbnailUrl":"https:\/\/www.syc-cylinders.eu\/wp-content\/uploads\/2016\/07\/equipo-oxigeno-syc-oxisyc-5-1.webp","datePublished":"2016-07-11T10:32:17+00:00","dateModified":"2026-04-24T10:56:22+00:00","description":"Equipo de soldadura Oxiacetileno con botella cargada de 5 litros de ox\u00edgeno y Botella cargada de 5 litros de acetileno y accesorios.","breadcrumb":{"@id":"https:\/\/www.syc-cylinders.eu\/tienda\/equipo-oxisyc-5-equipo-soldadura-oxiacetileno\/#breadcrumb"},"inLanguage":"en-GB","potentialAction":[{"@type":"ReadAction","target":["https:\/\/www.syc-cylinders.eu\/tienda\/equipo-oxisyc-5-equipo-soldadura-oxiacetileno\/"]}]},{"@type":"ImageObject","inLanguage":"en-GB","@id":"https:\/\/www.syc-cylinders.eu\/tienda\/equipo-oxisyc-5-equipo-soldadura-oxiacetileno\/#primaryimage","url":"https:\/\/www.syc-cylinders.eu\/wp-content\/uploads\/2016\/07\/equipo-oxigeno-syc-oxisyc-5-1.webp","contentUrl":"https:\/\/www.syc-cylinders.eu\/wp-content\/uploads\/2016\/07\/equipo-oxigeno-syc-oxisyc-5-1.webp","width":576,"height":576},{"@type":"BreadcrumbList","@id":"https:\/\/www.syc-cylinders.eu\/tienda\/equipo-oxisyc-5-equipo-soldadura-oxiacetileno\/#breadcrumb","itemListElement":[{"@type":"ListItem","position":1,"name":"Home","item":"https:\/\/www.syc-cylinders.eu\/en\/"},{"@type":"ListItem","position":2,"name":"Tienda","item":"https:\/\/www.syc-cylinders.eu\/tienda\/"},{"@type":"ListItem","position":3,"name":"Equipo OXISYC 5 (Equipo de soldadura Oxiacetileno)"}]},{"@type":"WebSite","@id":"https:\/\/www.syc-cylinders.eu\/#website","url":"https:\/\/www.syc-cylinders.eu\/","name":"SYC Cylinders","description":"SYC Cylinders fabricante de botellas gas a presi\u00f3n y venta de accesorios de soldadura","publisher":{"@id":"https:\/\/www.syc-cylinders.eu\/#organization"},"potentialAction":[{"@type":"SearchAction","target":{"@type":"EntryPoint","urlTemplate":"https:\/\/www.syc-cylinders.eu\/?s={search_term_string}"},"query-input":{"@type":"PropertyValueSpecification","valueRequired":true,"valueName":"search_term_string"}}],"inLanguage":"en-GB"},{"@type":"Organization","@id":"https:\/\/www.syc-cylinders.eu\/#organization","name":"SYC Cylinders","url":"https:\/\/www.syc-cylinders.eu\/","logo":{"@type":"ImageObject","inLanguage":"en-GB","@id":"https:\/\/www.syc-cylinders.eu\/#\/schema\/logo\/image\/","url":"https:\/\/www.syc-cylinders.eu\/wp-content\/uploads\/2016\/07\/logo-syc.jpg","contentUrl":"https:\/\/www.syc-cylinders.eu\/wp-content\/uploads\/2016\/07\/logo-syc.jpg","width":182,"height":45,"caption":"SYC Cylinders"},"image":{"@id":"https:\/\/www.syc-cylinders.eu\/#\/schema\/logo\/image\/"},"sameAs":["https:\/\/es-es.facebook.com\/Syc-Cylinders-Europe-1387368244908487\/","https:\/\/x.com\/Syc_Cylinders","https:\/\/www.linkedin.com\/company\/syc-cylinders","https:\/\/www.youtube.com\/channel\/UCVmZ-OD_WC6Q9durvs11IrA"]}]}},"_links":{"self":[{"href":"https:\/\/www.syc-cylinders.eu\/en\/wp-json\/wp\/v2\/product\/188","targetHints":{"allow":["GET"]}}],"collection":[{"href":"https:\/\/www.syc-cylinders.eu\/en\/wp-json\/wp\/v2\/product"}],"about":[{"href":"https:\/\/www.syc-cylinders.eu\/en\/wp-json\/wp\/v2\/types\/product"}],"wp:featuredmedia":[{"embeddable":true,"href":"https:\/\/www.syc-cylinders.eu\/en\/wp-json\/wp\/v2\/media\/193"}],"wp:attachment":[{"href":"https:\/\/www.syc-cylinders.eu\/en\/wp-json\/wp\/v2\/media?parent=188"}],"wp:term":[{"taxonomy":"product_brand","embeddable":true,"href":"https:\/\/www.syc-cylinders.eu\/en\/wp-json\/wp\/v2\/product_brand?post=188"},{"taxonomy":"product_cat","embeddable":true,"href":"https:\/\/www.syc-cylinders.eu\/en\/wp-json\/wp\/v2\/product_cat?post=188"},{"taxonomy":"product_tag","embeddable":true,"href":"https:\/\/www.syc-cylinders.eu\/en\/wp-json\/wp\/v2\/product_tag?post=188"}],"curies":[{"name":"wp","href":"https:\/\/api.w.org\/{rel}","templated":true}]}}